{"id":120997,"date":"2025-10-20T15:18:50","date_gmt":"2025-10-21T07:37:25","guid":{"rendered":"https:\/\/factory.sale\/?post_type=product&#038;p=120997"},"modified":"2025-10-22T09:00:57","modified_gmt":"2025-10-22T06:00:57","slug":"garage-bizon-24-m%c2%b2-36-m%c2%b2-katos-44-mm-100-mm-19-mm","status":"publish","type":"product","link":"https:\/\/factory.sale\/fi\/tuote\/garage-bizon-24-m%c2%b2-36-m%c2%b2-katos-44-mm-100-mm-19-mm\/","title":{"rendered":"BIZON 24 m\u00b2 + 36 m\u00b2 autotalli \u2013 44 mm + 100 mm + 19 mm"},"content":{"rendered":"<p>BIZON -autotalli on moderni ja tilava 2-in-1-ratkaisu, joka yhdist\u00e4\u00e4 t\u00e4ysin eristetyn 24 m\u00b2 suljetun autotallin ja 36 m\u00b2 avoimen katoksen \u2013 ihanteellinen useiden ajoneuvojen, moottoripy\u00f6rien ja polkupy\u00f6rien suojaamiseen tai jopa hybridivarasto- ja harrastetilana toimimiseen. Sertifioidusta pohjoismaisesta havupuusta valmistettu rakenne, jonka sein\u00e4paksuus on 44 mm + eristys 100 mm + sis\u00e4verhous 19 mm, takaa ymp\u00e4rivuotisen kest\u00e4vyyden, energiatehokkuuden ja puhtaan modernin estetiikan.<\/p>\n<p>Sen tasakatto (2\u00b0 kaltevuus), elegantti L-linjainen muotoilu ja muokattavat nosto-ovet (saatavana nelj\u00e4ss\u00e4 v\u00e4riss\u00e4) tekev\u00e4t siit\u00e4 t\u00e4ydellisen valinnan nykyaikaisiin koteihin, liiketiloihin tai vuokrakiinteist\u00f6ihin. Suuret pystysuuntaiset ikkuna-aukot tuovat luonnonvaloa, ja avoin katos tarjoaa hyv\u00e4n ilmanvaihdon ja helpon p\u00e4\u00e4syn \u2013 ihanteellinen jokap\u00e4iv\u00e4iseen k\u00e4ytt\u00f6\u00f6n pohjoismaisessa ilmastossa.<\/p>\n<p>Rakennusta voi mukauttaa helposti \u2013 lis\u00e4varusteina on saatavilla PVC-ikkunat ja -ovet, bitumikatto, ter\u00e4ksiset r\u00e4nnij\u00e4rjestelm\u00e4t ja lis\u00e4sein\u00e4paneelit yksityisyyden ja s\u00e4\u00e4n suojaustarpeidesi mukaan.<br \/>\nEnsiluokkainen, modulaarinen ja moderniin el\u00e4m\u00e4\u00e4n suunniteltu \u2013 BIZON -autotalli ei ole vain varastotila, vaan osa pihapiiri\u00e4si ja el\u00e4m\u00e4ntyyli\u00e4si.<\/p>\n<p>&nbsp;<\/p>\n<p>&nbsp;<\/p>\n<p data-start=\"1353\" data-end=\"1373\"><strong data-start=\"1353\" data-end=\"1373\">Tekniset tiedot:<\/strong><\/p>\n<div class=\"_tableContainer_1rjym_1\">\n<div class=\"group _tableWrapper_1rjym_13 flex w-fit flex-col-reverse\" tabindex=\"-1\">\n<table class=\"w-fit min-w-(--thread-content-width)\" style=\"height: 439px;\" width=\"731\" data-start=\"1375\" data-end=\"1849\">\n<thead data-start=\"1375\" data-end=\"1401\">\n<tr data-start=\"1375\" data-end=\"1401\">\n<th data-start=\"1375\" data-end=\"1387\" data-col-size=\"sm\">Kategoria<\/th>\n<th data-start=\"1387\" data-end=\"1401\" data-col-size=\"md\">M\u00e4\u00e4rittely<\/th>\n<\/tr>\n<\/thead>\n<tbody data-start=\"1431\" data-end=\"1849\">\n<tr data-start=\"1431\" data-end=\"1467\">\n<td data-start=\"1431\" data-end=\"1451\" data-col-size=\"sm\">Ulkomitat (L \u00d7 S)<\/td>\n<td data-start=\"1451\" data-end=\"1467\" data-col-size=\"md\">600 \u00d7 979 cm<\/td>\n<\/tr>\n<tr data-start=\"1468\" data-end=\"1497\">\n<td data-start=\"1468\" data-end=\"1487\" data-col-size=\"sm\">R\u00e4yst\u00e4\u00e4n korkeus<\/td>\n<td data-start=\"1487\" data-end=\"1497\" data-col-size=\"md\">230 cm<\/td>\n<\/tr>\n<tr data-start=\"1498\" data-end=\"1523\">\n<td data-start=\"1498\" data-end=\"1513\" data-col-size=\"sm\">Harjakorkeus<\/td>\n<td data-start=\"1513\" data-end=\"1523\" data-col-size=\"md\">250 cm<\/td>\n<\/tr>\n<tr data-start=\"1524\" data-end=\"1602\">\n<td data-start=\"1524\" data-end=\"1541\" data-col-size=\"sm\">Autotallin ovi<\/td>\n<td data-start=\"1541\" data-end=\"1602\" data-col-size=\"md\">Valinnainen \u2013 nosto-ovi 205 \u00d7 240 cm, saatavana 4 v\u00e4riss\u00e4<\/td>\n<\/tr>\n<tr data-start=\"1603\" data-end=\"1666\">\n<td data-start=\"1603\" data-end=\"1611\" data-col-size=\"sm\">Katto<\/td>\n<td data-start=\"1611\" data-end=\"1666\" data-col-size=\"md\">44 \u00d7 140 mm kattoristikot; 19\u201320 mm ponttilaudoitus<\/td>\n<\/tr>\n<tr data-start=\"1667\" data-end=\"1703\">\n<td data-start=\"1667\" data-end=\"1676\" data-col-size=\"sm\">Lattia<\/td>\n<td data-start=\"1676\" data-end=\"1703\" data-col-size=\"md\">Ei sis\u00e4lly toimitukseen<\/td>\n<\/tr>\n<tr data-start=\"1704\" data-end=\"1769\">\n<td data-start=\"1704\" data-end=\"1719\" data-col-size=\"sm\">Sein\u00e4rakenne<\/td>\n<td data-start=\"1719\" data-end=\"1769\" data-col-size=\"md\">44 mm puu + 100 mm eristys + 19 mm sis\u00e4verhous<\/td>\n<\/tr>\n<tr data-start=\"1770\" data-end=\"1799\">\n<td data-start=\"1770\" data-end=\"1780\" data-col-size=\"sm\">Ikkunat<\/td>\n<td data-start=\"1780\" data-end=\"1799\" data-col-size=\"md\">1 \u00d7 185 \u00d7 50 cm<\/td>\n<\/tr>\n<tr data-start=\"1800\" data-end=\"1825\">\n<td data-start=\"1800\" data-end=\"1806\" data-col-size=\"sm\">Ovi<\/td>\n<td data-start=\"1806\" data-end=\"1825\" data-col-size=\"md\">1 \u00d7 85 \u00d7 192 cm<\/td>\n<\/tr>\n<tr data-start=\"1826\" data-end=\"1849\">\n<td data-start=\"1826\" data-end=\"1843\" data-col-size=\"sm\">Kattokaltevuus<\/td>\n<td data-start=\"1843\" data-end=\"1849\" data-col-size=\"md\">2\u00b0<\/td>\n<\/tr>\n<\/tbody>\n<\/table>\n<\/div>\n<p>&nbsp;<\/p>\n<\/div>\n<p><strong>Lis\u00e4varusteet (hinnat ilman ALV:t\u00e4):<\/strong><\/p>\n<ul>\n<li>Ilman autotallin ovea \u2014 0 \u20ac<\/li>\n<li>Nosto-ovi \u2014 948,75 \u20ac<\/li>\n<li>PVC-ikkunat \/ ulko-ovet (valkoinen) \u2014 1 138,50 \u20ac<\/li>\n<li>PVC-ikkunat \/ ulko-ovet (harmaa tai erikoisv\u00e4ri) \u2014 1 518,00 \u20ac<\/li>\n<li>Itseliimautuva bitumikattokalvo \u2014 695,75 \u20ac<\/li>\n<li>Ter\u00e4ksiset katon reuna- ja p\u00e4\u00e4typellitykset \u2014 379,50 \u20ac<\/li>\n<\/ul>\n<p><img loading=\"lazy\" decoding=\"async\" class=\"alignnone wp-image-120987\" src=\"https:\/\/factory.sale\/wp-content\/uploads\/2025\/10\/Garage-Bizon-factory-sale-6-300x300.webp\" alt=\"\" width=\"423\" height=\"423\" srcset=\"https:\/\/factory.sale\/wp-content\/uploads\/2025\/10\/Garage-Bizon-factory-sale-6-300x300.webp 300w, https:\/\/factory.sale\/wp-content\/uploads\/2025\/10\/Garage-Bizon-factory-sale-6-1024x1024.webp 1024w, https:\/\/factory.sale\/wp-content\/uploads\/2025\/10\/Garage-Bizon-factory-sale-6-150x150.webp 150w, https:\/\/factory.sale\/wp-content\/uploads\/2025\/10\/Garage-Bizon-factory-sale-6-768x768.webp 768w, https:\/\/factory.sale\/wp-content\/uploads\/2025\/10\/Garage-Bizon-factory-sale-6-1536x1536.webp 1536w, https:\/\/factory.sale\/wp-content\/uploads\/2025\/10\/Garage-Bizon-factory-sale-6-600x600.webp 600w, https:\/\/factory.sale\/wp-content\/uploads\/2025\/10\/Garage-Bizon-factory-sale-6-100x100.webp 100w, https:\/\/factory.sale\/wp-content\/uploads\/2025\/10\/Garage-Bizon-factory-sale-6.webp 2048w\" sizes=\"auto, (max-width: 423px) 100vw, 423px\" \/> <img loading=\"lazy\" decoding=\"async\" class=\"alignnone wp-image-120990\" src=\"https:\/\/factory.sale\/wp-content\/uploads\/2025\/10\/Garage-Bizon-factory-sale-7-300x300.webp\" alt=\"\" width=\"408\" height=\"408\" srcset=\"https:\/\/factory.sale\/wp-content\/uploads\/2025\/10\/Garage-Bizon-factory-sale-7-300x300.webp 300w, https:\/\/factory.sale\/wp-content\/uploads\/2025\/10\/Garage-Bizon-factory-sale-7-1024x1024.webp 1024w, https:\/\/factory.sale\/wp-content\/uploads\/2025\/10\/Garage-Bizon-factory-sale-7-150x150.webp 150w, https:\/\/factory.sale\/wp-content\/uploads\/2025\/10\/Garage-Bizon-factory-sale-7-768x768.webp 768w, https:\/\/factory.sale\/wp-content\/uploads\/2025\/10\/Garage-Bizon-factory-sale-7-1536x1536.webp 1536w, https:\/\/factory.sale\/wp-content\/uploads\/2025\/10\/Garage-Bizon-factory-sale-7-600x600.webp 600w, https:\/\/factory.sale\/wp-content\/uploads\/2025\/10\/Garage-Bizon-factory-sale-7-100x100.webp 100w, https:\/\/factory.sale\/wp-content\/uploads\/2025\/10\/Garage-Bizon-factory-sale-7.webp 2048w\" sizes=\"auto, (max-width: 408px) 100vw, 408px\" \/> <img loading=\"lazy\" decoding=\"async\" class=\"alignnone wp-image-120993\" src=\"https:\/\/factory.sale\/wp-content\/uploads\/2025\/10\/Garage-Bizon-factory-sale-8-300x300.webp\" alt=\"\" width=\"396\" height=\"396\" srcset=\"https:\/\/factory.sale\/wp-content\/uploads\/2025\/10\/Garage-Bizon-factory-sale-8-300x300.webp 300w, https:\/\/factory.sale\/wp-content\/uploads\/2025\/10\/Garage-Bizon-factory-sale-8-1024x1024.webp 1024w, https:\/\/factory.sale\/wp-content\/uploads\/2025\/10\/Garage-Bizon-factory-sale-8-150x150.webp 150w, https:\/\/factory.sale\/wp-content\/uploads\/2025\/10\/Garage-Bizon-factory-sale-8-768x768.webp 768w, https:\/\/factory.sale\/wp-content\/uploads\/2025\/10\/Garage-Bizon-factory-sale-8-1536x1536.webp 1536w, https:\/\/factory.sale\/wp-content\/uploads\/2025\/10\/Garage-Bizon-factory-sale-8-600x600.webp 600w, https:\/\/factory.sale\/wp-content\/uploads\/2025\/10\/Garage-Bizon-factory-sale-8-100x100.webp 100w, https:\/\/factory.sale\/wp-content\/uploads\/2025\/10\/Garage-Bizon-factory-sale-8.webp 2048w\" sizes=\"auto, (max-width: 396px) 100vw, 396px\" \/><\/p>\n","protected":false},"excerpt":{"rendered":"<p>Moderni eristetty autotalli 36 m\u00b2:n autokatoksella. Ensiluokkaista pohjoismaista puuta, 44 mm + 100 mm eristetyt sein\u00e4t, mukautettavat ovet ja katto. Ihanteellinen koteihin ja rakennusprojekteihin.<\/p>\n","protected":false},"featured_media":120969,"comment_status":"open","ping_status":"closed","template":"","meta":{"_acf_changed":false},"factory":[],"free-shipment":[],"product_brand":[],"product_cat":[1339,997],"product_tag":[1489],"class_list":{"0":"post-120997","1":"product","2":"type-product","3":"status-publish","4":"has-post-thumbnail","6":"product_cat-autokatokset","7":"product_cat-piha-puutarha-fi","8":"product_tag-yard-fi","10":"first","11":"instock","12":"sale","13":"featured","14":"taxable","15":"shipping-taxable","16":"purchasable","17":"product-type-simple"},"acf":[],"_links":{"self":[{"href":"https:\/\/factory.sale\/fi\/wp-json\/wp\/v2\/product\/120997","targetHints":{"allow":["GET"]}}],"collection":[{"href":"https:\/\/factory.sale\/fi\/wp-json\/wp\/v2\/product"}],"about":[{"href":"https:\/\/factory.sale\/fi\/wp-json\/wp\/v2\/types\/product"}],"replies":[{"embeddable":true,"href":"https:\/\/factory.sale\/fi\/wp-json\/wp\/v2\/comments?post=120997"}],"wp:featuredmedia":[{"embeddable":true,"href":"https:\/\/factory.sale\/fi\/wp-json\/wp\/v2\/media\/120969"}],"wp:attachment":[{"href":"https:\/\/factory.sale\/fi\/wp-json\/wp\/v2\/media?parent=120997"}],"wp:term":[{"taxonomy":"factory","embeddable":true,"href":"https:\/\/factory.sale\/fi\/wp-json\/wp\/v2\/factory?post=120997"},{"taxonomy":"free-shipment","embeddable":true,"href":"https:\/\/factory.sale\/fi\/wp-json\/wp\/v2\/free-shipment?post=120997"},{"taxonomy":"product_brand","embeddable":true,"href":"https:\/\/factory.sale\/fi\/wp-json\/wp\/v2\/product_brand?post=120997"},{"taxonomy":"product_cat","embeddable":true,"href":"https:\/\/factory.sale\/fi\/wp-json\/wp\/v2\/product_cat?post=120997"},{"taxonomy":"product_tag","embeddable":true,"href":"https:\/\/factory.sale\/fi\/wp-json\/wp\/v2\/product_tag?post=120997"}],"curies":[{"name":"wp","href":"https:\/\/api.w.org\/{rel}","templated":true}]}}