{"id":120963,"date":"2025-10-20T13:26:49","date_gmt":"2025-10-20T11:02:29","guid":{"rendered":"https:\/\/factory.sale\/?post_type=product&#038;p=120963"},"modified":"2026-04-09T10:47:51","modified_gmt":"2026-04-09T07:47:51","slug":"moderni-autokatos-6-x-6-m","status":"publish","type":"product","link":"https:\/\/factory.sale\/fi\/tuote\/moderni-autokatos-6-x-6-m\/","title":{"rendered":"Moderni autokatos 6 \u00d7 6 m"},"content":{"rendered":"<p>Moderni 6 \u00d7 6 metrin autokatos on uusi malli, joka yhdist\u00e4\u00e4 toiminnallisuuden ja modernin estetiikan. Sen tasakatto ja elegantti L-muotoinen verhous tuovat tyyli\u00e4 mihin tahansa ulkotilaan. Muokattava rakenne mahdollistaa sopivan m\u00e4\u00e4r\u00e4n sivuseini\u00e4, tarjoten joustavuutta ja parempaa suojaa ajoneuvoille.<\/p>\n<p>&nbsp;<\/p>\n<p><strong>T\u00e4rkeimm\u00e4t ominaisuudet:<\/strong><\/p>\n<ul>\n<li>L-muotoinen sein\u00e4rakenne: Tyylik\u00e4s verhoilu yhdist\u00e4\u00e4 tyylin tehokkaaseen ajoneuvojen suojaan.<\/li>\n<li>Optimaalinen ilmanvaihto: pystysuuntaiset s\u00e4leikk\u00f6sein\u00e4t takaavat erinomaisen ilmankierron<\/li>\n<li>Mukautettava rakenne: sivusein\u00e4t valittavissa tarpeen mukaan<\/li>\n<li>Kest\u00e4v\u00e4 rakenne: valmistettu sertifioidusta pohjoismaisesta havupuusta<\/li>\n<li>Moderni ulkon\u00e4k\u00f6: t\u00e4ydellinen piha-alueen visuaaliseen viimeistelyyn<\/li>\n<li>Moderni autokatos on t\u00e4ydellinen yhdistelm\u00e4 toiminnallisuutta, muokattavuutta ja eleganssia. Sivuseini\u00e4 voidaan lis\u00e4t\u00e4 tai poistaa tarpeen mukaan auton suojaamiseksi ja yksityisyyden takaamiseksi.<\/li>\n<\/ul>\n<p>&nbsp;<\/p>\n<p><strong>Mukautettavat sein\u00e4paneelit<\/strong><\/p>\n<p>Autokatoksessa on vakiona kolme pystysuoraa s\u00e4leikk\u00f6paneelia, jotka tarjoavat optimaalisen suojan ajoneuvolle. Lis\u00e4paneelit ovat valittavissa lis\u00e4varusteista \u2014 yhteens\u00e4 2\u20136 paneelia yksityisyyden ja s\u00e4\u00e4suojan lis\u00e4\u00e4miseksi.<\/p>\n<p>&nbsp;<\/p>\n<p><strong>Tekniset tiedot:<\/strong><\/p>\n<ul>\n<li>Materiaali: sertifioitu luonnollinen pohjoismainen m\u00e4nty tai kuusi<\/li>\n<li>Katto: 18\u201320 mm kattolaudat<\/li>\n<li>Lis\u00e4varusteena katemateriaali: bitumikermi<\/li>\n<li>Katon pinta-ala: 36 m\u00b2<\/li>\n<li>Katon kaltevuus: 3\u00b0<\/li>\n<li>Ulkomitat: 600 \u00d7 600 cm<\/li>\n<li>Sein\u00e4korkeus (min): 210 cm<\/li>\n<li>Katon korkeus: 240 cm<\/li>\n<\/ul>\n<p>&nbsp;<\/p>\n<p><strong>Lis\u00e4varusteet (hinta ilman ALV):<\/strong><\/p>\n<ul>\n<li>Ter\u00e4ksinen sadevesij\u00e4rjestelm\u00e4 \u2013 Ruukki \u2014 379,50 \u20ac<\/li>\n<li>Katto \u2013 itseliimautuva bitumikermi \u2014 736,00 \u20ac<\/li>\n<li>Lis\u00e4paneeli 2.6m x 2m\u00a0&#8211; 379,50 \u20ac<\/li>\n<\/ul>\n<p>&nbsp;<\/p>\n<p>&nbsp;<\/p>\n<p><a href=\"https:\/\/factory.sale\/wp-content\/uploads\/2025\/10\/Carport-panel_assembly.pdf\" target=\"_blank\" rel=\"noopener\">Sein\u00e4paneelien asennus<\/a><\/p>\n<p><a href=\"https:\/\/factory.sale\/wp-content\/uploads\/2025\/10\/Modern-Double-Carport-with-L-Shaped-Wall-6x6m.pdf\" target=\"_blank\" rel=\"noopener\">Sein\u00e4paneelien asennus<\/a><\/p>\n<p>&nbsp;<\/p>\n","protected":false},"excerpt":{"rendered":"<p>Moderni autokatos 6 x 6 m tarjoaa kest\u00e4v\u00e4n, joustavan ja tyylikk\u00e4\u00e4n ratkaisun ajoneuvojesi suojaamiseen ja ulkotilasi parantamiseen.<\/p>\n","protected":false},"featured_media":120953,"comment_status":"open","ping_status":"closed","template":"","meta":{"_acf_changed":false},"factory":[],"free-shipment":[],"product_brand":[],"product_cat":[1339,997],"product_tag":[1487],"class_list":{"0":"post-120963","1":"product","2":"type-product","3":"status-publish","4":"has-post-thumbnail","6":"product_cat-autokatokset","7":"product_cat-piha-puutarha-fi","8":"product_tag-carport-fi","10":"first","11":"instock","12":"sale","13":"taxable","14":"shipping-taxable","15":"purchasable","16":"product-type-simple"},"acf":[],"_links":{"self":[{"href":"https:\/\/factory.sale\/fi\/wp-json\/wp\/v2\/product\/120963","targetHints":{"allow":["GET"]}}],"collection":[{"href":"https:\/\/factory.sale\/fi\/wp-json\/wp\/v2\/product"}],"about":[{"href":"https:\/\/factory.sale\/fi\/wp-json\/wp\/v2\/types\/product"}],"replies":[{"embeddable":true,"href":"https:\/\/factory.sale\/fi\/wp-json\/wp\/v2\/comments?post=120963"}],"wp:featuredmedia":[{"embeddable":true,"href":"https:\/\/factory.sale\/fi\/wp-json\/wp\/v2\/media\/120953"}],"wp:attachment":[{"href":"https:\/\/factory.sale\/fi\/wp-json\/wp\/v2\/media?parent=120963"}],"wp:term":[{"taxonomy":"factory","embeddable":true,"href":"https:\/\/factory.sale\/fi\/wp-json\/wp\/v2\/factory?post=120963"},{"taxonomy":"free-shipment","embeddable":true,"href":"https:\/\/factory.sale\/fi\/wp-json\/wp\/v2\/free-shipment?post=120963"},{"taxonomy":"product_brand","embeddable":true,"href":"https:\/\/factory.sale\/fi\/wp-json\/wp\/v2\/product_brand?post=120963"},{"taxonomy":"product_cat","embeddable":true,"href":"https:\/\/factory.sale\/fi\/wp-json\/wp\/v2\/product_cat?post=120963"},{"taxonomy":"product_tag","embeddable":true,"href":"https:\/\/factory.sale\/fi\/wp-json\/wp\/v2\/product_tag?post=120963"}],"curies":[{"name":"wp","href":"https:\/\/api.w.org\/{rel}","templated":true}]}}