{"id":120730,"date":"2025-10-12T12:18:14","date_gmt":"2025-10-12T16:37:06","guid":{"rendered":"https:\/\/factory.sale\/?post_type=product&#038;p=120730"},"modified":"2025-11-21T01:39:41","modified_gmt":"2025-11-20T22:39:41","slug":"mers-liesi-tk-202-mattamustalasi","status":"publish","type":"product","link":"https:\/\/factory.sale\/fi\/tuote\/mers-liesi-tk-202-mattamustalasi\/","title":{"rendered":"Mers takka \/ uuni \/ liesi TK-202 Matte Black &#038; Glass"},"content":{"rendered":"<p><strong>Tehokas puul\u00e4mmitteinen liesi kotiin ja m\u00f6kille<\/strong><\/p>\n<p>Mers TK-202 Matte Black &amp; Glass on tyylik\u00e4s ja tehokas puul\u00e4mmitteinen keittoliesi, joka on suunniteltu tarjoamaan sek\u00e4 tehokasta l\u00e4mmityst\u00e4 ett\u00e4 monipuolista ruoanlaittoa.<\/p>\n<p>7,85 kW:n l\u00e4mmitystehollaan t\u00e4m\u00e4 kompakti mutta tehokas liesi l\u00e4mmitt\u00e4\u00e4 helposti jopa 55 m\u00b2:n tilan, joten se sopii erinomaisesti m\u00f6kkeihin, keitti\u00f6ihin ja maalaistaloihin.<br \/>\nL\u00e4mm\u00f6nkest\u00e4vist\u00e4 tulisijoista ja kest\u00e4vist\u00e4 valurautakomponenteista (yl\u00e4levy, arina ja kannet) valmistettu TK-202 varmistaa pitk\u00e4kestoisen suorituskyvyn ja tasaisen l\u00e4mm\u00f6njaon. Sen yhden syklin homogeeninen kypsennysj\u00e4rjestelm\u00e4 tarjoaa tasaiset uunin l\u00e4mp\u00f6tilat, mik\u00e4 sopii t\u00e4ydellisesti leivontaan, paahtamiseen ja hitaaseen kypsennykseen.<\/p>\n<p>Mattamusta emalipinnoitettu runko antaa liedelle tyylikk\u00e4\u00e4n ja helposti puhdistettavan pinnan, kun taas etuilmanvaihtoj\u00e4rjestelm\u00e4 parantaa palamistehokkuutta \u2013 enemm\u00e4n l\u00e4mp\u00f6\u00e4 v\u00e4hemm\u00e4ll\u00e4 puum\u00e4\u00e4r\u00e4ll\u00e4.<br \/>\n20\u00d740\u00d740 cm uuni, 130 mm savupiipun liit\u00e4nt\u00e4 ja 40 kg vankka ter\u00e4slevyrakenne tekev\u00e4t t\u00e4st\u00e4 liedest\u00e4 luotettavan ja k\u00e4yt\u00e4nn\u00f6llisen jokap\u00e4iv\u00e4isess\u00e4 k\u00e4yt\u00f6ss\u00e4.<\/p>\n<p>Kompaktit mitat (43 \u00d7 81 \u00d7 61 cm) yhdist\u00e4v\u00e4t perinteisen k\u00e4sity\u00f6taidon ja modernin muotoilun, tuoden l\u00e4mp\u00f6\u00e4, toiminnallisuutta ja ajatonta kauneutta jokaiseen sisustukseen.<\/p>\n<p>&nbsp;<\/p>\n<p><strong>Tekniset tiedot:<\/strong><\/p>\n<ul>\n<li>Teho: 7,85 kW<\/li>\n<li>L\u00e4mm\u00f6nkest\u00e4v\u00e4t tulitiilet<\/li>\n<li>Yksisyklinen homogeeninen l\u00e4mmitysj\u00e4rjestelm\u00e4<\/li>\n<li>Mitat: Syvyys 43 \u00d7 Leveys 81 \u00d7 Korkeus 61 cm<\/li>\n<li>L\u00e4mp\u00f6kapasiteetti: 55 m\u00b2<\/li>\n<li>Valurautaiset osat (yl\u00e4levy, tuhka- ja tulipes\u00e4n luukut, arina)<\/li>\n<li>Emalipinnoitettu runko<\/li>\n<li>Savupiipun halkaisija: 130 mm<\/li>\n<li>Helppo puhdistaa<\/li>\n<li>Uunin mitat: 20\u00d740\u00d740 cm<\/li>\n<li>Vahva ter\u00e4slevyrakenne<\/li>\n<li>Paino: 40 kg<\/li>\n<li>Etuilmanvaihto<\/li>\n<li>Polttoainetyyppi: puu<\/li>\n<\/ul>\n<p>&nbsp;<\/p>\n<p><strong>Toimituksen koko: 50 x 85 cm, 40 kg<\/strong><\/p>\n<p>&nbsp;<\/p>\n<div id=\"productTabContent\" class=\"tab-content\">\n<div id=\"description\" class=\"tab-pane fade show active\" role=\"tabpanel\" aria-labelledby=\"description-tab\">\n<p><img loading=\"lazy\" decoding=\"async\" class=\"alignnone wp-image-107142\" src=\"https:\/\/factory.sale\/wp-content\/uploads\/2025\/07\/mers-stoves-factory.sale_-300x105.webp\" sizes=\"auto, (max-width: 422px) 100vw, 422px\" srcset=\"https:\/\/factory.sale\/wp-content\/uploads\/2025\/07\/mers-stoves-factory.sale_-300x105.webp 300w, https:\/\/factory.sale\/wp-content\/uploads\/2025\/07\/mers-stoves-factory.sale_-150x52.webp 150w, https:\/\/factory.sale\/wp-content\/uploads\/2025\/07\/mers-stoves-factory.sale_-768x268.webp 768w, https:\/\/factory.sale\/wp-content\/uploads\/2025\/07\/mers-stoves-factory.sale_-600x209.webp 600w, https:\/\/factory.sale\/wp-content\/uploads\/2025\/07\/mers-stoves-factory.sale_.webp 980w\" alt=\"\" width=\"422\" height=\"148\" \/><\/p>\n<div id=\"productTabContent\" class=\"tab-content\">\n<div id=\"description\" class=\"tab-pane fade show active\" role=\"tabpanel\" aria-labelledby=\"description-tab\">\n<p>&nbsp;<\/p>\n<p>&nbsp;<\/p>\n<p><a href=\"https:\/\/factory.sale\/wp-content\/uploads\/2025\/07\/BImSchV-file-1.pdf\" target=\"_blank\" rel=\"noopener\">Sertifikaatti 1<\/a><\/p>\n<p><a href=\"https:\/\/factory.sale\/wp-content\/uploads\/2025\/07\/Eco-design-file-1.pdf\" target=\"_blank\" rel=\"noopener\">Sertifikaatti 2<\/a><\/p>\n<p><a href=\"https:\/\/factory.sale\/wp-content\/uploads\/2025\/07\/Ecodesign-file-2.pdf\" target=\"_blank\" rel=\"noopener\">Sertifikaatti 3<\/a><\/p>\n<p><a href=\"https:\/\/factory.sale\/wp-content\/uploads\/2025\/07\/Ecodesign-file-3.pdf\" target=\"_blank\" rel=\"noopener\">Sertifikaatti 4<\/a><\/p>\n<p><a href=\"https:\/\/factory.sale\/wp-content\/uploads\/2025\/07\/SK-100101103SK-102-Fireplace-Ecodesign-BlmschVEEI.pdf\" target=\"_blank\" rel=\"noopener\">Sertifikaatti 5<\/a><\/p>\n<\/div>\n<\/div>\n<div class=\"pt-3\"><\/div>\n<\/div>\n<\/div>\n","protected":false},"excerpt":{"rendered":"<p>Pysy l\u00e4mpim\u00e4n\u00e4 ja viihtyis\u00e4ss\u00e4 ymp\u00e4rist\u00f6ss\u00e4 ymp\u00e4ri vuoden Mersin takkojen avulla. Tehokkaaseen puul\u00e4mmitykseen suunnitellut takat tarjoavat voimakkaan l\u00e4mm\u00f6n, yhdist\u00e4en klassisen estetiikan ja nykyaikaisen kest\u00e4vyyden. Helppok\u00e4ytt\u00f6iset ja huollettavat takat luovat l\u00e4mpim\u00e4n ja kutsuvan tunnelman jokaiseen huoneeseen.<\/p>\n<p><strong><em>Kuljetus 90 euroa!<\/em><\/strong><\/p>\n","protected":false},"featured_media":120721,"comment_status":"open","ping_status":"closed","template":"","meta":{"_acf_changed":false},"factory":[],"free-shipment":[],"product_brand":[],"product_cat":[4486,1329],"product_tag":[2011],"class_list":{"0":"post-120730","1":"product","2":"type-product","3":"status-publish","4":"has-post-thumbnail","6":"product_cat-mers-uunit","7":"product_cat-uunit","8":"product_tag-stove-fi","10":"first","11":"instock","12":"sale","13":"taxable","14":"shipping-taxable","15":"purchasable","16":"product-type-simple"},"acf":[],"_links":{"self":[{"href":"https:\/\/factory.sale\/fi\/wp-json\/wp\/v2\/product\/120730","targetHints":{"allow":["GET"]}}],"collection":[{"href":"https:\/\/factory.sale\/fi\/wp-json\/wp\/v2\/product"}],"about":[{"href":"https:\/\/factory.sale\/fi\/wp-json\/wp\/v2\/types\/product"}],"replies":[{"embeddable":true,"href":"https:\/\/factory.sale\/fi\/wp-json\/wp\/v2\/comments?post=120730"}],"wp:featuredmedia":[{"embeddable":true,"href":"https:\/\/factory.sale\/fi\/wp-json\/wp\/v2\/media\/120721"}],"wp:attachment":[{"href":"https:\/\/factory.sale\/fi\/wp-json\/wp\/v2\/media?parent=120730"}],"wp:term":[{"taxonomy":"factory","embeddable":true,"href":"https:\/\/factory.sale\/fi\/wp-json\/wp\/v2\/factory?post=120730"},{"taxonomy":"free-shipment","embeddable":true,"href":"https:\/\/factory.sale\/fi\/wp-json\/wp\/v2\/free-shipment?post=120730"},{"taxonomy":"product_brand","embeddable":true,"href":"https:\/\/factory.sale\/fi\/wp-json\/wp\/v2\/product_brand?post=120730"},{"taxonomy":"product_cat","embeddable":true,"href":"https:\/\/factory.sale\/fi\/wp-json\/wp\/v2\/product_cat?post=120730"},{"taxonomy":"product_tag","embeddable":true,"href":"https:\/\/factory.sale\/fi\/wp-json\/wp\/v2\/product_tag?post=120730"}],"curies":[{"name":"wp","href":"https:\/\/api.w.org\/{rel}","templated":true}]}}