{"id":120550,"date":"2025-10-08T18:49:24","date_gmt":"2025-10-08T15:49:26","guid":{"rendered":"https:\/\/factory.sale\/?post_type=product&#038;p=120550"},"modified":"2026-02-09T10:31:43","modified_gmt":"2026-02-09T07:31:43","slug":"sauna-led-35-6000k-12kpl-setti-hopea","status":"publish","type":"product","link":"https:\/\/factory.sale\/fi\/tuote\/sauna-led-35-6000k-12kpl-setti-hopea\/","title":{"rendered":"Sauna LED 35\u00b0 6000K 12kpl setti Hopea"},"content":{"rendered":"<h2 class=\"product_name \"><span style=\"font-size: 14pt;\">Sauna LED 35\u00b0 6000K 12kpl setti Hopea<\/span><\/h2>\n<p>Saunan valaistus on t\u00e4rke\u00e4 yksityiskohta, joka tuottaa puolet l\u00f6ylyhuoneen rentouttavasta vaikutuksesta. LED-valaistus mahdollistaa miellytt\u00e4vi\u00e4 kokemuksia saunassa k\u00e4ymisest\u00e4. LED on hyv\u00e4 vaihtoehto valokuituvalaistukseen. T\u00e4ll\u00e4 valaistuksella on laaja valikoima sovelluksia. Niit\u00e4 voidaan k\u00e4ytt\u00e4\u00e4 t\u00e4htitaivaana saunan katon alla, asennettuna sein\u00e4n viereen korostamaan puun tai kiven tekstuuria tai selk\u00e4nojan taakse. Sit\u00e4 voidaan k\u00e4ytt\u00e4\u00e4 my\u00f6s valaistuksena miss\u00e4 tahansa muussa huoneessa. Setti sis\u00e4lt\u00e4\u00e4 12 LED-lamppua kultap\u00e4isin, 5 metri\u00e4 kaapelia jokaiselle lampulle ja adapterin. Valon v\u00e4ri on kylm\u00e4 valkoinen. Diffuusiokulma 35\u00b0.<\/p>\n<p><span style=\"color: #800000;\">H\u00f6yrysaunan k\u00e4ytt\u00f6\u00f6n tarvitaan tiivistys tiivistysaineella!<\/span><\/p>\n<p>&nbsp;<\/p>\n<p><span style=\"font-size: 14pt;\"><strong>Setiss\u00e4:<\/strong><\/span><\/p>\n<p>12 kpl. 5mm DIP LED<\/p>\n<p>Kaapelit: 4x5m, 4x4m ja 4x3m.<\/p>\n<p>Liit\u00e4nt\u00e4 12 pistorasialla<\/p>\n<p>Adapteri 12V\/230V 500mA<\/p>\n<dl class=\"data-sheet flex_container flex_start\">\n<dt><\/dt>\n<dt><\/dt>\n<dt><\/dt>\n<dt><strong><span style=\"font-size: 14pt;\"><br \/>\nTuotteen yksityiskohdat:<\/span><\/strong><\/dt>\n<dt><\/dt>\n<dt><\/dt>\n<dt><\/dt>\n<dt><\/dt>\n<dt><\/dt>\n<dt class=\"name\">Elinik\u00e4: 50 000 tuntia<\/dt>\n<\/dl>\n<dl class=\"data-sheet flex_container flex_start\">\n<dt class=\"name\">Tapauksen aineisto: Alumiini<\/dt>\n<\/dl>\n<dl class=\"data-sheet flex_container flex_start\">\n<dt class=\"name\">V\u00e4ri: Hopea<\/dt>\n<\/dl>\n<dl class=\"data-sheet flex_container flex_start\">\n<dt class=\"name\">Valon l\u00e4mp\u00f6tila: 6000K (Kylm\u00e4 Valkoinen)<\/dt>\n<\/dl>\n<dl class=\"data-sheet flex_container flex_start\">\n<dt class=\"name\">Kosteus: 0-95 % RH<\/dt>\n<\/dl>\n<dl class=\"data-sheet flex_container flex_start\">\n<dt class=\"name\">Suojaustaso: IP54<\/dt>\n<\/dl>\n<dl class=\"data-sheet flex_container flex_start\">\n<dt class=\"name\">Valovirta: 55Lm<\/dt>\n<\/dl>\n<dl class=\"data-sheet flex_container flex_start\">\n<dt class=\"name\">Linssin kulma: 35\u00b0<\/dt>\n<\/dl>\n<dl class=\"data-sheet flex_container flex_start\">\n<dt class=\"name\">J\u00e4nnite: 12VDC<\/dt>\n<\/dl>\n<dl class=\"data-sheet flex_container flex_start\">\n<dt class=\"name\">K\u00e4ytt\u00f6l\u00e4mp\u00f6tila: -20\u00b0C&#8230;+120\u00b0C<\/dt>\n<dt><img loading=\"lazy\" decoding=\"async\" class=\"alignnone size-medium wp-image-120547\" src=\"https:\/\/factory.sale\/wp-content\/uploads\/2025\/10\/factory-sale-sauna-led-300x183.png\" alt=\"\" width=\"300\" height=\"183\" srcset=\"https:\/\/factory.sale\/wp-content\/uploads\/2025\/10\/factory-sale-sauna-led-300x183.png 300w, https:\/\/factory.sale\/wp-content\/uploads\/2025\/10\/factory-sale-sauna-led-150x91.png 150w, https:\/\/factory.sale\/wp-content\/uploads\/2025\/10\/factory-sale-sauna-led-768x467.png 768w, https:\/\/factory.sale\/wp-content\/uploads\/2025\/10\/factory-sale-sauna-led-600x365.png 600w, https:\/\/factory.sale\/wp-content\/uploads\/2025\/10\/factory-sale-sauna-led.png 922w\" sizes=\"auto, (max-width: 300px) 100vw, 300px\" \/><\/dt>\n<\/dl>\n","protected":false},"excerpt":{"rendered":"<p>Saunan valaistus on t\u00e4rke\u00e4 yksityiskohta, joka tuottaa puolet l\u00f6ylyhuoneen rentouttavasta vaikutuksesta. LED-valaistus mahdollistaa miellytt\u00e4vi\u00e4 kokemuksia saunassa k\u00e4ymisest\u00e4. LED on hyv\u00e4 vaihtoehto valokuituvalaistukseen.<\/p>\n<p><span style=\"color: #800000;\">H\u00f6yrysaunan k\u00e4ytt\u00f6\u00f6n tarvitaan tiivistys tiivistysaineella!<\/span><\/p>\n","protected":false},"featured_media":120630,"comment_status":"open","ping_status":"closed","template":"","meta":{"_acf_changed":false},"factory":[],"free-shipment":[],"product_brand":[],"product_cat":[1121,1334],"product_tag":[],"class_list":{"0":"post-120550","1":"product","2":"type-product","3":"status-publish","4":"has-post-thumbnail","6":"product_cat-saniteetti","7":"product_cat-saunatarvikkeet","9":"first","10":"instock","11":"sale","12":"taxable","13":"shipping-taxable","14":"purchasable","15":"product-type-simple"},"acf":[],"_links":{"self":[{"href":"https:\/\/factory.sale\/fi\/wp-json\/wp\/v2\/product\/120550","targetHints":{"allow":["GET"]}}],"collection":[{"href":"https:\/\/factory.sale\/fi\/wp-json\/wp\/v2\/product"}],"about":[{"href":"https:\/\/factory.sale\/fi\/wp-json\/wp\/v2\/types\/product"}],"replies":[{"embeddable":true,"href":"https:\/\/factory.sale\/fi\/wp-json\/wp\/v2\/comments?post=120550"}],"wp:featuredmedia":[{"embeddable":true,"href":"https:\/\/factory.sale\/fi\/wp-json\/wp\/v2\/media\/120630"}],"wp:attachment":[{"href":"https:\/\/factory.sale\/fi\/wp-json\/wp\/v2\/media?parent=120550"}],"wp:term":[{"taxonomy":"factory","embeddable":true,"href":"https:\/\/factory.sale\/fi\/wp-json\/wp\/v2\/factory?post=120550"},{"taxonomy":"free-shipment","embeddable":true,"href":"https:\/\/factory.sale\/fi\/wp-json\/wp\/v2\/free-shipment?post=120550"},{"taxonomy":"product_brand","embeddable":true,"href":"https:\/\/factory.sale\/fi\/wp-json\/wp\/v2\/product_brand?post=120550"},{"taxonomy":"product_cat","embeddable":true,"href":"https:\/\/factory.sale\/fi\/wp-json\/wp\/v2\/product_cat?post=120550"},{"taxonomy":"product_tag","embeddable":true,"href":"https:\/\/factory.sale\/fi\/wp-json\/wp\/v2\/product_tag?post=120550"}],"curies":[{"name":"wp","href":"https:\/\/api.w.org\/{rel}","templated":true}]}}