{"id":120489,"date":"2025-10-07T19:38:56","date_gmt":"2025-10-07T16:38:56","guid":{"rendered":"https:\/\/factory.sale\/?post_type=product&#038;p=120489"},"modified":"2025-10-09T16:47:20","modified_gmt":"2025-10-09T13:47:20","slug":"muovinen-vesisailio-250l","status":"publish","type":"product","link":"https:\/\/factory.sale\/fi\/tuote\/muovinen-vesisailio-250l\/","title":{"rendered":"Muovinen vesis\u00e4ili\u00f6 &#8211; 250L"},"content":{"rendered":"<h2><span style=\"font-size: 14pt;\">Muovinen vesis\u00e4ili\u00f6 &#8211; 250L<\/span><\/h2>\n<p><strong>Tekniset tiedot:<\/strong><\/p>\n<p>Mitat: 1060\/570\/580 mm<\/p>\n<p>T\u00e4ytt\u00f6aukon halkaisija: 220 mm<\/p>\n<p>Sein\u00e4m\u00e4n paksuus: 3.5 mm<\/p>\n<p>Vaarallisten tuotteiden sertifikaatti<\/p>\n<p><img loading=\"lazy\" decoding=\"async\" class=\"alignnone size-medium wp-image-120598\" src=\"https:\/\/factory.sale\/wp-content\/uploads\/2025\/10\/factory-sale-product-plastic-mahutid-G150-350-1-1-768x360-1-300x141.png\" alt=\"\" width=\"300\" height=\"141\" srcset=\"https:\/\/factory.sale\/wp-content\/uploads\/2025\/10\/factory-sale-product-plastic-mahutid-G150-350-1-1-768x360-1-300x141.png 300w, https:\/\/factory.sale\/wp-content\/uploads\/2025\/10\/factory-sale-product-plastic-mahutid-G150-350-1-1-768x360-1-1024x480.png 1024w, https:\/\/factory.sale\/wp-content\/uploads\/2025\/10\/factory-sale-product-plastic-mahutid-G150-350-1-1-768x360-1-150x70.png 150w, https:\/\/factory.sale\/wp-content\/uploads\/2025\/10\/factory-sale-product-plastic-mahutid-G150-350-1-1-768x360-1-768x360.png 768w, https:\/\/factory.sale\/wp-content\/uploads\/2025\/10\/factory-sale-product-plastic-mahutid-G150-350-1-1-768x360-1-600x282.png 600w, https:\/\/factory.sale\/wp-content\/uploads\/2025\/10\/factory-sale-product-plastic-mahutid-G150-350-1-1-768x360-1.png 1200w\" sizes=\"auto, (max-width: 300px) 100vw, 300px\" \/><\/p>\n<p>Tutustu samankaltaisiin tuotteisiin t\u00e4\u00e4ll\u00e4:\u00a0<a href=\"https:\/\/factory.sale\/fi\/tuote-osasto\/piha-puutarha-fi\/teollisuussailiot\/\"><i>\u201cTeollisuuss\u00e4ili\u00f6t\u201d<\/i><\/a><\/p>\n<p>Katso teollisuus s\u00e4ili\u00f6iden laadunhallintaj\u00e4rjestelm\u00e4n\u00a0<a href=\"https:\/\/www.iso.org\/standard\/62085.html\" target=\"_blank\" rel=\"noopener\">ISO 9001 \u2013 standardin seloste<\/a><\/p>\n<p><em><strong>Etk\u00f6 ole varma, mink\u00e4 s\u00e4ili\u00f6n valitsisit? Blogikirjoituksemme \u201c<a href=\"https:\/\/factory.sale\/fi\/blog\/kuinka-valita-oikea-sailio\/\" target=\"_blank\" rel=\"noopener\">Kuinka valita oikea s\u00e4ili\u00f6<\/a>\u201d selitt\u00e4\u00e4 askel askeleelta, mit\u00e4 tulee ottaa huomioon uutta s\u00e4ili\u00f6t\u00e4 valitessa. Tutustu nyt!<\/strong><\/em><\/p>\n","protected":false},"excerpt":{"rendered":"<p><strong>Tekniset tiedot:<\/strong><\/p>\n<p>Mitat: 1060\/570\/580 mm<\/p>\n<p>T\u00e4ytt\u00f6aukon halkaisija: 220 mm<\/p>\n<p>Sein\u00e4m\u00e4n paksuus: 3.5 mm<\/p>\n<p><strong>Vaarallisten tuotteiden sertifikaatti<\/strong><\/p>\n<p>&nbsp;<\/p>\n<p>&nbsp;<\/p>\n","protected":false},"featured_media":120601,"comment_status":"open","ping_status":"closed","template":"","meta":{"_acf_changed":false},"factory":[],"free-shipment":[],"product_brand":[],"product_cat":[997,3045],"product_tag":[],"class_list":{"0":"post-120489","1":"product","2":"type-product","3":"status-publish","4":"has-post-thumbnail","6":"product_cat-piha-puutarha-fi","7":"product_cat-teollisuussailiot","9":"first","10":"instock","11":"sale","12":"taxable","13":"shipping-taxable","14":"purchasable","15":"product-type-simple"},"acf":[],"_links":{"self":[{"href":"https:\/\/factory.sale\/fi\/wp-json\/wp\/v2\/product\/120489","targetHints":{"allow":["GET"]}}],"collection":[{"href":"https:\/\/factory.sale\/fi\/wp-json\/wp\/v2\/product"}],"about":[{"href":"https:\/\/factory.sale\/fi\/wp-json\/wp\/v2\/types\/product"}],"replies":[{"embeddable":true,"href":"https:\/\/factory.sale\/fi\/wp-json\/wp\/v2\/comments?post=120489"}],"wp:featuredmedia":[{"embeddable":true,"href":"https:\/\/factory.sale\/fi\/wp-json\/wp\/v2\/media\/120601"}],"wp:attachment":[{"href":"https:\/\/factory.sale\/fi\/wp-json\/wp\/v2\/media?parent=120489"}],"wp:term":[{"taxonomy":"factory","embeddable":true,"href":"https:\/\/factory.sale\/fi\/wp-json\/wp\/v2\/factory?post=120489"},{"taxonomy":"free-shipment","embeddable":true,"href":"https:\/\/factory.sale\/fi\/wp-json\/wp\/v2\/free-shipment?post=120489"},{"taxonomy":"product_brand","embeddable":true,"href":"https:\/\/factory.sale\/fi\/wp-json\/wp\/v2\/product_brand?post=120489"},{"taxonomy":"product_cat","embeddable":true,"href":"https:\/\/factory.sale\/fi\/wp-json\/wp\/v2\/product_cat?post=120489"},{"taxonomy":"product_tag","embeddable":true,"href":"https:\/\/factory.sale\/fi\/wp-json\/wp\/v2\/product_tag?post=120489"}],"curies":[{"name":"wp","href":"https:\/\/api.w.org\/{rel}","templated":true}]}}