{"id":120473,"date":"2025-10-07T16:16:54","date_gmt":"2025-10-07T13:16:54","guid":{"rendered":"https:\/\/factory.sale\/?post_type=product&#038;p=120473"},"modified":"2025-10-07T16:22:45","modified_gmt":"2025-10-07T13:22:45","slug":"suorakulmainen-vesisailio-pystysuora-1000l","status":"publish","type":"product","link":"https:\/\/factory.sale\/fi\/tuote\/suorakulmainen-vesisailio-pystysuora-1000l\/","title":{"rendered":"Suorakulmainen vesis\u00e4ili\u00f6, pystysuora 1000L"},"content":{"rendered":"<h2><span style=\"font-size: 14pt;\">Suorakulmainen vesis\u00e4ili\u00f6, pystysuora 1000L<\/span><\/h2>\n<p>Suorakulmaiset vesis\u00e4ili\u00f6t on tarkoitettu nesteiden varastointiin. S\u00e4ili\u00f6t on suunniteltu erityisesti tuotteiden varastoinnin ja kuljetuksen helpottamiseksi. S\u00e4ili\u00f6n pohjassa oleva erityinen, kannen halkaisijaa vastaava syvennys mahdollistaa s\u00e4ili\u00f6iden vakaan pinoamisen.<\/p>\n<p>&nbsp;<\/p>\n<p><strong>Tekniset tiedot:<\/strong><\/p>\n<p>Mitat: 780\/760\/1870 mm<\/p>\n<p>T\u00e4ytt\u00f6aukon halkaisija: 350 mm<\/p>\n<p>Sein\u00e4m\u00e4n paksuus: 5 mm<\/p>\n<p>Sivulla on 1 kierreliit\u00e4nt\u00e4 3\/4 tuumaa<\/p>\n<p>Korkea lujuus, pakkasenkest\u00e4v\u00e4 (-40 \u00b0C \u2013 +60 \u00b0C), elintarvikekelpoinen, UV-kest\u00e4v\u00e4<\/p>\n<p>&nbsp;<\/p>\n<p>Tutustu samankaltaisiin tuotteisiin t\u00e4\u00e4ll\u00e4:\u00a0<a href=\"https:\/\/factory.sale\/fi\/tuote-osasto\/piha-puutarha-fi\/teollisuussailiot\/\"><i>\u201cTeollisuuss\u00e4ili\u00f6t\u201d<\/i><\/a><\/p>\n<p>Katso teollisuus s\u00e4ili\u00f6iden laadunhallintaj\u00e4rjestelm\u00e4n\u00a0<a href=\"https:\/\/www.iso.org\/standard\/62085.html\" target=\"_blank\" rel=\"noopener\">ISO 9001 \u2013 standardin seloste<\/a><\/p>\n<p><em><strong>Etk\u00f6 ole varma, mink\u00e4 s\u00e4ili\u00f6n valitsisit? Blogikirjoituksemme \u201c<a href=\"https:\/\/factory.sale\/fi\/blog\/kuinka-valita-oikea-sailio\/\" target=\"_blank\" rel=\"noopener\">Kuinka valita oikea s\u00e4ili\u00f6<\/a>\u201d selitt\u00e4\u00e4 askel askeleelta, mit\u00e4 tulee ottaa huomioon uutta s\u00e4ili\u00f6t\u00e4 valitessa. Tutustu nyt!<\/strong><\/em><\/p>\n","protected":false},"excerpt":{"rendered":"<p><strong>S\u00e4ili\u00f6t soveltuvat kaikille teollisuudenaloille, mukaan lukien elintarviketeollisuuteen. Hyv\u00e4 laatu kilpailukykyiseen hintaan!\u00a0<\/strong><\/p>\n<p>Suorakulmaiset vesis\u00e4ili\u00f6t on tarkoitettu nesteiden varastointiin. S\u00e4ili\u00f6t on suunniteltu erityisesti tuotteiden varastoinnin ja kuljetuksen helpottamiseksi. S\u00e4ili\u00f6n pohjassa oleva erityinen, kannen halkaisijaa vastaava syvennys mahdollistaa s\u00e4ili\u00f6iden vakaan pinoamisen.<\/p>\n<p><strong>HUOM! Min. tilaus 5 kpl!<\/strong><\/p>\n","protected":false},"featured_media":120586,"comment_status":"open","ping_status":"closed","template":"","meta":{"_acf_changed":false},"factory":[],"free-shipment":[],"product_brand":[],"product_cat":[997,3045],"product_tag":[],"class_list":{"0":"post-120473","1":"product","2":"type-product","3":"status-publish","4":"has-post-thumbnail","6":"product_cat-piha-puutarha-fi","7":"product_cat-teollisuussailiot","9":"first","10":"instock","11":"sale","12":"taxable","13":"shipping-taxable","14":"purchasable","15":"product-type-simple"},"acf":[],"_links":{"self":[{"href":"https:\/\/factory.sale\/fi\/wp-json\/wp\/v2\/product\/120473","targetHints":{"allow":["GET"]}}],"collection":[{"href":"https:\/\/factory.sale\/fi\/wp-json\/wp\/v2\/product"}],"about":[{"href":"https:\/\/factory.sale\/fi\/wp-json\/wp\/v2\/types\/product"}],"replies":[{"embeddable":true,"href":"https:\/\/factory.sale\/fi\/wp-json\/wp\/v2\/comments?post=120473"}],"wp:featuredmedia":[{"embeddable":true,"href":"https:\/\/factory.sale\/fi\/wp-json\/wp\/v2\/media\/120586"}],"wp:attachment":[{"href":"https:\/\/factory.sale\/fi\/wp-json\/wp\/v2\/media?parent=120473"}],"wp:term":[{"taxonomy":"factory","embeddable":true,"href":"https:\/\/factory.sale\/fi\/wp-json\/wp\/v2\/factory?post=120473"},{"taxonomy":"free-shipment","embeddable":true,"href":"https:\/\/factory.sale\/fi\/wp-json\/wp\/v2\/free-shipment?post=120473"},{"taxonomy":"product_brand","embeddable":true,"href":"https:\/\/factory.sale\/fi\/wp-json\/wp\/v2\/product_brand?post=120473"},{"taxonomy":"product_cat","embeddable":true,"href":"https:\/\/factory.sale\/fi\/wp-json\/wp\/v2\/product_cat?post=120473"},{"taxonomy":"product_tag","embeddable":true,"href":"https:\/\/factory.sale\/fi\/wp-json\/wp\/v2\/product_tag?post=120473"}],"curies":[{"name":"wp","href":"https:\/\/api.w.org\/{rel}","templated":true}]}}