{"id":120457,"date":"2025-10-07T15:16:08","date_gmt":"2025-10-07T12:21:48","guid":{"rendered":"https:\/\/factory.sale\/?post_type=product&#038;p=120457"},"modified":"2025-11-21T01:59:51","modified_gmt":"2025-11-20T22:59:51","slug":"mers-liesiuuni-ytk-210","status":"publish","type":"product","link":"https:\/\/factory.sale\/fi\/tuote\/mers-liesiuuni-ytk-210\/","title":{"rendered":"Mers liesiuuni YTK-210"},"content":{"rendered":"<p>Mers YTK-210 on luotettava ja tyylik\u00e4s puul\u00e4mmitteinen liesi, joka yhdist\u00e4\u00e4 tehokkaan l\u00e4mmityksen ja k\u00e4yt\u00e4nn\u00f6llisen ruoanlaiton yhteen kompaktiin laitteeseen. 7,85 kW:n l\u00e4mmitystehollaan t\u00e4m\u00e4 liesi l\u00e4mmitt\u00e4\u00e4 tehokkaasti jopa 55 m\u00b2:n tilan, joten se on ihanteellinen valinta m\u00f6keille, keitti\u00f6ihin tai maaseudun koteihin.<\/p>\n<p>Vahvasta ja kest\u00e4v\u00e4st\u00e4 ter\u00e4slevyst\u00e4 valmistettu sek\u00e4 valurautaosilla (yl\u00e4levy, tulipes\u00e4n kannet, tuhkalaatikon kannet ja arina) vahvistettu YTK-210 takaa pitk\u00e4n k\u00e4ytt\u00f6i\u00e4n ja tasaisen l\u00e4mm\u00f6njakautumisen. Yksivaiheinen tasal\u00e4mmitysj\u00e4rjestelm\u00e4 varmistaa tasaisen kypsennyksen, kun taas l\u00e4mm\u00f6nkest\u00e4v\u00e4t tulitiilet yll\u00e4pit\u00e4v\u00e4t l\u00e4mp\u00f6tilan vakaana.<br \/>\nEmaloitu runko antaa liedelle elegantin ja helposti puhdistettavan pinnan, joka kest\u00e4\u00e4 kulutusta ja korroosiota, s\u00e4ilytt\u00e4en sen kauniin ulkon\u00e4\u00f6n vuosiksi eteenp\u00e4in. Etuosan tuuletusj\u00e4rjestelm\u00e4 parantaa ilmavirtausta paremman palamisen varmistamiseksi, mik\u00e4 varmistaa tehokkaan l\u00e4mm\u00f6ntuotannon ja pienemm\u00e4n puunkulutuksen.<\/p>\n<p>Kompaktien mittojen (43 \u00d7 81 \u00d7 75 cm), k\u00e4yt\u00e4nn\u00f6llisen uunin (20 \u00d7 40 \u00d7 40 cm) ja klassisen muotoilunsa ansiosta Mers YTK-210 sopii mihin tahansa sisustukseen tarjoten l\u00e4mp\u00f6\u00e4 ja perinteist\u00e4 ruoanlaiton tunnelmaa.<\/p>\n<p>&nbsp;<\/p>\n<p><strong>Saatavilla kahdessa v\u00e4riss\u00e4: mustana ja ruskeana<\/strong><\/p>\n<p><strong>Tekniset tiedot:<\/strong><\/p>\n<ul>\n<li>Teho: 7,85 kW<\/li>\n<li>L\u00e4mm\u00f6nkest\u00e4v\u00e4t tulitiilet<\/li>\n<li>Yksivaiheinen tasal\u00e4mmitysj\u00e4rjestelm\u00e4<\/li>\n<li>Mitat: syvyys 43 \u00d7 leveys 81 \u00d7 korkeus 75 cm<\/li>\n<li>L\u00e4mmityskapasiteetti: jopa 55 m\u00b2<\/li>\n<li>Valurautaosat: yl\u00e4levy, tulipes\u00e4n ja tuhkalaatikon kannet, arina<\/li>\n<li>Emaloitu runko<\/li>\n<li>Savupiipun halkaisija: 120 \/ 130 mm<\/li>\n<li>Helppo puhdistaa<\/li>\n<li>Uunin mitat: 20 \u00d7 40 \u00d7 40 cm<\/li>\n<li>Vahva ter\u00e4slevyrakenne<\/li>\n<li>Paino: 41 kg<\/li>\n<li>Etuosan ilmanvaihto<\/li>\n<li>Polttoaine: puu<\/li>\n<\/ul>\n<p>&nbsp;<\/p>\n<p>&nbsp;<\/p>\n<p><strong>Toimituksen koko: 50 x 85 cm , 41 kg<\/strong><\/p>\n<p>&nbsp;<\/p>\n<p>&nbsp;<\/p>\n<p><img loading=\"lazy\" decoding=\"async\" class=\"alignnone wp-image-107142\" src=\"https:\/\/factory.sale\/wp-content\/uploads\/2025\/07\/mers-stoves-factory.sale_-300x105.webp\" sizes=\"auto, (max-width: 422px) 100vw, 422px\" srcset=\"https:\/\/factory.sale\/wp-content\/uploads\/2025\/07\/mers-stoves-factory.sale_-300x105.webp 300w, https:\/\/factory.sale\/wp-content\/uploads\/2025\/07\/mers-stoves-factory.sale_-150x52.webp 150w, https:\/\/factory.sale\/wp-content\/uploads\/2025\/07\/mers-stoves-factory.sale_-768x268.webp 768w, https:\/\/factory.sale\/wp-content\/uploads\/2025\/07\/mers-stoves-factory.sale_-600x209.webp 600w, https:\/\/factory.sale\/wp-content\/uploads\/2025\/07\/mers-stoves-factory.sale_.webp 980w\" alt=\"\" width=\"448\" height=\"156\" \/><\/p>\n<p>&nbsp;<\/p>\n<p><a href=\"https:\/\/factory.sale\/wp-content\/uploads\/2025\/07\/BImSchV-file-1.pdf\" target=\"_blank\" rel=\"noopener\">Sertifikaatti 1<\/a><\/p>\n<p><a href=\"https:\/\/factory.sale\/wp-content\/uploads\/2025\/07\/Eco-design-file-1.pdf\" target=\"_blank\" rel=\"noopener\">Sertifikaatti 2<\/a><\/p>\n<p><a href=\"https:\/\/factory.sale\/wp-content\/uploads\/2025\/07\/Ecodesign-file-2.pdf\" target=\"_blank\" rel=\"noopener\">Sertifikaatti 3<\/a><\/p>\n<p><a href=\"https:\/\/factory.sale\/wp-content\/uploads\/2025\/07\/Ecodesign-file-3.pdf\" target=\"_blank\" rel=\"noopener\">Sertifikaatti 4<\/a><\/p>\n<p><a href=\"https:\/\/factory.sale\/wp-content\/uploads\/2025\/07\/SK-100101103SK-102-Fireplace-Ecodesign-BlmschVEEI.pdf\" target=\"_blank\" rel=\"noopener\">Sertifikaatti 5<\/a><\/p>\n","protected":false},"excerpt":{"rendered":"<p>Pysy l\u00e4mpim\u00e4n\u00e4 ja viihtyis\u00e4ss\u00e4 ymp\u00e4rist\u00f6ss\u00e4 ymp\u00e4ri vuoden Mersin takkojen avulla. Tehokkaaseen puul\u00e4mmitykseen suunnitellut takat tarjoavat voimakkaan l\u00e4mm\u00f6n, yhdist\u00e4en klassisen estetiikan ja nykyaikaisen kest\u00e4vyyden. Helppok\u00e4ytt\u00f6iset ja huollettavat takat luovat l\u00e4mpim\u00e4n ja kutsuvan tunnelman jokaiseen huoneeseen.<\/p>\n<p><strong><em>Kuljetus 90 euroa!<\/em><\/strong><\/p>\n","protected":false},"featured_media":120432,"comment_status":"open","ping_status":"closed","template":"","meta":{"_acf_changed":false},"factory":[],"free-shipment":[],"product_brand":[],"product_cat":[4486,1329],"product_tag":[1425,2011],"class_list":{"0":"post-120457","1":"product","2":"type-product","3":"status-publish","4":"has-post-thumbnail","6":"product_cat-mers-uunit","7":"product_cat-uunit","8":"product_tag-home-fi","9":"product_tag-stove-fi","11":"first","12":"instock","13":"sale","14":"taxable","15":"shipping-taxable","16":"purchasable","17":"product-type-simple"},"acf":[],"_links":{"self":[{"href":"https:\/\/factory.sale\/fi\/wp-json\/wp\/v2\/product\/120457","targetHints":{"allow":["GET"]}}],"collection":[{"href":"https:\/\/factory.sale\/fi\/wp-json\/wp\/v2\/product"}],"about":[{"href":"https:\/\/factory.sale\/fi\/wp-json\/wp\/v2\/types\/product"}],"replies":[{"embeddable":true,"href":"https:\/\/factory.sale\/fi\/wp-json\/wp\/v2\/comments?post=120457"}],"wp:featuredmedia":[{"embeddable":true,"href":"https:\/\/factory.sale\/fi\/wp-json\/wp\/v2\/media\/120432"}],"wp:attachment":[{"href":"https:\/\/factory.sale\/fi\/wp-json\/wp\/v2\/media?parent=120457"}],"wp:term":[{"taxonomy":"factory","embeddable":true,"href":"https:\/\/factory.sale\/fi\/wp-json\/wp\/v2\/factory?post=120457"},{"taxonomy":"free-shipment","embeddable":true,"href":"https:\/\/factory.sale\/fi\/wp-json\/wp\/v2\/free-shipment?post=120457"},{"taxonomy":"product_brand","embeddable":true,"href":"https:\/\/factory.sale\/fi\/wp-json\/wp\/v2\/product_brand?post=120457"},{"taxonomy":"product_cat","embeddable":true,"href":"https:\/\/factory.sale\/fi\/wp-json\/wp\/v2\/product_cat?post=120457"},{"taxonomy":"product_tag","embeddable":true,"href":"https:\/\/factory.sale\/fi\/wp-json\/wp\/v2\/product_tag?post=120457"}],"curies":[{"name":"wp","href":"https:\/\/api.w.org\/{rel}","templated":true}]}}