{"id":120360,"date":"2025-10-07T00:10:25","date_gmt":"2025-10-06T21:16:56","guid":{"rendered":"https:\/\/factory.sale\/?post_type=product&#038;p=120360"},"modified":"2025-11-21T21:39:28","modified_gmt":"2025-11-21T18:39:28","slug":"mers-liesi-stk-205","status":"publish","type":"product","link":"https:\/\/factory.sale\/fi\/tuote\/mers-liesi-stk-205\/","title":{"rendered":"Mers liesiuuni STK-205"},"content":{"rendered":"<p><strong>Mers Liesi STK-205 \u2013 tehoa, toimivuutta ja ajatonta muotoilua<\/strong><\/p>\n<p>Mers STK-205 yhdist\u00e4\u00e4 perinteisen puulieden tehokkuuden ja sis\u00e4\u00e4nrakennetun uunin k\u00e4yt\u00e4nn\u00f6llisyyden \u2013 tarjoten yhdess\u00e4 elegantissa laitteessa sek\u00e4 l\u00e4mp\u00f6\u00e4 ett\u00e4 mahdollisuuden valmistaa herkullisia kotiruokia. 7,85 kW l\u00e4mmitystehollaan liesi l\u00e4mmitt\u00e4\u00e4 tehokkaasti jopa 60 m\u00b2 tilan, joten se sopii t\u00e4ydellisesti m\u00f6kkeihin, koteihin ja vapaa-ajan asuntoihin.<\/p>\n<p>Vahvasta, korkealaatuisesta ter\u00e4slevyst\u00e4 valmistettu ja valurautaosilla (yl\u00e4levy ja arina) vahvistettu STK-205 takaa pitk\u00e4n k\u00e4ytt\u00f6i\u00e4n ja tasaisen l\u00e4mm\u00f6ntuoton. Kaksinopeuksinen uunij\u00e4rjestelm\u00e4 sis\u00e4\u00e4nrakennetulla l\u00e4mp\u00f6mittarilla (25 \u00d7 40 \u00d7 40 cm) tarjoaa tarkan l\u00e4mm\u00f6ns\u00e4\u00e4telyn, kun taas l\u00e4mm\u00f6nkest\u00e4v\u00e4t tulitiilet pit\u00e4v\u00e4t sis\u00e4l\u00e4mp\u00f6tilan vakaana tasaisen ruoanvalmistuksen takaamiseksi.<\/p>\n<p>Keraaminen lasiovi antaa nauttia tulen luonnollisesta loisteesta ja kest\u00e4\u00e4 \u00e4\u00e4rimm\u00e4isi\u00e4 l\u00e4mp\u00f6tilavaihteluita. Helposti puhdistettava rakenne, vankka puutila ja kompaktit mitat (44 \u00d7 81 \u00d7 80 cm) tekev\u00e4t Mers STK-205 -liedest\u00e4 sek\u00e4 k\u00e4yt\u00e4nn\u00f6llisen ett\u00e4 tyylikk\u00e4\u00e4n \u2013 t\u00e4ydellisen yhdistelm\u00e4n muotoa ja toimivuutta.<\/p>\n<p>&nbsp;<\/p>\n<p>&nbsp;<\/p>\n<p><strong>Toimituksen koko: 50 x 85 cm, 67.5 kg<\/strong><\/p>\n<p>&nbsp;<\/p>\n<p><strong>Tekniset tiedot:<\/strong><\/p>\n<ul>\n<li>Teho: 7,85 kW<\/li>\n<li>L\u00e4mm\u00f6nkest\u00e4v\u00e4t tulitiilet<\/li>\n<li>Kaksinopeuksinen uunij\u00e4rjestelm\u00e4<\/li>\n<li>Mitat: syvyys 44 \u00d7 leveys 81 \u00d7 korkeus 80 cm<\/li>\n<li>L\u00e4mmityskapasiteetti: jopa 60 m\u00b2<\/li>\n<li>Valurautaosat: yl\u00e4levy ja arina<\/li>\n<li>Savupiipun halkaisija: 130 mm<\/li>\n<li>L\u00e4mm\u00f6nkest\u00e4v\u00e4 keraaminen lasi<\/li>\n<li>Helppo puhdistaa<\/li>\n<li>Uunin mitat: 25 \u00d7 40 \u00d7 40 cm (sis\u00e4\u00e4nrakennetulla l\u00e4mp\u00f6mittarilla)<\/li>\n<li>Vahva ter\u00e4slevyrakenne<\/li>\n<li>Paino: 67,5 kg<\/li>\n<li>Puuteline<\/li>\n<li>Polttoaine: puu<\/li>\n<\/ul>\n<p>&nbsp;<\/p>\n<p>&nbsp;<\/p>\n<div id=\"productTabContent\" class=\"tab-content\">\n<div id=\"description\" class=\"tab-pane fade show active\" role=\"tabpanel\" aria-labelledby=\"description-tab\">\n<p><img loading=\"lazy\" decoding=\"async\" class=\"alignnone wp-image-107142\" src=\"https:\/\/factory.sale\/wp-content\/uploads\/2025\/07\/mers-stoves-factory.sale_-300x105.webp\" sizes=\"auto, (max-width: 422px) 100vw, 422px\" srcset=\"https:\/\/factory.sale\/wp-content\/uploads\/2025\/07\/mers-stoves-factory.sale_-300x105.webp 300w, https:\/\/factory.sale\/wp-content\/uploads\/2025\/07\/mers-stoves-factory.sale_-150x52.webp 150w, https:\/\/factory.sale\/wp-content\/uploads\/2025\/07\/mers-stoves-factory.sale_-768x268.webp 768w, https:\/\/factory.sale\/wp-content\/uploads\/2025\/07\/mers-stoves-factory.sale_-600x209.webp 600w, https:\/\/factory.sale\/wp-content\/uploads\/2025\/07\/mers-stoves-factory.sale_.webp 980w\" alt=\"\" width=\"422\" height=\"148\" \/><\/p>\n<p>&nbsp;<\/p>\n<p><a href=\"https:\/\/factory.sale\/wp-content\/uploads\/2025\/07\/BImSchV-file-1.pdf\" target=\"_blank\" rel=\"noopener\">Sertifikaatti 1<\/a><\/p>\n<p><a href=\"https:\/\/factory.sale\/wp-content\/uploads\/2025\/07\/Eco-design-file-1.pdf\" target=\"_blank\" rel=\"noopener\">Sertifikaatti 2<\/a><\/p>\n<p><a href=\"https:\/\/factory.sale\/wp-content\/uploads\/2025\/07\/Ecodesign-file-2.pdf\" target=\"_blank\" rel=\"noopener\">Sertifikaatti 3<\/a><\/p>\n<p><a href=\"https:\/\/factory.sale\/wp-content\/uploads\/2025\/07\/Ecodesign-file-3.pdf\" target=\"_blank\" rel=\"noopener\">Sertifikaatti 4<\/a><\/p>\n<p><a href=\"https:\/\/factory.sale\/wp-content\/uploads\/2025\/07\/SK-100101103SK-102-Fireplace-Ecodesign-BlmschVEEI.pdf\" target=\"_blank\" rel=\"noopener\">Sertifikaatti 5<\/a><\/p>\n<\/div>\n<\/div>\n","protected":false},"excerpt":{"rendered":"<p>Pysy l\u00e4mpim\u00e4n\u00e4 ja viihtyis\u00e4ss\u00e4 ymp\u00e4rist\u00f6ss\u00e4 ymp\u00e4ri vuoden Mersin takkojen avulla. Tehokkaaseen puul\u00e4mmitykseen suunnitellut takat tarjoavat voimakkaan l\u00e4mm\u00f6n, yhdist\u00e4en klassisen estetiikan ja nykyaikaisen kest\u00e4vyyden. Helppok\u00e4ytt\u00f6iset ja huollettavat takat luovat l\u00e4mpim\u00e4n ja kutsuvan tunnelman jokaiseen huoneeseen.<\/p>\n<p><strong><em>Kuljetus 90 euroa!<\/em><\/strong><\/p>\n","protected":false},"featured_media":120347,"comment_status":"open","ping_status":"closed","template":"","meta":{"_acf_changed":false},"factory":[],"free-shipment":[],"product_brand":[],"product_cat":[4486,1329],"product_tag":[2011],"class_list":{"0":"post-120360","1":"product","2":"type-product","3":"status-publish","4":"has-post-thumbnail","6":"product_cat-mers-uunit","7":"product_cat-uunit","8":"product_tag-stove-fi","10":"first","11":"instock","12":"sale","13":"taxable","14":"shipping-taxable","15":"purchasable","16":"product-type-simple"},"acf":[],"_links":{"self":[{"href":"https:\/\/factory.sale\/fi\/wp-json\/wp\/v2\/product\/120360","targetHints":{"allow":["GET"]}}],"collection":[{"href":"https:\/\/factory.sale\/fi\/wp-json\/wp\/v2\/product"}],"about":[{"href":"https:\/\/factory.sale\/fi\/wp-json\/wp\/v2\/types\/product"}],"replies":[{"embeddable":true,"href":"https:\/\/factory.sale\/fi\/wp-json\/wp\/v2\/comments?post=120360"}],"wp:featuredmedia":[{"embeddable":true,"href":"https:\/\/factory.sale\/fi\/wp-json\/wp\/v2\/media\/120347"}],"wp:attachment":[{"href":"https:\/\/factory.sale\/fi\/wp-json\/wp\/v2\/media?parent=120360"}],"wp:term":[{"taxonomy":"factory","embeddable":true,"href":"https:\/\/factory.sale\/fi\/wp-json\/wp\/v2\/factory?post=120360"},{"taxonomy":"free-shipment","embeddable":true,"href":"https:\/\/factory.sale\/fi\/wp-json\/wp\/v2\/free-shipment?post=120360"},{"taxonomy":"product_brand","embeddable":true,"href":"https:\/\/factory.sale\/fi\/wp-json\/wp\/v2\/product_brand?post=120360"},{"taxonomy":"product_cat","embeddable":true,"href":"https:\/\/factory.sale\/fi\/wp-json\/wp\/v2\/product_cat?post=120360"},{"taxonomy":"product_tag","embeddable":true,"href":"https:\/\/factory.sale\/fi\/wp-json\/wp\/v2\/product_tag?post=120360"}],"curies":[{"name":"wp","href":"https:\/\/api.w.org\/{rel}","templated":true}]}}