{"id":120339,"date":"2025-10-06T23:14:36","date_gmt":"2025-10-06T20:38:16","guid":{"rendered":"https:\/\/factory.sale\/?post_type=product&#038;p=120339"},"modified":"2025-11-24T00:46:28","modified_gmt":"2025-11-23T21:46:28","slug":"mers-uuni-fs-100","status":"publish","type":"product","link":"https:\/\/factory.sale\/fi\/tuote\/mers-uuni-fs-100\/","title":{"rendered":"Mers takka \/ liesi FS-100"},"content":{"rendered":"<div class=\"mt-xl-4 mt-2 mb-xl-4 mb-2 short-description\">\n<div id=\"productTabContent\" class=\"tab-content\">\n<div id=\"description\" class=\"tab-pane fade show active\" role=\"tabpanel\" aria-labelledby=\"description-tab\">\n<div id=\"productTabContent\" class=\"tab-content\">\n<div id=\"description\" class=\"tab-pane fade show active\" role=\"tabpanel\" aria-labelledby=\"description-tab\">\n<p><strong>Mers Liesi FS-100 \u2013 kompakti teho ja ajaton muotoilu<\/strong><\/p>\n<p>Koe luotettava l\u00e4mp\u00f6 ja tehokkuus Mers FS-100 -puul\u00e4mmitteisell\u00e4 liedell\u00e4, joka on suunniteltu pienten ja keskikokoisten tilojen l\u00e4mmitykseen. 5,5 kW l\u00e4mmitystehonsa ansiosta t\u00e4m\u00e4 liesi l\u00e4mmitt\u00e4\u00e4 jopa 50 m\u00b2 tilan, mik\u00e4 tekee siit\u00e4 t\u00e4ydellisen valinnan m\u00f6kkeihin, ty\u00f6pajoihin tai pienempiin asuintiloihin.<br \/>\nVahvasta, korkealaatuisesta ter\u00e4slevyst\u00e4 valmistettu ja valurautaisilla osilla (yl\u00e4levy, runko, kannet ja arina) varustettu FS-100 yhdist\u00e4\u00e4 kest\u00e4vyyden ja toimivuuden tarjoten vuosien varman k\u00e4yt\u00f6n. L\u00e4mm\u00f6nkest\u00e4v\u00e4t tulitiilet takaavat tasaisen l\u00e4mm\u00f6njaon, kun taas emaloitu runko lis\u00e4\u00e4 kest\u00e4vyytt\u00e4 ja antaa laitteelle modernin ja tyylikk\u00e4\u00e4n ulkon\u00e4\u00f6n.<br \/>\nKeraaminen lasiovi tarjoaa kirkkaan n\u00e4kym\u00e4n liekkeihin ja kest\u00e4\u00e4 \u00e4\u00e4rimm\u00e4isi\u00e4 l\u00e4mp\u00f6tilavaihteluita, tuoden tilaan sek\u00e4 l\u00e4mp\u00f6\u00e4 ett\u00e4 tunnelmaa. Helposti puhdistettavan rakenteen ja kompaktien mittojen (45 \u00d7 30 \u00d7 61 cm) ansiosta Mers FS-100 on k\u00e4yt\u00e4nn\u00f6llinen, tyylik\u00e4s ja energiatehokas ratkaisu kaikkiin ymp\u00e4rist\u00f6ihin.<\/p>\n<\/div>\n<\/div>\n<\/div>\n<\/div>\n<\/div>\n<p>&nbsp;<\/p>\n<div class=\"mt-xl-4 mt-2 mb-xl-4 mb-2 short-description\">\n<div id=\"productTabContent\" class=\"tab-content\">\n<div id=\"description\" class=\"tab-pane fade show active\" role=\"tabpanel\" aria-labelledby=\"description-tab\">\n<div id=\"productTabContent\" class=\"tab-content\">\n<div id=\"description\" class=\"tab-pane fade show active\" role=\"tabpanel\" aria-labelledby=\"description-tab\">\n<p><strong>Tekniset tiedot:<\/strong><\/p>\n<ul>\n<li>Paino: 25 kg<\/li>\n<li>Polttoainetyyppi: puu<\/li>\n<li>Teho: 5,5 kW<\/li>\n<li>L\u00e4mm\u00f6nkest\u00e4v\u00e4t tulitiilet<\/li>\n<li>Mitat: syvyys 45 \u00d7 leveys 30 \u00d7 korkeus 61 cm<\/li>\n<li>L\u00e4mmityskapasiteetti: jopa 50 m\u00b2<\/li>\n<li>Valurautaosat: yl\u00e4levy, runko, kannet ja arina<\/li>\n<li>Emaloitu runko<\/li>\n<li>Savupiipun halkaisija: 130 mm<\/li>\n<li>Helppo puhdistaa<\/li>\n<li>Vahva ter\u00e4slevyrakenne<\/li>\n<li>L\u00e4mm\u00f6nkest\u00e4v\u00e4 keraaminen lasi<\/li>\n<\/ul>\n<\/div>\n<\/div>\n<p>&nbsp;<\/p>\n<p>&nbsp;<\/p>\n<p><strong>Toimituksen koko: 50 x 35 cm, 25 kg<\/strong><\/p>\n<p>&nbsp;<\/p>\n<div id=\"productTabContent\" class=\"tab-content\">\n<div id=\"description\" class=\"tab-pane fade show active\" role=\"tabpanel\" aria-labelledby=\"description-tab\">\n<p>&nbsp;<\/p>\n<p><img loading=\"lazy\" decoding=\"async\" class=\"alignnone wp-image-107142\" src=\"https:\/\/factory.sale\/wp-content\/uploads\/2025\/07\/mers-stoves-factory.sale_-300x105.webp\" sizes=\"auto, (max-width: 422px) 100vw, 422px\" srcset=\"https:\/\/factory.sale\/wp-content\/uploads\/2025\/07\/mers-stoves-factory.sale_-300x105.webp 300w, https:\/\/factory.sale\/wp-content\/uploads\/2025\/07\/mers-stoves-factory.sale_-150x52.webp 150w, https:\/\/factory.sale\/wp-content\/uploads\/2025\/07\/mers-stoves-factory.sale_-768x268.webp 768w, https:\/\/factory.sale\/wp-content\/uploads\/2025\/07\/mers-stoves-factory.sale_-600x209.webp 600w, https:\/\/factory.sale\/wp-content\/uploads\/2025\/07\/mers-stoves-factory.sale_.webp 980w\" alt=\"\" width=\"422\" height=\"148\" \/><\/p>\n<p>&nbsp;<\/p>\n<p><a href=\"https:\/\/factory.sale\/wp-content\/uploads\/2025\/07\/BImSchV-file-1.pdf\" target=\"_blank\" rel=\"noopener\">Sertifikaatti 1<\/a><\/p>\n<p><a href=\"https:\/\/factory.sale\/wp-content\/uploads\/2025\/07\/Eco-design-file-1.pdf\" target=\"_blank\" rel=\"noopener\">Sertifikaatti 2<\/a><\/p>\n<p><a href=\"https:\/\/factory.sale\/wp-content\/uploads\/2025\/07\/Ecodesign-file-2.pdf\" target=\"_blank\" rel=\"noopener\">Sertifikaatti 3<\/a><\/p>\n<p><a href=\"https:\/\/factory.sale\/wp-content\/uploads\/2025\/07\/Ecodesign-file-3.pdf\" target=\"_blank\" rel=\"noopener\">Sertifikaatti 4<\/a><\/p>\n<p><a href=\"https:\/\/factory.sale\/wp-content\/uploads\/2025\/07\/SK-100101103SK-102-Fireplace-Ecodesign-BlmschVEEI.pdf\" target=\"_blank\" rel=\"noopener\">Sertifikaatti 5<\/a><\/p>\n<\/div>\n<\/div>\n<div class=\"pt-3\"><\/div>\n<\/div>\n<\/div>\n<div class=\"pt-3\"><\/div>\n<\/div>\n<div class=\"price mt-2\"><\/div>\n","protected":false},"excerpt":{"rendered":"<div class=\"mt-xl-4 mt-2 mb-xl-4 mb-2 short-description\">\n<p>Pysy l\u00e4mpim\u00e4n\u00e4 ja viihtyis\u00e4ss\u00e4 ymp\u00e4rist\u00f6ss\u00e4 ymp\u00e4ri vuoden Mersin takkojen avulla. Tehokkaaseen puul\u00e4mmitykseen suunnitellut takat tarjoavat voimakkaan l\u00e4mm\u00f6n, yhdist\u00e4en klassisen estetiikan ja nykyaikaisen kest\u00e4vyyden. Helppok\u00e4ytt\u00f6iset ja huollettavat takat luovat l\u00e4mpim\u00e4n ja kutsuvan tunnelman jokaiseen huoneeseen.<\/p>\n<p><strong><em>Kuljetus 90 euroa!<\/em><\/strong><\/p>\n<\/div>\n<div class=\"price mt-2\"><\/div>\n","protected":false},"featured_media":120326,"comment_status":"open","ping_status":"closed","template":"","meta":{"_acf_changed":false},"factory":[],"free-shipment":[],"product_brand":[],"product_cat":[4486,1329],"product_tag":[2011],"class_list":{"0":"post-120339","1":"product","2":"type-product","3":"status-publish","4":"has-post-thumbnail","6":"product_cat-mers-uunit","7":"product_cat-uunit","8":"product_tag-stove-fi","10":"first","11":"instock","12":"sale","13":"taxable","14":"shipping-taxable","15":"purchasable","16":"product-type-simple"},"acf":[],"_links":{"self":[{"href":"https:\/\/factory.sale\/fi\/wp-json\/wp\/v2\/product\/120339","targetHints":{"allow":["GET"]}}],"collection":[{"href":"https:\/\/factory.sale\/fi\/wp-json\/wp\/v2\/product"}],"about":[{"href":"https:\/\/factory.sale\/fi\/wp-json\/wp\/v2\/types\/product"}],"replies":[{"embeddable":true,"href":"https:\/\/factory.sale\/fi\/wp-json\/wp\/v2\/comments?post=120339"}],"wp:featuredmedia":[{"embeddable":true,"href":"https:\/\/factory.sale\/fi\/wp-json\/wp\/v2\/media\/120326"}],"wp:attachment":[{"href":"https:\/\/factory.sale\/fi\/wp-json\/wp\/v2\/media?parent=120339"}],"wp:term":[{"taxonomy":"factory","embeddable":true,"href":"https:\/\/factory.sale\/fi\/wp-json\/wp\/v2\/factory?post=120339"},{"taxonomy":"free-shipment","embeddable":true,"href":"https:\/\/factory.sale\/fi\/wp-json\/wp\/v2\/free-shipment?post=120339"},{"taxonomy":"product_brand","embeddable":true,"href":"https:\/\/factory.sale\/fi\/wp-json\/wp\/v2\/product_brand?post=120339"},{"taxonomy":"product_cat","embeddable":true,"href":"https:\/\/factory.sale\/fi\/wp-json\/wp\/v2\/product_cat?post=120339"},{"taxonomy":"product_tag","embeddable":true,"href":"https:\/\/factory.sale\/fi\/wp-json\/wp\/v2\/product_tag?post=120339"}],"curies":[{"name":"wp","href":"https:\/\/api.w.org\/{rel}","templated":true}]}}