{"id":119831,"date":"2025-09-30T00:43:28","date_gmt":"2025-09-29T21:47:12","guid":{"rendered":"https:\/\/factory.sale\/?post_type=product&#038;p=119831"},"modified":"2025-10-03T10:59:30","modified_gmt":"2025-10-03T07:59:30","slug":"modulaarinen-leirintamokit-46-m-x-66-m","status":"publish","type":"product","link":"https:\/\/factory.sale\/fi\/tuote\/modulaarinen-leirintamokit-46-m-x-66-m\/","title":{"rendered":"Moduulim\u00f6kki 4,6 m \u00d7 6,6 m"},"content":{"rendered":"<div class=\"_tableContainer_1rjym_1\">\n<div class=\"group _tableWrapper_1rjym_13 flex w-fit flex-col-reverse\" tabindex=\"-1\">\n<table class=\"w-fit min-w-(--thread-content-width)\" style=\"height: 732px;\" width=\"890\" data-start=\"71\" data-end=\"901\">\n<thead data-start=\"71\" data-end=\"110\">\n<tr data-start=\"71\" data-end=\"110\">\n<th data-start=\"71\" data-end=\"87\" data-col-size=\"sm\"><strong data-start=\"73\" data-end=\"86\">Kategoria<\/strong><\/th>\n<th data-start=\"87\" data-end=\"110\" data-col-size=\"md\"><strong data-start=\"89\" data-end=\"108\">Tekniset tiedot<\/strong><\/th>\n<\/tr>\n<\/thead>\n<tbody data-start=\"152\" data-end=\"901\">\n<tr data-start=\"152\" data-end=\"167\">\n<td data-start=\"152\" data-end=\"164\" data-col-size=\"sm\"><strong data-start=\"154\" data-end=\"163\">Mitat<\/strong><\/td>\n<td data-start=\"164\" data-end=\"167\" data-col-size=\"md\"><\/td>\n<\/tr>\n<tr data-start=\"168\" data-end=\"186\">\n<td data-start=\"168\" data-end=\"177\" data-col-size=\"sm\">Pituus<\/td>\n<td data-start=\"177\" data-end=\"186\" data-col-size=\"md\">6,6 m<\/td>\n<\/tr>\n<tr data-start=\"187\" data-end=\"205\">\n<td data-start=\"187\" data-end=\"196\" data-col-size=\"sm\">Leveys<\/td>\n<td data-start=\"196\" data-end=\"205\" data-col-size=\"md\">4,8 m<\/td>\n<\/tr>\n<tr data-start=\"206\" data-end=\"226\">\n<td data-start=\"206\" data-end=\"216\" data-col-size=\"sm\">Korkeus<\/td>\n<td data-start=\"216\" data-end=\"226\" data-col-size=\"md\">2,63 m<\/td>\n<\/tr>\n<tr data-start=\"227\" data-end=\"242\">\n<td data-start=\"227\" data-end=\"235\" data-col-size=\"sm\">Muoto<\/td>\n<td data-start=\"235\" data-end=\"242\" data-col-size=\"md\">Pod<\/td>\n<\/tr>\n<tr data-start=\"243\" data-end=\"264\">\n<td data-start=\"243\" data-end=\"261\" data-col-size=\"sm\"><strong data-start=\"245\" data-end=\"260\">Materiaalit<\/strong><\/td>\n<td data-start=\"261\" data-end=\"264\" data-col-size=\"md\"><\/td>\n<\/tr>\n<tr data-start=\"265\" data-end=\"280\">\n<td data-start=\"265\" data-end=\"271\" data-col-size=\"sm\">Puu<\/td>\n<td data-start=\"271\" data-end=\"280\" data-col-size=\"md\">M\u00e4nty<\/td>\n<\/tr>\n<tr data-start=\"281\" data-end=\"335\">\n<td data-start=\"281\" data-end=\"290\" data-col-size=\"sm\">Sein\u00e4t<\/td>\n<td data-start=\"290\" data-end=\"335\" data-col-size=\"md\">M\u00e4ntypaneeli sis\u00e4- ja ulkopuolella: 14 mm<\/td>\n<\/tr>\n<tr data-start=\"336\" data-end=\"377\">\n<td data-start=\"336\" data-end=\"367\" data-col-size=\"sm\">Eristetyn sivusein\u00e4n paksuus<\/td>\n<td data-start=\"367\" data-end=\"377\" data-col-size=\"md\">126 mm<\/td>\n<\/tr>\n<tr data-start=\"378\" data-end=\"427\">\n<td data-start=\"378\" data-end=\"417\" data-col-size=\"sm\">Eristetyn etu- ja takasein\u00e4n paksuus<\/td>\n<td data-start=\"417\" data-end=\"427\" data-col-size=\"md\">123 mm<\/td>\n<\/tr>\n<tr data-start=\"428\" data-end=\"463\">\n<td data-start=\"428\" data-end=\"453\" data-col-size=\"sm\">Sein\u00e4n paksuus (sivut)<\/td>\n<td data-start=\"453\" data-end=\"463\" data-col-size=\"md\">126 mm<\/td>\n<\/tr>\n<tr data-start=\"464\" data-end=\"500\">\n<td data-start=\"464\" data-end=\"490\" data-col-size=\"sm\">Sein\u00e4n paksuus (p\u00e4\u00e4dyt)<\/td>\n<td data-start=\"490\" data-end=\"500\" data-col-size=\"md\">118 mm<\/td>\n<\/tr>\n<tr data-start=\"501\" data-end=\"529\">\n<td data-start=\"501\" data-end=\"510\" data-col-size=\"sm\">Lattia<\/td>\n<td data-start=\"510\" data-end=\"529\" data-col-size=\"md\">M\u00e4ntypuu: 28 mm<\/td>\n<\/tr>\n<tr data-start=\"530\" data-end=\"568\">\n<td data-start=\"530\" data-end=\"558\" data-col-size=\"sm\">Eristetyn lattian paksuus<\/td>\n<td data-start=\"558\" data-end=\"568\" data-col-size=\"md\">158 mm<\/td>\n<\/tr>\n<tr data-start=\"569\" data-end=\"622\">\n<td data-start=\"569\" data-end=\"579\" data-col-size=\"sm\">Eristys<\/td>\n<td data-start=\"579\" data-end=\"622\" data-col-size=\"md\">Kivivilla 100 mm (sein\u00e4t, katto, lattia)<\/td>\n<\/tr>\n<tr data-start=\"623\" data-end=\"654\">\n<td data-start=\"623\" data-end=\"640\" data-col-size=\"sm\">Kattomateriaali<\/td>\n<td data-start=\"640\" data-end=\"654\" data-col-size=\"md\">Bitumikatto<\/td>\n<\/tr>\n<tr data-start=\"655\" data-end=\"680\">\n<td data-start=\"655\" data-end=\"677\" data-col-size=\"sm\"><strong data-start=\"657\" data-end=\"676\">Ovet ja ikkunat<\/strong><\/td>\n<td data-start=\"677\" data-end=\"680\" data-col-size=\"md\"><\/td>\n<\/tr>\n<tr data-start=\"681\" data-end=\"710\">\n<td data-start=\"681\" data-end=\"693\" data-col-size=\"sm\">Oven koko<\/td>\n<td data-start=\"693\" data-end=\"710\" data-col-size=\"md\">850 \u00d7 1920 mm<\/td>\n<\/tr>\n<tr data-start=\"711\" data-end=\"769\">\n<td data-start=\"711\" data-end=\"729\" data-col-size=\"sm\">Ikkunoiden koot<\/td>\n<td data-start=\"729\" data-end=\"769\" data-col-size=\"md\">700 \u00d7 900 mm; WC-ikkuna 390 \u00d7 680 mm<\/td>\n<\/tr>\n<tr data-start=\"770\" data-end=\"804\">\n<td data-start=\"770\" data-end=\"777\" data-col-size=\"sm\">Lasi<\/td>\n<td data-start=\"777\" data-end=\"804\" data-col-size=\"md\">Kaksinkertainen lasitus<\/td>\n<\/tr>\n<tr data-start=\"805\" data-end=\"831\">\n<td data-start=\"805\" data-end=\"813\" data-col-size=\"sm\">Lukko<\/td>\n<td data-start=\"813\" data-end=\"831\" data-col-size=\"md\">Sylinterilukko<\/td>\n<\/tr>\n<tr data-start=\"832\" data-end=\"849\">\n<td data-start=\"832\" data-end=\"840\" data-col-size=\"sm\">Kahva<\/td>\n<td data-start=\"840\" data-end=\"849\" data-col-size=\"md\">Vakio<\/td>\n<\/tr>\n<tr data-start=\"850\" data-end=\"871\">\n<td data-start=\"850\" data-end=\"868\" data-col-size=\"sm\"><strong data-start=\"852\" data-end=\"867\">Muut tiedot<\/strong><\/td>\n<td data-start=\"868\" data-end=\"871\" data-col-size=\"md\"><\/td>\n<\/tr>\n<tr data-start=\"872\" data-end=\"901\">\n<td data-start=\"872\" data-end=\"888\" data-col-size=\"sm\">Kuljetuspaino<\/td>\n<td data-start=\"888\" data-end=\"901\" data-col-size=\"md\">6000 kg<\/td>\n<\/tr>\n<\/tbody>\n<\/table>\n<p>&nbsp;<\/p>\n<\/div>\n<\/div>\n<p><strong>Katon v\u00e4ri:<\/strong><\/p>\n<p>Musta, punainen, vihre\u00e4, harmaa<\/p>\n<p><img loading=\"lazy\" decoding=\"async\" class=\"alignnone wp-image-119828\" src=\"https:\/\/factory.sale\/wp-content\/uploads\/2025\/09\/Roof-colour-woodengold-2-300x69.png\" alt=\"\" width=\"369\" height=\"85\" srcset=\"https:\/\/factory.sale\/wp-content\/uploads\/2025\/09\/Roof-colour-woodengold-2-300x69.png 300w, https:\/\/factory.sale\/wp-content\/uploads\/2025\/09\/Roof-colour-woodengold-2-150x35.png 150w, https:\/\/factory.sale\/wp-content\/uploads\/2025\/09\/Roof-colour-woodengold-2-600x138.png 600w, https:\/\/factory.sale\/wp-content\/uploads\/2025\/09\/Roof-colour-woodengold-2.png 676w\" sizes=\"auto, (max-width: 369px) 100vw, 369px\" \/><\/p>\n<p>&nbsp;<\/p>\n<p><strong>Vakiopakettiin sis\u00e4ltyy:<\/strong><\/p>\n<ul>\n<li>Eristetyt sein\u00e4t, p\u00e4\u00e4llystetty bitumikatteella<\/li>\n<li>2 puolikasta moduulia, jotka yhdistet\u00e4\u00e4n ty\u00f6maalla<\/li>\n<li>Eristetty m\u00e4nnyst\u00e4 valmistettu lattia<\/li>\n<li>3 avattavaa antrasiitin v\u00e4rist\u00e4 ikkunaa<\/li>\n<li>1 pieni avattava antrasiitin v\u00e4rinen kylpyhuoneen ikkuna<\/li>\n<li>Yksilehtinen antrasiitin v\u00e4rinen ulko-ovi<\/li>\n<li>Katettu terassi 28 mm kyll\u00e4stetyist\u00e4 terassilaudoista<\/li>\n<li>1 kylpyhuone puuovella<\/li>\n<li>2 makuuhuonetta puuovilla<\/li>\n<li>1 avara olohuone<\/li>\n<li>Antrasiitin v\u00e4riset koristepuulaudat<\/li>\n<li>Ilmanvaihtoj\u00e4rjestelm\u00e4<\/li>\n<\/ul>\n<p>&nbsp;<\/p>\n<p><strong>Etusein\u00e4, osa A (huone nro 1) (hinnat ilman ALV:t\u00e4):<\/strong><\/p>\n<ul>\n<li>Vakiovaihtoehto: puusein\u00e4 ikkunalla \u2013 0 \u20ac<\/li>\n<li>Puusein\u00e4 ilman ikkunaa \u2013 0 \u20ac<\/li>\n<li>Panoraamainen kaksinkertaisella lasilla varustettu julkisivu \u2013 1 192,90 \u20ac<\/li>\n<\/ul>\n<p>&nbsp;<\/p>\n<p><strong>Saatavilla on runsaasti lis\u00e4varusteita \u2013 kysy meilt\u00e4 lis\u00e4\u00e4!<\/strong><\/p>\n","protected":false},"excerpt":{"rendered":"<p>Tyylik\u00e4s, t\u00e4ysin eristetty m\u00e4nnyst\u00e4 valmistettu moduuli leirint\u00e4m\u00f6kki, jossa on bitumi kattohuopa (musta, punainen, vihre\u00e4 tai harmaa). Pohjaratkaisussa on 2 makuuhuonetta, kylpyhuone, valoisa olohuone ja katettu terassi. Vahvat 126 mm eristetyt sein\u00e4t ja kivivilla-eristys takaavat ymp\u00e4rivuotisen\u00a0mukavuuden.<\/p>\n","protected":false},"featured_media":119789,"comment_status":"open","ping_status":"closed","template":"","meta":{"_acf_changed":false},"factory":[],"free-shipment":[],"product_brand":[],"product_cat":[917,2887],"product_tag":[1208],"class_list":{"0":"post-119831","1":"product","2":"type-product","3":"status-publish","4":"has-post-thumbnail","6":"product_cat-garden-yard","7":"product_cat-camping-cabins","8":"product_tag-home","10":"first","11":"instock","12":"sale","13":"taxable","14":"shipping-taxable","15":"purchasable","16":"product-type-simple"},"acf":[],"_links":{"self":[{"href":"https:\/\/factory.sale\/fi\/wp-json\/wp\/v2\/product\/119831","targetHints":{"allow":["GET"]}}],"collection":[{"href":"https:\/\/factory.sale\/fi\/wp-json\/wp\/v2\/product"}],"about":[{"href":"https:\/\/factory.sale\/fi\/wp-json\/wp\/v2\/types\/product"}],"replies":[{"embeddable":true,"href":"https:\/\/factory.sale\/fi\/wp-json\/wp\/v2\/comments?post=119831"}],"wp:featuredmedia":[{"embeddable":true,"href":"https:\/\/factory.sale\/fi\/wp-json\/wp\/v2\/media\/119789"}],"wp:attachment":[{"href":"https:\/\/factory.sale\/fi\/wp-json\/wp\/v2\/media?parent=119831"}],"wp:term":[{"taxonomy":"factory","embeddable":true,"href":"https:\/\/factory.sale\/fi\/wp-json\/wp\/v2\/factory?post=119831"},{"taxonomy":"free-shipment","embeddable":true,"href":"https:\/\/factory.sale\/fi\/wp-json\/wp\/v2\/free-shipment?post=119831"},{"taxonomy":"product_brand","embeddable":true,"href":"https:\/\/factory.sale\/fi\/wp-json\/wp\/v2\/product_brand?post=119831"},{"taxonomy":"product_cat","embeddable":true,"href":"https:\/\/factory.sale\/fi\/wp-json\/wp\/v2\/product_cat?post=119831"},{"taxonomy":"product_tag","embeddable":true,"href":"https:\/\/factory.sale\/fi\/wp-json\/wp\/v2\/product_tag?post=119831"}],"curies":[{"name":"wp","href":"https:\/\/api.w.org\/{rel}","templated":true}]}}