{"id":119785,"date":"2025-09-29T23:30:54","date_gmt":"2025-09-29T20:49:08","guid":{"rendered":"https:\/\/factory.sale\/?post_type=product&#038;p=119785"},"modified":"2025-10-03T09:22:25","modified_gmt":"2025-10-03T06:22:25","slug":"eristetty-moderni-hirsitalo-verno-774-x-534-m","status":"publish","type":"product","link":"https:\/\/factory.sale\/fi\/tuote\/eristetty-moderni-hirsitalo-verno-774-x-534-m\/","title":{"rendered":"Eristetty moderni hirsitalo Verno 7,74 \u00d7 5,34 m"},"content":{"rendered":"<div class=\"_tableContainer_1rjym_1\">\n<div class=\"group _tableWrapper_1rjym_13 flex w-fit flex-col-reverse\" tabindex=\"-1\">\n<p>Eristetty moderni hirsitalo Verno yhdist\u00e4\u00e4 skandinaavisen muotoilun ja fiksun toiminnallisuuden: t\u00e4ysin eristetyt ulkosein\u00e4t (44 mm massiivihirsi + 100 mm eriste + h\u00f6yrynsulku + 25 mm OSB + tuuletusrako + 19 mm pystylaudoitus), loivalappeinen ep\u00e4symmetrinen katto (~8\u00b0 per sivu), joka on p\u00e4\u00e4llystetty bitumikatteella tai EPDM:ll\u00e4, sek\u00e4 suuret Premium Plus -kaksinkertaiset ikkunat, jotka tuovat runsaasti luonnonvaloa sis\u00e4tiloihin.<\/p>\n<p>Sis\u00e4tiloissa on valoisa pohjaratkaisu: olohuone 18,6 m\u00b2, makuuhuone 9,2 m\u00b2, monik\u00e4ytt\u00f6inen huone 5,4 m\u00b2, tekninen tila 2,2 m\u00b2 sek\u00e4 katettu terassi 11,0 m\u00b2 \u2013 t\u00e4ydellinen ymp\u00e4rivuotiseen k\u00e4ytt\u00f6\u00f6n. Sein\u00e4korkeus on 2,65 m ja harjakorkeus 3,18 m, mik\u00e4 antaa talolle modernin ilmeen, vahvan rakennuslaadun (sertifioitu pohjoismainen kuusi) sek\u00e4 varman energiatehokkuuden (U-arvot: sein\u00e4t ~0,30\u20130,35; katto ~0,23\u20130,28; lattia ~0,30\u20130,35).<\/p>\n<\/div>\n<p>&nbsp;<\/p>\n<div class=\"group _tableWrapper_1rjym_13 flex w-fit flex-col-reverse\" tabindex=\"-1\">\n<table class=\"w-fit min-w-(--thread-content-width)\" data-start=\"71\" data-end=\"1601\">\n<thead data-start=\"71\" data-end=\"110\">\n<tr data-start=\"71\" data-end=\"110\">\n<th data-start=\"71\" data-end=\"87\" data-col-size=\"sm\"><strong data-start=\"73\" data-end=\"86\">Kategoria<\/strong><\/th>\n<th data-start=\"87\" data-end=\"110\" data-col-size=\"lg\"><strong data-start=\"89\" data-end=\"108\">Tekniset tiedot<\/strong><\/th>\n<\/tr>\n<\/thead>\n<tbody data-start=\"152\" data-end=\"1601\">\n<tr data-start=\"152\" data-end=\"167\">\n<td data-start=\"152\" data-end=\"164\" data-col-size=\"sm\"><strong data-start=\"154\" data-end=\"163\">Mitat<\/strong><\/td>\n<td data-start=\"164\" data-end=\"167\" data-col-size=\"lg\"><\/td>\n<\/tr>\n<tr data-start=\"168\" data-end=\"215\">\n<td data-start=\"168\" data-end=\"198\" data-col-size=\"sm\">Ulkomitat (leveys \u00d7 pituus)<\/td>\n<td data-start=\"198\" data-end=\"215\" data-col-size=\"lg\">7,74 \u00d7 5,34 m<\/td>\n<\/tr>\n<tr data-start=\"216\" data-end=\"278\">\n<td data-start=\"216\" data-end=\"226\" data-col-size=\"sm\">Sis\u00e4pinta-ala<\/td>\n<td data-start=\"226\" data-end=\"278\" data-col-size=\"lg\">35,4 m\u00b2 + 11,0 m\u00b2 terassi (4 huonetta + terassi)<\/td>\n<\/tr>\n<tr data-start=\"279\" data-end=\"329\">\n<td data-start=\"279\" data-end=\"301\" data-col-size=\"sm\">Huoneiden lukum\u00e4\u00e4r\u00e4<\/td>\n<td data-start=\"301\" data-end=\"329\" data-col-size=\"lg\">3h + tekninen tila 2,2 m\u00b2<\/td>\n<\/tr>\n<tr data-start=\"330\" data-end=\"433\">\n<td data-start=\"330\" data-end=\"346\" data-col-size=\"sm\">Pohjaratkaisu<\/td>\n<td data-start=\"346\" data-end=\"433\" data-col-size=\"lg\">Olohuone 18,6 m\u00b2; huone 9,2 m\u00b2; huone 5,4 m\u00b2; tekninen tila 2,2 m\u00b2; terassi 11,0 m\u00b2<\/td>\n<\/tr>\n<tr data-start=\"434\" data-end=\"462\">\n<td data-start=\"434\" data-end=\"459\" data-col-size=\"sm\"><strong data-start=\"436\" data-end=\"458\">Korkeudet ja katto<\/strong><\/td>\n<td data-start=\"459\" data-end=\"462\" data-col-size=\"lg\"><\/td>\n<\/tr>\n<tr data-start=\"463\" data-end=\"488\">\n<td data-start=\"463\" data-end=\"478\" data-col-size=\"sm\">Sein\u00e4korkeus<\/td>\n<td data-start=\"478\" data-end=\"488\" data-col-size=\"lg\">2,30 m<\/td>\n<\/tr>\n<tr data-start=\"489\" data-end=\"513\">\n<td data-start=\"489\" data-end=\"504\" data-col-size=\"sm\">Harjakorkeus<\/td>\n<td data-start=\"504\" data-end=\"513\" data-col-size=\"lg\">3,2 m<\/td>\n<\/tr>\n<tr data-start=\"514\" data-end=\"548\">\n<td data-start=\"514\" data-end=\"542\" data-col-size=\"sm\">Kattokaltevuus (per sivu)<\/td>\n<td data-start=\"542\" data-end=\"548\" data-col-size=\"lg\">8\u00b0<\/td>\n<\/tr>\n<tr data-start=\"549\" data-end=\"575\">\n<td data-start=\"549\" data-end=\"566\" data-col-size=\"sm\">Kattopinta-ala<\/td>\n<td data-start=\"566\" data-end=\"575\" data-col-size=\"lg\">59 m\u00b2<\/td>\n<\/tr>\n<tr data-start=\"576\" data-end=\"613\">\n<td data-start=\"576\" data-end=\"591\" data-col-size=\"sm\">Katon laudat<\/td>\n<td data-start=\"591\" data-end=\"613\" data-col-size=\"lg\">19 mm ponttilaudat<\/td>\n<\/tr>\n<tr data-start=\"614\" data-end=\"646\">\n<td data-start=\"614\" data-end=\"643\" data-col-size=\"sm\"><strong data-start=\"616\" data-end=\"642\">L\u00e4mm\u00f6neristyskerrokset<\/strong><\/td>\n<td data-start=\"643\" data-end=\"646\" data-col-size=\"lg\"><\/td>\n<\/tr>\n<tr data-start=\"647\" data-end=\"812\">\n<td data-start=\"647\" data-end=\"679\" data-col-size=\"sm\">Sein\u00e4rakenne (sis\u00e4lt\u00e4 \u2192 ulos)<\/td>\n<td data-start=\"679\" data-end=\"812\" data-col-size=\"lg\">44 mm massiivihirsi \u2192 100 mm eriste \u2192 h\u00f6yrynsulku \u2192 25 mm OSB-levy \u2192 25 mm tuuletusrako \u2192 hengitt\u00e4v\u00e4 kalvo \u2192 19 mm pystylaudoitus<\/td>\n<\/tr>\n<tr data-start=\"813\" data-end=\"967\">\n<td data-start=\"813\" data-end=\"829\" data-col-size=\"sm\">Lattiarakenne<\/td>\n<td data-start=\"829\" data-end=\"967\" data-col-size=\"lg\">19 mm ponttilaudat \u2192 kantavat palkit \u2192 ~100 mm eriste (kivivilla tai EPS) \u2192 h\u00f6yry-\/tuulensuoja (betonilla: muovikalvo, palkit, eriste)<\/td>\n<\/tr>\n<tr data-start=\"968\" data-end=\"1098\">\n<td data-start=\"968\" data-end=\"983\" data-col-size=\"sm\">Kattorakenne<\/td>\n<td data-start=\"983\" data-end=\"1098\" data-col-size=\"lg\">Kattomateriaali (bitumikate tai EPDM) \u2192 listat ja aluskate \u2192 hengitt\u00e4v\u00e4 kalvo \u2192 ~100 mm eriste \u2192 19 mm ponttilauta<\/td>\n<\/tr>\n<tr data-start=\"1099\" data-end=\"1195\">\n<td data-start=\"1099\" data-end=\"1119\" data-col-size=\"sm\">Arvioidut U-arvot<\/td>\n<td data-start=\"1119\" data-end=\"1195\" data-col-size=\"lg\">Sein\u00e4t ~0,30\u20130,35 W\/m\u00b2K; Katto ~0,23\u20130,28 W\/m\u00b2K; Lattia ~0,30\u20130,35 W\/m\u00b2K<\/td>\n<\/tr>\n<tr data-start=\"1196\" data-end=\"1229\">\n<td data-start=\"1196\" data-end=\"1226\" data-col-size=\"sm\"><strong data-start=\"1198\" data-end=\"1225\">Oviaukot ja materiaalit<\/strong><\/td>\n<td data-start=\"1226\" data-end=\"1229\" data-col-size=\"lg\"><\/td>\n<\/tr>\n<tr data-start=\"1230\" data-end=\"1334\">\n<td data-start=\"1230\" data-end=\"1237\" data-col-size=\"sm\">Ovet<\/td>\n<td data-start=\"1237\" data-end=\"1334\" data-col-size=\"lg\">2 sis\u00e4ovea puusta 850\u00d71980 mm; 1 ulkoinen lasiovi 1600\u00d71980 mm; 1 ulkoinen lasiovi 850\u00d71980 mm<\/td>\n<\/tr>\n<tr data-start=\"1335\" data-end=\"1442\">\n<td data-start=\"1335\" data-end=\"1345\" data-col-size=\"sm\">Ikkunat<\/td>\n<td data-start=\"1345\" data-end=\"1442\" data-col-size=\"lg\">2 \u00d7 1700\u00d71980 mm; 1 \u00d7 1300\u00d71430 mm; 1 \u00d7 700\u00d71430 mm; 1 \u00d7 850\u00d71980 mm; 1 yl\u00e4ikkuna 1500\u00d7390 mm<\/td>\n<\/tr>\n<tr data-start=\"1443\" data-end=\"1496\">\n<td data-start=\"1443\" data-end=\"1453\" data-col-size=\"sm\">Lasitus<\/td>\n<td data-start=\"1453\" data-end=\"1496\" data-col-size=\"lg\">Premium-kaksinkertaiset ikkunat ja ovet<\/td>\n<\/tr>\n<tr data-start=\"1497\" data-end=\"1545\">\n<td data-start=\"1497\" data-end=\"1510\" data-col-size=\"sm\">Materiaali<\/td>\n<td data-start=\"1510\" data-end=\"1545\" data-col-size=\"lg\">Sertifioitu pohjoismainen kuusi<\/td>\n<\/tr>\n<tr data-start=\"1546\" data-end=\"1565\">\n<td data-start=\"1546\" data-end=\"1562\" data-col-size=\"sm\"><strong data-start=\"1548\" data-end=\"1561\">Muu tieto<\/strong><\/td>\n<td data-start=\"1562\" data-end=\"1565\" data-col-size=\"lg\"><\/td>\n<\/tr>\n<tr data-start=\"1566\" data-end=\"1601\">\n<td data-start=\"1566\" data-end=\"1589\" data-col-size=\"sm\">Ulkosein\u00e4n pinta-ala<\/td>\n<td data-start=\"1589\" data-end=\"1601\" data-col-size=\"lg\">~57 m\u00b2<\/td>\n<\/tr>\n<\/tbody>\n<\/table>\n<p>&nbsp;<\/p>\n<p><strong>Bitumikate aluskerroksella:<\/strong><\/p>\n<p><img loading=\"lazy\" decoding=\"async\" class=\"alignnone wp-image-118872\" src=\"https:\/\/factory.sale\/wp-content\/uploads\/2025\/09\/bitumen-roof-colours-fin-factory-sale-300x94.webp\" alt=\"\" width=\"495\" height=\"155\" srcset=\"https:\/\/factory.sale\/wp-content\/uploads\/2025\/09\/bitumen-roof-colours-fin-factory-sale-300x94.webp 300w, https:\/\/factory.sale\/wp-content\/uploads\/2025\/09\/bitumen-roof-colours-fin-factory-sale-150x47.webp 150w, https:\/\/factory.sale\/wp-content\/uploads\/2025\/09\/bitumen-roof-colours-fin-factory-sale-600x189.webp 600w, https:\/\/factory.sale\/wp-content\/uploads\/2025\/09\/bitumen-roof-colours-fin-factory-sale.webp 680w\" sizes=\"auto, (max-width: 495px) 100vw, 495px\" \/><\/p>\n<p>&nbsp;<\/p>\n<p>&nbsp;<\/p>\n<p><strong>Vakiopakettiin sis\u00e4ltyy:<\/strong><\/p>\n<ul>\n<li>Lattia- ja kattopalkit, lattia- ja kattolaudat, sein\u00e4t ja harjapalkit<\/li>\n<li>Premium Plus -kaksinkertaiset ikkunat ja ovet<\/li>\n<li>10 cm katon eristyspaketti<\/li>\n<li>10 cm lattian eristyspaketti<\/li>\n<li>10 cm sein\u00e4n eristyspaketti<\/li>\n<li>Bitumikate aluskerroksella<\/li>\n<li>Ulkoiset metalliset ikkunapellit<\/li>\n<\/ul>\n<\/div>\n<\/div>\n<p>&nbsp;<\/p>\n<p>&nbsp;<\/p>\n<div class=\"_tableContainer_1rjym_1\">\n<div class=\"group _tableWrapper_1rjym_13 flex w-fit flex-col-reverse\" tabindex=\"-1\">\n<p><strong>Lis\u00e4varusteet (hinnat ilman ALV:t\u00e4):<\/strong><\/p>\n<ul>\n<li>Metallikatto \u2013 1 778,22 \u20ac<\/li>\n<li>R\u00e4nnij\u00e4rjestelm\u00e4 \u2013 219,55 \u20ac<\/li>\n<li>Kyll\u00e4stys \u2013 860,12 \u20ac<\/li>\n<li>Tehdasmaalaus \u2013 304,13 \u20ac<\/li>\n<li>PVC-ikkunat\/ovet (valkoiset) \u2013 1 306,82 \u20ac<\/li>\n<li>PVC-ikkunat\/ovet (v\u00e4rillinen ulkopinta) \u2013 1 725,00 \u20ac<\/li>\n<li>Katon eristyspaketin p\u00e4ivitys \u2013 2 285,74 \u20ac<\/li>\n<\/ul>\n<p>&nbsp;<\/p>\n<p>&nbsp;<\/p>\n<p><a href=\"https:\/\/factory.sale\/wp-content\/uploads\/2025\/09\/Verno_S37523.pdf\" target=\"_blank\" rel=\"noopener\">Piirustukset\u00a0<\/a><\/p>\n<\/div>\n<div tabindex=\"-1\"><iframe loading=\"lazy\" title=\"YouTube video\" src=\"\/\/www.youtube.com\/embed\/k9kK04ZBp0o?autoplay=1&amp;mute=1\" width=\"1050\" height=\"589\" frameborder=\"0\" allowfullscreen=\"allowfullscreen\"><\/iframe><\/div>\n<div tabindex=\"-1\"><iframe loading=\"lazy\" title=\"YouTube video\" src=\"\/\/www.youtube.com\/embed\/9S4j3SFXrjM?autoplay=1&amp;mute=1\" width=\"1050\" height=\"589\" frameborder=\"0\" allowfullscreen=\"allowfullscreen\"><\/iframe><\/div>\n<\/div>\n","protected":false},"excerpt":{"rendered":"<p>Tutustu eristettyyn moderniin Verno-taloon \u2013 skandinaavistyylinen koti, joka yhdist\u00e4\u00e4 modernin muotoilun, energiatehokkuuden ja mukavuuden. Kaksi makuuhuonetta, monik\u00e4ytt\u00f6inen huone, avara olohuone, suuret lasi-ikkunat ja katettu terassi tekev\u00e4t siit\u00e4 t\u00e4ydellisen valinnan niin jokap\u00e4iv\u00e4iseen asumiseen kuin rauhalliseen lomailuun.<\/p>\n<p>&nbsp;<\/p>\n","protected":false},"featured_media":147454,"comment_status":"open","ping_status":"closed","template":"","meta":{"_acf_changed":false},"factory":[],"free-shipment":[],"product_brand":[],"product_cat":[1112],"product_tag":[2265],"class_list":{"0":"post-119785","1":"product","2":"type-product","3":"status-publish","4":"has-post-thumbnail","6":"product_cat-elementtitalot","7":"product_tag-element-houses-fi","9":"first","10":"instock","11":"sale","12":"taxable","13":"shipping-taxable","14":"purchasable","15":"product-type-simple"},"acf":[],"_links":{"self":[{"href":"https:\/\/factory.sale\/fi\/wp-json\/wp\/v2\/product\/119785","targetHints":{"allow":["GET"]}}],"collection":[{"href":"https:\/\/factory.sale\/fi\/wp-json\/wp\/v2\/product"}],"about":[{"href":"https:\/\/factory.sale\/fi\/wp-json\/wp\/v2\/types\/product"}],"replies":[{"embeddable":true,"href":"https:\/\/factory.sale\/fi\/wp-json\/wp\/v2\/comments?post=119785"}],"wp:featuredmedia":[{"embeddable":true,"href":"https:\/\/factory.sale\/fi\/wp-json\/wp\/v2\/media\/147454"}],"wp:attachment":[{"href":"https:\/\/factory.sale\/fi\/wp-json\/wp\/v2\/media?parent=119785"}],"wp:term":[{"taxonomy":"factory","embeddable":true,"href":"https:\/\/factory.sale\/fi\/wp-json\/wp\/v2\/factory?post=119785"},{"taxonomy":"free-shipment","embeddable":true,"href":"https:\/\/factory.sale\/fi\/wp-json\/wp\/v2\/free-shipment?post=119785"},{"taxonomy":"product_brand","embeddable":true,"href":"https:\/\/factory.sale\/fi\/wp-json\/wp\/v2\/product_brand?post=119785"},{"taxonomy":"product_cat","embeddable":true,"href":"https:\/\/factory.sale\/fi\/wp-json\/wp\/v2\/product_cat?post=119785"},{"taxonomy":"product_tag","embeddable":true,"href":"https:\/\/factory.sale\/fi\/wp-json\/wp\/v2\/product_tag?post=119785"}],"curies":[{"name":"wp","href":"https:\/\/api.w.org\/{rel}","templated":true}]}}