{"id":119760,"date":"2025-10-01T13:54:46","date_gmt":"2025-10-01T10:55:27","guid":{"rendered":"https:\/\/factory.sale\/?post_type=product&#038;p=119760"},"modified":"2026-03-09T16:41:55","modified_gmt":"2026-03-09T13:41:55","slug":"eristetty-puutalo-kaia-934-x-614-m","status":"publish","type":"product","link":"https:\/\/factory.sale\/fi\/tuote\/eristetty-puutalo-kaia-934-x-614-m\/","title":{"rendered":"Eristetty puutalo Kaia 9,34 \u00d7 6,14 m"},"content":{"rendered":"<div class=\"_tableContainer_1rjym_1\">\n<div class=\"group _tableWrapper_1rjym_13 flex w-fit flex-col-reverse\" tabindex=\"-1\">\n<p>Minimalistinen ja moderni eristetty puutalo Kaia tarjoaa tyylikk\u00e4\u00e4n asumisratkaisun, jossa on 2 avaraa makuuhuonetta, avoin olohuone-keitti\u00f6 sek\u00e4 t\u00e4yskorkeat ikkunat, jotka avautuvat kauniiseen panoraaman\u00e4kym\u00e4\u00e4n. Pohjaratkaisu yhdist\u00e4\u00e4 mukavuuden ja toiminnallisuuden, tehden siit\u00e4 ihanteellisen sek\u00e4 jokap\u00e4iv\u00e4iseen asumiseen ett\u00e4 rauhallisiin lomap\u00e4iviin.<\/p>\n<p>&nbsp;<\/p>\n<\/div>\n<div class=\"group _tableWrapper_1rjym_13 flex w-fit flex-col-reverse\" tabindex=\"-1\">\n<table class=\"w-fit min-w-(--thread-content-width)\" data-start=\"74\" data-end=\"1555\">\n<thead data-start=\"74\" data-end=\"113\">\n<tr data-start=\"74\" data-end=\"113\">\n<th data-start=\"74\" data-end=\"90\" data-col-size=\"sm\"><strong data-start=\"76\" data-end=\"89\">Kategoria<\/strong><\/th>\n<th data-start=\"90\" data-end=\"113\" data-col-size=\"lg\"><strong data-start=\"92\" data-end=\"111\">Tekniset tiedot<\/strong><\/th>\n<\/tr>\n<\/thead>\n<tbody data-start=\"155\" data-end=\"1555\">\n<tr data-start=\"155\" data-end=\"170\">\n<td data-start=\"155\" data-end=\"167\" data-col-size=\"sm\"><strong data-start=\"157\" data-end=\"166\">Mitat<\/strong><\/td>\n<td data-start=\"167\" data-end=\"170\" data-col-size=\"lg\"><\/td>\n<\/tr>\n<tr data-start=\"171\" data-end=\"218\">\n<td data-start=\"171\" data-end=\"201\" data-col-size=\"sm\">Rakennuksen leveys \u00d7 pituus<\/td>\n<td data-start=\"201\" data-end=\"218\" data-col-size=\"lg\">9,34 \u00d7 6,14 m<\/td>\n<\/tr>\n<tr data-start=\"219\" data-end=\"251\">\n<td data-start=\"219\" data-end=\"229\" data-col-size=\"sm\">Sis\u00e4pinta-ala<\/td>\n<td data-start=\"229\" data-end=\"251\" data-col-size=\"lg\">50 m\u00b2 (4 huonetta)<\/td>\n<\/tr>\n<tr data-start=\"252\" data-end=\"279\">\n<td data-start=\"252\" data-end=\"274\" data-col-size=\"sm\">Huoneiden lukum\u00e4\u00e4r\u00e4<\/td>\n<td data-start=\"274\" data-end=\"279\" data-col-size=\"lg\">4<\/td>\n<\/tr>\n<tr data-start=\"280\" data-end=\"373\">\n<td data-start=\"280\" data-end=\"296\" data-col-size=\"sm\">Pohjaratkaisu<\/td>\n<td data-start=\"296\" data-end=\"373\" data-col-size=\"lg\">Olohuone 26,5 m\u00b2; Makuuhuone 9,9 m\u00b2; Makuuhuone 9,9 m\u00b2; Kylpyhuone 3,9 m\u00b2<\/td>\n<\/tr>\n<tr data-start=\"374\" data-end=\"402\">\n<td data-start=\"374\" data-end=\"399\" data-col-size=\"sm\"><strong data-start=\"376\" data-end=\"398\">Korkeudet ja katto<\/strong><\/td>\n<td data-start=\"399\" data-end=\"402\" data-col-size=\"lg\"><\/td>\n<\/tr>\n<tr data-start=\"403\" data-end=\"428\">\n<td data-start=\"403\" data-end=\"418\" data-col-size=\"sm\">Sein\u00e4korkeus<\/td>\n<td data-start=\"418\" data-end=\"428\" data-col-size=\"lg\">2,43 m<\/td>\n<\/tr>\n<tr data-start=\"429\" data-end=\"454\">\n<td data-start=\"429\" data-end=\"444\" data-col-size=\"sm\">Harjakorkeus<\/td>\n<td data-start=\"444\" data-end=\"454\" data-col-size=\"lg\">3,38 m<\/td>\n<\/tr>\n<tr data-start=\"455\" data-end=\"493\">\n<td data-start=\"455\" data-end=\"483\" data-col-size=\"sm\">Kattokaltevuus (per sivu)<\/td>\n<td data-start=\"483\" data-end=\"493\" data-col-size=\"lg\">~18,3\u00b0<\/td>\n<\/tr>\n<tr data-start=\"494\" data-end=\"523\">\n<td data-start=\"494\" data-end=\"511\" data-col-size=\"sm\">Kattopinta-ala<\/td>\n<td data-start=\"511\" data-end=\"523\" data-col-size=\"lg\">60,04 m\u00b2<\/td>\n<\/tr>\n<tr data-start=\"524\" data-end=\"561\">\n<td data-start=\"524\" data-end=\"539\" data-col-size=\"sm\">Katon laudat<\/td>\n<td data-start=\"539\" data-end=\"561\" data-col-size=\"lg\">19 mm ponttilaudat<\/td>\n<\/tr>\n<tr data-start=\"562\" data-end=\"594\">\n<td data-start=\"562\" data-end=\"591\" data-col-size=\"sm\"><strong data-start=\"564\" data-end=\"590\">L\u00e4mm\u00f6neristyskerrokset<\/strong><\/td>\n<td data-start=\"591\" data-end=\"594\" data-col-size=\"lg\"><\/td>\n<\/tr>\n<tr data-start=\"595\" data-end=\"741\">\n<td data-start=\"595\" data-end=\"627\" data-col-size=\"sm\">Sein\u00e4rakenne (sis\u00e4lt\u00e4 \u2192 ulos)<\/td>\n<td data-start=\"627\" data-end=\"741\" data-col-size=\"lg\">44 mm massiivihirsi \u2192 100 mm eriste \u2192 25 mm OSB \u2192 25 mm tuuletusrako \u2192 hengitt\u00e4v\u00e4 kalvo \u2192 19 mm pystylaudoitus<\/td>\n<\/tr>\n<tr data-start=\"742\" data-end=\"875\">\n<td data-start=\"742\" data-end=\"758\" data-col-size=\"sm\">Lattiarakenne<\/td>\n<td data-start=\"758\" data-end=\"875\" data-col-size=\"lg\">19 mm ponttilauta \u2192 kantavat palkit \u2192 ~100 mm eriste \u2192 h\u00f6yry-\/tuulensuoja (betonilla: muovikalvo, palkit, eriste)<\/td>\n<\/tr>\n<tr data-start=\"876\" data-end=\"985\">\n<td data-start=\"876\" data-end=\"891\" data-col-size=\"sm\">Kattorakenne<\/td>\n<td data-start=\"891\" data-end=\"985\" data-col-size=\"lg\">Bitumikate \u2192 ruoteet ja aluskerros \u2192 hengitt\u00e4v\u00e4 kalvo \u2192 ~100 mm eriste \u2192 19 mm ponttilauta<\/td>\n<\/tr>\n<tr data-start=\"986\" data-end=\"1082\">\n<td data-start=\"986\" data-end=\"1006\" data-col-size=\"sm\">Arvioidut U-arvot<\/td>\n<td data-start=\"1006\" data-end=\"1082\" data-col-size=\"lg\">Sein\u00e4t ~0,30\u20130,35 W\/m\u00b2K; Katto ~0,23\u20130,28 W\/m\u00b2K; Lattia ~0,30\u20130,35 W\/m\u00b2K<\/td>\n<\/tr>\n<tr data-start=\"1083\" data-end=\"1116\">\n<td data-start=\"1083\" data-end=\"1113\" data-col-size=\"sm\"><strong data-start=\"1085\" data-end=\"1112\">Oviaukot ja materiaalit<\/strong><\/td>\n<td data-start=\"1113\" data-end=\"1116\" data-col-size=\"lg\"><\/td>\n<\/tr>\n<tr data-start=\"1117\" data-end=\"1237\">\n<td data-start=\"1117\" data-end=\"1124\" data-col-size=\"sm\">Ovet<\/td>\n<td data-start=\"1124\" data-end=\"1237\" data-col-size=\"lg\">3 sis\u00e4ovea t\u00e4yspuuta 850\u00d71980 mm (ei kynnyst\u00e4); 1 ulkoinen t\u00e4yslasinen ovi 850\u00d71980 mm (kaksinkertainen lasi)<\/td>\n<\/tr>\n<tr data-start=\"1238\" data-end=\"1395\">\n<td data-start=\"1238\" data-end=\"1248\" data-col-size=\"sm\">Ikkunat<\/td>\n<td data-start=\"1248\" data-end=\"1395\" data-col-size=\"lg\">4 \u00d7 1700\u00d71980 mm (kaksinkertainen lasi, pariyksik\u00f6t); 3 \u00d7 850\u00d71980 mm (t\u00e4yskorkea, kaksinkertainen lasi); 1 \u00d7 500\u00d7520 mm (kaksinkertainen lasi)<\/td>\n<\/tr>\n<tr data-start=\"1396\" data-end=\"1441\">\n<td data-start=\"1396\" data-end=\"1406\" data-col-size=\"sm\">Lasitus<\/td>\n<td data-start=\"1406\" data-end=\"1441\" data-col-size=\"lg\">Premium-kaksinkertainen lasitus<\/td>\n<\/tr>\n<tr data-start=\"1442\" data-end=\"1500\">\n<td data-start=\"1442\" data-end=\"1455\" data-col-size=\"sm\">Materiaali<\/td>\n<td data-start=\"1455\" data-end=\"1500\" data-col-size=\"lg\">Sertifioitu pohjoismainen kuusi tai m\u00e4nty<\/td>\n<\/tr>\n<tr data-start=\"1501\" data-end=\"1520\">\n<td data-start=\"1501\" data-end=\"1517\" data-col-size=\"sm\"><strong data-start=\"1503\" data-end=\"1516\">Muu tieto<\/strong><\/td>\n<td data-start=\"1517\" data-end=\"1520\" data-col-size=\"lg\"><\/td>\n<\/tr>\n<tr data-start=\"1521\" data-end=\"1555\">\n<td data-start=\"1521\" data-end=\"1544\" data-col-size=\"sm\">Ulkosein\u00e4n pinta-ala<\/td>\n<td data-start=\"1544\" data-end=\"1555\" data-col-size=\"lg\">64 m\u00b2<\/td>\n<\/tr>\n<\/tbody>\n<\/table>\n<\/div>\n<\/div>\n<p>&nbsp;<\/p>\n<p>&nbsp;<\/p>\n<p><strong>Vakiopakettiin sis\u00e4ltyy:<\/strong><\/p>\n<ul>\n<li>Lattia- ja kattopalkit, lattia- ja kattolaudat, sein\u00e4t ja harjapalkit<\/li>\n<li>Premium Plus -kaksinkertaiset ikkunat ja ovet<\/li>\n<li>10 cm katon eristyspaketti<\/li>\n<li>10 cm lattian eristyspaketti<\/li>\n<li>10 cm sein\u00e4n eristyspaketti<\/li>\n<li>Bitumikate aluskerroksella<\/li>\n<li>Ulkoiset metalliset ikkunapellit<\/li>\n<\/ul>\n<p>&nbsp;<\/p>\n<p><strong>Lis\u00e4varusteet (hinnat ilman ALV:t\u00e4):<\/strong><\/p>\n<ul>\n<li>Peltikatto \u2013 2 404,55 \u20ac<\/li>\n<li>R\u00e4nnij\u00e4rjestelm\u00e4 \u2013 423,94 \u20ac<\/li>\n<li>Kyll\u00e4stys \u2013 1 301,07 \u20ac<\/li>\n<li>Terassi \u2013 831,61 \u20ac<\/li>\n<li>Tehdasmaalaus \u2013 446,70 \u20ac<\/li>\n<li>PVC-ikkunat\/ovet (valkoiset) \u2013 627,27 \u20ac<\/li>\n<li>PVC-ikkunat\/ovet (v\u00e4rillinen ulkopinta) \u2013 1 102,48 \u20ac<\/li>\n<li>Katon eristyspaketin p\u00e4ivitys \u2013 3 088,84 \u20ac<\/li>\n<li>R\u00e4\u00e4t\u00e4l\u00f6ity toimitus \u2013 47,52 \u20ac<\/li>\n<\/ul>\n<p>&nbsp;<\/p>\n<p>&nbsp;<\/p>\n<p><a href=\"https:\/\/factory.sale\/wp-content\/uploads\/2025\/09\/Kaia_S37236.pdf\" target=\"_blank\" rel=\"noopener\">Piirustukset<\/a><\/p>\n<p>&nbsp;<\/p>\n<p><iframe loading=\"lazy\" title=\"YouTube video\" src=\"\/\/www.youtube.com\/embed\/9S4j3SFXrjM?autoplay=1&amp;mute=1\" width=\"1050\" height=\"589\" frameborder=\"0\" allowfullscreen=\"allowfullscreen\"><\/iframe><\/p>\n<p>&nbsp;<\/p>\n<p><iframe loading=\"lazy\" title=\"YouTube video\" src=\"\/\/www.youtube.com\/embed\/9S4j3SFXrjM?autoplay=1&amp;mute=1\" width=\"1050\" height=\"589\" frameborder=\"0\" allowfullscreen=\"allowfullscreen\"><\/iframe><\/p>\n","protected":false},"excerpt":{"rendered":"<p>Minimalistinen ja moderni eristetty puutalo Kaia tarjoaa tyylikk\u00e4\u00e4n asumisratkaisun, jossa on 2 avaraa makuuhuonetta, avoin olohuone-keitti\u00f6 sek\u00e4 t\u00e4yskorkeat ikkunat, jotka avautuvat kauniiseen panoraaman\u00e4kym\u00e4\u00e4n. Pohjaratkaisu yhdist\u00e4\u00e4 mukavuuden ja toiminnallisuuden, tehden siit\u00e4 ihanteellisen sek\u00e4 jokap\u00e4iv\u00e4iseen asumiseen ett\u00e4 rauhallisiin lomap\u00e4iviin.<\/p>\n","protected":false},"featured_media":119897,"comment_status":"open","ping_status":"closed","template":"","meta":{"_acf_changed":false},"factory":[],"free-shipment":[],"product_brand":[],"product_cat":[1112],"product_tag":[2290],"class_list":{"0":"post-119760","1":"product","2":"type-product","3":"status-publish","4":"has-post-thumbnail","6":"product_cat-elementtitalot","7":"product_tag-wooden-house-fi","9":"first","10":"instock","11":"sale","12":"taxable","13":"shipping-taxable","14":"purchasable","15":"product-type-simple"},"acf":[],"_links":{"self":[{"href":"https:\/\/factory.sale\/fi\/wp-json\/wp\/v2\/product\/119760","targetHints":{"allow":["GET"]}}],"collection":[{"href":"https:\/\/factory.sale\/fi\/wp-json\/wp\/v2\/product"}],"about":[{"href":"https:\/\/factory.sale\/fi\/wp-json\/wp\/v2\/types\/product"}],"replies":[{"embeddable":true,"href":"https:\/\/factory.sale\/fi\/wp-json\/wp\/v2\/comments?post=119760"}],"wp:featuredmedia":[{"embeddable":true,"href":"https:\/\/factory.sale\/fi\/wp-json\/wp\/v2\/media\/119897"}],"wp:attachment":[{"href":"https:\/\/factory.sale\/fi\/wp-json\/wp\/v2\/media?parent=119760"}],"wp:term":[{"taxonomy":"factory","embeddable":true,"href":"https:\/\/factory.sale\/fi\/wp-json\/wp\/v2\/factory?post=119760"},{"taxonomy":"free-shipment","embeddable":true,"href":"https:\/\/factory.sale\/fi\/wp-json\/wp\/v2\/free-shipment?post=119760"},{"taxonomy":"product_brand","embeddable":true,"href":"https:\/\/factory.sale\/fi\/wp-json\/wp\/v2\/product_brand?post=119760"},{"taxonomy":"product_cat","embeddable":true,"href":"https:\/\/factory.sale\/fi\/wp-json\/wp\/v2\/product_cat?post=119760"},{"taxonomy":"product_tag","embeddable":true,"href":"https:\/\/factory.sale\/fi\/wp-json\/wp\/v2\/product_tag?post=119760"}],"curies":[{"name":"wp","href":"https:\/\/api.w.org\/{rel}","templated":true}]}}