{"id":119572,"date":"2025-09-29T01:12:36","date_gmt":"2025-09-28T22:26:07","guid":{"rendered":"https:\/\/factory.sale\/?post_type=product&#038;p=119572"},"modified":"2025-10-03T09:16:13","modified_gmt":"2025-10-03T06:16:13","slug":"eristetty-moderni-talo-luni-714-x-1014-m","status":"publish","type":"product","link":"https:\/\/factory.sale\/fi\/tuote\/eristetty-moderni-talo-luni-714-x-1014-m\/","title":{"rendered":"Eristetty moderni talo Luni 7,14 \u00d7 10,14 m"},"content":{"rendered":"<div class=\"_tableContainer_1rjym_1\">\n<div class=\"group _tableWrapper_1rjym_13 flex w-fit flex-col-reverse\" tabindex=\"-1\">\n<p>Luni on valoisa, eristetty ja moderni talo k\u00e4yt\u00e4nn\u00f6llisell\u00e4 pohjaratkaisulla: kaksi mukavaa makuuhuonetta, avara avoin olohuone-keitti\u00f6 sek\u00e4 hyvin mitoitettu kylpyhuone. Nykyaikaisten sein\u00e4-, lattia- ja kattorakenteiden ansiosta se on suunniteltu tarjoamaan ymp\u00e4rivuotista mukavuutta ja vaivatonta arkea. Lis\u00e4varusteena saatava 16,6 m\u00b2 terassi laajentaa ulkotilaa.<\/p>\n<p>&nbsp;<\/p>\n<table class=\"w-fit min-w-(--thread-content-width)\" data-start=\"43\" data-end=\"1491\">\n<thead data-start=\"43\" data-end=\"82\">\n<tr data-start=\"43\" data-end=\"82\">\n<th data-start=\"43\" data-end=\"59\" data-col-size=\"sm\"><strong data-start=\"45\" data-end=\"58\">Kategoria<\/strong><\/th>\n<th data-start=\"59\" data-end=\"82\" data-col-size=\"lg\"><strong data-start=\"61\" data-end=\"80\">Tekniset tiedot<\/strong><\/th>\n<\/tr>\n<\/thead>\n<tbody data-start=\"124\" data-end=\"1491\">\n<tr data-start=\"124\" data-end=\"145\">\n<td data-start=\"124\" data-end=\"142\" data-col-size=\"sm\"><strong data-start=\"126\" data-end=\"141\">PERUSTIEDOT<\/strong><\/td>\n<td data-start=\"142\" data-end=\"145\" data-col-size=\"lg\"><\/td>\n<\/tr>\n<tr data-start=\"146\" data-end=\"194\">\n<td data-start=\"146\" data-end=\"176\" data-col-size=\"sm\">Rakennuksen leveys \u00d7 pituus<\/td>\n<td data-start=\"176\" data-end=\"194\" data-col-size=\"lg\">7,14 \u00d7 10,14 m<\/td>\n<\/tr>\n<tr data-start=\"195\" data-end=\"258\">\n<td data-start=\"195\" data-end=\"205\" data-col-size=\"sm\">Sis\u00e4ala<\/td>\n<td data-start=\"205\" data-end=\"258\" data-col-size=\"lg\">47,3 m\u00b2 (2 makuuhuonetta + olohuone + kylpyhuone)<\/td>\n<\/tr>\n<tr data-start=\"259\" data-end=\"332\">\n<td data-start=\"259\" data-end=\"275\" data-col-size=\"sm\">Pohjaratkaisu<\/td>\n<td data-start=\"275\" data-end=\"332\" data-col-size=\"lg\">Avoin olohuone-keitti\u00f6; 2 makuuhuonetta; 1 kylpyhuone<\/td>\n<\/tr>\n<tr data-start=\"333\" data-end=\"360\">\n<td data-start=\"333\" data-end=\"355\" data-col-size=\"sm\">Huoneiden lukum\u00e4\u00e4r\u00e4<\/td>\n<td data-start=\"355\" data-end=\"360\" data-col-size=\"lg\">4<\/td>\n<\/tr>\n<tr data-start=\"361\" data-end=\"389\">\n<td data-start=\"361\" data-end=\"386\" data-col-size=\"sm\"><strong data-start=\"363\" data-end=\"385\">KORKEUDET JA KATTO<\/strong><\/td>\n<td data-start=\"386\" data-end=\"389\" data-col-size=\"lg\"><\/td>\n<\/tr>\n<tr data-start=\"390\" data-end=\"414\">\n<td data-start=\"390\" data-end=\"405\" data-col-size=\"sm\">Sein\u00e4korkeus<\/td>\n<td data-start=\"405\" data-end=\"414\" data-col-size=\"lg\">2,7 m<\/td>\n<\/tr>\n<tr data-start=\"415\" data-end=\"439\">\n<td data-start=\"415\" data-end=\"430\" data-col-size=\"sm\">Harjakorkeus<\/td>\n<td data-start=\"430\" data-end=\"439\" data-col-size=\"lg\">2,9 m<\/td>\n<\/tr>\n<tr data-start=\"440\" data-end=\"466\">\n<td data-start=\"440\" data-end=\"457\" data-col-size=\"sm\">Kattokaltevuus<\/td>\n<td data-start=\"457\" data-end=\"466\" data-col-size=\"lg\">~6,5\u00b0<\/td>\n<\/tr>\n<tr data-start=\"467\" data-end=\"495\">\n<td data-start=\"467\" data-end=\"484\" data-col-size=\"sm\">Kattopinta-ala<\/td>\n<td data-start=\"484\" data-end=\"495\" data-col-size=\"lg\">69,5 m\u00b2<\/td>\n<\/tr>\n<tr data-start=\"496\" data-end=\"533\">\n<td data-start=\"496\" data-end=\"511\" data-col-size=\"sm\">Katon laudat<\/td>\n<td data-start=\"511\" data-end=\"533\" data-col-size=\"lg\">19 mm ponttilaudat<\/td>\n<\/tr>\n<tr data-start=\"534\" data-end=\"566\">\n<td data-start=\"534\" data-end=\"563\" data-col-size=\"sm\"><strong data-start=\"536\" data-end=\"562\">L\u00c4MM\u00d6NERISTYSKERROKSET<\/strong><\/td>\n<td data-start=\"563\" data-end=\"566\" data-col-size=\"lg\"><\/td>\n<\/tr>\n<tr data-start=\"567\" data-end=\"713\">\n<td data-start=\"567\" data-end=\"599\" data-col-size=\"sm\">Sein\u00e4rakenne (sis\u00e4lt\u00e4 \u2192 ulos)<\/td>\n<td data-start=\"599\" data-end=\"713\" data-col-size=\"lg\">44 mm massiivihirsi \u2192 h\u00f6yrynsulku \u2192 ~100 mm kivivilla \u2192 tuulensuojakalvo \u2192 tuuletusrako \u2192 19 mm pystylaudoitus<\/td>\n<\/tr>\n<tr data-start=\"714\" data-end=\"789\">\n<td data-start=\"714\" data-end=\"730\" data-col-size=\"sm\">Lattiarakenne<\/td>\n<td data-start=\"730\" data-end=\"789\" data-col-size=\"lg\">19 mm ponttilauta \u2192 kantavat palkit \u2192 ~100 mm kivivilla<\/td>\n<\/tr>\n<tr data-start=\"790\" data-end=\"902\">\n<td data-start=\"790\" data-end=\"805\" data-col-size=\"sm\">Kattorakenne<\/td>\n<td data-start=\"805\" data-end=\"902\" data-col-size=\"lg\">EPDM-kate \u2192 ruoteet ja alusrakenne \u2192 hengitt\u00e4v\u00e4 kalvo \u2192 ~100 mm kivivilla \u2192 19 mm ponttilauta<\/td>\n<\/tr>\n<tr data-start=\"903\" data-end=\"999\">\n<td data-start=\"903\" data-end=\"923\" data-col-size=\"sm\">Arvioidut U-arvot<\/td>\n<td data-start=\"923\" data-end=\"999\" data-col-size=\"lg\">Sein\u00e4t ~0,30\u20130,35 W\/m\u00b2K; katto ~0,23\u20130,28 W\/m\u00b2K; lattia ~0,30\u20130,35 W\/m\u00b2K<\/td>\n<\/tr>\n<tr data-start=\"1000\" data-end=\"1033\">\n<td data-start=\"1000\" data-end=\"1030\" data-col-size=\"sm\"><strong data-start=\"1002\" data-end=\"1029\">OVIAUKOT JA MATERIAALIT<\/strong><\/td>\n<td data-start=\"1030\" data-end=\"1033\" data-col-size=\"lg\"><\/td>\n<\/tr>\n<tr data-start=\"1034\" data-end=\"1087\">\n<td data-start=\"1034\" data-end=\"1041\" data-col-size=\"sm\">Ovet<\/td>\n<td data-start=\"1041\" data-end=\"1087\" data-col-size=\"lg\">Suunnitelman ja visualisointien mukaisesti<\/td>\n<\/tr>\n<tr data-start=\"1088\" data-end=\"1144\">\n<td data-start=\"1088\" data-end=\"1098\" data-col-size=\"sm\">Ikkunat<\/td>\n<td data-start=\"1098\" data-end=\"1144\" data-col-size=\"lg\">Suunnitelman ja visualisointien mukaisesti<\/td>\n<\/tr>\n<tr data-start=\"1145\" data-end=\"1204\">\n<td data-start=\"1145\" data-end=\"1155\" data-col-size=\"sm\">Lasitus<\/td>\n<td data-start=\"1155\" data-end=\"1204\" data-col-size=\"lg\">Premium Plus -kaksinkertaiset ikkunat ja ovet<\/td>\n<\/tr>\n<tr data-start=\"1205\" data-end=\"1263\">\n<td data-start=\"1205\" data-end=\"1218\" data-col-size=\"sm\">Materiaali<\/td>\n<td data-start=\"1218\" data-end=\"1263\" data-col-size=\"lg\">Sertifioitu pohjoismainen kuusi tai m\u00e4nty<\/td>\n<\/tr>\n<tr data-start=\"1264\" data-end=\"1310\">\n<td data-start=\"1264\" data-end=\"1307\" data-col-size=\"sm\"><strong data-start=\"1266\" data-end=\"1306\">HUONEIDEN KOKO (suunnitelman mukaan)<\/strong><\/td>\n<td data-start=\"1307\" data-end=\"1310\" data-col-size=\"lg\"><\/td>\n<\/tr>\n<tr data-start=\"1311\" data-end=\"1343\">\n<td data-start=\"1311\" data-end=\"1332\" data-col-size=\"sm\">Olohuone \/ keitti\u00f6<\/td>\n<td data-start=\"1332\" data-end=\"1343\" data-col-size=\"lg\">18,2 m\u00b2<\/td>\n<\/tr>\n<tr data-start=\"1344\" data-end=\"1370\">\n<td data-start=\"1344\" data-end=\"1359\" data-col-size=\"sm\">Makuuhuone 1<\/td>\n<td data-start=\"1359\" data-end=\"1370\" data-col-size=\"lg\">10,9 m\u00b2<\/td>\n<\/tr>\n<tr data-start=\"1371\" data-end=\"1396\">\n<td data-start=\"1371\" data-end=\"1386\" data-col-size=\"sm\">Makuuhuone 2<\/td>\n<td data-start=\"1386\" data-end=\"1396\" data-col-size=\"lg\">9,5 m\u00b2<\/td>\n<\/tr>\n<tr data-start=\"1397\" data-end=\"1420\">\n<td data-start=\"1397\" data-end=\"1410\" data-col-size=\"sm\">Kylpyhuone<\/td>\n<td data-start=\"1410\" data-end=\"1420\" data-col-size=\"lg\">4,2 m\u00b2<\/td>\n<\/tr>\n<tr data-start=\"1421\" data-end=\"1457\">\n<td data-start=\"1421\" data-end=\"1447\" data-col-size=\"sm\">Varasto \/ tekninen tila<\/td>\n<td data-start=\"1447\" data-end=\"1457\" data-col-size=\"lg\">4,5 m\u00b2<\/td>\n<\/tr>\n<tr data-start=\"1458\" data-end=\"1491\">\n<td data-start=\"1458\" data-end=\"1480\" data-col-size=\"sm\">Valinnainen terassi<\/td>\n<td data-start=\"1480\" data-end=\"1491\" data-col-size=\"lg\">16,6 m\u00b2<\/td>\n<\/tr>\n<\/tbody>\n<\/table>\n<\/div>\n<\/div>\n<p>&nbsp;<\/p>\n<p><strong>Vakiopakettiin sis\u00e4ltyy:<\/strong><\/p>\n<ul>\n<li>Lattia- ja kattopalkit, lattia- ja kattolaudat, sein\u00e4t ja harjapalkit<\/li>\n<li>Premium Plus -kaksinkertaiset ikkunat ja ovet<\/li>\n<li>10 cm katon eristyspaketti<\/li>\n<li>10 cm lattian eristyspaketti<\/li>\n<li>10 cm sein\u00e4n eristyspaketti<\/li>\n<li>Katon kate (EPDM)<\/li>\n<li>Ulkoiset metalliset ikkunapellit<\/li>\n<\/ul>\n<p>&nbsp;<\/p>\n<p><strong>Lis\u00e4varusteet (hinnat ilman ALV:t\u00e4)<\/strong><\/p>\n<p>R\u00e4nnij\u00e4rjestelm\u00e4 \u2013 247,11 \u20ac<br \/>\nKyll\u00e4stys \u2013 1 378,10 \u20ac<br \/>\nTerassi \u2013 760,34 \u20ac<br \/>\nTehdasmaalipinta \u2013 522,73 \u20ac<br \/>\nPVC-ikkunat\/ovet (valkoiset) \u2013 760,34 \u20ac<br \/>\nPVC-ikkunat\/ovet (v\u00e4rillinen ulkopinta) \u2013 1 387,60 \u20ac<br \/>\nKaton eristyspaketin p\u00e4ivitys \u2013 3 563,04 \u20ac<br \/>\nR\u00e4\u00e4t\u00e4l\u00f6ity toimitus \u2013 47,52 \u20ac<\/p>\n<p>&nbsp;<\/p>\n<p><strong>Lis\u00e4hinnasta:<\/strong><\/p>\n<ul>\n<li>Ikkuna- ja ovikehysten maalaus<\/li>\n<li>Lis\u00e4tty puinen perustusalusta<\/li>\n<\/ul>\n<p>&nbsp;<\/p>\n<p><iframe loading=\"lazy\" title=\"YouTube video\" src=\"\/\/www.youtube.com\/embed\/k9kK04ZBp0o?autoplay=1&amp;mute=1\" width=\"1050\" height=\"589\" frameborder=\"0\" allowfullscreen=\"allowfullscreen\"><\/iframe><\/p>\n<p>&nbsp;<\/p>\n<p><iframe loading=\"lazy\" title=\"YouTube video\" src=\"\/\/www.youtube.com\/embed\/9S4j3SFXrjM?autoplay=1&amp;mute=1\" width=\"1050\" height=\"589\" frameborder=\"0\" allowfullscreen=\"allowfullscreen\"><\/iframe><\/p>\n","protected":false},"excerpt":{"rendered":"<p>Tutustu Luniin \u2013 valoisa, eristetty ja moderni koti, jossa on kaksi makuuhuonetta, avoin olohuone, laadukkaat pohjoismaiset materiaalit ja valinnainen terassi, joka tarjoaa ymp\u00e4rivuotista mukavuutta.<\/p>\n","protected":false},"featured_media":119834,"comment_status":"open","ping_status":"closed","template":"","meta":{"_acf_changed":false},"factory":[],"free-shipment":[],"product_brand":[],"product_cat":[1112],"product_tag":[2265],"class_list":{"0":"post-119572","1":"product","2":"type-product","3":"status-publish","4":"has-post-thumbnail","6":"product_cat-elementtitalot","7":"product_tag-element-houses-fi","9":"first","10":"instock","11":"sale","12":"taxable","13":"shipping-taxable","14":"purchasable","15":"product-type-simple"},"acf":[],"_links":{"self":[{"href":"https:\/\/factory.sale\/fi\/wp-json\/wp\/v2\/product\/119572","targetHints":{"allow":["GET"]}}],"collection":[{"href":"https:\/\/factory.sale\/fi\/wp-json\/wp\/v2\/product"}],"about":[{"href":"https:\/\/factory.sale\/fi\/wp-json\/wp\/v2\/types\/product"}],"replies":[{"embeddable":true,"href":"https:\/\/factory.sale\/fi\/wp-json\/wp\/v2\/comments?post=119572"}],"wp:featuredmedia":[{"embeddable":true,"href":"https:\/\/factory.sale\/fi\/wp-json\/wp\/v2\/media\/119834"}],"wp:attachment":[{"href":"https:\/\/factory.sale\/fi\/wp-json\/wp\/v2\/media?parent=119572"}],"wp:term":[{"taxonomy":"factory","embeddable":true,"href":"https:\/\/factory.sale\/fi\/wp-json\/wp\/v2\/factory?post=119572"},{"taxonomy":"free-shipment","embeddable":true,"href":"https:\/\/factory.sale\/fi\/wp-json\/wp\/v2\/free-shipment?post=119572"},{"taxonomy":"product_brand","embeddable":true,"href":"https:\/\/factory.sale\/fi\/wp-json\/wp\/v2\/product_brand?post=119572"},{"taxonomy":"product_cat","embeddable":true,"href":"https:\/\/factory.sale\/fi\/wp-json\/wp\/v2\/product_cat?post=119572"},{"taxonomy":"product_tag","embeddable":true,"href":"https:\/\/factory.sale\/fi\/wp-json\/wp\/v2\/product_tag?post=119572"}],"curies":[{"name":"wp","href":"https:\/\/api.w.org\/{rel}","templated":true}]}}