{"id":119453,"date":"2025-09-25T02:23:45","date_gmt":"2025-09-24T23:25:31","guid":{"rendered":"https:\/\/factory.sale\/?post_type=product&#038;p=119453"},"modified":"2025-10-03T09:42:37","modified_gmt":"2025-10-03T06:42:37","slug":"rayfoil-efoil-one-sahkoinen-surffilauta","status":"publish","type":"product","link":"https:\/\/factory.sale\/fi\/tuote\/rayfoil-efoil-one-sahkoinen-surffilauta\/","title":{"rendered":"RayFoil eFoil One s\u00e4hk\u00f6inen surffilauta"},"content":{"rendered":"<h2><span style=\"font-size: 14pt;\"><strong>Rayfoil One sopii t\u00e4ydellisesti kaikille, jotka haluavat:<\/strong><\/span><\/h2>\n<ul>\n<li>Kantaa eFoilia mukavasti repussa<\/li>\n<li>S\u00e4ilytt\u00e4\u00e4 eFoilia veneess\u00e4 tai jahdissa<\/li>\n<li>S\u00e4ilytt\u00e4\u00e4 eFoilia asuntoautossa<\/li>\n<\/ul>\n<p>Rayfoil One on valmistettu korkealaatuisista komponenteista: huippuluokan akkusoluista, Ruotsissa mittatilauksena tehdyist\u00e4 alumiiniosista sek\u00e4 vedenpit\u00e4vist\u00e4 kullatuista liit\u00e4nn\u00f6ist\u00e4. Uusi eFoilisi kest\u00e4\u00e4 normaalissa k\u00e4yt\u00f6ss\u00e4 6\u20138 vuotta. Mukana 2 vuoden takuu.<\/p>\n<p><strong>Surffilaudan mitat:<\/strong> 180 x 75 x 15 cm<\/p>\n<p><strong>Kevyt ja turvallinen<\/strong><\/p>\n<p>T\u00e4m\u00e4 lauta on markkinoiden kevyin e-foil, painaen vain 18 kg (verrattuna tavallisiin 30\u201340 kg eFoileihin). T\u00e4m\u00e4 on mahdollista patenttia odottavan akkumastorakenteemme ansiosta, joka on mullistava eFoil-alalla.<br \/>\nNauti surffilaudan viemisest\u00e4 minne tahansa vaivattomasti. Ei k\u00e4rryj\u00e4 tai k\u00f6mpel\u00f6it\u00e4 varusteita. Helppo s\u00e4ilytt\u00e4\u00e4 ja eritt\u00e4in k\u00e4tev\u00e4 kantaa mukana seuraavaan seikkailuun.<\/p>\n<p><strong>Korkeinta laatua<\/strong><\/p>\n<p>Kaikki eFoil-laudan sis\u00e4ll\u00e4 olevat komponentit ovat korkealaatuisia. Mittatilausty\u00f6n\u00e4 valmistetuista osista eFoil-laudan sis\u00e4isiin laadukkaisiin tiivisteisiin. K\u00e4yt\u00e4mme vain parhaita komponentteja ja kullattuja liittimi\u00e4. Maston sis\u00e4ll\u00e4 olevat akut ovat my\u00f6s markkinoiden parhaita \u2013 ne mahdollistavat noin 2000 lataussykli\u00e4 ja nopealla laturilla voit ladata laudan 80 %:iin vain 30 minuutissa.<\/p>\n<p>&nbsp;<\/p>\n<p><strong>Mene minne vain<\/strong><\/p>\n<p>Oletko seikkailijaluonne? Silloin meid\u00e4n ONE-sarjan eFoil on t\u00e4ydellinen valinta sinulle. Se on erinomainen ulkoilmaihmisille, joilla on matkailuauto tai vene.<br \/>\neFoilimme liikkuvuus on vertaansa vailla. Pakkaa reppu ja l\u00e4hde matkaan \u2013 eFoilin kokoaminen vie vain minuutin. Helppo kantaa mukana, vie v\u00e4h\u00e4n s\u00e4ilytystilaa ja tekee uusista seikkailuistasi entist\u00e4 vaivattomampia.<\/p>\n<p>&nbsp;<\/p>\n<p><strong>R\u00e4\u00e4t\u00e4l\u00f6ity siipi vakauteen<\/strong><\/p>\n<p>Mittatilausty\u00f6n\u00e4 valmistettu alumiinisiipemme antaa sinulle erinomaista vakautta surffauksen ja hauskanpidon aikana.<br \/>\nLaajojen testien j\u00e4lkeen l\u00f6ysimme t\u00e4ydellisen muodon eFoilin alemmalle siivelle, joka tekee suurimman ty\u00f6n. Erikoismuotoilunsa ansiosta lauta tarjoaa erinomaisen vakauden \u2013 erityisesti aloittelijoille ja keskitason k\u00e4ytt\u00e4jille.<\/p>\n<p>&nbsp;<\/p>\n<p><iframe loading=\"lazy\" src=\"\/\/www.youtube.com\/embed\/ZEtvonTmyrY\" width=\"1050\" height=\"589\" allowfullscreen=\"allowfullscreen\" data-mce-fragment=\"1\"><\/iframe><\/p>\n<p><iframe loading=\"lazy\" src=\"\/\/www.youtube.com\/embed\/74fvBogt194\" width=\"1050\" height=\"589\" allowfullscreen=\"allowfullscreen\" data-mce-fragment=\"1\"><\/iframe><\/p>\n<p><iframe loading=\"lazy\" src=\"\/\/www.youtube.com\/embed\/ftHjo20_0ZM\" width=\"1050\" height=\"589\" allowfullscreen=\"allowfullscreen\"><\/iframe><\/p>\n","protected":false},"excerpt":{"rendered":"<p>Tutustu RayFoil Oneen \u2013 maailman kompakteimpaan ja kevyimp\u00e4\u00e4n eFoiliin, joka painaa vain 18 kg. Unohda k\u00f6mpel\u00f6 kuljetus ja raskaat nostot. Pakkaa eFoil reppuun, hypp\u00e4\u00e4 veneeseen tai sujauta se matkailuautoon. Me valmistamme, sin\u00e4 lenn\u00e4t.<\/p>\n<ul>\n<li>Maailman kevyin eFoil \u2013 18 kg<\/li>\n<li>Pikalataus 40 minuutissa<\/li>\n<li>Nopeus jopa 35 km\/h<\/li>\n<\/ul>\n","protected":false},"featured_media":119456,"comment_status":"open","ping_status":"closed","template":"","meta":{"_acf_changed":false},"factory":[],"free-shipment":[],"product_brand":[],"product_cat":[1311],"product_tag":[],"class_list":{"0":"post-119453","1":"product","2":"type-product","3":"status-publish","4":"has-post-thumbnail","6":"product_cat-viihde-elektroniikka","8":"first","9":"instock","10":"sale","11":"taxable","12":"shipping-taxable","13":"purchasable","14":"product-type-simple"},"acf":[],"_links":{"self":[{"href":"https:\/\/factory.sale\/fi\/wp-json\/wp\/v2\/product\/119453","targetHints":{"allow":["GET"]}}],"collection":[{"href":"https:\/\/factory.sale\/fi\/wp-json\/wp\/v2\/product"}],"about":[{"href":"https:\/\/factory.sale\/fi\/wp-json\/wp\/v2\/types\/product"}],"replies":[{"embeddable":true,"href":"https:\/\/factory.sale\/fi\/wp-json\/wp\/v2\/comments?post=119453"}],"wp:featuredmedia":[{"embeddable":true,"href":"https:\/\/factory.sale\/fi\/wp-json\/wp\/v2\/media\/119456"}],"wp:attachment":[{"href":"https:\/\/factory.sale\/fi\/wp-json\/wp\/v2\/media?parent=119453"}],"wp:term":[{"taxonomy":"factory","embeddable":true,"href":"https:\/\/factory.sale\/fi\/wp-json\/wp\/v2\/factory?post=119453"},{"taxonomy":"free-shipment","embeddable":true,"href":"https:\/\/factory.sale\/fi\/wp-json\/wp\/v2\/free-shipment?post=119453"},{"taxonomy":"product_brand","embeddable":true,"href":"https:\/\/factory.sale\/fi\/wp-json\/wp\/v2\/product_brand?post=119453"},{"taxonomy":"product_cat","embeddable":true,"href":"https:\/\/factory.sale\/fi\/wp-json\/wp\/v2\/product_cat?post=119453"},{"taxonomy":"product_tag","embeddable":true,"href":"https:\/\/factory.sale\/fi\/wp-json\/wp\/v2\/product_tag?post=119453"}],"curies":[{"name":"wp","href":"https:\/\/api.w.org\/{rel}","templated":true}]}}