{"id":119122,"date":"2025-09-16T13:55:21","date_gmt":"2025-09-18T09:39:52","guid":{"rendered":"https:\/\/factory.sale\/?post_type=product&#038;p=119122"},"modified":"2025-10-03T09:30:13","modified_gmt":"2025-10-03T06:30:13","slug":"eristetty-minitalo-nordic-l-574-x-1194-m","status":"publish","type":"product","link":"https:\/\/factory.sale\/fi\/tuote\/eristetty-minitalo-nordic-l-574-x-1194-m\/","title":{"rendered":"Eristetty pientalo Nordic-L 5,74 \u00d7 11,94 m"},"content":{"rendered":"<p>Eristetty pientalo NORDIC-L 5,74 \u00d7 11,94 m \u2013 nykyaikainen kompakti koti, joka yhdist\u00e4\u00e4 skandinaavisen k\u00e4sity\u00f6taidon ja modernin asumismukavuuden. Sertifioidusta pohjoismaisesta kuusesta tai m\u00e4nnyst\u00e4 rakennettu talo on suunniteltu energiatehokkaaksi, kest\u00e4v\u00e4ksi ja tyylikk\u00e4\u00e4ksi, tehden siit\u00e4 ihanteellisen ratkaisun pysyv\u00e4ksi asunnoksi, lomakodiksi tai vierastaloksi.<\/p>\n<p>Pohjapinta-alaltaan 5,74 \u00d7 11,94 m ja sis\u00e4pinta-alaltaan yhteens\u00e4 49,9 m\u00b2 kokoinen NORDIC-L tarjoaa \u00e4lykk\u00e4\u00e4n ja toimivan pohjaratkaisun: avara olohuone avoimella keitti\u00f6ll\u00e4, kaksi makuuhuonetta ja kylpyhuone. Suuret ensiluokkaiset kaksinkertaiset ikkunat sek\u00e4 lasinen ulko-ovi tuovat sis\u00e4tiloihin runsaasti luonnonvaloa, samalla kun kompakti 3,0 m harjakorkeus ja loiva kattokaltevuus (~6,5\u00b0) luovat modernin ja minimalistisen ilmeen.<br \/>\nRakenne takaa ymp\u00e4rivuotisen asumismukavuuden edistyksellisen eristerakenteen ansiosta.<\/p>\n<p>&nbsp;<\/p>\n<p><strong>Tekniset tiedot:<\/strong><\/p>\n<div class=\"_tableContainer_1rjym_1\">\n<div class=\"group w-fit _tableWrapper_1rjym_13 flex flex-col-reverse\" tabindex=\"-1\">\n<table class=\"w-fit min-w-(--thread-content-width)\" data-start=\"50\" data-end=\"1348\">\n<thead data-start=\"50\" data-end=\"73\">\n<tr data-start=\"50\" data-end=\"73\">\n<th data-start=\"50\" data-end=\"63\" data-col-size=\"sm\">M\u00e4\u00e4rittely<\/th>\n<th data-start=\"63\" data-end=\"73\" data-col-size=\"lg\">Tiedot<\/th>\n<\/tr>\n<\/thead>\n<tbody data-start=\"98\" data-end=\"1348\">\n<tr data-start=\"98\" data-end=\"133\">\n<td data-start=\"98\" data-end=\"115\" data-col-size=\"sm\">Pohjapinta-ala<\/td>\n<td data-start=\"115\" data-end=\"133\" data-col-size=\"lg\">5,74 \u00d7 11,94 m<\/td>\n<\/tr>\n<tr data-start=\"134\" data-end=\"182\">\n<td data-start=\"134\" data-end=\"164\" data-col-size=\"sm\">Rakennuksen leveys \u00d7 pituus<\/td>\n<td data-start=\"164\" data-end=\"182\" data-col-size=\"lg\">5,74 \u00d7 11,94 m<\/td>\n<\/tr>\n<tr data-start=\"183\" data-end=\"252\">\n<td data-start=\"183\" data-end=\"199\" data-col-size=\"sm\">Sis\u00e4pinta-ala<\/td>\n<td data-start=\"199\" data-end=\"252\" data-col-size=\"lg\">49,9 m\u00b2 (2 makuuhuonetta + olohuone + kylpyhuone)<\/td>\n<\/tr>\n<tr data-start=\"253\" data-end=\"326\">\n<td data-start=\"253\" data-end=\"269\" data-col-size=\"sm\">Pohjaratkaisu<\/td>\n<td data-start=\"269\" data-end=\"326\" data-col-size=\"lg\">Avoin olohuone\/keitti\u00f6; 2 makuuhuonetta; 1 kylpyhuone<\/td>\n<\/tr>\n<tr data-start=\"327\" data-end=\"353\">\n<td data-start=\"327\" data-end=\"344\" data-col-size=\"sm\">Sein\u00e4n korkeus<\/td>\n<td data-start=\"344\" data-end=\"353\" data-col-size=\"lg\">2,6 m<\/td>\n<\/tr>\n<tr data-start=\"354\" data-end=\"378\">\n<td data-start=\"354\" data-end=\"369\" data-col-size=\"sm\">Harjakorkeus<\/td>\n<td data-start=\"369\" data-end=\"378\" data-col-size=\"lg\">3,0 m<\/td>\n<\/tr>\n<tr data-start=\"379\" data-end=\"405\">\n<td data-start=\"379\" data-end=\"396\" data-col-size=\"sm\">Kattokaltevuus<\/td>\n<td data-start=\"396\" data-end=\"405\" data-col-size=\"lg\">~6,5\u00b0<\/td>\n<\/tr>\n<tr data-start=\"406\" data-end=\"435\">\n<td data-start=\"406\" data-end=\"424\" data-col-size=\"sm\">Katon pinta-ala<\/td>\n<td data-start=\"424\" data-end=\"435\" data-col-size=\"lg\">59,3 m\u00b2<\/td>\n<\/tr>\n<tr data-start=\"436\" data-end=\"472\">\n<td data-start=\"436\" data-end=\"450\" data-col-size=\"sm\">Kattolaudat<\/td>\n<td data-start=\"450\" data-end=\"472\" data-col-size=\"lg\">19 mm ponttilaudat<\/td>\n<\/tr>\n<tr data-start=\"473\" data-end=\"627\">\n<td data-start=\"473\" data-end=\"505\" data-col-size=\"sm\">Sein\u00e4rakenne (sis\u00e4lt\u00e4 \u2192 ulos)<\/td>\n<td data-start=\"505\" data-end=\"627\" data-col-size=\"lg\">44 mm t\u00e4yspuu \u2192 h\u00f6yrynsulku \u2192 ~100 mm kivivillaeristys \u2192 tuulensuoja \u2192 tuuletusrako \u2192 19 mm pystysuuntainen puuverhous<\/td>\n<\/tr>\n<tr data-start=\"628\" data-end=\"714\">\n<td data-start=\"628\" data-end=\"644\" data-col-size=\"sm\">Lattiarakenne<\/td>\n<td data-start=\"644\" data-end=\"714\" data-col-size=\"lg\">19 mm ponttilattialaudat \u2192 palkit\u2192 ~100 mm kivivillaeristys<\/td>\n<\/tr>\n<tr data-start=\"715\" data-end=\"853\">\n<td data-start=\"715\" data-end=\"730\" data-col-size=\"sm\">Kattorakenne<\/td>\n<td data-start=\"730\" data-end=\"853\" data-col-size=\"lg\">Kattop\u00e4\u00e4llyste (EPDM) \u2192 rimat ja aluskatto \u2192 diffuusiolle avoin kalvo \u2192 ~100 mm kivivillaeristys \u2192 19 mm ponttilaudat<\/td>\n<\/tr>\n<tr data-start=\"854\" data-end=\"956\">\n<td data-start=\"854\" data-end=\"880\" data-col-size=\"sm\">Suuntaa-antavat U-arvot<\/td>\n<td data-start=\"880\" data-end=\"956\" data-col-size=\"lg\">Sein\u00e4t ~0,30\u20130,35 W\/m\u00b2K; Katto ~0,23\u20130,28 W\/m\u00b2K; Lattia ~0,30\u20130,35 W\/m\u00b2K<\/td>\n<\/tr>\n<tr data-start=\"957\" data-end=\"1037\">\n<td data-start=\"957\" data-end=\"964\" data-col-size=\"sm\">Ovet<\/td>\n<td data-start=\"964\" data-end=\"1037\" data-col-size=\"lg\">1 ulko-ovi lasilla (850 \u00d7 1980 mm); 3 sis\u00e4ovea puusta (850 \u00d7 1980 mm)<\/td>\n<\/tr>\n<tr data-start=\"1038\" data-end=\"1184\">\n<td data-start=\"1038\" data-end=\"1048\" data-col-size=\"sm\">Ikkunat<\/td>\n<td data-start=\"1048\" data-end=\"1184\" data-col-size=\"lg\">4 suurta ikkunaa (1700 \u00d7 1980 mm); 2 t\u00e4yskorkeaa ikkunaa (850 \u00d7 1980 mm); 1 yl\u00e4ikkuna (1500 \u00d7 390 mm); 1 pieni ikkuna (500 \u00d7 520 mm)<\/td>\n<\/tr>\n<tr data-start=\"1185\" data-end=\"1261\">\n<td data-start=\"1185\" data-end=\"1195\" data-col-size=\"sm\">Lasitus<\/td>\n<td data-start=\"1195\" data-end=\"1261\" data-col-size=\"lg\">Premium Plus -kaksinkertainen eristyslasi ikkunoissa ja ovissa<\/td>\n<\/tr>\n<tr data-start=\"1262\" data-end=\"1320\">\n<td data-start=\"1262\" data-end=\"1275\" data-col-size=\"sm\">Materiaali<\/td>\n<td data-start=\"1275\" data-end=\"1320\" data-col-size=\"lg\">Sertifioitu pohjoismainen kuusi tai m\u00e4nty<\/td>\n<\/tr>\n<tr data-start=\"1321\" data-end=\"1348\">\n<td data-start=\"1321\" data-end=\"1343\" data-col-size=\"sm\">Huoneiden lukum\u00e4\u00e4r\u00e4<\/td>\n<td data-start=\"1343\" data-end=\"1348\" data-col-size=\"lg\">4<\/td>\n<\/tr>\n<\/tbody>\n<\/table>\n<\/div>\n<\/div>\n<p>&nbsp;<\/p>\n<p>&nbsp;<\/p>\n<p><strong>Vakiopakettiin sis\u00e4ltyy:<\/strong><\/p>\n<ul>\n<li>Lattia- ja kattopalkit, sein\u00e4t ja kattoristikot<\/li>\n<li>Premium Plus -ikkunat ja ovet, kaksinkertainen lasitus<\/li>\n<li>10 cm katon eristyspaketti<\/li>\n<li>10 cm lattian eristyspaketti<\/li>\n<li>10 cm seinien eristyspaketti<\/li>\n<li>EPDM-kattop\u00e4\u00e4llyste<\/li>\n<li>Ulkoiset metalliset ikkunapellit<\/li>\n<\/ul>\n<p><strong>Lis\u00e4varusteet (ilman ALV):<\/strong><\/p>\n<ul>\n<li>R\u00e4nnij\u00e4rjestelm\u00e4 \u2013 253 \u20ac<\/li>\n<li>Kyll\u00e4stysk\u00e4sittely (m\u00e4nty, valkoinen tai l\u00e4pin\u00e4kyv\u00e4) \u2013 1207,50 \u20ac<\/li>\n<li>Terassi \u2013 920 \u20ac<\/li>\n<li>Julkisivulautojen tehdasmaalaus \u2013 609,50 \u20ac<\/li>\n<li>P\u00e4ivitys PVC-ikkunoihin ja ulko-oviin (valkoiset molemmin puolin) \u2013 569,25 \u20ac<\/li>\n<li>P\u00e4ivitys PVC-ikkunoihin ja ulko-oviin (v\u00e4ri ulkopuolella) \u2013 1012 \u20ac<\/li>\n<li>Kattoeristyksen p\u00e4ivitys 10 cm \u2192 20 cm \u2013 2783 \u20ac<\/li>\n<\/ul>\n<p>&nbsp;<\/p>\n<p><a href=\"https:\/\/factory.sale\/wp-content\/uploads\/2025\/09\/Nordic_L_S37202.pdf\" target=\"_blank\" rel=\"noopener\">Piirustukset kunnan hyv\u00e4ksynt\u00e4\u00e4 varten<\/a><\/p>\n<p>&nbsp;<\/p>\n<p><iframe loading=\"lazy\" title=\"YouTube video\" src=\"\/\/www.youtube.com\/embed\/k9kK04ZBp0o?autoplay=1&amp;mute=1\" width=\"1050\" height=\"589\" frameborder=\"0\" allowfullscreen=\"allowfullscreen\"><\/iframe><\/p>\n<p><iframe loading=\"lazy\" title=\"YouTube video\" src=\"\/\/www.youtube.com\/embed\/9S4j3SFXrjM?autoplay=1&amp;mute=1\" width=\"1050\" height=\"589\" frameborder=\"0\" allowfullscreen=\"allowfullscreen\"><\/iframe><\/p>\n","protected":false},"excerpt":{"rendered":"<p>Eristetty pientalo NORDIC-L 5,74 \u00d7 11,94 m, jossa on 49,9 m\u00b2 asuintilaa, 2 makuuhuonetta, avoin olohuone-keitti\u00f6, t\u00e4ydelliset eristyspaketit ja EPDM-katto.<\/p>\n","protected":false},"featured_media":118883,"comment_status":"open","ping_status":"closed","template":"","meta":{"_acf_changed":false},"factory":[],"free-shipment":[],"product_brand":[],"product_cat":[1112],"product_tag":[2265],"class_list":{"0":"post-119122","1":"product","2":"type-product","3":"status-publish","4":"has-post-thumbnail","6":"product_cat-elementtitalot","7":"product_tag-element-houses-fi","9":"first","10":"instock","11":"sale","12":"taxable","13":"shipping-taxable","14":"purchasable","15":"product-type-simple"},"acf":[],"_links":{"self":[{"href":"https:\/\/factory.sale\/fi\/wp-json\/wp\/v2\/product\/119122","targetHints":{"allow":["GET"]}}],"collection":[{"href":"https:\/\/factory.sale\/fi\/wp-json\/wp\/v2\/product"}],"about":[{"href":"https:\/\/factory.sale\/fi\/wp-json\/wp\/v2\/types\/product"}],"replies":[{"embeddable":true,"href":"https:\/\/factory.sale\/fi\/wp-json\/wp\/v2\/comments?post=119122"}],"wp:featuredmedia":[{"embeddable":true,"href":"https:\/\/factory.sale\/fi\/wp-json\/wp\/v2\/media\/118883"}],"wp:attachment":[{"href":"https:\/\/factory.sale\/fi\/wp-json\/wp\/v2\/media?parent=119122"}],"wp:term":[{"taxonomy":"factory","embeddable":true,"href":"https:\/\/factory.sale\/fi\/wp-json\/wp\/v2\/factory?post=119122"},{"taxonomy":"free-shipment","embeddable":true,"href":"https:\/\/factory.sale\/fi\/wp-json\/wp\/v2\/free-shipment?post=119122"},{"taxonomy":"product_brand","embeddable":true,"href":"https:\/\/factory.sale\/fi\/wp-json\/wp\/v2\/product_brand?post=119122"},{"taxonomy":"product_cat","embeddable":true,"href":"https:\/\/factory.sale\/fi\/wp-json\/wp\/v2\/product_cat?post=119122"},{"taxonomy":"product_tag","embeddable":true,"href":"https:\/\/factory.sale\/fi\/wp-json\/wp\/v2\/product_tag?post=119122"}],"curies":[{"name":"wp","href":"https:\/\/api.w.org\/{rel}","templated":true}]}}