{"id":118871,"date":"2025-09-14T17:30:19","date_gmt":"2025-09-16T09:53:22","guid":{"rendered":"https:\/\/factory.sale\/?post_type=product&#038;p=118871"},"modified":"2026-02-04T18:16:26","modified_gmt":"2026-02-04T15:16:26","slug":"eristetty-parvella-varustettu-minitalo-solari-5-09-x-8-59-m","status":"publish","type":"product","link":"https:\/\/factory.sale\/fi\/tuote\/eristetty-parvella-varustettu-minitalo-solari-5-09-x-8-59-m\/","title":{"rendered":"Eristetty pientalo parvella Solari 5.09 \u00d7 8.59 m"},"content":{"rendered":"<p>Tutustu Solari 5.09 \u00d7 8.59 m -malliin \u2013 korkealaatuiseen eristettyyn pientaloon, joka on suunniteltu moderniin asumiseen ilman kompromisseja. Sertifioidusta pohjoismaisesta kuusesta rakennettu ja mukavuutta ajatellen suunniteltu kompakti koti tarjoaa 50,6 m\u00b2 sis\u00e4tilaa nelj\u00e4ss\u00e4 huoneessa sek\u00e4 tilavan parven (13,3 m\u00b2), joka sopii t\u00e4ydellisesti viihtyis\u00e4n nukkumistilan tai lis\u00e4s\u00e4ilytystilan luomiseen. Kodin syd\u00e4n on 22,5 m\u00b2 olohuone, jota t\u00e4ydent\u00e4v\u00e4t kaksi lis\u00e4huonetta (8,6 m\u00b2 ja 5,4 m\u00b2), jotka voidaan muuntaa makuuhuoneiksi, ty\u00f6huoneeksi tai harrastenurkkaukseksi.<\/p>\n<p>4,05 m harjakorkeuden ja 30\u00b0 kattokaltevuuden ansiosta talo tuntuu valoisalta ja ilmavalta, ja viisi ensiluokkaista kaksinkertaista ikkunaa ja lasitettu ulko-ovi tulvivat sis\u00e4tiloihin luonnonvaloa. Kaksi t\u00e4yskorkeaa paneelia (~85 \u00d7 200 cm) luovat saumattoman yhteyden ulkoilmaan, ja ulkona olevat metalliset ikkunalaudat lis\u00e4\u00e4v\u00e4t kest\u00e4vyytt\u00e4.<br \/>\nUlkona viihtymiseen voi lis\u00e4t\u00e4 valinnaisen 32,7 m\u00b2 terassin \u2013 t\u00e4ydellinen kes\u00e4isiin illallisiin, joogaan tai rentoutumiseen avoimen taivaan alla.<br \/>\nEtsitp\u00e4 sitten pysyv\u00e4\u00e4 asuntoa, maaseudun lepopaikkaa tai tyylik\u00e4st\u00e4 majataloa, Solari tarjoaa mukavuutta, kest\u00e4vyytt\u00e4 ja pohjoismaista muotoilua yhdess\u00e4 kompaktissa paketissa.<\/p>\n<p>&nbsp;<\/p>\n<p><strong>Tekniset tiedot:<\/strong><\/p>\n<table class=\"w-fit min-w-(--thread-content-width)\" data-start=\"82\" data-end=\"1777\">\n<thead data-start=\"82\" data-end=\"131\">\n<tr data-start=\"82\" data-end=\"131\">\n<th data-start=\"82\" data-end=\"117\" data-col-size=\"sm\"><strong data-start=\"84\" data-end=\"98\">M\u00e4\u00e4rittely<\/strong><\/th>\n<th data-start=\"117\" data-end=\"131\" data-col-size=\"lg\"><strong data-start=\"119\" data-end=\"129\">Tiedot<\/strong><\/th>\n<\/tr>\n<\/thead>\n<tbody data-start=\"183\" data-end=\"1777\">\n<tr data-start=\"183\" data-end=\"235\">\n<td data-start=\"183\" data-end=\"218\" data-col-size=\"sm\"><strong data-start=\"185\" data-end=\"216\">Rakennuksen leveys \u00d7 pituus<\/strong><\/td>\n<td data-start=\"218\" data-end=\"235\" data-col-size=\"lg\">5.09 \u00d7 8.59 m<\/td>\n<\/tr>\n<tr data-start=\"236\" data-end=\"295\">\n<td data-start=\"236\" data-end=\"271\" data-col-size=\"sm\"><strong data-start=\"238\" data-end=\"249\">Sis\u00e4pinta-ala<\/strong><\/td>\n<td data-start=\"271\" data-end=\"295\" data-col-size=\"lg\">50.6 m\u00b2 (4 huonetta)<\/td>\n<\/tr>\n<tr data-start=\"296\" data-end=\"394\">\n<td data-start=\"296\" data-end=\"331\" data-col-size=\"sm\"><strong data-start=\"298\" data-end=\"311\">Huonejako<\/strong><\/td>\n<td data-start=\"331\" data-end=\"394\" data-col-size=\"lg\">Olohuone 22.5 m\u00b2; Huone 8.6 m\u00b2; Huone 5.4 m\u00b2; Parvi 13.3 m\u00b2<\/td>\n<\/tr>\n<tr data-start=\"395\" data-end=\"441\">\n<td data-start=\"395\" data-end=\"430\" data-col-size=\"sm\"><strong data-start=\"397\" data-end=\"420\">Valinnainen terassi<\/strong><\/td>\n<td data-start=\"430\" data-end=\"441\" data-col-size=\"lg\">32.7 m\u00b2<\/td>\n<\/tr>\n<tr data-start=\"442\" data-end=\"487\">\n<td data-start=\"442\" data-end=\"477\" data-col-size=\"sm\"><strong data-start=\"444\" data-end=\"466\">Sivusein\u00e4n korkeus<\/strong><\/td>\n<td data-start=\"477\" data-end=\"487\" data-col-size=\"lg\">2.70 m<\/td>\n<\/tr>\n<tr data-start=\"488\" data-end=\"533\">\n<td data-start=\"488\" data-end=\"523\" data-col-size=\"sm\"><strong data-start=\"490\" data-end=\"506\">Harjakorkeus<\/strong><\/td>\n<td data-start=\"523\" data-end=\"533\" data-col-size=\"lg\">4.05 m<\/td>\n<\/tr>\n<tr data-start=\"534\" data-end=\"576\">\n<td data-start=\"534\" data-end=\"569\" data-col-size=\"sm\"><strong data-start=\"536\" data-end=\"567\">Katon kaltevuus (per puoli)<\/strong><\/td>\n<td data-start=\"569\" data-end=\"576\" data-col-size=\"lg\">30\u00b0<\/td>\n<\/tr>\n<tr data-start=\"577\" data-end=\"623\">\n<td data-start=\"577\" data-end=\"612\" data-col-size=\"sm\"><strong data-start=\"579\" data-end=\"598\">Katon pinta-ala<\/strong><\/td>\n<td data-start=\"612\" data-end=\"623\" data-col-size=\"lg\">50.5 m\u00b2<\/td>\n<\/tr>\n<tr data-start=\"624\" data-end=\"681\">\n<td data-start=\"624\" data-end=\"659\" data-col-size=\"sm\"><strong data-start=\"626\" data-end=\"641\">Kattolaudat<\/strong><\/td>\n<td data-start=\"659\" data-end=\"681\" data-col-size=\"lg\">19 mm ponttilaudat<\/td>\n<\/tr>\n<tr data-start=\"682\" data-end=\"836\">\n<td data-start=\"682\" data-end=\"717\" data-col-size=\"sm\"><strong data-start=\"684\" data-end=\"717\">Sein\u00e4rakenne (sis\u00e4lt\u00e4 \u2192 ulos)<\/strong><\/td>\n<td data-start=\"717\" data-end=\"836\" data-col-size=\"lg\">44 mm t\u00e4yshirsisein\u00e4 \u2192 h\u00f6yrynsulku \u2192 ~100 mm mineraalivilla \u2192 tuulensuojakalvo \u2192 tuuletusrako \u2192 18\u201320 mm puuverhous<\/td>\n<\/tr>\n<tr data-start=\"837\" data-end=\"1011\">\n<td data-start=\"837\" data-end=\"872\" data-col-size=\"sm\"><strong data-start=\"839\" data-end=\"856\">Lattiarakenne<\/strong><\/td>\n<td data-start=\"872\" data-end=\"1011\" data-col-size=\"lg\">19 mm ponttilaudat \u2192 kantavat palkit \u2192 ~100 mm eristys \u2192 h\u00f6yry-\/tuulensuoja. Betonialustalla: muovikalvo, koolaukset, kivivilla tai EPS<\/td>\n<\/tr>\n<tr data-start=\"1012\" data-end=\"1175\">\n<td data-start=\"1012\" data-end=\"1047\" data-col-size=\"sm\"><strong data-start=\"1014\" data-end=\"1030\">Kattorakenne<\/strong><\/td>\n<td data-start=\"1047\" data-end=\"1175\" data-col-size=\"lg\">Katteen pinta (esim. bitumikate) \u2192 listat ja aluslaudoitus \u2192 hengitt\u00e4v\u00e4 kalvo \u2192 ~100 mm mineraalivilla \u2192 19 mm ponttilaudat<\/td>\n<\/tr>\n<tr data-start=\"1176\" data-end=\"1287\">\n<td data-start=\"1176\" data-end=\"1211\" data-col-size=\"sm\"><strong data-start=\"1178\" data-end=\"1201\">Ohjeelliset U-arvot<\/strong>*<\/td>\n<td data-start=\"1211\" data-end=\"1287\" data-col-size=\"lg\">Sein\u00e4t ~0.30\u20130.35 W\/m\u00b2K; Katto ~0.23\u20130.28 W\/m\u00b2K; Lattia ~0.30\u20130.35 W\/m\u00b2K<\/td>\n<\/tr>\n<tr data-start=\"1288\" data-end=\"1413\">\n<td data-start=\"1288\" data-end=\"1323\" data-col-size=\"sm\"><strong data-start=\"1290\" data-end=\"1298\">Ovet<\/strong><\/td>\n<td data-start=\"1323\" data-end=\"1413\" data-col-size=\"lg\">1 kaksinkertaisella lasilla varustettu ulko-ovi (~160\u00d7200 cm); 3 sis\u00e4ovea (~80\u00d7200 cm)<\/td>\n<\/tr>\n<tr data-start=\"1414\" data-end=\"1544\">\n<td data-start=\"1414\" data-end=\"1449\" data-col-size=\"sm\"><strong data-start=\"1416\" data-end=\"1427\">Ikkunat<\/strong><\/td>\n<td data-start=\"1449\" data-end=\"1544\" data-col-size=\"lg\">5 kpl: 2 t\u00e4yskorkeaa lasipaneelia (~85\u00d7200 cm) + 3 vakiokokoista ikkunaa (~80\u2013120 \u00d7 100 cm)<\/td>\n<\/tr>\n<tr data-start=\"1545\" data-end=\"1620\">\n<td data-start=\"1545\" data-end=\"1580\" data-col-size=\"sm\"><strong data-start=\"1547\" data-end=\"1558\">Lasitus<\/strong><\/td>\n<td data-start=\"1580\" data-end=\"1620\" data-col-size=\"lg\">Ensiluokkaiset kaksinkertaiset ikkunat ja ovet<\/td>\n<\/tr>\n<tr data-start=\"1621\" data-end=\"1691\">\n<td data-start=\"1621\" data-end=\"1656\" data-col-size=\"sm\"><strong data-start=\"1623\" data-end=\"1637\">Materiaali<\/strong><\/td>\n<td data-start=\"1656\" data-end=\"1691\" data-col-size=\"lg\">Sertifioitu pohjoismainen kuusi<\/td>\n<\/tr>\n<tr data-start=\"1692\" data-end=\"1736\">\n<td data-start=\"1692\" data-end=\"1727\" data-col-size=\"sm\"><strong data-start=\"1694\" data-end=\"1719\">Ulkoseinien pinta-ala<\/strong><\/td>\n<td data-start=\"1727\" data-end=\"1736\" data-col-size=\"lg\">57 m\u00b2<\/td>\n<\/tr>\n<tr data-start=\"1737\" data-end=\"1777\">\n<td data-start=\"1737\" data-end=\"1772\" data-col-size=\"sm\"><strong data-start=\"1739\" data-end=\"1758\">Huoneiden m\u00e4\u00e4r\u00e4<\/strong><\/td>\n<td data-start=\"1772\" data-end=\"1777\" data-col-size=\"lg\">4<\/td>\n<\/tr>\n<\/tbody>\n<\/table>\n<p>&nbsp;<\/p>\n<p>&nbsp;<\/p>\n<p><strong>Kuljetustiedot:<\/strong><\/p>\n<div class=\"TyagGW_tableContainer\">\n<div class=\"group TyagGW_tableWrapper flex flex-col-reverse w-fit\" tabindex=\"-1\">\n<table class=\"w-fit min-w-(--thread-content-width)\" style=\"height: 116px;\" width=\"425\" data-start=\"62\" data-end=\"156\">\n<thead data-start=\"62\" data-end=\"87\">\n<tr data-start=\"62\" data-end=\"87\">\n<th class=\"\" data-start=\"62\" data-end=\"78\" data-col-size=\"sm\"><\/th>\n<th class=\"\" data-start=\"78\" data-end=\"87\" data-col-size=\"sm\"><\/th>\n<\/tr>\n<\/thead>\n<tbody data-start=\"112\" data-end=\"156\">\n<tr data-start=\"112\" data-end=\"130\">\n<td data-start=\"112\" data-end=\"119\" data-col-size=\"sm\">Mitat<\/td>\n<td data-col-size=\"sm\" data-start=\"119\" data-end=\"130\">6\u20138 LDM<\/td>\n<\/tr>\n<tr data-start=\"131\" data-end=\"156\">\n<td data-start=\"131\" data-end=\"140\" data-col-size=\"sm\">Paino<\/td>\n<td data-col-size=\"sm\" data-start=\"140\" data-end=\"156\">6000\u20137000 kg<\/td>\n<\/tr>\n<\/tbody>\n<\/table>\n<\/div>\n<\/div>\n<p>&nbsp;<\/p>\n<p>&nbsp;<\/p>\n<p>&nbsp;<\/p>\n<p><strong>Katto: bitumikatteet ja aluskerros (v\u00e4rivaihtoehdot):<\/strong><\/p>\n<p><img loading=\"lazy\" decoding=\"async\" class=\"alignnone wp-image-118872\" src=\"https:\/\/factory.sale\/wp-content\/uploads\/2025\/09\/bitumen-roof-colours-fin-factory-sale-300x94.webp\" alt=\"\" width=\"559\" height=\"175\" srcset=\"https:\/\/factory.sale\/wp-content\/uploads\/2025\/09\/bitumen-roof-colours-fin-factory-sale-300x94.webp 300w, https:\/\/factory.sale\/wp-content\/uploads\/2025\/09\/bitumen-roof-colours-fin-factory-sale-150x47.webp 150w, https:\/\/factory.sale\/wp-content\/uploads\/2025\/09\/bitumen-roof-colours-fin-factory-sale-600x189.webp 600w, https:\/\/factory.sale\/wp-content\/uploads\/2025\/09\/bitumen-roof-colours-fin-factory-sale.webp 680w\" sizes=\"auto, (max-width: 559px) 100vw, 559px\" \/><\/p>\n<p>&nbsp;<\/p>\n<p><strong>Vakiopaketti sis\u00e4lt\u00e4\u00e4:<\/strong><\/p>\n<ul>\n<li>Lattian kantopalkit, lattia- ja kattolaudat, sein\u00e4t ja kattoparrut<\/li>\n<li>Premium Plus -kaksilasi-ikkunat ja -ovet<\/li>\n<li>10 cm katon eristyspaketti<\/li>\n<li>10 cm lattian eristyspaketti<\/li>\n<li>10 cm sein\u00e4n eristyspaketti<\/li>\n<li>Bitumikate aluskerroksella<\/li>\n<li>Ulkoiset metalliset ikkunalaudat<\/li>\n<\/ul>\n<p>&nbsp;<\/p>\n<p><strong>Lis\u00e4varusteet (ilman ALV):<\/strong><\/p>\n<ul>\n<li>Metallikatto (vaihtoehto bitumikatteelle) \u2013 1863 \u20ac<\/li>\n<li>Sadevesikouruj\u00e4rjestelm\u00e4 \u2013 253 \u20ac<\/li>\n<li>Kyll\u00e4stys (m\u00e4nty, valkoinen tai kirkas) \u2013 1207,50 \u20ac<\/li>\n<li>32,7 m\u00b2 terassi \u2013 920 \u20ac<\/li>\n<li>Tehdasmaalatut ulkoverhouslaudat \u2013 402,50 \u20ac<\/li>\n<li>PVC-ikkunat ja ulko-ovet (valkoiset molemmin puolin) \u2013 569,25 \u20ac<\/li>\n<li>PVC-ikkunat ja ulko-ovet (v\u00e4rilliset ulkopuolelta) \u2013 1012 \u20ac<\/li>\n<li>Katon eristyksen p\u00e4ivitys \u2013 10 cm \u2192 20 cm \u2013 2369 \u20ac<\/li>\n<\/ul>\n<p>&nbsp;<\/p>\n<p><a href=\"https:\/\/factory.sale\/wp-content\/uploads\/2025\/09\/Solari_S37201.pdf\" target=\"_blank\" rel=\"noopener\">Piirustukset kunnan hyv\u00e4ksynt\u00e4\u00e4 varten<\/a><\/p>\n<p>&nbsp;<\/p>\n<p><iframe loading=\"lazy\" src=\"\/\/www.youtube.com\/embed\/k9kK04ZBp0o\" width=\"1050\" height=\"589\" allowfullscreen=\"allowfullscreen\"><\/iframe><\/p>\n<p><iframe loading=\"lazy\" src=\"\/\/www.youtube.com\/embed\/9S4j3SFXrjM\" width=\"1050\" height=\"589\" allowfullscreen=\"allowfullscreen\"><\/iframe><\/p>\n","protected":false},"excerpt":{"rendered":"<p>Solari 5,09 \u00d7 8,59 m on t\u00e4ysin eristetty, parvella ja nelj\u00e4ll\u00e4 huoneella varustettu pientalo, joka on valmistettu ensiluokkaisesta pohjoismaisesta kuusesta. Mukana tulevat t\u00e4ydelliset eristyspaketit, kaksinkertaiset ikkunat ja ovet, bitumikattopaanut ja valinnainen 32,7 m\u00b2:n terassi ulkotiloihin.<\/p>\n","protected":false},"featured_media":118762,"comment_status":"open","ping_status":"closed","template":"","meta":{"_acf_changed":false},"factory":[],"free-shipment":[],"product_brand":[],"product_cat":[1112],"product_tag":[2265],"class_list":{"0":"post-118871","1":"product","2":"type-product","3":"status-publish","4":"has-post-thumbnail","6":"product_cat-elementtitalot","7":"product_tag-element-houses-fi","9":"first","10":"instock","11":"sale","12":"taxable","13":"shipping-taxable","14":"purchasable","15":"product-type-simple"},"acf":[],"_links":{"self":[{"href":"https:\/\/factory.sale\/fi\/wp-json\/wp\/v2\/product\/118871","targetHints":{"allow":["GET"]}}],"collection":[{"href":"https:\/\/factory.sale\/fi\/wp-json\/wp\/v2\/product"}],"about":[{"href":"https:\/\/factory.sale\/fi\/wp-json\/wp\/v2\/types\/product"}],"replies":[{"embeddable":true,"href":"https:\/\/factory.sale\/fi\/wp-json\/wp\/v2\/comments?post=118871"}],"wp:featuredmedia":[{"embeddable":true,"href":"https:\/\/factory.sale\/fi\/wp-json\/wp\/v2\/media\/118762"}],"wp:attachment":[{"href":"https:\/\/factory.sale\/fi\/wp-json\/wp\/v2\/media?parent=118871"}],"wp:term":[{"taxonomy":"factory","embeddable":true,"href":"https:\/\/factory.sale\/fi\/wp-json\/wp\/v2\/factory?post=118871"},{"taxonomy":"free-shipment","embeddable":true,"href":"https:\/\/factory.sale\/fi\/wp-json\/wp\/v2\/free-shipment?post=118871"},{"taxonomy":"product_brand","embeddable":true,"href":"https:\/\/factory.sale\/fi\/wp-json\/wp\/v2\/product_brand?post=118871"},{"taxonomy":"product_cat","embeddable":true,"href":"https:\/\/factory.sale\/fi\/wp-json\/wp\/v2\/product_cat?post=118871"},{"taxonomy":"product_tag","embeddable":true,"href":"https:\/\/factory.sale\/fi\/wp-json\/wp\/v2\/product_tag?post=118871"}],"curies":[{"name":"wp","href":"https:\/\/api.w.org\/{rel}","templated":true}]}}