{"id":118596,"date":"2025-09-11T10:22:09","date_gmt":"2025-09-10T10:09:46","guid":{"rendered":"https:\/\/factory.sale\/?post_type=product&#038;p=118596"},"modified":"2025-09-15T14:35:53","modified_gmt":"2025-09-15T11:35:53","slug":"bauteq-kosteussuoja-10-l","status":"publish","type":"product","link":"https:\/\/factory.sale\/fi\/tuote\/bauteq-kosteussuoja-10-l\/","title":{"rendered":"Bauteq kosteussuoja 10 L"},"content":{"rendered":"<p>Rakennusrakenteiden suoja sis\u00e4puolelta tunkeutuvaa kosteutta vastaan.<br \/>\nBAUTEQ Kosteussuoja on tarkoitettu k\u00e4ytett\u00e4v\u00e4ksi kosteissa ja m\u00e4riss\u00e4 tiloissa seinien ja kattojen suojaamiseksi kosteuden vaikutuksilta ennen keraamisten laattojen tai muiden pintamateriaalien asentamista. Kyseess\u00e4 on ensimm\u00e4inen ammattilaisk\u00e4ytt\u00f6\u00f6n tarkoitettu kosteussuoja, jolla on m\u00e4\u00e4ritetty vesih\u00f6yryn l\u00e4p\u00e4isevyys. Suojattava alusta voi olla kipsilevy, betoni, rappaus tai tiilirakenne. Soveltuu my\u00f6s p\u00e4\u00e4llemaalattavaksi.<br \/>\nKosteussuojaa ei k\u00e4ytet\u00e4 maaper\u00e4st\u00e4 tulevan kosteuden est\u00e4miseen, m\u00e4rk\u00e4tilojen veden alle j\u00e4\u00e4vill\u00e4 pinnoilla eik\u00e4 sementtiseoksen lis\u00e4aineena.<\/p>\n<p>&nbsp;<\/p>\n<p><strong>K\u00e4ytt\u00f6olosuhteet<\/strong><\/p>\n<p>Ymp\u00e4r\u00f6iv\u00e4n ilman ja alustan l\u00e4mp\u00f6tilan tulee olla v\u00e4hint\u00e4\u00e4n +10 \u00b0C ja ilman suhteellinen kosteus enint\u00e4\u00e4n 80 %.<br \/>\nLevitys telalla, ruiskulla tai siveltimell\u00e4.<\/p>\n<p>&nbsp;<\/p>\n<p><strong>K\u00e4ytt\u00f6ohje<\/strong><\/p>\n<ol>\n<li>Alustan tulee olla puhdas, kuiva ja p\u00f6lyt\u00f6n.<\/li>\n<li>Tuote levitet\u00e4\u00e4n alustalle kahdessa kerroksessa.<\/li>\n<li>Ensimm\u00e4inen kerros: laimennetaan vedell\u00e4 suhteessa 1:1.<\/li>\n<li>Noin 30 minuutin kuluttua tai kun pinta on kuivunut, levitet\u00e4\u00e4n toinen kerros laimentamatonta kosteussuojaa.<\/li>\n<li>Keraamisten laattojen asentaminen voidaan aloittaa noin 4 tunnin kuluttua, kun BAUTEQ Kosteussuojakerros on kuivunut.<\/li>\n<\/ol>\n<p>&nbsp;<\/p>\n<p><strong>Kulutus<\/strong><\/p>\n<p>Ei-imukykyisill\u00e4 pinnoilla kahden kerroksen levityksess\u00e4: 0,15 l\/m\u00b2<br \/>\nImukykyisill\u00e4 pinnoilla: 0,3 l\/m\u00b2<\/p>\n<p>&nbsp;<\/p>\n<table class=\"w-fit min-w-(--thread-content-width)\" style=\"height: 217px;\" width=\"636\" data-start=\"48\" data-end=\"569\">\n<thead data-start=\"48\" data-end=\"112\">\n<tr data-start=\"48\" data-end=\"112\">\n<th data-start=\"48\" data-end=\"86\" data-col-size=\"sm\"><strong data-start=\"50\" data-end=\"69\">Tekniset tiedot<\/strong><\/th>\n<th data-start=\"86\" data-end=\"100\" data-col-size=\"sm\"><strong data-start=\"88\" data-end=\"99\">Yksikk\u00f6<\/strong><\/th>\n<th data-start=\"100\" data-end=\"112\" data-col-size=\"sm\"><strong data-start=\"102\" data-end=\"110\">Arvo<\/strong><\/th>\n<\/tr>\n<\/thead>\n<tbody data-start=\"178\" data-end=\"569\">\n<tr data-start=\"178\" data-end=\"242\">\n<td data-start=\"178\" data-end=\"216\" data-col-size=\"sm\">Lopullinen kuivumisaika<\/td>\n<td data-start=\"216\" data-end=\"230\" data-col-size=\"sm\">tuntia<\/td>\n<td data-start=\"230\" data-end=\"242\" data-col-size=\"sm\">4<\/td>\n<\/tr>\n<tr data-start=\"243\" data-end=\"307\">\n<td data-start=\"243\" data-end=\"281\" data-col-size=\"sm\">Tiheys<\/td>\n<td data-start=\"281\" data-end=\"295\" data-col-size=\"sm\">g\/cm\u00b3<\/td>\n<td data-start=\"295\" data-end=\"307\" data-col-size=\"sm\">1,03<\/td>\n<\/tr>\n<tr data-start=\"308\" data-end=\"372\">\n<td data-start=\"308\" data-end=\"346\" data-col-size=\"sm\">pH<\/td>\n<td data-start=\"346\" data-end=\"360\" data-col-size=\"sm\">\u2013<\/td>\n<td data-start=\"360\" data-end=\"372\" data-col-size=\"sm\">7\u20138<\/td>\n<\/tr>\n<tr data-start=\"373\" data-end=\"437\">\n<td data-start=\"373\" data-end=\"411\" data-col-size=\"sm\">Vesih\u00f6yryn l\u00e4p\u00e4isevyys (WDD)<\/td>\n<td data-start=\"411\" data-end=\"425\" data-col-size=\"sm\">g\/m\u00b2\/24h<\/td>\n<td data-start=\"425\" data-end=\"437\" data-col-size=\"sm\">40<\/td>\n<\/tr>\n<tr data-start=\"438\" data-end=\"502\">\n<td data-start=\"438\" data-end=\"476\" data-col-size=\"sm\">Vertailu (sein\u00e4- ja kattomaali)<\/td>\n<td data-start=\"476\" data-end=\"490\" data-col-size=\"sm\">g\/m\u00b2\/24h<\/td>\n<td data-start=\"490\" data-end=\"502\" data-col-size=\"sm\">600<\/td>\n<\/tr>\n<tr data-start=\"503\" data-end=\"569\">\n<td data-start=\"503\" data-end=\"541\" data-col-size=\"sm\">V\u00e4ri<\/td>\n<td data-start=\"541\" data-end=\"555\" data-col-size=\"sm\">\u2013<\/td>\n<td data-start=\"555\" data-end=\"569\" data-col-size=\"sm\">Sininen<\/td>\n<\/tr>\n<\/tbody>\n<\/table>\n<p>&nbsp;<\/p>\n<p><strong>Puhdistus<\/strong><\/p>\n<p>Ty\u00f6v\u00e4lineet ja vaatteet pest\u00e4\u00e4n v\u00e4litt\u00f6m\u00e4sti vedell\u00e4. Kuivunut materiaali voidaan poistaa mekaanisesti.<br \/>\nAnnetut parametrit on mitattu 23 \u00b0C ja 50 % suhteellisessa kosteudessa.<\/p>\n<p>&nbsp;<\/p>\n<p><strong>S\u00e4ilytys<\/strong><\/p>\n<p>Taattu s\u00e4ilyvyysaika on 24 kuukautta valmistusp\u00e4iv\u00e4st\u00e4, jos tuote s\u00e4ilytet\u00e4\u00e4n kuivassa paikassa, kosteudelta suojattuna ja tiiviisti suljetussa alkuper\u00e4ispakkauksessa +5 \u00b0C \u2013 +30 \u00b0C l\u00e4mp\u00f6tilassa. Tuote on herkk\u00e4 pakkaselle!<\/p>\n<p>&nbsp;<\/p>\n<p><strong>Turvallisuusohjeet<\/strong><\/p>\n<p>V\u00e4lt\u00e4 kemikaalin joutumista iholle ja silmiin. K\u00e4yt\u00e4 sopivia suojak\u00e4sineit\u00e4 sek\u00e4 silmien- tai kasvosuojainta.<br \/>\nV\u00e4lt\u00e4 ihokosketusta. Tarkemmat turvallisuustiedot l\u00f6ytyv\u00e4t tuotteen k\u00e4ytt\u00f6turvallisuustiedotteesta (SDS).<\/p>\n","protected":false},"excerpt":{"rendered":"<ul>\n<li>Edullinen ja toimiva ratkaisu kosteiden tilojen erist\u00e4miseen vesih\u00f6yryn tunkeutumista vastaan.<\/li>\n<li>Ensimm\u00e4inen markkinoilla oleva kosteussuoja, jolla on m\u00e4\u00e4ritetty vesih\u00f6yryn l\u00e4p\u00e4isym\u00e4\u00e4r\u00e4, WDD = 40 g\/m\u00b2\/24h.<\/li>\n<li>Ensimm\u00e4inen kerros laimennetaan vedell\u00e4 suhteessa 1:2, toinen kerros k\u00e4ytet\u00e4\u00e4n laimentamattomana.<\/li>\n<li>Vaikuttava aine: styreeni-butadieeni-lateksi.<\/li>\n<\/ul>\n","protected":false},"featured_media":118594,"comment_status":"open","ping_status":"closed","template":"","meta":{"_acf_changed":false},"factory":[],"free-shipment":[],"product_brand":[],"product_cat":[425],"product_tag":[],"class_list":{"0":"post-118596","1":"product","2":"type-product","3":"status-publish","4":"has-post-thumbnail","6":"product_cat-construction-chemistry-fi","8":"first","9":"instock","10":"sale","11":"taxable","12":"shipping-taxable","13":"purchasable","14":"product-type-simple"},"acf":[],"_links":{"self":[{"href":"https:\/\/factory.sale\/fi\/wp-json\/wp\/v2\/product\/118596","targetHints":{"allow":["GET"]}}],"collection":[{"href":"https:\/\/factory.sale\/fi\/wp-json\/wp\/v2\/product"}],"about":[{"href":"https:\/\/factory.sale\/fi\/wp-json\/wp\/v2\/types\/product"}],"replies":[{"embeddable":true,"href":"https:\/\/factory.sale\/fi\/wp-json\/wp\/v2\/comments?post=118596"}],"wp:featuredmedia":[{"embeddable":true,"href":"https:\/\/factory.sale\/fi\/wp-json\/wp\/v2\/media\/118594"}],"wp:attachment":[{"href":"https:\/\/factory.sale\/fi\/wp-json\/wp\/v2\/media?parent=118596"}],"wp:term":[{"taxonomy":"factory","embeddable":true,"href":"https:\/\/factory.sale\/fi\/wp-json\/wp\/v2\/factory?post=118596"},{"taxonomy":"free-shipment","embeddable":true,"href":"https:\/\/factory.sale\/fi\/wp-json\/wp\/v2\/free-shipment?post=118596"},{"taxonomy":"product_brand","embeddable":true,"href":"https:\/\/factory.sale\/fi\/wp-json\/wp\/v2\/product_brand?post=118596"},{"taxonomy":"product_cat","embeddable":true,"href":"https:\/\/factory.sale\/fi\/wp-json\/wp\/v2\/product_cat?post=118596"},{"taxonomy":"product_tag","embeddable":true,"href":"https:\/\/factory.sale\/fi\/wp-json\/wp\/v2\/product_tag?post=118596"}],"curies":[{"name":"wp","href":"https:\/\/api.w.org\/{rel}","templated":true}]}}