{"id":118589,"date":"2025-09-11T10:34:08","date_gmt":"2025-09-11T07:35:49","guid":{"rendered":"https:\/\/factory.sale\/?post_type=product&#038;p=118589"},"modified":"2025-09-15T14:33:23","modified_gmt":"2025-09-15T11:33:23","slug":"bauteq-kontakti","status":"publish","type":"product","link":"https:\/\/factory.sale\/fi\/tuote\/bauteq-kontakti\/","title":{"rendered":"Bauteq kontakti"},"content":{"rendered":"<ul>\n<li>Vesipohjainen, hiekkaa sis\u00e4lt\u00e4v\u00e4 pohjuste rakennusrakenteiden tartunnan parantamiseen ennen tasoitteen tai keraamisten laattojen asentamista.<\/li>\n<li>Soveltuu katoille ja sein\u00e4pinnoille sek\u00e4 sis\u00e4- ett\u00e4 ulkok\u00e4ytt\u00f6\u00f6n.<\/li>\n<li>Levitet\u00e4\u00e4n laimentamattomana.<\/li>\n<li>Vaikuttava aine: akryylipolymeeri.<\/li>\n<\/ul>\n<p>&nbsp;<\/p>\n<p>&nbsp;<\/p>\n<p><strong>SAATAVILLA 2 KOKOA:<\/strong><\/p>\n<p>7 L (paino: 7 kg) \u2013 13 \u20ac (ilman alv)<\/p>\n<p>15 L (paino: 15 kg) \u2013 26 \u20ac (ilman alv)<\/p>\n","protected":false},"excerpt":{"rendered":"<ul>\n<li>Vesipohjainen, hiekkaa sis\u00e4lt\u00e4v\u00e4 pohjuste rakennusrakenteiden tartunnan parantamiseen ennen tasoitteen tai keraamisten laattojen asentamista.<\/li>\n<li>Soveltuu katoille ja sein\u00e4pinnoille sek\u00e4 sis\u00e4- ett\u00e4 ulkok\u00e4ytt\u00f6\u00f6n.<\/li>\n<li>Levitet\u00e4\u00e4n laimentamattomana.<\/li>\n<li>Vaikuttava aine: akryylipolymeeri.<\/li>\n<\/ul>\n","protected":false},"featured_media":118579,"comment_status":"open","ping_status":"closed","template":"","meta":{"_acf_changed":false},"factory":[],"free-shipment":[],"product_brand":[],"product_cat":[425],"product_tag":[],"class_list":{"0":"post-118589","1":"product","2":"type-product","3":"status-publish","4":"has-post-thumbnail","6":"product_cat-construction-chemistry-fi","8":"first","9":"instock","10":"sale","11":"taxable","12":"shipping-taxable","13":"purchasable","14":"product-type-simple"},"acf":[],"_links":{"self":[{"href":"https:\/\/factory.sale\/fi\/wp-json\/wp\/v2\/product\/118589","targetHints":{"allow":["GET"]}}],"collection":[{"href":"https:\/\/factory.sale\/fi\/wp-json\/wp\/v2\/product"}],"about":[{"href":"https:\/\/factory.sale\/fi\/wp-json\/wp\/v2\/types\/product"}],"replies":[{"embeddable":true,"href":"https:\/\/factory.sale\/fi\/wp-json\/wp\/v2\/comments?post=118589"}],"wp:featuredmedia":[{"embeddable":true,"href":"https:\/\/factory.sale\/fi\/wp-json\/wp\/v2\/media\/118579"}],"wp:attachment":[{"href":"https:\/\/factory.sale\/fi\/wp-json\/wp\/v2\/media?parent=118589"}],"wp:term":[{"taxonomy":"factory","embeddable":true,"href":"https:\/\/factory.sale\/fi\/wp-json\/wp\/v2\/factory?post=118589"},{"taxonomy":"free-shipment","embeddable":true,"href":"https:\/\/factory.sale\/fi\/wp-json\/wp\/v2\/free-shipment?post=118589"},{"taxonomy":"product_brand","embeddable":true,"href":"https:\/\/factory.sale\/fi\/wp-json\/wp\/v2\/product_brand?post=118589"},{"taxonomy":"product_cat","embeddable":true,"href":"https:\/\/factory.sale\/fi\/wp-json\/wp\/v2\/product_cat?post=118589"},{"taxonomy":"product_tag","embeddable":true,"href":"https:\/\/factory.sale\/fi\/wp-json\/wp\/v2\/product_tag?post=118589"}],"curies":[{"name":"wp","href":"https:\/\/api.w.org\/{rel}","templated":true}]}}