{"id":118573,"date":"2025-09-11T10:38:03","date_gmt":"2025-09-10T08:05:57","guid":{"rendered":"https:\/\/factory.sale\/?post_type=product&#038;p=118573"},"modified":"2025-09-15T14:42:50","modified_gmt":"2025-09-15T11:42:50","slug":"bauteq-liekkisuoja","status":"publish","type":"product","link":"https:\/\/factory.sale\/fi\/tuote\/bauteq-liekkisuoja\/","title":{"rendered":"Bauteq liekkisuoja"},"content":{"rendered":"<p>Edullinen ja v\u00e4rit\u00f6n kyll\u00e4stysaine puupinnoille syttymisen ja palamisen est\u00e4miseksi.<br \/>\nSoveltuu k\u00e4ytett\u00e4v\u00e4ksi aiemmin k\u00e4sittelem\u00e4tt\u00f6m\u00e4lle, h\u00f6yl\u00e4\u00e4m\u00e4tt\u00f6m\u00e4lle, h\u00f6yl\u00e4tylle sek\u00e4 hienosahatulle puulle.<br \/>\nLiekkisuoja on tarkoitettu k\u00e4ytett\u00e4v\u00e4ksi sis\u00e4tiloissa ja osittain suojatuissa ulkotiloissa. Kuivuttuaan se antaa puulle palonkestoluokan B.<br \/>\nTulipalon sattuessa liekki sammuu ja pinnalle muodostuu palamista est\u00e4v\u00e4 hiilikerros.<\/p>\n<p>&nbsp;<\/p>\n<p><strong>SAATAVILLA 2 KOKOA:<\/strong><\/p>\n<p>10 L (paino: 11,8 kg) \u2013 36,4 \u20ac<\/p>\n<p>25 L (paino: 29,5 kg) \u2013 85,8 \u20ac<\/p>\n<p>&nbsp;<\/p>\n<p>&nbsp;<\/p>\n<p><strong>TUOTTEEN OMINAISUUDET<\/strong><\/p>\n<p>Vesipohjainen, neutraalin pH:n omaava, v\u00e4rit\u00f6n palonsuoja-aine, joka imeytyy hyvin puuhun ja kuivuttuaan antaa puulle palonkestoluokan jopa B-s1, d0. Tuotteen vaikuttava aine on kaliumsitraatti, joka on ekologinen ja terveydelle turvallinen vaihtoehto halogeenipohjaisille palonsuoja-aineille. Tulipalon sattuessa BAUTEQ Liekkisuojalla k\u00e4sitellyille puupinnoille muodostuu nopeasti palamista est\u00e4v\u00e4 hiilikerros ja liekki sammuu. Soveltuvat levitystavat: teollinen ruiskutus, upotus sek\u00e4 levitys siveltimell\u00e4 tai telalla.<\/p>\n<p>&nbsp;<\/p>\n<div class=\"_tableContainer_1rjym_1\">\n<div class=\"_tableWrapper_1rjym_13 group flex w-fit flex-col-reverse\" tabindex=\"-1\">\n<table class=\"w-fit min-w-(--thread-content-width)\" style=\"height: 245px;\" width=\"818\" data-start=\"484\" data-end=\"894\">\n<thead data-start=\"484\" data-end=\"532\">\n<tr data-start=\"484\" data-end=\"532\">\n<th data-start=\"484\" data-end=\"506\" data-col-size=\"sm\"><strong data-start=\"486\" data-end=\"505\">Tekniset tiedot<\/strong><\/th>\n<th data-start=\"506\" data-end=\"520\" data-col-size=\"sm\"><strong data-start=\"508\" data-end=\"519\">Yksikk\u00f6<\/strong><\/th>\n<th data-start=\"520\" data-end=\"532\" data-col-size=\"md\"><strong data-start=\"522\" data-end=\"530\">Arvo<\/strong><\/th>\n<\/tr>\n<\/thead>\n<tbody data-start=\"583\" data-end=\"894\">\n<tr data-start=\"583\" data-end=\"631\">\n<td data-start=\"583\" data-end=\"605\" data-col-size=\"sm\">Kulutus<\/td>\n<td data-start=\"605\" data-end=\"619\" data-col-size=\"sm\">L\/m\u00b2<\/td>\n<td data-start=\"619\" data-end=\"631\" data-col-size=\"md\">0,35<\/td>\n<\/tr>\n<tr data-start=\"632\" data-end=\"680\">\n<td data-start=\"632\" data-end=\"654\" data-col-size=\"sm\">Suhteellinen tiheys<\/td>\n<td data-start=\"654\" data-end=\"668\" data-col-size=\"sm\">kg\/L<\/td>\n<td data-start=\"668\" data-end=\"680\" data-col-size=\"md\">1,15<\/td>\n<\/tr>\n<tr data-start=\"681\" data-end=\"729\">\n<td data-start=\"681\" data-end=\"703\" data-col-size=\"sm\">pH<\/td>\n<td data-start=\"703\" data-end=\"717\" data-col-size=\"sm\">\u2013<\/td>\n<td data-start=\"717\" data-end=\"729\" data-col-size=\"md\">6,8\u20137,3<\/td>\n<\/tr>\n<tr data-start=\"730\" data-end=\"836\">\n<td data-start=\"730\" data-end=\"752\" data-col-size=\"sm\">S\u00e4ilyvyysaika<\/td>\n<td data-start=\"752\" data-end=\"766\" data-col-size=\"sm\">\u2013<\/td>\n<td data-start=\"766\" data-end=\"836\" data-col-size=\"md\">24 kuukautta tiiviisti suljetussa alkuper\u00e4ispakkauksessa (5\u201330 \u00b0C)<\/td>\n<\/tr>\n<tr data-start=\"837\" data-end=\"894\">\n<td data-start=\"837\" data-end=\"859\" data-col-size=\"sm\">Pakkaus<\/td>\n<td data-start=\"859\" data-end=\"873\" data-col-size=\"sm\">\u2013<\/td>\n<td data-start=\"873\" data-end=\"894\" data-col-size=\"md\">3 L, 10 L, 25 L<\/td>\n<\/tr>\n<\/tbody>\n<\/table>\n<\/div>\n<\/div>\n<p>&nbsp;<\/p>\n<p><strong>K\u00c4YTT\u00d6KOHTEET<\/strong><\/p>\n<p>Soveltuu h\u00f6yl\u00e4tylle, h\u00f6yl\u00e4\u00e4m\u00e4tt\u00f6m\u00e4lle ja hienosahatulle, k\u00e4sittelem\u00e4tt\u00f6m\u00e4lle massiivipuulle, erityisesti sis\u00e4tiloissa.<br \/>\nUlkok\u00e4yt\u00f6ss\u00e4 k\u00e4sitelty puu on suojattava sopivalla s\u00e4\u00e4nkest\u00e4v\u00e4ll\u00e4 petsill\u00e4 tai maalilla. Palonsuoja-aineella k\u00e4sitellyt pinnat voidaan viimeistell\u00e4, kunhan yhteensopivuus on ensin testattu yhteensopivilla liuotinpohjaisilla petseill\u00e4, lakoilla ja maaleilla. T\u00e4llaisissa tapauksissa pinnan lopullinen k\u00e4ytt\u00f6ik\u00e4 riippuu viimeistelymateriaalista. Ei sovellu imem\u00e4tt\u00f6mille tai liimatuille pinnoille, kuten viilulle, vanerille tai liimatuille puuosille, koska ne eiv\u00e4t ime riitt\u00e4v\u00e4sti palonsuoja-ainetta. Imem\u00e4tt\u00f6mille pinnoille tulee k\u00e4ytt\u00e4\u00e4 palonsuoja-aineita.<\/p>\n<p>&nbsp;<\/p>\n<p><strong>ALUSTAN VAATIMUKSET<\/strong><\/p>\n<p>Pinnan on oltava kuiva ja vapaa tarttuvuutta heikent\u00e4vist\u00e4 aineista. Poista p\u00f6ly, vaha, lika ja muut irtonaiset hiukkaset. Puussa ei saa olla sinistym\u00e4\u00e4 eik\u00e4 hometta. Puu ei saa olla aiemmin k\u00e4sitelty \u00f6ljyill\u00e4, vahoilla tai kalvoa muodostavilla maaleilla ja lakoilla. Yleisesti vaaleilla puulajeilla (koivu, kuusi jne.) k\u00e4sittely ei aiheuta merkitt\u00e4vi\u00e4 v\u00e4rimuutoksia. Korkean uuteainepitoisuuden puulajeilla (tammi, eksoottiset puut jne.) voi esiinty\u00e4 huomattavia v\u00e4rimuutoksia. Korkean ja vaihtelevan kosteuden tiloissa k\u00e4sitellyill\u00e4 pinnoilla voi esiinty\u00e4 vaaleaa laikkuisuutta, pinta voi muuttua liukkaaksi tai pinnalle voi muodostua tuotteen sis\u00e4lt\u00e4m\u00e4\u00e4 suolaa, joka voidaan poistaa liinalla.<\/p>\n<p>&nbsp;<\/p>\n<p><strong>K\u00c4YTT\u00d6SUOSITUKSET<\/strong><\/p>\n<p>Sekoita tuotetta ennen k\u00e4ytt\u00f6\u00e4 ja k\u00e4yt\u00f6n aikana. Tuote on k\u00e4ytt\u00f6valmis eik\u00e4 vaadi laimentamista vedell\u00e4. Sulje pakkaus huolellisesti aina jokaisen k\u00e4ytt\u00f6kerran j\u00e4lkeen. Puupinnat on k\u00e4sitelt\u00e4v\u00e4 joka puolelta 2\u20133 kertaa, jotta saavutetaan 0,35 l\/m\u00b2 (400 g\/m\u00b2) kokonaiskulutus, joka MEKA SBI -testiraportin nro 6638-1\/2022 mukaan antaa paloluokan B-s1, d0. Seuraava kerros voidaan levitt\u00e4\u00e4 n. 2 tunnin kuluttua kuivumisolosuhteista riippuen. Liian pitk\u00e4 v\u00e4li (yli 12 tuntia) voi heikent\u00e4\u00e4 imeytymist\u00e4. Palosuojausominaisuudet ovat t\u00e4ysin muodostuneet 4\u20135 p\u00e4iv\u00e4n kuluttua k\u00e4sittelyst\u00e4. Ty\u00f6kalut ja vaatteet voidaan puhdistaa vedell\u00e4 ja saippualla. Jos k\u00e4sitellyiss\u00e4 pinnoissa on mekaanisia vaurioita, vaurioituneet alueet on k\u00e4sitelt\u00e4v\u00e4 uudelleen palosuoja-aineella.<\/p>\n<p>&nbsp;<\/p>\n<div class=\"_tableContainer_1rjym_1\">\n<div class=\"_tableWrapper_1rjym_13 group flex w-fit flex-col-reverse\" tabindex=\"-1\">\n<table class=\"w-fit min-w-(--thread-content-width)\" style=\"height: 241px;\" width=\"730\" data-start=\"564\" data-end=\"1021\">\n<thead data-start=\"564\" data-end=\"620\">\n<tr data-start=\"564\" data-end=\"620\">\n<th data-start=\"564\" data-end=\"604\" data-col-size=\"sm\"><strong data-start=\"566\" data-end=\"574\">Kunto<\/strong><\/th>\n<th data-start=\"604\" data-end=\"620\" data-col-size=\"sm\"><strong data-start=\"606\" data-end=\"614\">Arvo<\/strong><\/th>\n<\/tr>\n<\/thead>\n<tbody data-start=\"678\" data-end=\"1021\">\n<tr data-start=\"678\" data-end=\"734\">\n<td data-start=\"678\" data-end=\"718\" data-col-size=\"sm\">Palonsuoja-aineen l\u00e4mp\u00f6tila<\/td>\n<td data-start=\"718\" data-end=\"734\" data-col-size=\"sm\">+15\u202625 \u00b0C<\/td>\n<\/tr>\n<tr data-start=\"735\" data-end=\"791\">\n<td data-start=\"735\" data-end=\"775\" data-col-size=\"sm\">Ilman l\u00e4mp\u00f6tila<\/td>\n<td data-start=\"775\" data-end=\"791\" data-col-size=\"sm\">+15\u202640 \u00b0C<\/td>\n<\/tr>\n<tr data-start=\"792\" data-end=\"848\">\n<td data-start=\"792\" data-end=\"832\" data-col-size=\"sm\">Ilman suhteellinen kosteus<\/td>\n<td data-start=\"832\" data-end=\"848\" data-col-size=\"sm\">40\u201370 %<\/td>\n<\/tr>\n<tr data-start=\"849\" data-end=\"905\">\n<td data-start=\"849\" data-end=\"889\" data-col-size=\"sm\">Puun kosteus<\/td>\n<td data-start=\"889\" data-end=\"905\" data-col-size=\"sm\">12\u201320 %<\/td>\n<\/tr>\n<tr data-start=\"906\" data-end=\"962\">\n<td data-start=\"906\" data-end=\"946\" data-col-size=\"sm\">Seuraavan kerroksen levitys<\/td>\n<td data-start=\"946\" data-end=\"962\" data-col-size=\"sm\">2 tuntia *<\/td>\n<\/tr>\n<tr data-start=\"963\" data-end=\"1021\">\n<td data-start=\"963\" data-end=\"1003\" data-col-size=\"sm\">Liuotinpohjaisen pintak\u00e4sittelyn aika<\/td>\n<td data-start=\"1003\" data-end=\"1021\" data-col-size=\"sm\">15 tuntia<\/td>\n<\/tr>\n<\/tbody>\n<\/table>\n<\/div>\n<\/div>\n<p><em>*Tiedot on mitattu 20 \u00b0C l\u00e4mp\u00f6tilassa. Kuivumis- ja uudelleenk\u00e4sittelyajat riippuvat l\u00e4mp\u00f6tilasta, suhteellisesta kosteudesta, ilmanvaihdosta ja levitetyn aineen m\u00e4\u00e4r\u00e4st\u00e4.<\/em><\/p>\n<p>&nbsp;<\/p>\n<p><strong>VARASTOINTI<\/strong><\/p>\n<p>Suojaa tuote j\u00e4\u00e4tymiselt\u00e4. Pitk\u00e4aikaisen varastoinnin ihannel\u00e4mp\u00f6tila on +10 &#8211; 25 \u00b0C. Edell\u00e4 mainitut tiedot perustuvat laboratoriotutkimuksiin ja k\u00e4yt\u00e4nn\u00f6n kokeisiin. Valmistaja ei vastaa virheellisest\u00e4 k\u00e4yt\u00f6st\u00e4 aiheutuneista vahingoista.<\/p>\n","protected":false},"excerpt":{"rendered":"<ul>\n<li>Vesiohenteinen, ymp\u00e4rist\u00f6yst\u00e4v\u00e4llinen ja terveydelle turvallinen tuote.<\/li>\n<li>Levitet\u00e4\u00e4n laimentamattomana 2\u20133 kerroksessa, tuote imeytyy hyvin my\u00f6s alhaisemmissa l\u00e4mp\u00f6tiloissa.<\/li>\n<li>V\u00e4rikartan mukaisesti LIEKKISUOJA voidaan s\u00e4vytt\u00e4\u00e4 sis\u00e4tiloissa laajaan l\u00e4pikuultavien s\u00e4vyjen valikoimaan.<\/li>\n<li>Vaikuttava aine: hiiltymist\u00e4 muodostavat kaliumyhdisteet.<\/li>\n<\/ul>\n","protected":false},"featured_media":118565,"comment_status":"open","ping_status":"closed","template":"","meta":{"_acf_changed":false},"factory":[],"free-shipment":[],"product_brand":[],"product_cat":[425],"product_tag":[],"class_list":{"0":"post-118573","1":"product","2":"type-product","3":"status-publish","4":"has-post-thumbnail","6":"product_cat-construction-chemistry-fi","8":"first","9":"instock","10":"sale","11":"taxable","12":"shipping-taxable","13":"purchasable","14":"product-type-simple"},"acf":[],"_links":{"self":[{"href":"https:\/\/factory.sale\/fi\/wp-json\/wp\/v2\/product\/118573","targetHints":{"allow":["GET"]}}],"collection":[{"href":"https:\/\/factory.sale\/fi\/wp-json\/wp\/v2\/product"}],"about":[{"href":"https:\/\/factory.sale\/fi\/wp-json\/wp\/v2\/types\/product"}],"replies":[{"embeddable":true,"href":"https:\/\/factory.sale\/fi\/wp-json\/wp\/v2\/comments?post=118573"}],"wp:featuredmedia":[{"embeddable":true,"href":"https:\/\/factory.sale\/fi\/wp-json\/wp\/v2\/media\/118565"}],"wp:attachment":[{"href":"https:\/\/factory.sale\/fi\/wp-json\/wp\/v2\/media?parent=118573"}],"wp:term":[{"taxonomy":"factory","embeddable":true,"href":"https:\/\/factory.sale\/fi\/wp-json\/wp\/v2\/factory?post=118573"},{"taxonomy":"free-shipment","embeddable":true,"href":"https:\/\/factory.sale\/fi\/wp-json\/wp\/v2\/free-shipment?post=118573"},{"taxonomy":"product_brand","embeddable":true,"href":"https:\/\/factory.sale\/fi\/wp-json\/wp\/v2\/product_brand?post=118573"},{"taxonomy":"product_cat","embeddable":true,"href":"https:\/\/factory.sale\/fi\/wp-json\/wp\/v2\/product_cat?post=118573"},{"taxonomy":"product_tag","embeddable":true,"href":"https:\/\/factory.sale\/fi\/wp-json\/wp\/v2\/product_tag?post=118573"}],"curies":[{"name":"wp","href":"https:\/\/api.w.org\/{rel}","templated":true}]}}