{"id":118543,"date":"2025-09-11T10:41:48","date_gmt":"2025-09-11T07:44:05","guid":{"rendered":"https:\/\/factory.sale\/?post_type=product&#038;p=118543"},"modified":"2025-09-15T14:32:48","modified_gmt":"2025-09-15T11:32:48","slug":"bauteq-polynestoaine","status":"publish","type":"product","link":"https:\/\/factory.sale\/fi\/tuote\/bauteq-polynestoaine\/","title":{"rendered":"Bauteq p\u00f6lytiiviste"},"content":{"rendered":"<p><strong>BAUTEQ P\u00f6lytiiviste<\/strong><\/p>\n<p>Kemiallinen liuos, joka vahvistaa betonipintoja ja tekee niist\u00e4 p\u00f6lytt\u00f6mi\u00e4. Sit\u00e4 k\u00e4ytet\u00e4\u00e4n teollisuus- ja varastolattioissa sek\u00e4 autotallien lattioiden viimeistelyyn. Se lis\u00e4\u00e4 lattian kulutuskest\u00e4vyytt\u00e4 sek\u00e4 veden-, \u00f6ljy- ja kemikaalienkest\u00e4vyytt\u00e4 pit\u00e4en pinnan hengitt\u00e4v\u00e4n\u00e4.<\/p>\n<ul>\n<li>Soveltuu k\u00e4ytett\u00e4v\u00e4ksi sek\u00e4 vanhoilla ett\u00e4 uusilla betonilattioilla.<\/li>\n<li>Levitet\u00e4\u00e4n kolmessa kerroksessa, laimennetaan vedell\u00e4.<\/li>\n<li>Vaikuttava aine: betonin kanssa reagoivat silikaatit.<\/li>\n<li>Betonipinnan kovettaja ja p\u00f6lyestoaine.<\/li>\n<\/ul>\n<p><strong>SAATAVILLA 2 KOKOA:<\/strong><\/p>\n<p>10 L (paino: 11,8 kg) \u2013 14,3 \u20ac (ilman alv)<\/p>\n<p>20 L (paino: 23,6 kg) \u2013 27,3 \u20ac (ilman alv)<\/p>\n<p>&nbsp;<\/p>\n<p>&nbsp;<\/p>\n<table class=\"w-fit min-w-(--thread-content-width)\" style=\"height: 134px;\" width=\"631\" data-start=\"443\" data-end=\"713\">\n<thead data-start=\"443\" data-end=\"496\">\n<tr data-start=\"443\" data-end=\"496\">\n<th data-start=\"443\" data-end=\"465\" data-col-size=\"sm\"><strong data-start=\"445\" data-end=\"464\">Tekniset tiedot<\/strong><\/th>\n<th data-start=\"465\" data-end=\"479\" data-col-size=\"sm\"><strong data-start=\"467\" data-end=\"478\">Yksikk\u00f6<\/strong><\/th>\n<th data-start=\"479\" data-end=\"496\" data-col-size=\"sm\"><strong data-start=\"481\" data-end=\"489\">Arvo<\/strong><\/th>\n<\/tr>\n<\/thead>\n<tbody data-start=\"552\" data-end=\"713\">\n<tr data-start=\"552\" data-end=\"605\">\n<td data-start=\"552\" data-end=\"574\" data-col-size=\"sm\">Tilavuus<\/td>\n<td data-start=\"574\" data-end=\"588\" data-col-size=\"sm\">g\/ml<\/td>\n<td data-start=\"588\" data-end=\"605\" data-col-size=\"sm\">1,2<\/td>\n<\/tr>\n<tr data-start=\"606\" data-end=\"659\">\n<td data-start=\"606\" data-end=\"628\" data-col-size=\"sm\">pH<\/td>\n<td data-start=\"628\" data-end=\"642\" data-col-size=\"sm\">\u2013<\/td>\n<td data-start=\"642\" data-end=\"659\" data-col-size=\"sm\">10\u201311<\/td>\n<\/tr>\n<tr data-start=\"660\" data-end=\"713\">\n<td data-start=\"660\" data-end=\"682\" data-col-size=\"sm\">V\u00e4ri<\/td>\n<td data-start=\"682\" data-end=\"696\" data-col-size=\"sm\">\u2013<\/td>\n<td data-start=\"696\" data-end=\"713\" data-col-size=\"sm\">L\u00e4pin\u00e4kyv\u00e4<\/td>\n<\/tr>\n<\/tbody>\n<\/table>\n<p><em>*Annetut parametrit on mitattu 23 \u00b0C ja 50 % suhteellisessa kosteudessa.<\/em><\/p>\n<p>&nbsp;<\/p>\n<p><strong>K\u00e4ytt\u00f6olosuhteet<\/strong><\/p>\n<p>Tuoreiden betonipintojen on annettava kovettua v\u00e4hint\u00e4\u00e4n 20 p\u00e4iv\u00e4\u00e4 15\u201320 \u00b0C l\u00e4mp\u00f6tilassa ennen kyll\u00e4styst\u00e4. Ilman ja alustan l\u00e4mp\u00f6tilan tulee olla k\u00e4sittelyn aikana 10\u201325 \u00b0C. K\u00e4sitelt\u00e4v\u00e4n pinnan tulee olla puhdas, kuiva ja p\u00f6lyt\u00f6n.<\/p>\n<p>&nbsp;<\/p>\n<p><strong>K\u00e4ytt\u00f6ohje<\/strong><br \/>\n<strong>Pinta kyll\u00e4stet\u00e4\u00e4n kolmessa vaiheessa:<\/strong><\/p>\n<ol>\n<li>Sekoita 1 osa P\u00f6lytiivistett\u00e4 2 osaan vett\u00e4 (1:2) ja levit\u00e4 pehme\u00e4ll\u00e4 harjalla betonin pinnalle. Liuosta tulee levitt\u00e4\u00e4 runsaasti, jotta se imeytyy mahdollisimman syv\u00e4lle. 10 minuutin kuluttua poista ylim\u00e4\u00e4r\u00e4inen liuos ja anna pinnan kuivua 40\u201360 minuuttia.<\/li>\n<li>Sekoita 1 osa P\u00f6lytiivistett\u00e4 1 osaan vett\u00e4 (1:1) ja levit\u00e4 kuten edell\u00e4. 10 minuutin kuluttua poista ylim\u00e4\u00e4r\u00e4inen liuos ja anna pinnan kuivua 40\u201360 minuuttia.<\/li>\n<li>Sekoita 2 osaa P\u00f6lytiivistett\u00e4 1 osaan vett\u00e4 (2:1) ja levit\u00e4 kuten aiemmissa vaiheissa. Odota 10 minuuttia ja poista ylim\u00e4\u00e4r\u00e4inen liuos.<\/li>\n<li>On eritt\u00e4in t\u00e4rke\u00e4\u00e4 poistaa kaikki imeytym\u00e4t\u00f6n liuos, jotta pinnalle ei j\u00e4\u00e4 lammikoita \u2013 muuten voi my\u00f6hemmin muodostua valkoisia suolatahroja. K\u00e4sitellyn pinnan on kuivuttava v\u00e4hint\u00e4\u00e4n 24 tuntia ennen k\u00e4ytt\u00f6\u00f6nottoa.<br \/>\nHuom! Kolme k\u00e4sittelyvaihetta on teht\u00e4v\u00e4 per\u00e4kk\u00e4in. Muutoin kovettunut materiaali sulkee betonin huokoset eik\u00e4 oikeaa kulutusm\u00e4\u00e4r\u00e4\u00e4 voida asentaa. T\u00e4ll\u00f6in P\u00f6lytiivistett\u00e4 teho j\u00e4\u00e4 puutteelliseksi ja pinnalle voi j\u00e4\u00e4d\u00e4 tahroja.<\/li>\n<\/ol>\n<p>&nbsp;<\/p>\n<p><strong>Kulutus<\/strong><\/p>\n<p>Kolmivaiheisessa kyll\u00e4styksess\u00e4 laimentamattoman P\u00f6lytiivistett\u00e4 kulutus on n. 0,5 l\/m\u00b2.<\/p>\n<p>&nbsp;<\/p>\n<p><strong>Varastointi<\/strong><\/p>\n<p>S\u00e4ilyvyysaika 24 kuukautta valmistusp\u00e4iv\u00e4st\u00e4, jos s\u00e4ilytet\u00e4\u00e4n kuivassa tilassa, alkuper\u00e4ispakkauksessa, +5 \u00b0C \u2013 +30 \u00b0C l\u00e4mp\u00f6tilassa. Suojattava pakkaselta!<\/p>\n<p>&nbsp;<\/p>\n<p><strong>Turvallisuusohjeet<\/strong><\/p>\n<p>\u00c4rsytt\u00e4\u00e4 silmi\u00e4, hengityselimi\u00e4 ja ihoa. Jos tuotetta joutuu silmiin, huuhtele heti runsaalla vedell\u00e4 ja hakeudu l\u00e4\u00e4k\u00e4riin. K\u00e4yt\u00e4 sopivia suojak\u00e4sineit\u00e4. S\u00e4ilytett\u00e4v\u00e4 lasten ulottumattomissa. Yksityiskohtaiset turvallisuustiedot l\u00f6ytyv\u00e4t tuotteen k\u00e4ytt\u00f6turvallisuustiedotteesta (SDS).<\/p>\n<p>&nbsp;<\/p>\n<p>&nbsp;<\/p>\n<p><em>Tuotekuvauksessa esitetyt tiedot perustuvat k\u00e4yt\u00e4nn\u00f6n kokemukseen ja laboratoriotesteihin. Kaikki arvot ovat ohjeellisia ja riippuvat ymp\u00e4rist\u00f6olosuhteista, jotka vaikuttavat lopputulokseen. Vahvistamme, ett\u00e4 tuotteen laatu t\u00e4ytt\u00e4\u00e4 sis\u00e4iset laatuvaatimukset, mutta valmistaja ei voi vaikuttaa k\u00e4ytt\u00f6olosuhteisiin eik\u00e4 vastaa virheellisest\u00e4 k\u00e4yt\u00f6st\u00e4, ohjeiden noudattamatta j\u00e4tt\u00e4misest\u00e4 tai v\u00e4\u00e4r\u00e4st\u00e4 k\u00e4ytt\u00f6tarkoituksesta aiheutuneista vahingoista. Testitulokset koskevat vain testatuissa olosuhteissa arvioitua tuotetta.<\/em><\/p>\n","protected":false},"excerpt":{"rendered":"<p><strong>BAUTEQ P\u00f6lytiiviste<\/strong><\/p>\n<p>Betonin pintaa kemiallisesti vahvistava ja p\u00f6ly\u00e4m\u00e4tt\u00f6m\u00e4ksi tekev\u00e4 kyll\u00e4stysaine. BAUTEQ P\u00f6lytiiviste on tarkoitettu k\u00e4ytett\u00e4v\u00e4ksi teollisuus-, varasto- ja autotallilattioilla sek\u00e4 pys\u00e4k\u00f6intialueilla. Se lis\u00e4\u00e4 lattian kulutuskest\u00e4vyytt\u00e4 sek\u00e4 veden-, \u00f6ljy- ja kemikaalienkest\u00e4vyytt\u00e4 pit\u00e4en pinnan hengitt\u00e4v\u00e4n\u00e4.<\/p>\n","protected":false},"featured_media":118540,"comment_status":"open","ping_status":"closed","template":"","meta":{"_acf_changed":false},"factory":[],"free-shipment":[],"product_brand":[],"product_cat":[425],"product_tag":[],"class_list":{"0":"post-118543","1":"product","2":"type-product","3":"status-publish","4":"has-post-thumbnail","6":"product_cat-construction-chemistry-fi","8":"first","9":"instock","10":"sale","11":"taxable","12":"shipping-taxable","13":"purchasable","14":"product-type-simple"},"acf":[],"_links":{"self":[{"href":"https:\/\/factory.sale\/fi\/wp-json\/wp\/v2\/product\/118543","targetHints":{"allow":["GET"]}}],"collection":[{"href":"https:\/\/factory.sale\/fi\/wp-json\/wp\/v2\/product"}],"about":[{"href":"https:\/\/factory.sale\/fi\/wp-json\/wp\/v2\/types\/product"}],"replies":[{"embeddable":true,"href":"https:\/\/factory.sale\/fi\/wp-json\/wp\/v2\/comments?post=118543"}],"wp:featuredmedia":[{"embeddable":true,"href":"https:\/\/factory.sale\/fi\/wp-json\/wp\/v2\/media\/118540"}],"wp:attachment":[{"href":"https:\/\/factory.sale\/fi\/wp-json\/wp\/v2\/media?parent=118543"}],"wp:term":[{"taxonomy":"factory","embeddable":true,"href":"https:\/\/factory.sale\/fi\/wp-json\/wp\/v2\/factory?post=118543"},{"taxonomy":"free-shipment","embeddable":true,"href":"https:\/\/factory.sale\/fi\/wp-json\/wp\/v2\/free-shipment?post=118543"},{"taxonomy":"product_brand","embeddable":true,"href":"https:\/\/factory.sale\/fi\/wp-json\/wp\/v2\/product_brand?post=118543"},{"taxonomy":"product_cat","embeddable":true,"href":"https:\/\/factory.sale\/fi\/wp-json\/wp\/v2\/product_cat?post=118543"},{"taxonomy":"product_tag","embeddable":true,"href":"https:\/\/factory.sale\/fi\/wp-json\/wp\/v2\/product_tag?post=118543"}],"curies":[{"name":"wp","href":"https:\/\/api.w.org\/{rel}","templated":true}]}}