{"id":118528,"date":"2025-09-11T10:50:14","date_gmt":"2025-09-11T07:51:55","guid":{"rendered":"https:\/\/factory.sale\/?post_type=product&#038;p=118528"},"modified":"2025-09-15T14:25:45","modified_gmt":"2025-09-15T11:25:45","slug":"bauteq-imperbox","status":"publish","type":"product","link":"https:\/\/factory.sale\/fi\/tuote\/bauteq-imperbox\/","title":{"rendered":"Bauteq imperbox"},"content":{"rendered":"<p><strong>BAUTEQ IMPERBOX \u2013 K\u00e4ytt\u00f6valmis vedeneristysmassa<\/strong><\/p>\n<p>BAUTEQ Imperbox on korkealaatuinen, k\u00e4ytt\u00f6valmis vedeneristysmassa, joka on suunniteltu sis\u00e4tilojen m\u00e4rk\u00e4tilojen (kuten kylpyhuoneiden, pesutilojen ja keitti\u00f6iden) tiivist\u00e4miseen. Tuote muodostaa joustavan ja vesitiiviin kerroksen, joka suojaa alustaa kosteudelta ja vedelt\u00e4.<\/p>\n<p>&nbsp;<\/p>\n<p><strong>SAATAVILLA 2 KOKOA:<\/strong><\/p>\n<p>14 L (paino: 14 kg) \u2013 42,9 \u20ac (ilman alv)<\/p>\n<p>21 L (paino: 21 kg) \u2013 61,1 \u20ac (ilman alv)<\/p>\n<p>&nbsp;<\/p>\n<p>&nbsp;<\/p>\n<p><strong>Ominaisuudet:<\/strong><\/p>\n<ul>\n<li>Soveltuu betonille, rappaukselle, kipsilevylle, rakennuslevyille ja muille mineraalipinnoille.<\/li>\n<li>Muodostaa joustavan pinnoitteen, joka silloittaa mikrohalkeamat (halkeamien silloituskyky \u2265 0,75 mm).<\/li>\n<li>Eritt\u00e4in alhainen vedenimeytyminen (\u2264 0,4 %).<\/li>\n<li>Helppo levitt\u00e4\u00e4 siveltimell\u00e4, telalla tai lastalla.<\/li>\n<li>K\u00e4ytt\u00f6valmis \u2013 ei tarvitse sekoittaa.<\/li>\n<\/ul>\n<p>&nbsp;<\/p>\n<p><strong>Tekniset tiedot:<\/strong><\/p>\n<ul>\n<li>Tilavuus: 0,8\u20131,2 kg\/m\u00b2 (0,6\u20130,8 L\/m\u00b2)<\/li>\n<li>Kuivumisaika: 2 h (23 \u00b0C, 50 % RH)<\/li>\n<\/ul>\n<p>&nbsp;<\/p>\n<p><strong>K\u00e4ytt\u00f6kohteet:<\/strong><\/p>\n<p>Imperbox on ihanteellinen ratkaisu m\u00e4rk\u00e4tilojen seinille ja lattioille ennen laatoitusta tai pintak\u00e4sittely\u00e4. Se tarjoaa pitk\u00e4aikaisen suojan kosteusvaurioita vastaan ja parantaa alustan kest\u00e4vyytt\u00e4.<\/p>\n","protected":false},"excerpt":{"rendered":"<p><strong>BAUTEQ IMPERBOX \u2013 K\u00e4ytt\u00f6valmis vedeneristysmassa<\/strong><\/p>\n<p>BAUTEQ Imperbox on korkealaatuinen, k\u00e4ytt\u00f6valmis vedeneristysmassa, joka on suunniteltu sis\u00e4tilojen m\u00e4rk\u00e4tilojen (kuten kylpyhuoneiden, pesutilojen ja keitti\u00f6iden) tiivist\u00e4miseen. Tuote muodostaa joustavan ja vesitiiviin kerroksen, joka suojaa alustaa kosteudelta ja vedelt\u00e4.<\/p>\n<p>&nbsp;<\/p>\n","protected":false},"featured_media":118526,"comment_status":"open","ping_status":"closed","template":"","meta":{"_acf_changed":false},"factory":[],"free-shipment":[],"product_brand":[],"product_cat":[425],"product_tag":[],"class_list":{"0":"post-118528","1":"product","2":"type-product","3":"status-publish","4":"has-post-thumbnail","6":"product_cat-construction-chemistry-fi","8":"first","9":"instock","10":"sale","11":"taxable","12":"shipping-taxable","13":"purchasable","14":"product-type-simple"},"acf":[],"_links":{"self":[{"href":"https:\/\/factory.sale\/fi\/wp-json\/wp\/v2\/product\/118528","targetHints":{"allow":["GET"]}}],"collection":[{"href":"https:\/\/factory.sale\/fi\/wp-json\/wp\/v2\/product"}],"about":[{"href":"https:\/\/factory.sale\/fi\/wp-json\/wp\/v2\/types\/product"}],"replies":[{"embeddable":true,"href":"https:\/\/factory.sale\/fi\/wp-json\/wp\/v2\/comments?post=118528"}],"wp:featuredmedia":[{"embeddable":true,"href":"https:\/\/factory.sale\/fi\/wp-json\/wp\/v2\/media\/118526"}],"wp:attachment":[{"href":"https:\/\/factory.sale\/fi\/wp-json\/wp\/v2\/media?parent=118528"}],"wp:term":[{"taxonomy":"factory","embeddable":true,"href":"https:\/\/factory.sale\/fi\/wp-json\/wp\/v2\/factory?post=118528"},{"taxonomy":"free-shipment","embeddable":true,"href":"https:\/\/factory.sale\/fi\/wp-json\/wp\/v2\/free-shipment?post=118528"},{"taxonomy":"product_brand","embeddable":true,"href":"https:\/\/factory.sale\/fi\/wp-json\/wp\/v2\/product_brand?post=118528"},{"taxonomy":"product_cat","embeddable":true,"href":"https:\/\/factory.sale\/fi\/wp-json\/wp\/v2\/product_cat?post=118528"},{"taxonomy":"product_tag","embeddable":true,"href":"https:\/\/factory.sale\/fi\/wp-json\/wp\/v2\/product_tag?post=118528"}],"curies":[{"name":"wp","href":"https:\/\/api.w.org\/{rel}","templated":true}]}}