{"id":118522,"date":"2025-09-11T10:55:10","date_gmt":"2025-09-11T07:58:33","guid":{"rendered":"https:\/\/factory.sale\/?post_type=product&#038;p=118522"},"modified":"2025-09-15T14:23:52","modified_gmt":"2025-09-15T11:23:52","slug":"tartuntadispersio-bauteq-primer","status":"publish","type":"product","link":"https:\/\/factory.sale\/fi\/tuote\/tartuntadispersio-bauteq-primer\/","title":{"rendered":"Tartuntapohjamaali Bauteq Primer"},"content":{"rendered":"<p data-start=\"463\" data-end=\"572\"><strong>Tartuntapohjatiiviste betonin, rakennuslevyjen ja muiden kivipintojen pohjustamiseen<\/strong><\/p>\n<p>BAUTEQ Primer on erityisesti valittu tartuntapohjatiiviste, jossa yhdistyv\u00e4t optimaalinen hinta ja k\u00e4yttotehokkuus erilaisten kivipintojen pohjustamiseen. Sit\u00e4 k\u00e4ytet\u00e4\u00e4n my\u00f6s m\u00e4rk\u00e4tilaj\u00e4rjestelmiss\u00e4 Imperboxin vedeneristysmassalle pohjatiivisteen\u00e4 sek\u00e4 sein\u00e4pintojen p\u00f6ly\u00e4misen est\u00e4miseen ja heikkojen pintojen vahvistamiseen.<\/p>\n<p data-start=\"463\" data-end=\"572\"><strong>SAATAVILLA 2 KOKOA:<\/strong><\/p>\n<p data-start=\"463\" data-end=\"572\">10 L (paino: 11,8 kg) \u2013 29,9 \u20ac (ilman alv)<\/p>\n<p data-start=\"463\" data-end=\"572\">25 L (paino: 29,5 kg) \u2013 70,2 \u20ac (ilman alv)<\/p>\n<p>&nbsp;<\/p>\n<div class=\"_tableContainer_1rjym_1\">\n<div class=\"_tableWrapper_1rjym_13 group flex w-fit flex-col-reverse\" tabindex=\"-1\">\n<table class=\"w-fit min-w-(--thread-content-width)\" style=\"height: 205px;\" width=\"563\" data-start=\"44\" data-end=\"422\">\n<thead data-start=\"44\" data-end=\"96\">\n<tr data-start=\"44\" data-end=\"96\">\n<th data-start=\"44\" data-end=\"70\" data-col-size=\"sm\"><strong data-start=\"46\" data-end=\"65\">Tekniset tiedot<\/strong><\/th>\n<th data-start=\"70\" data-end=\"84\" data-col-size=\"sm\"><strong data-start=\"72\" data-end=\"83\">Yksikk\u00f6<\/strong><\/th>\n<th data-start=\"84\" data-end=\"96\" data-col-size=\"sm\"><strong data-start=\"86\" data-end=\"94\">Arvo<\/strong><\/th>\n<\/tr>\n<\/thead>\n<tbody data-start=\"151\" data-end=\"422\">\n<tr data-start=\"151\" data-end=\"203\">\n<td data-start=\"151\" data-end=\"177\" data-col-size=\"sm\">Tilavuus<\/td>\n<td data-start=\"177\" data-end=\"191\" data-col-size=\"sm\">m\u00b2 \/ L<\/td>\n<td data-start=\"191\" data-end=\"203\" data-col-size=\"sm\">8\u201320<\/td>\n<\/tr>\n<tr data-start=\"204\" data-end=\"257\">\n<td data-start=\"204\" data-end=\"231\" data-col-size=\"sm\">Lopullinen kuivumisaika<\/td>\n<td data-start=\"231\" data-end=\"245\" data-col-size=\"sm\">tuntia<\/td>\n<td data-start=\"245\" data-end=\"257\" data-col-size=\"sm\">1\u20133<\/td>\n<\/tr>\n<tr data-start=\"258\" data-end=\"311\">\n<td data-start=\"258\" data-end=\"285\" data-col-size=\"sm\">Tiheys<\/td>\n<td data-start=\"285\" data-end=\"299\" data-col-size=\"sm\">g\/cm\u00b3<\/td>\n<td data-start=\"299\" data-end=\"311\" data-col-size=\"sm\">1,03<\/td>\n<\/tr>\n<tr data-start=\"312\" data-end=\"365\">\n<td data-start=\"312\" data-end=\"339\" data-col-size=\"sm\">pH<\/td>\n<td data-start=\"339\" data-end=\"353\" data-col-size=\"sm\">\u2013<\/td>\n<td data-start=\"353\" data-end=\"365\" data-col-size=\"sm\">7\u20138<\/td>\n<\/tr>\n<tr data-start=\"366\" data-end=\"422\">\n<td data-start=\"366\" data-end=\"393\" data-col-size=\"sm\">V\u00e4ri<\/td>\n<td data-start=\"393\" data-end=\"407\" data-col-size=\"sm\">\u2013<\/td>\n<td data-start=\"407\" data-end=\"422\" data-col-size=\"sm\">Keltainen<\/td>\n<\/tr>\n<\/tbody>\n<\/table>\n<\/div>\n<\/div>\n<p data-start=\"574\" data-end=\"656\"><em data-start=\"574\" data-end=\"654\">Annetut parametrit on mitattu 23 \u00b0C ja 50 % suhteellisessa kosteudessa.<\/em><\/p>\n<p data-start=\"658\" data-end=\"719\">BAUTEQ tartuntapohjamaali ei ole tarkoitettu k\u00e4ytett\u00e4v\u00e4ksi seosaineena.<\/p>\n<p data-start=\"726\" data-end=\"745\"><strong data-start=\"726\" data-end=\"743\">K\u00e4ytt\u00f6kohteet<\/strong><\/p>\n<ul data-start=\"746\" data-end=\"1131\">\n<li data-start=\"746\" data-end=\"825\">\n<p data-start=\"748\" data-end=\"825\">Lattia- ja sein\u00e4pintojen pohjustamiseen ennen tasoite- tai laastikerroksia.<\/p>\n<\/li>\n<li data-start=\"826\" data-end=\"894\">\n<p data-start=\"828\" data-end=\"894\">Lattiapintojen vahvistamiseen ja kulutuskest\u00e4vyyden lis\u00e4\u00e4miseen.<\/p>\n<\/li>\n<li data-start=\"895\" data-end=\"1012\">\n<p data-start=\"897\" data-end=\"1012\">Rappauspintojen vahvistamiseen ja tartunnan parantamiseen ennen pinnoitteiden tai pintak\u00e4sittelyjen levitt\u00e4mist\u00e4.<\/p>\n<\/li>\n<li data-start=\"1013\" data-end=\"1075\">\n<p data-start=\"1015\" data-end=\"1075\">Ongelmallisten alustojen vahvistamiseen ennen laatoitusta.<\/p>\n<\/li>\n<li data-start=\"1076\" data-end=\"1131\">\n<p data-start=\"1078\" data-end=\"1131\">Kivipintojen suojaamiseen vett\u00e4 ja em\u00e4st\u00e4 vastaan.<\/p>\n<\/li>\n<\/ul>\n<p data-start=\"1138\" data-end=\"1255\"><strong data-start=\"1138\" data-end=\"1157\">Sopivat alustat<\/strong><\/p>\n<p data-start=\"1138\" data-end=\"1255\">Betoni, laasti, tiili, luonnonkivi, kevytbetoni, puu ja lastulevyt, polymeerimateriaalit jne.<\/p>\n<p data-start=\"1262\" data-end=\"1464\"><strong data-start=\"1262\" data-end=\"1282\">K\u00e4ytt\u00f6olosuhteet<\/strong><\/p>\n<p data-start=\"1262\" data-end=\"1464\">Ymp\u00e4rist\u00f6n ja alustan l\u00e4mp\u00f6tila v\u00e4hint\u00e4\u00e4n +10 \u00b0C, suhteellinen kosteus enint\u00e4\u00e4n 80 %.<br data-start=\"1370\" data-end=\"1373\" \/>Alustan tulee olla puhdas, kuiva ja p\u00f6lyt\u00f6n. Levitys telalla, ruiskulla tai siveltimell\u00e4.<\/p>\n<p data-start=\"1471\" data-end=\"1487\"><strong data-start=\"1471\" data-end=\"1485\">K\u00e4ytt\u00f6ohje<\/strong><\/p>\n<p data-start=\"1489\" data-end=\"1501\"><em data-start=\"1489\" data-end=\"1499\">Lattiat:<\/em><\/p>\n<ol data-start=\"1502\" data-end=\"1793\">\n<li data-start=\"1502\" data-end=\"1612\">\n<p data-start=\"1505\" data-end=\"1612\">Tasoitettavat lattiat (pohjustus tartunnan parantamiseksi ennen tasoitusta): tiiviste: vesi = 1:3 \u2013 1:5<\/p>\n<\/li>\n<li data-start=\"1613\" data-end=\"1727\">\n<p data-start=\"1616\" data-end=\"1727\">Betonipinnoitteet, k\u00e4sin tasoitettavat lattiat (vahvistaminen ja kulutuskest\u00e4vyyden parantaminen): 1:3 \u2013 1:10<\/p>\n<\/li>\n<li data-start=\"1728\" data-end=\"1793\">\n<p data-start=\"1731\" data-end=\"1793\">Betonilattiat (heikkojen pintojen vahvistaminen): 1:5 \u2013 1:10<\/p>\n<\/li>\n<\/ol>\n<p data-start=\"1795\" data-end=\"1815\"><em data-start=\"1795\" data-end=\"1813\">Sein\u00e4t ja katot:<\/em><\/p>\n<ol data-start=\"1816\" data-end=\"2147\">\n<li data-start=\"1816\" data-end=\"1879\">\n<p data-start=\"1819\" data-end=\"1879\">Rappaus (tartunnan parantaminen): 1:3 \u2013 1:10 tai jopa 1:15<\/p>\n<\/li>\n<li data-start=\"1880\" data-end=\"1937\">\n<p data-start=\"1883\" data-end=\"1937\">Sementtilaastit 1\u20135 mm (tartunnan parantaminen): 1:3<\/p>\n<\/li>\n<li data-start=\"1938\" data-end=\"1996\">\n<p data-start=\"1941\" data-end=\"1996\">Sementtilaastit 5\u201320 mm (tartunnan parantaminen): 1:5<\/p>\n<\/li>\n<li data-start=\"1997\" data-end=\"2147\">\n<p data-start=\"2000\" data-end=\"2147\">Rappaus- ja kalkkipinnat (heikkojen pintojen vahvistaminen, levitet\u00e4\u00e4n harjalla\/siveltimell\u00e4 ja annetaan kuivua): 1:10, kalkkipinnoilla jopa 1:20<\/p>\n<\/li>\n<\/ol>\n<p data-start=\"2149\" data-end=\"2222\">Imem\u00e4tt\u00f6mill\u00e4 pinnoilla k\u00e4ytett\u00e4v\u00e4 laimentamatonta tartuntapohjustetta.<\/p>\n<p data-start=\"2224\" data-end=\"2374\">Ennen BAUTEQ Imperbox -vedeneristysmassan levitt\u00e4mist\u00e4 imukykyiset lattia- ja sein\u00e4pinnat tulee pohjustaa edell\u00e4 mainittujen ohjeiden mukaisesti.<\/p>\n<p data-start=\"2376\" data-end=\"2598\">Ty\u00f6liuoksen valmistus: BAUTEQ tiiviste sekoitetaan veteen yll\u00e4 mainituissa suhteissa. Pohjustuksessa levitet\u00e4\u00e4n siten, ettei pinnalle j\u00e4\u00e4 lammikoita. Pintojen vahvistuksessa irtonainen p\u00f6ly on poistettava ennen k\u00e4sittely\u00e4.<\/p>\n<p data-start=\"2605\" data-end=\"2776\"><strong data-start=\"2605\" data-end=\"2620\">Varastointi<\/strong><\/p>\n<p data-start=\"2605\" data-end=\"2776\">S\u00e4ilyvyysaika 24 kk valmistusp\u00e4iv\u00e4st\u00e4, jos s\u00e4ilytet\u00e4\u00e4n kuivassa paikassa, suljetussa alkuper\u00e4ispakkauksessa +5 \u00b0C \u2013 +30 \u00b0C. Tuote on herkk\u00e4 pakkaselle!<\/p>\n<p data-start=\"2783\" data-end=\"3009\"><strong data-start=\"2783\" data-end=\"2805\">Turvallisuusohjeet<\/strong><\/p>\n<p data-start=\"2783\" data-end=\"3009\">V\u00e4ltett\u00e4v\u00e4 aineen joutumista iholle ja silmiin. K\u00e4yt\u00e4 sopivia suojak\u00e4sineit\u00e4 ja silm\u00e4-\/kasvonsuojainta.<br data-start=\"2911\" data-end=\"2914\" \/>V\u00e4lt\u00e4 ihokosketusta. Tarkemmat tiedot l\u00f6ytyv\u00e4t tuotteen k\u00e4ytt\u00f6turvallisuustiedotteesta (SDS).<\/p>\n","protected":false},"excerpt":{"rendered":"<ul>\n<li>K\u00e4ytet\u00e4\u00e4n vedeneristysmassan VEEPIDUR pohjusteena.<\/li>\n<li>Soveltuu lattioille, katoille ja sein\u00e4pinnoille sek\u00e4 sis\u00e4- ett\u00e4 ulkok\u00e4ytt\u00f6\u00f6n.<\/li>\n<li>Laimennetaan vedell\u00e4 suhteessa 1:3 \u2013 1:10.<\/li>\n<li>Vaikuttava aine: akryylipolymeeri.<\/li>\n<\/ul>\n","protected":false},"featured_media":118494,"comment_status":"open","ping_status":"closed","template":"","meta":{"_acf_changed":false},"factory":[],"free-shipment":[],"product_brand":[],"product_cat":[425,430],"product_tag":[523],"class_list":{"0":"post-118522","1":"product","2":"type-product","3":"status-publish","4":"has-post-thumbnail","6":"product_cat-construction-chemistry-fi","7":"product_cat-pohjamaalit-ja-maalit","8":"product_tag-primer-fi","10":"first","11":"instock","12":"sale","13":"taxable","14":"shipping-taxable","15":"purchasable","16":"product-type-simple"},"acf":[],"_links":{"self":[{"href":"https:\/\/factory.sale\/fi\/wp-json\/wp\/v2\/product\/118522","targetHints":{"allow":["GET"]}}],"collection":[{"href":"https:\/\/factory.sale\/fi\/wp-json\/wp\/v2\/product"}],"about":[{"href":"https:\/\/factory.sale\/fi\/wp-json\/wp\/v2\/types\/product"}],"replies":[{"embeddable":true,"href":"https:\/\/factory.sale\/fi\/wp-json\/wp\/v2\/comments?post=118522"}],"wp:featuredmedia":[{"embeddable":true,"href":"https:\/\/factory.sale\/fi\/wp-json\/wp\/v2\/media\/118494"}],"wp:attachment":[{"href":"https:\/\/factory.sale\/fi\/wp-json\/wp\/v2\/media?parent=118522"}],"wp:term":[{"taxonomy":"factory","embeddable":true,"href":"https:\/\/factory.sale\/fi\/wp-json\/wp\/v2\/factory?post=118522"},{"taxonomy":"free-shipment","embeddable":true,"href":"https:\/\/factory.sale\/fi\/wp-json\/wp\/v2\/free-shipment?post=118522"},{"taxonomy":"product_brand","embeddable":true,"href":"https:\/\/factory.sale\/fi\/wp-json\/wp\/v2\/product_brand?post=118522"},{"taxonomy":"product_cat","embeddable":true,"href":"https:\/\/factory.sale\/fi\/wp-json\/wp\/v2\/product_cat?post=118522"},{"taxonomy":"product_tag","embeddable":true,"href":"https:\/\/factory.sale\/fi\/wp-json\/wp\/v2\/product_tag?post=118522"}],"curies":[{"name":"wp","href":"https:\/\/api.w.org\/{rel}","templated":true}]}}