{"id":118484,"date":"2025-09-11T11:03:15","date_gmt":"2025-09-11T08:08:32","guid":{"rendered":"https:\/\/factory.sale\/?post_type=product&#038;p=118484"},"modified":"2025-09-15T14:19:26","modified_gmt":"2025-09-15T11:19:26","slug":"bauteq-tartuntadispersio","status":"publish","type":"product","link":"https:\/\/factory.sale\/fi\/tuote\/bauteq-tartuntadispersio\/","title":{"rendered":"Bauteq tartuntapohjamaali"},"content":{"rendered":"<p>Tartuntapohjamaalin tiiviste betonin, kivipintojen ja rakennuslevyjen pohjustamiseen sek\u00e4 seosaineeksi.<br \/>\nBAUTEQ tartuntapohjamaali on konsentroitu tiiviste erilaisten kivipintojen ja muiden materiaalien k\u00e4sittelyyn. Se soveltuu hyvin kaikkiin sementtipohjaisiin j\u00e4rjestelmiin ja sit\u00e4 voidaan k\u00e4ytt\u00e4\u00e4 seosaineena, sein\u00e4pintojen p\u00f6ly\u00e4misen est\u00e4miseen sek\u00e4 heikkojen pintojen vahvistamiseen. BAUTEQ tartuntapohjamaali on vinyyliasetaattikopolymeeri, joka tunnetaan v\u00e4h\u00e4hajuisena sideaineena.<\/p>\n<p>&nbsp;<\/p>\n<p><strong>SAATAVILLA 2 KOKOA:<\/strong><\/p>\n<p>10 L (paino: 11,8 kg) \u2013 39 \u20ac (ilman alv)<\/p>\n<p>25 L (paino: 29,5 kg) \u2013 93,6 \u20ac (ilman alv)<\/p>\n<p>&nbsp;<\/p>\n<div class=\"_tableContainer_1rjym_1\">\n<div class=\"_tableWrapper_1rjym_13 group flex w-fit flex-col-reverse\" tabindex=\"-1\">\n<table class=\"w-fit min-w-(--thread-content-width)\" style=\"height: 202px;\" width=\"629\" data-start=\"727\" data-end=\"917\">\n<thead data-start=\"727\" data-end=\"773\">\n<tr data-start=\"727\" data-end=\"773\">\n<th data-start=\"727\" data-end=\"747\" data-col-size=\"sm\"><strong data-start=\"727\" data-end=\"746\">Tekniset tiedot<\/strong><\/th>\n<th data-start=\"747\" data-end=\"761\" data-col-size=\"sm\"><strong data-start=\"749\" data-end=\"760\">Yksikk\u00f6<\/strong><\/th>\n<th data-start=\"761\" data-end=\"773\" data-col-size=\"sm\"><strong data-start=\"763\" data-end=\"771\">Arvo<\/strong><\/th>\n<\/tr>\n<\/thead>\n<tbody data-start=\"788\" data-end=\"917\">\n<tr data-start=\"788\" data-end=\"814\">\n<td data-start=\"788\" data-end=\"796\" data-col-size=\"sm\">Tilavuus<\/td>\n<td data-start=\"796\" data-end=\"805\" data-col-size=\"sm\">m\u00b2 \/ L<\/td>\n<td data-start=\"805\" data-end=\"814\" data-col-size=\"sm\">15\u201350<\/td>\n<\/tr>\n<tr data-start=\"815\" data-end=\"855\">\n<td data-start=\"815\" data-end=\"839\" data-col-size=\"sm\">Lopullinen kuivumisaika<\/td>\n<td data-start=\"839\" data-end=\"848\" data-col-size=\"sm\">tuntia<\/td>\n<td data-start=\"848\" data-end=\"855\" data-col-size=\"sm\">1\u20133<\/td>\n<\/tr>\n<tr data-start=\"856\" data-end=\"879\">\n<td data-start=\"856\" data-end=\"863\" data-col-size=\"sm\">Tiheys<\/td>\n<td data-start=\"863\" data-end=\"871\" data-col-size=\"sm\">g\/cm\u00b3<\/td>\n<td data-start=\"871\" data-end=\"879\" data-col-size=\"sm\">1,04<\/td>\n<\/tr>\n<tr data-start=\"880\" data-end=\"894\">\n<td data-start=\"880\" data-end=\"883\" data-col-size=\"sm\">pH<\/td>\n<td data-start=\"883\" data-end=\"887\" data-col-size=\"sm\">\u2013<\/td>\n<td data-start=\"887\" data-end=\"894\" data-col-size=\"sm\">7\u20138<\/td>\n<\/tr>\n<tr data-start=\"895\" data-end=\"917\">\n<td data-start=\"895\" data-end=\"900\" data-col-size=\"sm\">V\u00e4ri<\/td>\n<td data-start=\"900\" data-end=\"904\" data-col-size=\"sm\">\u2013<\/td>\n<td data-start=\"904\" data-end=\"917\" data-col-size=\"sm\">Valkoinen<\/td>\n<\/tr>\n<\/tbody>\n<\/table>\n<\/div>\n<\/div>\n<p data-start=\"919\" data-end=\"1001\"><em>Annetut parametrit on mitattu 23 \u00b0C ja 50 % suhteellisessa kosteudessa.<\/em><\/p>\n<p><strong>K\u00e4ytt\u00f6kohteet<\/strong><\/p>\n<ul>\n<li>Lattia- ja sein\u00e4pintojen pohjustamiseen ennen tasoite- tai laastikerroksia.<\/li>\n<li>Betonin ja laastin lis\u00e4aineena tartunnan ja kulutuskest\u00e4vyyden parantamiseksi.<\/li>\n<li>Rappauspintojen vahvistamiseen ja tartunnan parantamiseen ennen pinnoitteiden tai pintak\u00e4sittelyjen levityst\u00e4.<\/li>\n<li>Ongelmallisten alustojen vahvistamiseen ennen laatoitusta.<\/li>\n<li>Kivipintojen suojaamiseen vedelt\u00e4 ja em\u00e4kselt\u00e4.<\/li>\n<\/ul>\n<p>&nbsp;<\/p>\n<p><strong>Sopivat alustat<\/strong><\/p>\n<p>Betoni, laasti, tiili, luonnonkivi, kevytbetoni, puu ja lastulevyt, polymeerimateriaalit jne.<\/p>\n<p>&nbsp;<\/p>\n<p><strong>Ominaisuudet<\/strong><br \/>\n<strong>Pohjusteena:<\/strong><\/p>\n<ul>\n<li>Eritt\u00e4in hyv\u00e4 tartunta alustaan ja tasoitteeseen<\/li>\n<li>Hyv\u00e4 kest\u00e4vyys vett\u00e4 ja em\u00e4st\u00e4 vastaan<\/li>\n<li>Eritt\u00e4in hyv\u00e4 elastisuus ja kest\u00e4vyys veto- ja puristusrasituksia vastaan my\u00f6s kosteissa olosuhteissa<\/li>\n<\/ul>\n<p><strong>Betonin ja laastin lis\u00e4aineena:<\/strong><\/p>\n<ul>\n<li>Parantaa seoksen ty\u00f6stett\u00e4vyytt\u00e4 ja muita ominaisuuksia<\/li>\n<li>Parantaa tartuntaa alustaan<\/li>\n<li>Lis\u00e4\u00e4 elastisuutta ja kulutuskest\u00e4vyytt\u00e4, tekee pinnasta p\u00f6ly\u00e4m\u00e4tt\u00f6m\u00e4n<\/li>\n<li>Lis\u00e4\u00e4 kest\u00e4vyytt\u00e4 vett\u00e4 ja alifaattisia hiilivetyj\u00e4 vastaan<\/li>\n<li>Parantaa ohuiden kerrosten varhaislujuutta kuivissa olosuhteissa<\/li>\n<\/ul>\n<p><strong>Alustat:<\/strong><\/p>\n<ul>\n<li>Betoni, tasoitteet, rappauslaastit, tiili, luonnonkivi ym.<\/li>\n<li>Puu ja puupohjaiset materiaalit<\/li>\n<li>Polymeeripinnat (maalikerros, linoleumi, polymeeripinnoitteet)<\/li>\n<\/ul>\n<p><strong>K\u00e4ytt\u00f6olosuhteet<\/strong><\/p>\n<p>Ymp\u00e4rist\u00f6n ja alustan l\u00e4mp\u00f6tila v\u00e4hint\u00e4\u00e4n +10 \u00b0C, suhteellinen kosteus enint\u00e4\u00e4n 80 %.<br \/>\nK\u00e4sitelt\u00e4v\u00e4n pinnan tulee olla puhdas, kuiva ja p\u00f6lyt\u00f6n. Levitys telalla, ruiskulla tai siveltimell\u00e4.<\/p>\n<p data-start=\"2546\" data-end=\"2562\"><strong data-start=\"2546\" data-end=\"2560\">K\u00e4ytt\u00f6ohje<\/strong><\/p>\n<p data-start=\"2564\" data-end=\"2581\">Lattiapinnat:<\/p>\n<ol data-start=\"2582\" data-end=\"2857\">\n<li data-start=\"2582\" data-end=\"2693\">\n<p data-start=\"2585\" data-end=\"2693\">Tasoitettavat lattiat (pohjustus tartunnan parantamiseksi ennen tasoitusta): dispersio : vesi = 1:3 \u2013 1:10<\/p>\n<\/li>\n<li data-start=\"2694\" data-end=\"2795\">\n<p data-start=\"2697\" data-end=\"2795\">Betonipinnoitteet, k\u00e4sin tasoitettavat lattiat (vahvistus ja tartunnan parantaminen): 1:5 \u2013 1:10<\/p>\n<\/li>\n<li data-start=\"2796\" data-end=\"2857\">\n<p data-start=\"2799\" data-end=\"2857\">Betonilattiat (heikkojen pintojen vahvistus): 1:5 \u2013 1:10<\/p>\n<\/li>\n<\/ol>\n<p data-start=\"2859\" data-end=\"2879\">Sein\u00e4t ja katot:<\/p>\n<ol data-start=\"2880\" data-end=\"3167\">\n<li data-start=\"2880\" data-end=\"2943\">\n<p data-start=\"2883\" data-end=\"2943\">Rappaus (tartunnan parantaminen): 1:5 \u2013 1:10 tai jopa 1:15<\/p>\n<\/li>\n<li data-start=\"2944\" data-end=\"3018\">\n<p data-start=\"2947\" data-end=\"3018\">Sementtilaastit 1\u20135 mm \/ 5\u201320 mm (tartunnan parantaminen): 1:5 \u2013 1:10<\/p>\n<\/li>\n<li data-start=\"3019\" data-end=\"3167\">\n<p data-start=\"3022\" data-end=\"3167\">Rappaus- ja kalkkipinnat (heikkojen pintojen vahvistus, levit\u00e4 tiiviste harjalla\/siveltimell\u00e4 ja anna kuivua): 1:10, kalkkipinnoilla jopa 1:20<\/p>\n<\/li>\n<\/ol>\n<p data-start=\"3169\" data-end=\"3204\">Betonin ja laastin lis\u00e4aineena:<\/p>\n<ul data-start=\"3205\" data-end=\"3255\">\n<li data-start=\"3205\" data-end=\"3255\">\n<p data-start=\"3207\" data-end=\"3255\">Lis\u00e4\u00e4m\u00e4ll\u00e4 sekoitusveteen suhteessa 1:5 \u2013 1:20<\/p>\n<\/li>\n<\/ul>\n<p data-start=\"3257\" data-end=\"3330\">Imem\u00e4tt\u00f6mill\u00e4 pinnoilla k\u00e4ytett\u00e4v\u00e4 laimentamatonta tartuntapohjustetta.<\/p>\n<p data-start=\"3257\" data-end=\"3330\"><strong>Ty\u00f6liuoksen valmistus<\/strong><\/p>\n<p data-start=\"3257\" data-end=\"3330\">BAUTEQ tartuntapohjamaali sekoitetaan veteen yll\u00e4 mainituissa suhteissa. Pohjustuksessa levitet\u00e4\u00e4n niin, ettei pinnalle j\u00e4\u00e4 lammikoita. Pintojen vahvistuksessa irtonainen p\u00f6ly poistetaan ennen k\u00e4sittely\u00e4.<\/p>\n<p data-start=\"3257\" data-end=\"3330\"><strong>Varastointi<\/strong><\/p>\n<p data-start=\"3257\" data-end=\"3330\">S\u00e4ilyvyysaika 24 kk valmistusp\u00e4iv\u00e4st\u00e4, jos s\u00e4ilytet\u00e4\u00e4n kuivassa paikassa, suljetussa alkuper\u00e4ispakkauksessa +5 \u00b0C \u2013 +30 \u00b0C. Tuote on herkk\u00e4 pakkaselle!<\/p>\n<p data-start=\"3257\" data-end=\"3330\"><strong>Turvallisuusohjeet<\/strong><\/p>\n<p data-start=\"3257\" data-end=\"3330\">V\u00e4ltett\u00e4v\u00e4 aineen joutumista iholle ja silmiin. K\u00e4yt\u00e4 sopivia suojak\u00e4sineit\u00e4 ja silm\u00e4-\/kasvonsuojainta. V\u00e4lt\u00e4 ihokosketusta. Tarkemmat tiedot l\u00f6ytyv\u00e4t tuotteen k\u00e4ytt\u00f6turvallisuustiedotteesta (SDS).<\/p>\n<p data-start=\"3257\" data-end=\"3330\">\n","protected":false},"excerpt":{"rendered":"<ul>\n<li>Klassisesti korkealaatuinen, konsentroitu ratkaisu betonin ja kivipintojen pohjustamiseen.<\/li>\n<li>K\u00e4ytet\u00e4\u00e4n laatoitus- ja valuty\u00f6ss\u00e4 sek\u00e4 heikkojen pintojen vahvistamiseen ja sementtiseosten lis\u00e4aineena.<\/li>\n<li>Soveltuu lattioille, katoille ja sein\u00e4pinnoille sek\u00e4 sis\u00e4- ett\u00e4 ulkok\u00e4ytt\u00f6\u00f6n.<\/li>\n<li>Laimennetaan vedell\u00e4 suhteessa 1:5 \u2013 1:20.<\/li>\n<li>Vaikuttava aine: vinyyliasetaattikopolymeeri.<\/li>\n<\/ul>\n","protected":false},"featured_media":118480,"comment_status":"open","ping_status":"closed","template":"","meta":{"_acf_changed":false},"factory":[],"free-shipment":[],"product_brand":[],"product_cat":[425],"product_tag":[],"class_list":{"0":"post-118484","1":"product","2":"type-product","3":"status-publish","4":"has-post-thumbnail","6":"product_cat-construction-chemistry-fi","8":"first","9":"instock","10":"sale","11":"taxable","12":"shipping-taxable","13":"purchasable","14":"product-type-simple"},"acf":[],"_links":{"self":[{"href":"https:\/\/factory.sale\/fi\/wp-json\/wp\/v2\/product\/118484","targetHints":{"allow":["GET"]}}],"collection":[{"href":"https:\/\/factory.sale\/fi\/wp-json\/wp\/v2\/product"}],"about":[{"href":"https:\/\/factory.sale\/fi\/wp-json\/wp\/v2\/types\/product"}],"replies":[{"embeddable":true,"href":"https:\/\/factory.sale\/fi\/wp-json\/wp\/v2\/comments?post=118484"}],"wp:featuredmedia":[{"embeddable":true,"href":"https:\/\/factory.sale\/fi\/wp-json\/wp\/v2\/media\/118480"}],"wp:attachment":[{"href":"https:\/\/factory.sale\/fi\/wp-json\/wp\/v2\/media?parent=118484"}],"wp:term":[{"taxonomy":"factory","embeddable":true,"href":"https:\/\/factory.sale\/fi\/wp-json\/wp\/v2\/factory?post=118484"},{"taxonomy":"free-shipment","embeddable":true,"href":"https:\/\/factory.sale\/fi\/wp-json\/wp\/v2\/free-shipment?post=118484"},{"taxonomy":"product_brand","embeddable":true,"href":"https:\/\/factory.sale\/fi\/wp-json\/wp\/v2\/product_brand?post=118484"},{"taxonomy":"product_cat","embeddable":true,"href":"https:\/\/factory.sale\/fi\/wp-json\/wp\/v2\/product_cat?post=118484"},{"taxonomy":"product_tag","embeddable":true,"href":"https:\/\/factory.sale\/fi\/wp-json\/wp\/v2\/product_tag?post=118484"}],"curies":[{"name":"wp","href":"https:\/\/api.w.org\/{rel}","templated":true}]}}