{"id":118178,"date":"2025-09-01T20:37:47","date_gmt":"2025-09-01T17:37:48","guid":{"rendered":"https:\/\/factory.sale\/?post_type=product&#038;p=118178"},"modified":"2025-09-19T15:45:17","modified_gmt":"2025-09-19T12:45:17","slug":"tulpallinen-tynnyri-200l","status":"publish","type":"product","link":"https:\/\/factory.sale\/fi\/tuote\/tulpallinen-tynnyri-200l\/","title":{"rendered":"Tulpallinen tynnyri &#8211; 200L"},"content":{"rendered":"<p>Tulpallinen tynnyri &#8211; 200L<\/p>\n<p><img loading=\"lazy\" decoding=\"async\" class=\"alignnone size-medium wp-image-118953\" src=\"https:\/\/factory.sale\/wp-content\/uploads\/2025\/09\/factory-sale-products-IMG_6095-300x225.jpg\" alt=\"\" width=\"300\" height=\"225\" srcset=\"https:\/\/factory.sale\/wp-content\/uploads\/2025\/09\/factory-sale-products-IMG_6095-300x225.jpg 300w, https:\/\/factory.sale\/wp-content\/uploads\/2025\/09\/factory-sale-products-IMG_6095-1024x768.jpg 1024w, https:\/\/factory.sale\/wp-content\/uploads\/2025\/09\/factory-sale-products-IMG_6095-150x113.jpg 150w, https:\/\/factory.sale\/wp-content\/uploads\/2025\/09\/factory-sale-products-IMG_6095-768x576.jpg 768w, https:\/\/factory.sale\/wp-content\/uploads\/2025\/09\/factory-sale-products-IMG_6095-1536x1152.jpg 1536w, https:\/\/factory.sale\/wp-content\/uploads\/2025\/09\/factory-sale-products-IMG_6095-600x450.jpg 600w, https:\/\/factory.sale\/wp-content\/uploads\/2025\/09\/factory-sale-products-IMG_6095.jpg 1680w\" sizes=\"auto, (max-width: 300px) 100vw, 300px\" \/><\/p>\n<p><strong>Tekniset tiedot:<\/strong><\/p>\n<p><strong>Korkeus:<\/strong>\u00a0620 mm<\/p>\n<p><strong>Halkaisija:<\/strong>\u00a0400 mm<\/p>\n<p><strong>Paino:<\/strong> 20 kg<\/p>\n<p><strong>Vaarallisten tuotteiden sertifikaatti<\/strong><\/p>\n<p><img loading=\"lazy\" decoding=\"async\" class=\"alignnone size-medium wp-image-119180\" src=\"https:\/\/factory.sale\/wp-content\/uploads\/2025\/09\/factory-sale-products-IMG_3698-225x300.jpg\" alt=\"\" width=\"225\" height=\"300\" srcset=\"https:\/\/factory.sale\/wp-content\/uploads\/2025\/09\/factory-sale-products-IMG_3698-225x300.jpg 225w, https:\/\/factory.sale\/wp-content\/uploads\/2025\/09\/factory-sale-products-IMG_3698-768x1024.jpg 768w, https:\/\/factory.sale\/wp-content\/uploads\/2025\/09\/factory-sale-products-IMG_3698-112x150.jpg 112w, https:\/\/factory.sale\/wp-content\/uploads\/2025\/09\/factory-sale-products-IMG_3698-1152x1536.jpg 1152w, https:\/\/factory.sale\/wp-content\/uploads\/2025\/09\/factory-sale-products-IMG_3698-600x800.jpg 600w, https:\/\/factory.sale\/wp-content\/uploads\/2025\/09\/factory-sale-products-IMG_3698.jpg 1400w\" sizes=\"auto, (max-width: 225px) 100vw, 225px\" \/> <img loading=\"lazy\" decoding=\"async\" class=\"alignnone size-medium wp-image-119189\" src=\"https:\/\/factory.sale\/wp-content\/uploads\/2025\/09\/factory-sale-products-IMG_3700-225x300.jpg\" alt=\"\" width=\"225\" height=\"300\" srcset=\"https:\/\/factory.sale\/wp-content\/uploads\/2025\/09\/factory-sale-products-IMG_3700-225x300.jpg 225w, https:\/\/factory.sale\/wp-content\/uploads\/2025\/09\/factory-sale-products-IMG_3700-768x1024.jpg 768w, https:\/\/factory.sale\/wp-content\/uploads\/2025\/09\/factory-sale-products-IMG_3700-112x150.jpg 112w, https:\/\/factory.sale\/wp-content\/uploads\/2025\/09\/factory-sale-products-IMG_3700-1152x1536.jpg 1152w, https:\/\/factory.sale\/wp-content\/uploads\/2025\/09\/factory-sale-products-IMG_3700-600x800.jpg 600w, https:\/\/factory.sale\/wp-content\/uploads\/2025\/09\/factory-sale-products-IMG_3700.jpg 1400w\" sizes=\"auto, (max-width: 225px) 100vw, 225px\" \/><\/p>\n<p><span style=\"font-weight: 400;\">Tutustu samankaltaisiin tuotteisiin t\u00e4\u00e4ll\u00e4: <\/span><a href=\"https:\/\/factory.sale\/fi\/tuote-osasto\/piha-puutarha-fi\/teollisuussailiot\/\"><i><span style=\"font-weight: 400;\">\u201cTeollisuuss\u00e4ili\u00f6t\u201d<\/span><\/i><\/a><\/p>\n<p><span style=\"font-weight: 400;\">Katso teollisuus s\u00e4ili\u00f6iden laadunhallintaj\u00e4rjestelm\u00e4n <\/span><a href=\"https:\/\/www.iso.org\/standard\/62085.html\" target=\"_blank\" rel=\"noopener\"><span style=\"font-weight: 400;\">ISO 9001 &#8211; standardin seloste<\/span><\/a><\/p>\n<p><em><strong>Etk\u00f6 ole varma, mink\u00e4 s\u00e4ili\u00f6n valitsisit? Blogikirjoituksemme \u201c<a href=\"https:\/\/factory.sale\/fi\/blog\/kuinka-valita-oikea-sailio\/\" target=\"_blank\" rel=\"noopener\">Kuinka valita oikea s\u00e4ili\u00f6<\/a>\u201d selitt\u00e4\u00e4 askel askeleelta, mit\u00e4 tulee ottaa huomioon uutta s\u00e4ili\u00f6t\u00e4 valitessa. Tutustu nyt!<\/strong><\/em><\/p>\n","protected":false},"excerpt":{"rendered":"<p><strong>Tekniset tiedot:<\/strong><\/p>\n<p><strong>Korkeus:<\/strong>\u00a0620 mm<\/p>\n<p><strong>Halkaisija:<\/strong>\u00a0400 mm<\/p>\n<p><strong>Paino:<\/strong> 20 kg<\/p>\n<p><strong>Vaarallisten tuotteiden sertifikaatti<\/strong><\/p>\n","protected":false},"featured_media":118196,"comment_status":"open","ping_status":"closed","template":"","meta":{"_acf_changed":false},"factory":[],"free-shipment":[],"product_brand":[],"product_cat":[997,3045],"product_tag":[],"class_list":{"0":"post-118178","1":"product","2":"type-product","3":"status-publish","4":"has-post-thumbnail","6":"product_cat-piha-puutarha-fi","7":"product_cat-teollisuussailiot","9":"first","10":"instock","11":"sale","12":"taxable","13":"shipping-taxable","14":"purchasable","15":"product-type-simple"},"acf":[],"_links":{"self":[{"href":"https:\/\/factory.sale\/fi\/wp-json\/wp\/v2\/product\/118178","targetHints":{"allow":["GET"]}}],"collection":[{"href":"https:\/\/factory.sale\/fi\/wp-json\/wp\/v2\/product"}],"about":[{"href":"https:\/\/factory.sale\/fi\/wp-json\/wp\/v2\/types\/product"}],"replies":[{"embeddable":true,"href":"https:\/\/factory.sale\/fi\/wp-json\/wp\/v2\/comments?post=118178"}],"wp:featuredmedia":[{"embeddable":true,"href":"https:\/\/factory.sale\/fi\/wp-json\/wp\/v2\/media\/118196"}],"wp:attachment":[{"href":"https:\/\/factory.sale\/fi\/wp-json\/wp\/v2\/media?parent=118178"}],"wp:term":[{"taxonomy":"factory","embeddable":true,"href":"https:\/\/factory.sale\/fi\/wp-json\/wp\/v2\/factory?post=118178"},{"taxonomy":"free-shipment","embeddable":true,"href":"https:\/\/factory.sale\/fi\/wp-json\/wp\/v2\/free-shipment?post=118178"},{"taxonomy":"product_brand","embeddable":true,"href":"https:\/\/factory.sale\/fi\/wp-json\/wp\/v2\/product_brand?post=118178"},{"taxonomy":"product_cat","embeddable":true,"href":"https:\/\/factory.sale\/fi\/wp-json\/wp\/v2\/product_cat?post=118178"},{"taxonomy":"product_tag","embeddable":true,"href":"https:\/\/factory.sale\/fi\/wp-json\/wp\/v2\/product_tag?post=118178"}],"curies":[{"name":"wp","href":"https:\/\/api.w.org\/{rel}","templated":true}]}}