{"id":116077,"date":"2025-08-18T00:39:08","date_gmt":"2025-08-17T21:45:41","guid":{"rendered":"https:\/\/factory.sale\/?post_type=product&#038;p=116077"},"modified":"2025-08-18T10:13:38","modified_gmt":"2025-08-18T07:13:38","slug":"sisakiuas-kylpytynnyrille-10-kw","status":"publish","type":"product","link":"https:\/\/factory.sale\/fi\/tuote\/sisakiuas-kylpytynnyrille-10-kw\/","title":{"rendered":"Sis\u00e4kiuas kylpytynnyrille 10 kW"},"content":{"rendered":"<p><strong>SKU:<\/strong> RU-INS-OVN-10KW<\/p>\n<p>Vakiokokoinen sis\u00e4l\u00e4mmitin kylpytynnyriin, valmistettu ruostumattomasta ter\u00e4ksest\u00e4. Uunissa on kolme poikkileikkausta kiertoilmaa varten. Kaksi savupiippua katolla. Sopii kylpytynnyreille, joiden halkaisija on 1,5 m ja 1,6 m.<\/p>\n<p><strong>Settiin sis\u00e4ltyy:<\/strong><\/p>\n<ul>\n<li>Sis\u00e4l\u00e4mmitin<\/li>\n<li>Savupiippu<\/li>\n<li>Tuhkalapiot<\/li>\n<\/ul>\n<p><strong>Kiukaan metallivaihtoehdot:<\/strong><\/p>\n<ul>\n<li>Ruostumaton ter\u00e4s 304<\/li>\n<li>Ruostumaton ter\u00e4s 316 (42 \u20ac + alv)<\/li>\n<\/ul>\n<p>&nbsp;<\/p>\n<p><strong>Lis\u00e4varusteet kiukaalle (ilman ALV):<\/strong><\/p>\n<p><img loading=\"lazy\" decoding=\"async\" class=\"alignnone wp-image-116065\" src=\"https:\/\/factory.sale\/wp-content\/uploads\/2025\/08\/Internal-heater-for-hot-tub-17-kW-accessories-fin-factory-sale-300x163.webp\" alt=\"\" width=\"449\" height=\"244\" srcset=\"https:\/\/factory.sale\/wp-content\/uploads\/2025\/08\/Internal-heater-for-hot-tub-17-kW-accessories-fin-factory-sale-300x163.webp 300w, https:\/\/factory.sale\/wp-content\/uploads\/2025\/08\/Internal-heater-for-hot-tub-17-kW-accessories-fin-factory-sale-150x81.webp 150w, https:\/\/factory.sale\/wp-content\/uploads\/2025\/08\/Internal-heater-for-hot-tub-17-kW-accessories-fin-factory-sale-600x326.webp 600w, https:\/\/factory.sale\/wp-content\/uploads\/2025\/08\/Internal-heater-for-hot-tub-17-kW-accessories-fin-factory-sale.webp 704w\" sizes=\"auto, (max-width: 449px) 100vw, 449px\" \/><\/p>\n<p>&nbsp;<\/p>\n<p><strong>Pakkauksen mitat: 0,52 x 0,82 x 1,21 m &#8211; 40 kg<\/strong><\/p>\n<p><strong>Toimitus 135 &#8211; 250 EUR<\/strong><\/p>\n","protected":false},"excerpt":{"rendered":"<p>Kest\u00e4v\u00e4 10 kW ruostumattomasta ter\u00e4ksest\u00e4 valmistettu sis\u00e4kiuas kylpytynnyrille, 3-osaisella kiertoj\u00e4rjestelm\u00e4ll\u00e4 ja savupiipulla. Ihanteellinen 1,5\u20131,6 m kylpytynnyriin, tehokas ja luotettava.<\/p>\n","protected":false},"featured_media":116074,"comment_status":"open","ping_status":"closed","template":"","meta":{"_acf_changed":false},"factory":[],"free-shipment":[],"product_brand":[],"product_cat":[2309,2210],"product_tag":[],"class_list":{"0":"post-116077","1":"product","2":"type-product","3":"status-publish","4":"has-post-thumbnail","6":"product_cat-kylpytynnyrin-kamiinat","7":"product_cat-kylpytynnyrit","9":"first","10":"instock","11":"sale","12":"taxable","13":"shipping-taxable","14":"purchasable","15":"product-type-simple"},"acf":[],"_links":{"self":[{"href":"https:\/\/factory.sale\/fi\/wp-json\/wp\/v2\/product\/116077","targetHints":{"allow":["GET"]}}],"collection":[{"href":"https:\/\/factory.sale\/fi\/wp-json\/wp\/v2\/product"}],"about":[{"href":"https:\/\/factory.sale\/fi\/wp-json\/wp\/v2\/types\/product"}],"replies":[{"embeddable":true,"href":"https:\/\/factory.sale\/fi\/wp-json\/wp\/v2\/comments?post=116077"}],"wp:featuredmedia":[{"embeddable":true,"href":"https:\/\/factory.sale\/fi\/wp-json\/wp\/v2\/media\/116074"}],"wp:attachment":[{"href":"https:\/\/factory.sale\/fi\/wp-json\/wp\/v2\/media?parent=116077"}],"wp:term":[{"taxonomy":"factory","embeddable":true,"href":"https:\/\/factory.sale\/fi\/wp-json\/wp\/v2\/factory?post=116077"},{"taxonomy":"free-shipment","embeddable":true,"href":"https:\/\/factory.sale\/fi\/wp-json\/wp\/v2\/free-shipment?post=116077"},{"taxonomy":"product_brand","embeddable":true,"href":"https:\/\/factory.sale\/fi\/wp-json\/wp\/v2\/product_brand?post=116077"},{"taxonomy":"product_cat","embeddable":true,"href":"https:\/\/factory.sale\/fi\/wp-json\/wp\/v2\/product_cat?post=116077"},{"taxonomy":"product_tag","embeddable":true,"href":"https:\/\/factory.sale\/fi\/wp-json\/wp\/v2\/product_tag?post=116077"}],"curies":[{"name":"wp","href":"https:\/\/api.w.org\/{rel}","templated":true}]}}