{"id":116064,"date":"2025-08-17T02:20:30","date_gmt":"2025-08-17T20:34:08","guid":{"rendered":"https:\/\/factory.sale\/?post_type=product&#038;p=116064"},"modified":"2025-08-18T10:12:14","modified_gmt":"2025-08-18T07:12:14","slug":"sisakiuas-kylpytynnyrille-17-kw","status":"publish","type":"product","link":"https:\/\/factory.sale\/fi\/tuote\/sisakiuas-kylpytynnyrille-17-kw\/","title":{"rendered":"Sis\u00e4kiuas kylpytynnyrille 17 kW"},"content":{"rendered":"<p><strong>SKU:<\/strong> RU-INS-OVN-17KW<\/p>\n<p>Sis\u00e4l\u00e4mmitin\u00a0on valmistettu ruostumattomasta ter\u00e4ksest\u00e4, ja siin\u00e4 on 3 poikittaista osaa veden kiertoa varten. Settiin kuuluu kaksi savupiipun osaa katon kanssa. Sopii kylpytynnyreihin, joiden halkaisija on 1,8 m ja 2,2 m.<\/p>\n<p><strong>Settiin sis\u00e4ltyy:<\/strong><\/p>\n<ul>\n<li>Sis\u00e4l\u00e4mmitin<\/li>\n<li>Savupiippu<\/li>\n<li>Tuhkalapiot<\/li>\n<\/ul>\n<p><strong>Kiukaan metallivaihtoehdot:<\/strong><\/p>\n<ul>\n<li>Ruostumaton ter\u00e4s 304<\/li>\n<li>Ruostumaton ter\u00e4s 316 (42 \u20ac + alv)<\/li>\n<\/ul>\n<p><strong>Lis\u00e4varusteet kiukaalle (ilman ALV):<\/strong><\/p>\n<p><img loading=\"lazy\" decoding=\"async\" class=\"alignnone wp-image-116065\" src=\"https:\/\/factory.sale\/wp-content\/uploads\/2025\/08\/Internal-heater-for-hot-tub-17-kW-accessories-fin-factory-sale-300x163.webp\" alt=\"\" width=\"449\" height=\"244\" srcset=\"https:\/\/factory.sale\/wp-content\/uploads\/2025\/08\/Internal-heater-for-hot-tub-17-kW-accessories-fin-factory-sale-300x163.webp 300w, https:\/\/factory.sale\/wp-content\/uploads\/2025\/08\/Internal-heater-for-hot-tub-17-kW-accessories-fin-factory-sale-150x81.webp 150w, https:\/\/factory.sale\/wp-content\/uploads\/2025\/08\/Internal-heater-for-hot-tub-17-kW-accessories-fin-factory-sale-600x326.webp 600w, https:\/\/factory.sale\/wp-content\/uploads\/2025\/08\/Internal-heater-for-hot-tub-17-kW-accessories-fin-factory-sale.webp 704w\" sizes=\"auto, (max-width: 449px) 100vw, 449px\" \/><\/p>\n<p>&nbsp;<\/p>\n<p><strong>Pakkauksen mitat: 0,6&#215;0,35&#215;1,2m &#8211; 45 kg<\/strong><\/p>\n<p><strong>Toimitus 135 &#8211; 250 EUR<\/strong><\/p>\n<p>&nbsp;<\/p>\n<p><a href=\"https:\/\/factory.sale\/wp-content\/uploads\/2025\/08\/Vidine-krosnele-4-vamzdziu.pdf\" target=\"_blank\" rel=\"noopener\">Klikkaa t\u00e4st\u00e4 n\u00e4hd\u00e4ksesi kiukaan sis\u00e4piirustuksen<\/a><\/p>\n","protected":false},"excerpt":{"rendered":"<p>Ruostumattomasta ter\u00e4ksest\u00e4 valmistettu kylpytynnyrin sis\u00e4l\u00e4mmitin, jossa on kolmiosainen kiertoilmaj\u00e4rjestelm\u00e4, savupiippu ja tuhkalapio. T\u00e4ydellinen 1,8\u20132,2 m altaille, kest\u00e4v\u00e4 ja tehokas.<\/p>\n","protected":false},"featured_media":116032,"comment_status":"open","ping_status":"closed","template":"","meta":{"_acf_changed":false},"factory":[],"free-shipment":[],"product_brand":[],"product_cat":[2309,2210],"product_tag":[2846],"class_list":{"0":"post-116064","1":"product","2":"type-product","3":"status-publish","4":"has-post-thumbnail","6":"product_cat-kylpytynnyrin-kamiinat","7":"product_cat-kylpytynnyrit","8":"product_tag-hot-tub-fi","10":"first","11":"instock","12":"sale","13":"taxable","14":"shipping-taxable","15":"purchasable","16":"product-type-simple"},"acf":[],"_links":{"self":[{"href":"https:\/\/factory.sale\/fi\/wp-json\/wp\/v2\/product\/116064","targetHints":{"allow":["GET"]}}],"collection":[{"href":"https:\/\/factory.sale\/fi\/wp-json\/wp\/v2\/product"}],"about":[{"href":"https:\/\/factory.sale\/fi\/wp-json\/wp\/v2\/types\/product"}],"replies":[{"embeddable":true,"href":"https:\/\/factory.sale\/fi\/wp-json\/wp\/v2\/comments?post=116064"}],"wp:featuredmedia":[{"embeddable":true,"href":"https:\/\/factory.sale\/fi\/wp-json\/wp\/v2\/media\/116032"}],"wp:attachment":[{"href":"https:\/\/factory.sale\/fi\/wp-json\/wp\/v2\/media?parent=116064"}],"wp:term":[{"taxonomy":"factory","embeddable":true,"href":"https:\/\/factory.sale\/fi\/wp-json\/wp\/v2\/factory?post=116064"},{"taxonomy":"free-shipment","embeddable":true,"href":"https:\/\/factory.sale\/fi\/wp-json\/wp\/v2\/free-shipment?post=116064"},{"taxonomy":"product_brand","embeddable":true,"href":"https:\/\/factory.sale\/fi\/wp-json\/wp\/v2\/product_brand?post=116064"},{"taxonomy":"product_cat","embeddable":true,"href":"https:\/\/factory.sale\/fi\/wp-json\/wp\/v2\/product_cat?post=116064"},{"taxonomy":"product_tag","embeddable":true,"href":"https:\/\/factory.sale\/fi\/wp-json\/wp\/v2\/product_tag?post=116064"}],"curies":[{"name":"wp","href":"https:\/\/api.w.org\/{rel}","templated":true}]}}