{"id":116012,"date":"2025-08-16T23:25:11","date_gmt":"2025-08-16T21:55:34","guid":{"rendered":"https:\/\/factory.sale\/?post_type=product&#038;p=116012"},"modified":"2025-08-18T10:02:41","modified_gmt":"2025-08-18T07:02:41","slug":"pyorea-ulkokiuas-kylpytynnyrille-26-kw","status":"publish","type":"product","link":"https:\/\/factory.sale\/fi\/tuote\/pyorea-ulkokiuas-kylpytynnyrille-26-kw\/","title":{"rendered":"Py\u00f6re\u00e4 ulkokiuas kylpytynnyrille 26 kW"},"content":{"rendered":"<p><strong>SKU:<\/strong> RU-R-OVN-26KW<\/p>\n<p>&nbsp;<\/p>\n<p><strong>Tehokas 26 kW puul\u00e4mmitteinen ulkokiuas kylpytynnyrille<\/strong><\/p>\n<p>T\u00e4m\u00e4 ulkokiuas on suunniteltu tehokkaaseen ja nopeaan l\u00e4mmitykseen, varmistaen ett\u00e4 kylpytynnyrisi saavuttaa t\u00e4ydellisen l\u00e4mp\u00f6tilan lyhyess\u00e4 ajassa. Kest\u00e4v\u00e4st\u00e4 ruostumattomasta ter\u00e4ksest\u00e4 valmistettu py\u00f6re\u00e4 muotoilu sopii erinomaisesti jokaiseen ulkokylpyl\u00e4\u00e4n, tarjoten sek\u00e4 esteettist\u00e4 kauneutta ett\u00e4 huipputason toiminnallisuutta.<\/p>\n<p><strong>Ensiluokkaiset materiaalit<\/strong><\/p>\n<p>T\u00e4m\u00e4 korkealaatuisesta ruostumattomasta ter\u00e4ksest\u00e4 valmistettu 26 kW:n ulkoinen puul\u00e4mmitteinen l\u00e4mmitin on saatavana kahtena vaihtoehtona \u2013 304 tai 316 ruostumattomasta ter\u00e4ksest\u00e4 \u2013 tarjoten poikkeuksellisen korroosionkest\u00e4vyyden ja varmistaen pitk\u00e4ik\u00e4isen suorituskyvyn ulkoymp\u00e4rist\u00f6iss\u00e4.<\/p>\n<p><strong>Tekniset tiedot:<\/strong><\/p>\n<table style=\"height: 308px;\" border=\"1\" width=\"779\" cellspacing=\"0\" cellpadding=\"6\">\n<thead>\n<tr>\n<th>M\u00e4\u00e4rittely<\/th>\n<th>Tiedot<\/th>\n<\/tr>\n<\/thead>\n<tbody>\n<tr>\n<td>Mitat<\/td>\n<td>Halkaisija: 60 cm<\/p>\n<p>Pituus: 60 cm<\/td>\n<\/tr>\n<tr>\n<td>Liit\u00e4nt\u00e4kohdat<\/td>\n<td>Ensimm\u00e4inen liit\u00e4nt\u00e4: 37 cm maasta (liit\u00e4nn\u00e4n keskikohta)<\/p>\n<p>Toinen liit\u00e4nt\u00e4: 70 cm maasta (liit\u00e4nn\u00e4n keskikohta)<\/td>\n<\/tr>\n<tr>\n<td>Ter\u00e4ksen paksuus<\/td>\n<td>1.5 mm<\/td>\n<\/tr>\n<\/tbody>\n<\/table>\n<p>&nbsp;<\/p>\n<p><strong>Ominaisuudet ja komponentit:<\/strong><\/p>\n<ul>\n<li>Muotoilu: py\u00f6re\u00e4 puul\u00e4mmitteinen kiuas<\/li>\n<li>Savupiippu: 2 m putki suojuksella<\/li>\n<li>Liit\u00e4nt\u00e4letku: 1 m (jaettu kahteen osaan, mahdollistaa jopa 50 cm et\u00e4isyyden kiukaasta), \u00d848 mm<\/li>\n<li>Kiinnityspuristimet: 4 kpl<\/li>\n<\/ul>\n<p><strong>Kiukaan metallivaihtoehdot:<\/strong><\/p>\n<ul>\n<li>Ruostumaton ter\u00e4s 304<\/li>\n<li>Ruostumaton ter\u00e4s 316 (66 \u20ac + alv)<\/li>\n<\/ul>\n<p><strong>Lis\u00e4varusteet kiukaalle (ilman ALV):<\/strong><\/p>\n<p><img loading=\"lazy\" decoding=\"async\" class=\"alignnone wp-image-116013\" src=\"https:\/\/factory.sale\/wp-content\/uploads\/2025\/08\/Round-external-heater-for-hot-tub-26-kw-accessories-fin-factory-sale-227x300.webp\" alt=\"\" width=\"454\" height=\"600\" srcset=\"https:\/\/factory.sale\/wp-content\/uploads\/2025\/08\/Round-external-heater-for-hot-tub-26-kw-accessories-fin-factory-sale-227x300.webp 227w, https:\/\/factory.sale\/wp-content\/uploads\/2025\/08\/Round-external-heater-for-hot-tub-26-kw-accessories-fin-factory-sale-776x1024.webp 776w, https:\/\/factory.sale\/wp-content\/uploads\/2025\/08\/Round-external-heater-for-hot-tub-26-kw-accessories-fin-factory-sale-114x150.webp 114w, https:\/\/factory.sale\/wp-content\/uploads\/2025\/08\/Round-external-heater-for-hot-tub-26-kw-accessories-fin-factory-sale-768x1013.webp 768w, https:\/\/factory.sale\/wp-content\/uploads\/2025\/08\/Round-external-heater-for-hot-tub-26-kw-accessories-fin-factory-sale-600x792.webp 600w, https:\/\/factory.sale\/wp-content\/uploads\/2025\/08\/Round-external-heater-for-hot-tub-26-kw-accessories-fin-factory-sale.webp 1008w\" sizes=\"auto, (max-width: 454px) 100vw, 454px\" \/><\/p>\n<p>&nbsp;<\/p>\n<p><em><strong>Toimitus 135 &#8211; 250 EUR<\/strong><\/em><\/p>\n","protected":false},"excerpt":{"rendered":"<p>Tehokas 26 kW puul\u00e4mmitteinen ulkokiuas kylpytynnyrille, valmistettu korkealaatuisesta 304\/316 ruostumattomasta ter\u00e4ksest\u00e4. Nopea l\u00e4mmitys, korroosionkest\u00e4v\u00e4 ja suunniteltu kest\u00e4v\u00e4\u00e4n ulkok\u00e4ytt\u00f6\u00f6n.<\/p>\n","protected":false},"featured_media":115993,"comment_status":"open","ping_status":"closed","template":"","meta":{"_acf_changed":false},"factory":[],"free-shipment":[],"product_brand":[],"product_cat":[2309,2210],"product_tag":[4384,2846,2011],"class_list":{"0":"post-116012","1":"product","2":"type-product","3":"status-publish","4":"has-post-thumbnail","6":"product_cat-kylpytynnyrin-kamiinat","7":"product_cat-kylpytynnyrit","8":"product_tag-heater-fi","9":"product_tag-hot-tub-fi","10":"product_tag-stove-fi","12":"first","13":"instock","14":"sale","15":"taxable","16":"shipping-taxable","17":"purchasable","18":"product-type-simple"},"acf":[],"_links":{"self":[{"href":"https:\/\/factory.sale\/fi\/wp-json\/wp\/v2\/product\/116012","targetHints":{"allow":["GET"]}}],"collection":[{"href":"https:\/\/factory.sale\/fi\/wp-json\/wp\/v2\/product"}],"about":[{"href":"https:\/\/factory.sale\/fi\/wp-json\/wp\/v2\/types\/product"}],"replies":[{"embeddable":true,"href":"https:\/\/factory.sale\/fi\/wp-json\/wp\/v2\/comments?post=116012"}],"wp:featuredmedia":[{"embeddable":true,"href":"https:\/\/factory.sale\/fi\/wp-json\/wp\/v2\/media\/115993"}],"wp:attachment":[{"href":"https:\/\/factory.sale\/fi\/wp-json\/wp\/v2\/media?parent=116012"}],"wp:term":[{"taxonomy":"factory","embeddable":true,"href":"https:\/\/factory.sale\/fi\/wp-json\/wp\/v2\/factory?post=116012"},{"taxonomy":"free-shipment","embeddable":true,"href":"https:\/\/factory.sale\/fi\/wp-json\/wp\/v2\/free-shipment?post=116012"},{"taxonomy":"product_brand","embeddable":true,"href":"https:\/\/factory.sale\/fi\/wp-json\/wp\/v2\/product_brand?post=116012"},{"taxonomy":"product_cat","embeddable":true,"href":"https:\/\/factory.sale\/fi\/wp-json\/wp\/v2\/product_cat?post=116012"},{"taxonomy":"product_tag","embeddable":true,"href":"https:\/\/factory.sale\/fi\/wp-json\/wp\/v2\/product_tag?post=116012"}],"curies":[{"name":"wp","href":"https:\/\/api.w.org\/{rel}","templated":true}]}}