{"id":11408,"date":"2022-08-04T11:04:28","date_gmt":"2022-08-04T11:04:28","guid":{"rendered":"https:\/\/factory.sale\/product\/sahkokiuas-harvia-delta-d36-3-6kw\/"},"modified":"2024-06-26T05:24:12","modified_gmt":"2024-06-26T05:24:12","slug":"sahkokiuas-harvia-delta-d36-3-6kw","status":"publish","type":"product","link":"https:\/\/factory.sale\/fi\/tuote\/sahkokiuas-harvia-delta-d36-3-6kw\/","title":{"rendered":"S\u00e4hk\u00f6kiuas Harvia Delta D36, 3.6kW, 2-4.5m\u00b3, kiinte\u00e4 ohjaus"},"content":{"rendered":"<div id=\"description\" class=\"data item content\">\n<div class=\"product attribute description\">\n<div class=\"value\">\n<p>Kompakti Harvia Delta D36 on tehokas s\u00e4hk\u00f6kiuas pieneen saunaan. Delta on tilaihme, joka sopii kolmiomaisen muotonsa ansiosta asennettavaksi my\u00f6s saunan nurkkaan. Kiukaan runsas kivim\u00e4\u00e4r\u00e4 pit\u00e4\u00e4 huolen laadukkaista l\u00f6ylyhetkist\u00e4. Sein\u00e4lle asennettava Delta s\u00e4hk\u00f6kiuas soveltuu 2-4,5 m\u00b3 kokoiseen saunaan.<\/p>\n<p>Delta D36 s\u00e4hk\u00f6kiuas on helppo asentaa toimitukseen kuuluvan sein\u00e4telineen avulla. Kiuasta ohjataan kiinteill\u00e4 kytkimill\u00e4, jotka sijaitsevat kiukaan alaosassa. T\u00e4m\u00e4 kiuas tuo loistavien l\u00f6ylyjen lis\u00e4ksi saunaasi my\u00f6s tuulahduksen modernia ilmett\u00e4, sill\u00e4 kiukaan ulkovaippa on tyylikk\u00e4\u00e4n kiilt\u00e4v\u00e4.<\/p>\n<h4>Tuotetiedot:<\/h4>\n<ul>\n<li>Tuotemerkki: Harvia<\/li>\n<li>Kiuasmalli: Delta<\/li>\n<li>GTIN: 6410082612369<\/li>\n<li>S\u00e4hk\u00f6numero: 8261236<\/li>\n<\/ul>\n<h4>Tuotteen mitat:<\/h4>\n<ul>\n<li>Korkeus (mm): 635<\/li>\n<li>Leveys (mm): 340<\/li>\n<li>Syvyys (mm): 200<\/li>\n<li>Tuotteen paino (kg): 8<\/li>\n<\/ul>\n<h4>Tuotteen ominaisuudet:<\/h4>\n<ul>\n<li>V\u00e4ri: Ter\u00e4s<\/li>\n<li>Materiaali: Ter\u00e4s<\/li>\n<li>Materiaalin tarkenne: Ruostumaton ter\u00e4s<\/li>\n<li>L\u00e4mmitysteho (kW): 3,6<\/li>\n<li>Kiukaan tyyppi: Kulmamalli<\/li>\n<li>Ohjauskeskus: Kiinte\u00e4 ohjaus<\/li>\n<li>Kivim\u00e4\u00e4r\u00e4, max. (kg): 11<\/li>\n<li>Takuuaika: 2 vuotta kotik\u00e4yt\u00f6ss\u00e4, 1 vuosi yhteis\u00f6k\u00e4yt\u00f6ss\u00e4<\/li>\n<li>Saunan korkeus v\u00e4hint\u00e4\u00e4n: 170 cm<\/li>\n<li>Kiuaskivet eiv\u00e4t sis\u00e4lly toimitukseen (tilattavissa alasvetovalikosta)<\/li>\n<li>Suositeltu kiuaskiven koko: \u00d8 5\u201310 cm<\/li>\n<li>K\u00e4ytt\u00f6j\u00e4nnite 2-vaiheinen: 400 V 2 N (liit\u00e4nt\u00e4kaapeli 4&#215;1,5 mm\u00b2, sulake 2&#215;10 A)<\/li>\n<li>K\u00e4ytt\u00f6j\u00e4nnite 1-vaiheinen: 230 V 1 N (liit\u00e4nt\u00e4kaapeli 3&#215;2,5 mm\u00b2, sulake 1&#215;16 A)<\/li>\n<\/ul>\n<h4>Tuotteen asentaminen ja k\u00e4ytt\u00f6\u00f6notto:<\/h4>\n<ul>\n<li>Asennuspaikka: Sein\u00e4<\/li>\n<li>Saunan tilavuus, min. (m\u00b3): 2<\/li>\n<li>Saunan tilavuus, max. (m\u00b3): 4,5<\/li>\n<li>Suojaet\u00e4isyys kattoon (mm): 900<\/li>\n<li>Suojaet\u00e4isyys eteen (mm): 10<\/li>\n<\/ul>\n<h4>Pakkauksen mitat ja paino:<\/h4>\n<ul>\n<li>Pakkauksen leveys (mm): 370,00<\/li>\n<li>Pakkauksen korkeus (mm): 680,00<\/li>\n<li>Pakkauksen syvyys (mm): 225,00<\/li>\n<li>Rahtipaino (kg): 8,40<\/li>\n<\/ul>\n<\/div>\n<\/div>\n<\/div>\n","protected":false},"excerpt":{"rendered":"<p>Sein\u00e4lle asennettava Delta s\u00e4hk\u00f6kiuas soveltuu 2-4,5 m\u00b3 kokoiseen saunaan.<\/p>\n","protected":false},"featured_media":11251,"comment_status":"open","ping_status":"closed","template":"","meta":{"_acf_changed":false},"factory":[],"free-shipment":[],"product_brand":[],"product_cat":[1421,1121,484],"product_tag":[866,1152,868,2106],"class_list":{"0":"post-11408","1":"product","2":"type-product","3":"status-publish","4":"has-post-thumbnail","6":"product_cat-harvia-fi","7":"product_cat-saniteetti","8":"product_cat-saunan-kiukaat","9":"product_tag-electric-sauna-heater-fi","10":"product_tag-harvia-fi","11":"product_tag-sanitary-ware-fi","12":"product_tag-sauna-fi","14":"first","15":"instock","16":"sale","17":"taxable","18":"shipping-taxable","19":"purchasable","20":"product-type-simple"},"acf":[],"_links":{"self":[{"href":"https:\/\/factory.sale\/fi\/wp-json\/wp\/v2\/product\/11408","targetHints":{"allow":["GET"]}}],"collection":[{"href":"https:\/\/factory.sale\/fi\/wp-json\/wp\/v2\/product"}],"about":[{"href":"https:\/\/factory.sale\/fi\/wp-json\/wp\/v2\/types\/product"}],"replies":[{"embeddable":true,"href":"https:\/\/factory.sale\/fi\/wp-json\/wp\/v2\/comments?post=11408"}],"wp:featuredmedia":[{"embeddable":true,"href":"https:\/\/factory.sale\/fi\/wp-json\/wp\/v2\/media\/11251"}],"wp:attachment":[{"href":"https:\/\/factory.sale\/fi\/wp-json\/wp\/v2\/media?parent=11408"}],"wp:term":[{"taxonomy":"factory","embeddable":true,"href":"https:\/\/factory.sale\/fi\/wp-json\/wp\/v2\/factory?post=11408"},{"taxonomy":"free-shipment","embeddable":true,"href":"https:\/\/factory.sale\/fi\/wp-json\/wp\/v2\/free-shipment?post=11408"},{"taxonomy":"product_brand","embeddable":true,"href":"https:\/\/factory.sale\/fi\/wp-json\/wp\/v2\/product_brand?post=11408"},{"taxonomy":"product_cat","embeddable":true,"href":"https:\/\/factory.sale\/fi\/wp-json\/wp\/v2\/product_cat?post=11408"},{"taxonomy":"product_tag","embeddable":true,"href":"https:\/\/factory.sale\/fi\/wp-json\/wp\/v2\/product_tag?post=11408"}],"curies":[{"name":"wp","href":"https:\/\/api.w.org\/{rel}","templated":true}]}}