{"id":11407,"date":"2022-08-04T11:32:51","date_gmt":"2022-08-04T11:32:51","guid":{"rendered":"https:\/\/factory.sale\/product\/sahkokiuas-harvia-club-k15g\/"},"modified":"2024-06-28T00:54:07","modified_gmt":"2024-06-28T00:54:07","slug":"sahkokiuas-harvia-club-k15g","status":"publish","type":"product","link":"https:\/\/factory.sale\/fi\/tuote\/sahkokiuas-harvia-club-k15g\/","title":{"rendered":"S\u00e4hk\u00f6kiuas Harvia Club K15G, 15kW, 14-24m\u00b3, erillinen ohjaus"},"content":{"rendered":"<div id=\"description\" class=\"data item content\">\n<div class=\"product attribute description\">\n<div class=\"value\">\n<p>Kest\u00e4v\u00e4 ja jykev\u00e4 Harvia Club K15G s\u00e4hk\u00f6kiuas on todellinen superkiuas suuriin saunoihin. 14-24 m\u00b3 kokoisiin saunoihin suunniteltu\u00a0Harvia Club K15G s\u00e4hk\u00f6kiuas on j\u00e4mer\u00e4 laatukiuas, joka ei h\u00e4tk\u00e4hd\u00e4 koviakaan k\u00e4ytt\u00f6m\u00e4\u00e4ri\u00e4. Harvia Club K15G lattiakiuas on tehokas, toimiva ja mukava k\u00e4ytt\u00e4\u00e4. Kiuas on valmistettu l\u00e4hes kokonaan ruostumattomasta ter\u00e4ksest\u00e4. Kiuas soveltuu erinomaisesti kerrostalojen, hotellien, lomakeskusten ja uimahallien saunoihin sek\u00e4 muihin tilaviin perhesaunoihin ja paljon k\u00e4ytett\u00e4viin saunoihin, sill\u00e4 t\u00e4ss\u00e4 lattialle asennettavassa s\u00e4hk\u00f6kiukaassa on kovaankin k\u00e4ytt\u00f6\u00f6n tarvittavaa kest\u00e4vyytt\u00e4 ja voimaa.<\/p>\n<p>Harvia Club K15G s\u00e4hk\u00f6kiuasta ohjataan n\u00e4pp\u00e4r\u00e4sti erillisell\u00e4 ohjauskeskuksella, jonka malli valitaan tuotekortin alasvetovalikosta.\u00a0Huomioithan, ett\u00e4 t\u00e4t\u00e4 s\u00e4hk\u00f6kiuasta ei ole mahdollista k\u00e4ytt\u00e4\u00e4 ilman ohjauskeskusta.<\/p>\n<h4>Ohjauskeskusvaihtoehdot (valitse alasvetovalikosta):<\/h4>\n<h4>Ohjauskeskus Harvia C150<\/h4>\n<ul>\n<li>K\u00e4sik\u00e4ytt\u00f6inen perusohjauskeskus 1-ryhm\u00e4kiukaille, joiden tehoalue on 2.3 &#8211; 17 kW. Kiukaan p\u00e4\u00e4ll\u00e4oloaika on rajoitettavissa 4, 6 tai 12 tunniksi. Erillinen anturi sis\u00e4ltyy toimitukseen.<\/li>\n<li>Mitat (LxKxS): 250x223x70 mm<\/li>\n<li>Asettelul\u00e4mp\u00f6tila: 40-110 \u00b0C<\/li>\n<li>Max n\u00e4ytt\u00f6lukema: 125 \u00b0C<\/li>\n<li>Kiuasteho max: 17 kW<\/li>\n<li>P\u00e4\u00e4ll\u00e4oloaika: 4 h<\/li>\n<li>Ennakkovalinta-aika: 0-12 h<\/li>\n<li>Tarkemmat tiedot ohjauskeskuksen omassa ohjeessa<\/li>\n<\/ul>\n<h4>Ohjauskeskus Harvia C170VKK<\/h4>\n<ul>\n<li>Yhdistetty viikko- ja kauko-ohjauskeskus 1-ryhm\u00e4kiukaille, joiden tehoalue on 2.3-17 kW. Kiuas saadaan helposti heti p\u00e4\u00e4lle ja pois keskuksen yhdell\u00e4 k\u00e4sik\u00e4ytt\u00f6isell\u00e4 pikak\u00e4ytt\u00f6painikkeella. Kiukaan maksimi-p\u00e4\u00e4ll\u00e4oloaika on rajattavissa 6, 12 tai 18 tunniksi.<\/li>\n<li>Ohjauskeskukseen asennetun ohjelmoitavan viikkokellon avulla kiuas saadaan p\u00e4\u00e4lle ja pois automaattisesti haluttuina viikonp\u00e4ivin\u00e4 haluttuun aikaan. Ohjauskeskuksessa on monipuoliset kauko-ohjausominaisuudet. Lis\u00e4ksi keskukselta saadaan merkkivalo ja ohjaustietoa ulkoisiin laitteisiin. Erillinen anturi sis\u00e4ltyy toimitukseen.<\/li>\n<li>Mitat (LxKxS): 240x225x75 mm<\/li>\n<li>Asettelul\u00e4mp\u00f6tila: 40-110 \u00b0C<\/li>\n<li>Max n\u00e4ytt\u00f6lukema: 125 \u00b0C<\/li>\n<li>Kiuasteho max: 17 kW<\/li>\n<li>P\u00e4\u00e4ll\u00e4oloaika: 6, 12 tai 18 h<\/li>\n<li>Ennakkovalinta-aika: 0-12 h<\/li>\n<li>Viikkokello- ja kauko-ohjaustoiminto<\/li>\n<li>Tarkemmat tiedot ohjauskeskuksen omassa ohjeessa<\/li>\n<\/ul>\n<h4>Ohjauskeskus Harvia Xenio CX170<\/h4>\n<ul>\n<li>T\u00e4m\u00e4n ohjauskeskuksen helposta ja selke\u00e4st\u00e4 kosketuspaneelista voit s\u00e4\u00e4t\u00e4\u00e4 saunasi l\u00e4mp\u00f6tilaa, p\u00e4\u00e4ll\u00e4oloaikaa, valaistusta ja tuuletusta. Pienikokoisen kosketuspaneelin voit asentaa minne haluat: saunaan, kylpytilaan, pukuhuoneeseen tai vaikkapa olohuoneeseen. Ohjauspaneeli voidaan kiinnitt\u00e4\u00e4 pohjastaan sein\u00e4\u00e4n tai pohjaosan voi upottaa sein\u00e4pintaan, jolloin paneeli tulee kuin osaksi sein\u00e4\u00e4. Lis\u00e4varusteena saatavilla olevan lis\u00e4tehoyksik\u00f6n (LTY17) voit nostaa ohjauskeskuksen maksimikuormitukseksi 34 kW.<\/li>\n<li>Ohjauskeskukseen sis\u00e4ltyy 5 metrin pituinen datakaapeli. Saatavilla on 10 metrin datakaapeli, jonka voit vaihtaa alkuper\u00e4isen tilalle. Datakaapelia voi my\u00f6s jatkaa 20 metrin pituisella jatkojohdolla<\/li>\n<li>Mitat (LxK): 85&#215;110 mm<\/li>\n<li>L\u00e4mp\u00f6tilan s\u00e4\u00e4t\u00f6alue: 40-110 \u00b0C<\/li>\n<li>Esivalinta-ajan s\u00e4\u00e4t\u00f6alue: 0-12 h<\/li>\n<li>Kiuasteho max: 17 kW (lis\u00e4tehoyksik\u00f6ll\u00e4 34 kW)<\/li>\n<li>P\u00e4\u00e4ll\u00e4oloajan s\u00e4\u00e4t\u00f6alue: 1-12 h<\/li>\n<li>Esivalinta-ajan s\u00e4\u00e4t\u00f6alue: 0-12 h<\/li>\n<li>Valaistuksen ja tuuletuksen ohjaus<\/li>\n<li>Sis\u00e4lt\u00e4\u00e4 oman tehoyksik\u00f6n, joka asennetaan kuivaan tilaan saunan ulkopuolelle.<\/li>\n<li>Tarkemmat tiedot ohjauskeskuksen omassa ohjeessa<\/li>\n<\/ul>\n<h4>Tuotetiedot:<\/h4>\n<ul>\n<li>Tuotemerkki: Harvia<\/li>\n<li>Kiuasmalli: Club<\/li>\n<li>GTIN: 6410082607150<\/li>\n<li>S\u00e4hk\u00f6numero: 8260715<\/li>\n<\/ul>\n<h4>Tuotteen mitat:<\/h4>\n<ul>\n<li>Korkeus (mm): 700<\/li>\n<li>Leveys (mm): 505<\/li>\n<li>Syvyys (mm): 430<\/li>\n<li>Tuotteen paino (kg): 25<\/li>\n<\/ul>\n<h4>Tuotteen ominaisuudet:<\/h4>\n<ul>\n<li>V\u00e4ri: Ter\u00e4s<\/li>\n<li>Materiaali: Ter\u00e4s<\/li>\n<li>Materiaalin tarkenne: Ruostumaton ter\u00e4s<\/li>\n<li>L\u00e4mmitysteho (kW): 15<\/li>\n<li>Kiukaan tyyppi: Suursaunakiuas<\/li>\n<li>Ohjauskeskus: Erillinen ohjauskeskus<\/li>\n<li>Kivim\u00e4\u00e4r\u00e4, max. (kg): 60<\/li>\n<li>Takuuaika: 2 vuotta kotik\u00e4yt\u00f6ss\u00e4, 1 vuosi yhteis\u00f6k\u00e4yt\u00f6ss\u00e4<\/li>\n<li>Saunan korkeus v\u00e4hint\u00e4\u00e4n: 210 cm<\/li>\n<li>Suositeltu kiuaskiven koko: \u00d8 5-10 cm<\/li>\n<li>K\u00e4ytt\u00f6j\u00e4nnite 3-vaiheinen: 400 V 3 N (liit\u00e4nt\u00e4kaapeli 5&#215;6,0 mm\u00b2, sulake 3&#215;25 A)<\/li>\n<li>Saatavilla olevat lis\u00e4tarvikkeet: Xenio- ja Xafir-ohjauskeskuksille pidempi\u00e4 kaapeleita<\/li>\n<li>Kiuaskivet eiv\u00e4t sis\u00e4lly perustoimitukseen (tilattavissa erikseen)<\/li>\n<\/ul>\n<h4>Tuotteen asentaminen ja k\u00e4ytt\u00f6\u00f6notto:<\/h4>\n<ul>\n<li>Asennuspaikka: Lattia<\/li>\n<li>Saunan tilavuus, min. (m\u00b3): 14<\/li>\n<li>Saunan tilavuus, max. (m\u00b3): 24<\/li>\n<li>Suojaet\u00e4isyys kattoon (mm): 1 400<\/li>\n<li>Suojaet\u00e4isyys sivulle (mm): 100<\/li>\n<li>Suojaet\u00e4isyys eteen (mm): 50<\/li>\n<\/ul>\n<h4>Pakkauksen mitat ja paino:<\/h4>\n<ul>\n<li>Pakkauksen leveys (mm): 500,00<\/li>\n<li>Pakkauksen korkeus (mm): 720,00<\/li>\n<li>Pakkauksen syvyys (mm): 450,00<\/li>\n<li>Rahtipaino (kg): 25,00<\/li>\n<\/ul>\n<p>&nbsp;<\/p>\n<p><a href=\"https:\/\/factory.sale\/wp-content\/uploads\/2022\/08\/K11G-manual.pdf\" target=\"_blank\" rel=\"noopener noreferrer\">Ohjeet<\/a><\/p>\n<\/div>\n<\/div>\n<\/div>\n","protected":false},"excerpt":{"rendered":"<p>Kest\u00e4v\u00e4 ja jykev\u00e4 Harvia Club K15G s\u00e4hk\u00f6kiuas on todellinen superkiuas suuriin saunoihin. 14-24 m\u00b3 kokoisiin saunoihin suunniteltu\u00a0Harvia Club K15G s\u00e4hk\u00f6kiuas on j\u00e4mer\u00e4 laatukiuas, joka ei h\u00e4tk\u00e4hd\u00e4 koviakaan k\u00e4ytt\u00f6m\u00e4\u00e4ri\u00e4.<\/p>\n","protected":false},"featured_media":11262,"comment_status":"open","ping_status":"closed","template":"","meta":{"_acf_changed":false},"factory":[],"free-shipment":[],"product_brand":[],"product_cat":[1421,1121,484],"product_tag":[866,1448,1152,2106],"class_list":{"0":"post-11407","1":"product","2":"type-product","3":"status-publish","4":"has-post-thumbnail","6":"product_cat-harvia-fi","7":"product_cat-saniteetti","8":"product_cat-saunan-kiukaat","9":"product_tag-electric-sauna-heater-fi","10":"product_tag-floor-heater-fi","11":"product_tag-harvia-fi","12":"product_tag-sauna-fi","14":"first","15":"instock","16":"sale","17":"taxable","18":"shipping-taxable","19":"purchasable","20":"product-type-simple"},"acf":[],"_links":{"self":[{"href":"https:\/\/factory.sale\/fi\/wp-json\/wp\/v2\/product\/11407","targetHints":{"allow":["GET"]}}],"collection":[{"href":"https:\/\/factory.sale\/fi\/wp-json\/wp\/v2\/product"}],"about":[{"href":"https:\/\/factory.sale\/fi\/wp-json\/wp\/v2\/types\/product"}],"replies":[{"embeddable":true,"href":"https:\/\/factory.sale\/fi\/wp-json\/wp\/v2\/comments?post=11407"}],"wp:featuredmedia":[{"embeddable":true,"href":"https:\/\/factory.sale\/fi\/wp-json\/wp\/v2\/media\/11262"}],"wp:attachment":[{"href":"https:\/\/factory.sale\/fi\/wp-json\/wp\/v2\/media?parent=11407"}],"wp:term":[{"taxonomy":"factory","embeddable":true,"href":"https:\/\/factory.sale\/fi\/wp-json\/wp\/v2\/factory?post=11407"},{"taxonomy":"free-shipment","embeddable":true,"href":"https:\/\/factory.sale\/fi\/wp-json\/wp\/v2\/free-shipment?post=11407"},{"taxonomy":"product_brand","embeddable":true,"href":"https:\/\/factory.sale\/fi\/wp-json\/wp\/v2\/product_brand?post=11407"},{"taxonomy":"product_cat","embeddable":true,"href":"https:\/\/factory.sale\/fi\/wp-json\/wp\/v2\/product_cat?post=11407"},{"taxonomy":"product_tag","embeddable":true,"href":"https:\/\/factory.sale\/fi\/wp-json\/wp\/v2\/product_tag?post=11407"}],"curies":[{"name":"wp","href":"https:\/\/api.w.org\/{rel}","templated":true}]}}