{"id":11406,"date":"2022-08-08T09:45:40","date_gmt":"2022-08-08T09:45:40","guid":{"rendered":"https:\/\/factory.sale\/product\/sahkokiuas-harvia-cilindro-plus-spot-pp90sp\/"},"modified":"2024-06-27T09:58:32","modified_gmt":"2024-06-27T09:58:32","slug":"sahkokiuas-harvia-cilindro-plus-spot-pp90sp","status":"publish","type":"product","link":"https:\/\/factory.sale\/fi\/tuote\/sahkokiuas-harvia-cilindro-plus-spot-pp90sp\/","title":{"rendered":"S\u00e4hk\u00f6kiuas Harvia Cilindro Plus Spot PP90SP, 9kW, 8-14m\u00b3, erillinen ohjaus"},"content":{"rendered":"<div id=\"description\" class=\"data item content\">\n<div class=\"product attribute description\">\n<div class=\"value\">\n<p>Langattomalla ohjauskytkimell\u00e4 ohjattava Harvia Cilindro Plus Spot PP90SP s\u00e4hk\u00f6kiuas on muhkeita l\u00f6ylyj\u00e4 ja k\u00e4ytt\u00f6mukavuutta arvostavan saunojan valinta. Pilarimallinen PP90SP on tyylik\u00e4s ja massiivisen kivim\u00e4\u00e4r\u00e4n lattiakiuas. Aukotetun ulkokuoren ansiosta t\u00e4m\u00e4 laatukiuas takaa monipuoliset l\u00f6ylyel\u00e4mykset. L\u00f6ylyjen kipakkuutta voidaan s\u00e4\u00e4dell\u00e4 heitt\u00e4m\u00e4ll\u00e4 l\u00f6ylyvett\u00e4 joko kiukaan avoimesta kyljest\u00e4 tai suoraan kivipilarin p\u00e4\u00e4lt\u00e4.<\/p>\n<p>Helppok\u00e4ytt\u00f6isen Cilindro Plus Spot PP90SP kiukaan t\u00e4ysin langaton ohjauskytkin tekee k\u00e4yt\u00f6st\u00e4 turvallista ja vaivatonta. T\u00e4m\u00e4 kiuas soveltuu my\u00f6s loistavasti alalauteeseen upotettavaksi. Roiskesuojatun ohjauskytkimen voit asentaa valintasi mukaan joko pesutiloihin tai saunaan. Valaistu ohjauskytkin sytytt\u00e4\u00e4 ja sammuttaa saunan yhdell\u00e4 painalluksella. T\u00e4m\u00e4 kiuas on tarkoitettu 8-14 m\u00b3 kokoisiin saunoihin. Kiukaaseen on saatavilla my\u00f6s mukavasti lis\u00e4tarvikkeita.<\/p>\n<p><b>Huomioithan, ett\u00e4 kivet eiv\u00e4t kuulu kiukaan vakiotoimitukseen ja ne on tarvittaessa tilattava erikseen.<\/b><\/p>\n<h4>Ohjauskytkimen tiedot:<\/h4>\n<ul>\n<li>Langaton ja valaistu ohjauskytkin<\/li>\n<li>Radiosignaalin kantama: 5-10 metri\u00e4 (riippuen seinien rakenteesta)<\/li>\n<li>K\u00e4ynnistysajan s\u00e4\u00e4t\u00f6: 2h\/4h\/6h<\/li>\n<li>Voit yhdell\u00e4 painalluksella k\u00e4ynnist\u00e4\u00e4 tai sammuttaa kiukaan<\/li>\n<li>Voidaan asentaa joko kylpyhuoneeseen tai saunaan (roiskevesitiivis)<\/li>\n<li>Valaistut merkkiledit ilmaisevat k\u00e4ytt\u00f6- tai virhetilan<\/li>\n<li>Toimii paristolla (sis\u00e4ltyy toimitukseen)<\/li>\n<li>Mitat: 2,3&#215;5,2 cm (syvyysxhalkaisija)<\/li>\n<\/ul>\n<h4>Tuotetiedot:<\/h4>\n<ul>\n<li>Tuotemerkki: Harvia<\/li>\n<li>Kiuasmalli: Cilindro Plus<\/li>\n<li>GTIN: 6417659023733<\/li>\n<li>S\u00e4hk\u00f6numero: 8266555<\/li>\n<\/ul>\n<h4>Tuotteen mitat:<\/h4>\n<ul>\n<li>Korkeus (mm): 1 020<\/li>\n<li>Leveys (mm): 310<\/li>\n<li>Syvyys (mm): 310<\/li>\n<li>Halkaisija (mm): 310<\/li>\n<li>Tuotteen paino (kg): 12,2<\/li>\n<\/ul>\n<h4>Tuotteen ominaisuudet:<\/h4>\n<ul>\n<li>V\u00e4ri: Ter\u00e4s<\/li>\n<li>Materiaali: Ter\u00e4s<\/li>\n<li>L\u00e4mmitysteho (kW): 9<\/li>\n<li>Kiukaan tyyppi: Verkkokiuas<\/li>\n<li>Ohjauskeskus: Erillinen ohjauskeskus<\/li>\n<li>Kivim\u00e4\u00e4r\u00e4, max. (kg): 90<\/li>\n<li>Toimitussis\u00e4lt\u00f6: Langaton ja erillinen ohjauskytkin sis\u00e4ltyy toimitukseen<\/li>\n<li>Takuuaika: 2 vuotta kotik\u00e4yt\u00f6ss\u00e4, 1 vuosi yhteis\u00f6k\u00e4yt\u00f6ss\u00e4<\/li>\n<li>Suositeltu kiuaskiven koko: \u00d8 5\u201310 cm<\/li>\n<li>K\u00e4ytt\u00f6j\u00e4nnite 3-vaiheinen: 400 V 3 N (liit\u00e4nt\u00e4kaapeli 5&#215;2,5 mm\u00b2, sulake 3&#215;16 A)<\/li>\n<li>K\u00e4ytt\u00f6j\u00e4nnite 1-vaiheinen: 230 V 1 N (liit\u00e4nt\u00e4kaapeli 3&#215;10 mm\u00b2, sulake 1&#215;35 A)<\/li>\n<li>Saatavilla olevat lis\u00e4tarvikkeet: Upotuskaulus (useampi malli), suojakaide (tavallinen\/valaistu), suojasein\u00e4 HPP11<\/li>\n<li>Kiuaskivet eiv\u00e4t sis\u00e4lly vakiotoimitukseen (tilattavissa erikseen)<\/li>\n<\/ul>\n<h4>Tuotteen asentaminen ja k\u00e4ytt\u00f6\u00f6notto:<\/h4>\n<ul>\n<li>Asennuspaikka: Lattia, Lauteisiin integroitava<\/li>\n<li>Saunan tilavuus, min. (m\u00b3): 8<\/li>\n<li>Saunan tilavuus, max. (m\u00b3): 14<\/li>\n<li>Suojaet\u00e4isyys kattoon (mm): 880<\/li>\n<li>Suojaet\u00e4isyys sivulle (mm): 100<\/li>\n<li>Suojaet\u00e4isyys eteen (mm): 100<\/li>\n<\/ul>\n<h4>Pakkauksen mitat ja paino:<\/h4>\n<ul>\n<li>Pakkauksen leveys (mm): 330,00<\/li>\n<li>Pakkauksen korkeus (mm): 1 030,00<\/li>\n<li>Pakkauksen syvyys (mm): 330,00<\/li>\n<li>Rahtipaino (kg): 13,20<\/li>\n<\/ul>\n<p>&nbsp;<\/p>\n<p><a href=\"https:\/\/factory.sale\/wp-content\/uploads\/2022\/08\/manual.pdf\" target=\"_blank\" rel=\"noopener noreferrer\"><em>Ohjeet<\/em><\/a><\/p>\n<\/div>\n<\/div>\n<\/div>\n","protected":false},"excerpt":{"rendered":"<p>T\u00e4m\u00e4 kiuas on tarkoitettu 8-14 m\u00b3 kokoisiin saunoihin.<\/p>\n","protected":false},"featured_media":11299,"comment_status":"open","ping_status":"closed","template":"","meta":{"_acf_changed":false},"factory":[],"free-shipment":[],"product_brand":[],"product_cat":[1421,1121,484],"product_tag":[866,1152,868,2106],"class_list":{"0":"post-11406","1":"product","2":"type-product","3":"status-publish","4":"has-post-thumbnail","6":"product_cat-harvia-fi","7":"product_cat-saniteetti","8":"product_cat-saunan-kiukaat","9":"product_tag-electric-sauna-heater-fi","10":"product_tag-harvia-fi","11":"product_tag-sanitary-ware-fi","12":"product_tag-sauna-fi","14":"first","15":"instock","16":"sale","17":"taxable","18":"shipping-taxable","19":"purchasable","20":"product-type-simple"},"acf":[],"_links":{"self":[{"href":"https:\/\/factory.sale\/fi\/wp-json\/wp\/v2\/product\/11406","targetHints":{"allow":["GET"]}}],"collection":[{"href":"https:\/\/factory.sale\/fi\/wp-json\/wp\/v2\/product"}],"about":[{"href":"https:\/\/factory.sale\/fi\/wp-json\/wp\/v2\/types\/product"}],"replies":[{"embeddable":true,"href":"https:\/\/factory.sale\/fi\/wp-json\/wp\/v2\/comments?post=11406"}],"wp:featuredmedia":[{"embeddable":true,"href":"https:\/\/factory.sale\/fi\/wp-json\/wp\/v2\/media\/11299"}],"wp:attachment":[{"href":"https:\/\/factory.sale\/fi\/wp-json\/wp\/v2\/media?parent=11406"}],"wp:term":[{"taxonomy":"factory","embeddable":true,"href":"https:\/\/factory.sale\/fi\/wp-json\/wp\/v2\/factory?post=11406"},{"taxonomy":"free-shipment","embeddable":true,"href":"https:\/\/factory.sale\/fi\/wp-json\/wp\/v2\/free-shipment?post=11406"},{"taxonomy":"product_brand","embeddable":true,"href":"https:\/\/factory.sale\/fi\/wp-json\/wp\/v2\/product_brand?post=11406"},{"taxonomy":"product_cat","embeddable":true,"href":"https:\/\/factory.sale\/fi\/wp-json\/wp\/v2\/product_cat?post=11406"},{"taxonomy":"product_tag","embeddable":true,"href":"https:\/\/factory.sale\/fi\/wp-json\/wp\/v2\/product_tag?post=11406"}],"curies":[{"name":"wp","href":"https:\/\/api.w.org\/{rel}","templated":true}]}}