{"id":11403,"date":"2022-08-08T12:08:55","date_gmt":"2022-08-08T12:08:55","guid":{"rendered":"https:\/\/factory.sale\/product\/sahkokiuas-harvia-cilindro-xenio-pc90xe-black-steel\/"},"modified":"2025-03-22T01:38:20","modified_gmt":"2025-03-21T22:38:20","slug":"sahkokiuas-harvia-cilindro-xenio-pc90xe-black-steel","status":"publish","type":"product","link":"https:\/\/factory.sale\/fi\/tuote\/sahkokiuas-harvia-cilindro-xenio-pc90xe-black-steel\/","title":{"rendered":"S\u00e4hk\u00f6kiuas Harvia Cilindro Xenio PC90XE Black Steel, 9kW, 8-14m\u00b3, erillinen ohjaus"},"content":{"rendered":"<div id=\"description\" class=\"data item content\">\n<div class=\"product attribute description\">\n<div class=\"value\">\n<p>Harvia Cilindro PC90XE Black Steel 9kW on moderni s\u00e4hk\u00f6kiuas, jossa on digitaalinen ohjaus. Kiukaan tumma erikoisk\u00e4sitelty Black Steel -pinta mukautuu ymp\u00e4rist\u00f6\u00f6n tuoden ter\u00e4ksen el\u00e4v\u00e4n pinnan kauniisti esille. Suuren kivim\u00e4\u00e4r\u00e4ns\u00e4 ansiosta kiuas takaa saunojille pehme\u00e4t l\u00f6ylyt keskisuureen saunaan. Pilarimallisen kiukaan voi upottaa my\u00f6s lauteiden keskelle. PC90XE-kiuas sopii 8-14 m\u00b3 kokoiseen saunaan.<\/p>\n<p>Tyylik\u00e4s, sein\u00e4\u00e4n asennettava Xenio-kosketuspaneeli tekee kiukaan k\u00e4yt\u00f6st\u00e4 helppoa. Ajastustoiminnon avulla sauna on l\u00e4mmin juuri silloin kuin itse haluat; p\u00e4\u00e4set hypp\u00e4\u00e4m\u00e4\u00e4n suoraan l\u00f6ylyihin esimerkiksi lenkin j\u00e4lkeen. L\u00e4mp\u00f6tilaa voi s\u00e4\u00e4t\u00e4\u00e4 asteen tarkkuudella, ja voit ohjata my\u00f6s saunan valaistusta ja ilmanvaihtoa.<\/p>\n<h4>Ohjauspaneelin tiedot:<\/h4>\n<ul>\n<li>Digitaalinen Xenio-ohjauspaneeli<\/li>\n<li>Sein\u00e4\u00e4n asennettava<\/li>\n<li>S\u00e4\u00e4d\u00e4 saunan l\u00e4mp\u00f6tilaa asteen tarkkuudella<\/li>\n<li>Ajastustoiminto<\/li>\n<li>Ohjaa my\u00f6s saunan valaistusta ja ilmanvaihtoa<\/li>\n<li>Toimitukseen sis\u00e4ltyy 5 metrin liit\u00e4nt\u00e4kaapeli ohjauspaneelille<\/li>\n<\/ul>\n<h4>Tuotetiedot:<\/h4>\n<ul>\n<li>Tuotemerkki: Harvia<\/li>\n<li>Kiuasmalli: Cilindro<\/li>\n<li>GTIN: 6417659026482<\/li>\n<li>S\u00e4hk\u00f6numero: 8266729<\/li>\n<\/ul>\n<h4>Tuotteen mitat:<\/h4>\n<ul>\n<li>Korkeus (mm): 930<\/li>\n<li>Leveys (mm): 320<\/li>\n<li>Syvyys (mm): 320<\/li>\n<li>Halkaisija (mm): 320<\/li>\n<li>Johdon pituus (m): 5<\/li>\n<\/ul>\n<h4>Tuotteen ominaisuudet:<\/h4>\n<ul>\n<li>V\u00e4ri: Musta<\/li>\n<li>V\u00e4rin tarkenne: Tumma ter\u00e4s (Black Steel)<\/li>\n<li>Materiaali: Ter\u00e4s<\/li>\n<li>L\u00e4mmitysteho (kW): 9<\/li>\n<li>Kiukaan tyyppi: Verkkokiuas<\/li>\n<li>Ohjauskeskus: Erillinen ohjauskeskus<\/li>\n<li>Kivim\u00e4\u00e4r\u00e4, max. (kg): 80<\/li>\n<li>Toimitussis\u00e4lt\u00f6: Kiuas, ohjauspaneeli, ohjauspaneelin liit\u00e4nt\u00e4kaapeli (5 metri\u00e4), ohjauspaneelin asennuskaulus, l\u00e4mp\u00f6tila-anturi sek\u00e4 asennus- ja k\u00e4ytt\u00f6ohje<\/li>\n<li>Mukana 5 m ohjauskeskuskaapeli, pidempi\u00e4 kaapeleita saatavilla lis\u00e4tarvikkeena<\/li>\n<li>Suositeltu kiuaskiven koko: \u00d8 5\u201310 cm<\/li>\n<li>K\u00e4ytt\u00f6j\u00e4nnite: 400 V 3N \/ 230 V 1N<\/li>\n<li>Saatavilla olevat lis\u00e4varusteet: Upotuskaulus (useampi malli), suojakaide (useampi malli), Autodose-l\u00f6ylyautomaatti SASL1, turvakytkin SFE-D350<\/li>\n<li>Kiuaskivet eiv\u00e4t sis\u00e4lly toimitukseen (tilattavissa erikseen)<\/li>\n<\/ul>\n<h4>Tuotteen asentaminen ja k\u00e4ytt\u00f6\u00f6notto:<\/h4>\n<ul>\n<li>Asennuspaikka: Lattia, Lauteisiin integroitava<\/li>\n<li>Saunan tilavuus, min. (m\u00b3): 8<\/li>\n<li>Saunan tilavuus, max. (m\u00b3): 14<\/li>\n<li>Suojaet\u00e4isyys sivulle (mm): 100<\/li>\n<li>Suojaet\u00e4isyys eteen (mm): 100<\/li>\n<li>Suojaet\u00e4isyys taakse (mm): 100<\/li>\n<\/ul>\n<h4>Pakkauksen mitat ja paino:<\/h4>\n<ul>\n<li>Pakkauksen leveys (mm): 330,00<\/li>\n<li>Pakkauksen korkeus (mm): 975,00<\/li>\n<li>Pakkauksen syvyys (mm): 330,00<\/li>\n<li>Rahtipaino (kg): 9,50<\/li>\n<\/ul>\n<\/div>\n<\/div>\n<\/div>\n<p>&nbsp;<\/p>\n<p>&nbsp;<\/p>\n<p><a href=\"https:\/\/factory.sale\/wp-content\/uploads\/2022\/08\/PC-manual.pdf\" target=\"_blank\" rel=\"noopener noreferrer\"><em>Ohjeet<\/em><\/a><\/p>\n","protected":false},"excerpt":{"rendered":"<p>Harvia Cilindro PC90XE Black Steel 9kW on moderni s\u00e4hk\u00f6kiuas, jossa on digitaalinen ohjaus.<\/p>\n","protected":false},"featured_media":11330,"comment_status":"open","ping_status":"closed","template":"","meta":{"_acf_changed":false},"factory":[],"free-shipment":[],"product_brand":[],"product_cat":[1121,484],"product_tag":[3162,866,1152,868],"class_list":{"0":"post-11403","1":"product","2":"type-product","3":"status-publish","4":"has-post-thumbnail","6":"product_cat-saniteetti","7":"product_cat-saunan-kiukaat","8":"product_tag-electric-heater-fi","9":"product_tag-electric-sauna-heater-fi","10":"product_tag-harvia-fi","11":"product_tag-sanitary-ware-fi","13":"first","14":"instock","15":"sale","16":"taxable","17":"shipping-taxable","18":"purchasable","19":"product-type-simple"},"acf":[],"_links":{"self":[{"href":"https:\/\/factory.sale\/fi\/wp-json\/wp\/v2\/product\/11403","targetHints":{"allow":["GET"]}}],"collection":[{"href":"https:\/\/factory.sale\/fi\/wp-json\/wp\/v2\/product"}],"about":[{"href":"https:\/\/factory.sale\/fi\/wp-json\/wp\/v2\/types\/product"}],"replies":[{"embeddable":true,"href":"https:\/\/factory.sale\/fi\/wp-json\/wp\/v2\/comments?post=11403"}],"wp:featuredmedia":[{"embeddable":true,"href":"https:\/\/factory.sale\/fi\/wp-json\/wp\/v2\/media\/11330"}],"wp:attachment":[{"href":"https:\/\/factory.sale\/fi\/wp-json\/wp\/v2\/media?parent=11403"}],"wp:term":[{"taxonomy":"factory","embeddable":true,"href":"https:\/\/factory.sale\/fi\/wp-json\/wp\/v2\/factory?post=11403"},{"taxonomy":"free-shipment","embeddable":true,"href":"https:\/\/factory.sale\/fi\/wp-json\/wp\/v2\/free-shipment?post=11403"},{"taxonomy":"product_brand","embeddable":true,"href":"https:\/\/factory.sale\/fi\/wp-json\/wp\/v2\/product_brand?post=11403"},{"taxonomy":"product_cat","embeddable":true,"href":"https:\/\/factory.sale\/fi\/wp-json\/wp\/v2\/product_cat?post=11403"},{"taxonomy":"product_tag","embeddable":true,"href":"https:\/\/factory.sale\/fi\/wp-json\/wp\/v2\/product_tag?post=11403"}],"curies":[{"name":"wp","href":"https:\/\/api.w.org\/{rel}","templated":true}]}}