{"id":11402,"date":"2022-08-09T07:11:53","date_gmt":"2022-08-09T07:11:53","guid":{"rendered":"https:\/\/factory.sale\/product\/suojakaide-cilindro-kiukaille-hpc3\/"},"modified":"2025-03-20T21:51:52","modified_gmt":"2025-03-20T18:51:52","slug":"suojakaide-cilindro-kiukaille-hpc3","status":"publish","type":"product","link":"https:\/\/factory.sale\/fi\/tuote\/suojakaide-cilindro-kiukaille-hpc3\/","title":{"rendered":"Suojakaide Cilindro-kiukaille HPC3"},"content":{"rendered":"<p>Harvia Suojakaide HPC3 on kannatettava tapa lis\u00e4t\u00e4 saunojien turvallisuutta Harvia Cilindro -kiukaan ymp\u00e4rille. Suojakaiteet koostuvat nelj\u00e4st\u00e4 puukaaresta, jotka kiinnittyv\u00e4t toisiinsa ja kiukaaseen ruostumattomasta ter\u00e4ksest\u00e4 valmistetuilla kiinnikkeill\u00e4. L\u00e4mp\u00f6k\u00e4sitellyst\u00e4 haapapuusta muotoillut kaiteet luovat tyylik\u00e4st\u00e4 ja miellytt\u00e4v\u00e4\u00e4 kosketuspintaa saunasisustukseen. Turvallisen saunomisen puolesta \u2013 Harvia.<\/p>\n<p>&nbsp;<\/p>\n<table class=\"panel-table\" style=\"height: 161px;\" width=\"348\">\n<thead>\n<tr>\n<th><\/th>\n<th>HPC3<\/th>\n<\/tr>\n<\/thead>\n<tbody>\n<tr>\n<th>Paino kg<\/th>\n<td>2,3<\/td>\n<\/tr>\n<tr>\n<th>Syvyys cm<\/th>\n<td>52<\/td>\n<\/tr>\n<tr>\n<th>Leveys cm<\/th>\n<td>52<\/td>\n<\/tr>\n<tr>\n<th>Korkeus cm<\/th>\n<td>8<\/td>\n<\/tr>\n<\/tbody>\n<\/table>\n","protected":false},"excerpt":{"rendered":"<p>Harvia suojakaide HPC3 sopii 6,8 ja 9,0 kilowatin tehoisiin Cilindro-kiukaisiin. Suojakaiteen puuosat ovat l\u00e4mp\u00f6k\u00e4sitelty\u00e4 haapaa ja metalliosat on valmistettu ruostumattomasta ter\u00e4ksest\u00e4.<\/p>\n<p>Suojakaide on halkaisijaltaan 520 mm. HPC3 -suojakaide on saatavilla my\u00f6s valaistuna.<\/p>\n","protected":false},"featured_media":11376,"comment_status":"open","ping_status":"closed","template":"","meta":{"_acf_changed":false},"factory":[],"free-shipment":[],"product_brand":[],"product_cat":[1121,1334],"product_tag":[868,2106],"class_list":{"0":"post-11402","1":"product","2":"type-product","3":"status-publish","4":"has-post-thumbnail","6":"product_cat-saniteetti","7":"product_cat-saunatarvikkeet","8":"product_tag-sanitary-ware-fi","9":"product_tag-sauna-fi","11":"first","12":"instock","13":"sale","14":"taxable","15":"shipping-taxable","16":"purchasable","17":"product-type-simple"},"acf":[],"_links":{"self":[{"href":"https:\/\/factory.sale\/fi\/wp-json\/wp\/v2\/product\/11402","targetHints":{"allow":["GET"]}}],"collection":[{"href":"https:\/\/factory.sale\/fi\/wp-json\/wp\/v2\/product"}],"about":[{"href":"https:\/\/factory.sale\/fi\/wp-json\/wp\/v2\/types\/product"}],"replies":[{"embeddable":true,"href":"https:\/\/factory.sale\/fi\/wp-json\/wp\/v2\/comments?post=11402"}],"wp:featuredmedia":[{"embeddable":true,"href":"https:\/\/factory.sale\/fi\/wp-json\/wp\/v2\/media\/11376"}],"wp:attachment":[{"href":"https:\/\/factory.sale\/fi\/wp-json\/wp\/v2\/media?parent=11402"}],"wp:term":[{"taxonomy":"factory","embeddable":true,"href":"https:\/\/factory.sale\/fi\/wp-json\/wp\/v2\/factory?post=11402"},{"taxonomy":"free-shipment","embeddable":true,"href":"https:\/\/factory.sale\/fi\/wp-json\/wp\/v2\/free-shipment?post=11402"},{"taxonomy":"product_brand","embeddable":true,"href":"https:\/\/factory.sale\/fi\/wp-json\/wp\/v2\/product_brand?post=11402"},{"taxonomy":"product_cat","embeddable":true,"href":"https:\/\/factory.sale\/fi\/wp-json\/wp\/v2\/product_cat?post=11402"},{"taxonomy":"product_tag","embeddable":true,"href":"https:\/\/factory.sale\/fi\/wp-json\/wp\/v2\/product_tag?post=11402"}],"curies":[{"name":"wp","href":"https:\/\/api.w.org\/{rel}","templated":true}]}}