{"id":11401,"date":"2022-08-09T08:34:17","date_gmt":"2022-08-09T08:34:17","guid":{"rendered":"https:\/\/factory.sale\/product\/ohjauskeskus-harvia-c150-170-kw-valkoinen\/"},"modified":"2024-06-25T11:55:34","modified_gmt":"2024-06-25T11:55:34","slug":"ohjauskeskus-harvia-c150-170-kw-valkoinen","status":"publish","type":"product","link":"https:\/\/factory.sale\/fi\/tuote\/ohjauskeskus-harvia-c150-170-kw-valkoinen\/","title":{"rendered":"Ohjauskeskus Harvia C150 17,0 kW valkoinen"},"content":{"rendered":"<p>Harvia C150 on k\u00e4sik\u00e4ytt\u00f6inen perusohjauskeskus, jolla s\u00e4\u00e4d\u00e4t k\u00e4tev\u00e4sti l\u00e4mp\u00f6tilaa ja kiukaan p\u00e4\u00e4ll\u00e4oloaikaa 1-12 tunniksi saunojien tarpeiden mukaan. C150-ohjauskeskuksella voidaan ohjata sek\u00e4 perhesaunojen ett\u00e4 yhteis\u00f6saunojen kiukaita (2,3-17 kW). Luotettavaa Harvia-laatua. Erillinen l\u00e4mp\u00f6anturi nelj\u00e4n metrin kaapelilla sis\u00e4ltyy toimitukseen. Kiukaan p\u00e4\u00e4ll\u00e4oloaika on rajoitettavissa 1-12 tunniksi.<\/p>\n<ul class=\"attribute-list\">\n<li class=\"hide\">Pakkauksen mitat : K9.0*L23.0*S28.0cm<\/li>\n<li class=\"hide\">Paino : 1.7 kg\/kpl<\/li>\n<\/ul>\n<p>&nbsp;<\/p>\n","protected":false},"excerpt":{"rendered":"<p>Harvia C150 on ns. k\u00e4sik\u00e4ytt\u00f6inen perusohjauskeskus 1-ryhm\u00e4kiukaille 2,3\u201317 kW.<\/p>\n","protected":false},"featured_media":11385,"comment_status":"open","ping_status":"closed","template":"","meta":{"_acf_changed":false},"factory":[],"free-shipment":[],"product_brand":[],"product_cat":[1121,1346],"product_tag":[1152,868,2106],"class_list":{"0":"post-11401","1":"product","2":"type-product","3":"status-publish","4":"has-post-thumbnail","6":"product_cat-saniteetti","7":"product_cat-ohjauspaneeli","8":"product_tag-harvia-fi","9":"product_tag-sanitary-ware-fi","10":"product_tag-sauna-fi","12":"first","13":"instock","14":"sale","15":"taxable","16":"shipping-taxable","17":"purchasable","18":"product-type-simple"},"acf":[],"_links":{"self":[{"href":"https:\/\/factory.sale\/fi\/wp-json\/wp\/v2\/product\/11401","targetHints":{"allow":["GET"]}}],"collection":[{"href":"https:\/\/factory.sale\/fi\/wp-json\/wp\/v2\/product"}],"about":[{"href":"https:\/\/factory.sale\/fi\/wp-json\/wp\/v2\/types\/product"}],"replies":[{"embeddable":true,"href":"https:\/\/factory.sale\/fi\/wp-json\/wp\/v2\/comments?post=11401"}],"wp:featuredmedia":[{"embeddable":true,"href":"https:\/\/factory.sale\/fi\/wp-json\/wp\/v2\/media\/11385"}],"wp:attachment":[{"href":"https:\/\/factory.sale\/fi\/wp-json\/wp\/v2\/media?parent=11401"}],"wp:term":[{"taxonomy":"factory","embeddable":true,"href":"https:\/\/factory.sale\/fi\/wp-json\/wp\/v2\/factory?post=11401"},{"taxonomy":"free-shipment","embeddable":true,"href":"https:\/\/factory.sale\/fi\/wp-json\/wp\/v2\/free-shipment?post=11401"},{"taxonomy":"product_brand","embeddable":true,"href":"https:\/\/factory.sale\/fi\/wp-json\/wp\/v2\/product_brand?post=11401"},{"taxonomy":"product_cat","embeddable":true,"href":"https:\/\/factory.sale\/fi\/wp-json\/wp\/v2\/product_cat?post=11401"},{"taxonomy":"product_tag","embeddable":true,"href":"https:\/\/factory.sale\/fi\/wp-json\/wp\/v2\/product_tag?post=11401"}],"curies":[{"name":"wp","href":"https:\/\/api.w.org\/{rel}","templated":true}]}}