{"id":11397,"date":"2022-08-08T07:53:12","date_gmt":"2022-08-08T07:53:12","guid":{"rendered":"https:\/\/factory.sale\/product\/sahkokiuas-harvia-cilindro-pc90-9kw\/"},"modified":"2024-06-25T23:04:06","modified_gmt":"2024-06-25T23:04:06","slug":"sahkokiuas-harvia-cilindro-pc90-9kw","status":"publish","type":"product","link":"https:\/\/factory.sale\/fi\/tuote\/sahkokiuas-harvia-cilindro-pc90-9kw\/","title":{"rendered":"S\u00e4hk\u00f6kiuas Harvia Cilindro PC90XE Steel, 9kW, 8-14m\u00b3, erillinen ohjaus"},"content":{"rendered":"<p>Tyylik\u00e4s Harvia Cilindro PC90 on korkealaatuinen pilarikiuas, jolla on kerrassaan erinomainen hinta-laatusuhde. PC90 on malliltaan avoin ja kiukaan suuri kivim\u00e4\u00e4r\u00e4 takaa todella nautinnolliset saunael\u00e4mykset, jotka ovat varmasti vaativankin saunojan mieleen. Suuren kivipinta-alan ansiosta voit s\u00e4\u00e4dell\u00e4 l\u00f6ylyjen kipakkuutta heitt\u00e4m\u00e4ll\u00e4 l\u00f6yly\u00e4 joko kiukaan kylkeen tai suoraan kivipilarin p\u00e4\u00e4lle. Kiukaan ulkovaippa on aukotettua ruostumatonta ter\u00e4st\u00e4. Harvia Cilindro PC90 s\u00e4hk\u00f6kiuas soveltuu 8-14 m\u00b3 kokoiseen saunaan.<\/p>\n<p>Harvia Cilindro PC90 s\u00e4hk\u00f6kiuasta ohjataan kiinte\u00e4ll\u00e4 ohjauskeskuksella. Helppok\u00e4ytt\u00f6iset kytkimet sijaitsevat alhaalla kiukaan etupuolella. PC90 on my\u00f6s mahdollista upottaa alalauteeseen erillisen upotuskauluksen avulla, kunhan huomioit p\u00e4\u00e4syn kiukaan kytkimille. Kiukaaseen on lis\u00e4tarvikkeena saatavilla k\u00e4ytt\u00f6turvallisuutta lis\u00e4\u00e4vi\u00e4 suojakaiteita, joiden avulla viimeistelet kiukaan asennuksen ja p\u00e4\u00e4set nauttimaan laadukkaista ja entist\u00e4 turvallisemmista saunahetkist\u00e4!<\/p>\n<p>&nbsp;<\/p>\n<h4>Tuotetiedot:<\/h4>\n<ul>\n<li>Tuotemerkki: Harvia<\/li>\n<li>Kiuasmalli: Cilindro<\/li>\n<li>GTIN: 6410082610075<\/li>\n<li>S\u00e4hk\u00f6numero: 8261007<\/li>\n<\/ul>\n<h4>Tuotteen mitat:<\/h4>\n<ul>\n<li>Korkeus (mm): 930<\/li>\n<li>Leveys (mm): 320<\/li>\n<li>Syvyys (mm): 320<\/li>\n<li>Halkaisija (mm): 320<\/li>\n<li>Tuotteen paino (kg): 10<\/li>\n<\/ul>\n<p>&nbsp;<\/p>\n<p>&nbsp;<\/p>\n<p>&nbsp;<\/p>\n<p><a href=\"https:\/\/factory.sale\/wp-content\/uploads\/2022\/08\/manual.pdf\" target=\"_blank\" rel=\"noopener noreferrer\">Ohjeet<\/a><\/p>\n","protected":false},"excerpt":{"rendered":"<p>Harvia Cilindro PC90 s\u00e4hk\u00f6kiuas soveltuu 8-14 m\u00b3 kokoiseen saunaan.<\/p>\n","protected":false},"featured_media":11284,"comment_status":"open","ping_status":"closed","template":"","meta":{"_acf_changed":false},"factory":[],"free-shipment":[],"product_brand":[],"product_cat":[1421,1121,484],"product_tag":[3162,866,1152,868],"class_list":{"0":"post-11397","1":"product","2":"type-product","3":"status-publish","4":"has-post-thumbnail","6":"product_cat-harvia-fi","7":"product_cat-saniteetti","8":"product_cat-saunan-kiukaat","9":"product_tag-electric-heater-fi","10":"product_tag-electric-sauna-heater-fi","11":"product_tag-harvia-fi","12":"product_tag-sanitary-ware-fi","14":"first","15":"instock","16":"sale","17":"taxable","18":"shipping-taxable","19":"purchasable","20":"product-type-simple"},"acf":[],"_links":{"self":[{"href":"https:\/\/factory.sale\/fi\/wp-json\/wp\/v2\/product\/11397","targetHints":{"allow":["GET"]}}],"collection":[{"href":"https:\/\/factory.sale\/fi\/wp-json\/wp\/v2\/product"}],"about":[{"href":"https:\/\/factory.sale\/fi\/wp-json\/wp\/v2\/types\/product"}],"replies":[{"embeddable":true,"href":"https:\/\/factory.sale\/fi\/wp-json\/wp\/v2\/comments?post=11397"}],"wp:featuredmedia":[{"embeddable":true,"href":"https:\/\/factory.sale\/fi\/wp-json\/wp\/v2\/media\/11284"}],"wp:attachment":[{"href":"https:\/\/factory.sale\/fi\/wp-json\/wp\/v2\/media?parent=11397"}],"wp:term":[{"taxonomy":"factory","embeddable":true,"href":"https:\/\/factory.sale\/fi\/wp-json\/wp\/v2\/factory?post=11397"},{"taxonomy":"free-shipment","embeddable":true,"href":"https:\/\/factory.sale\/fi\/wp-json\/wp\/v2\/free-shipment?post=11397"},{"taxonomy":"product_brand","embeddable":true,"href":"https:\/\/factory.sale\/fi\/wp-json\/wp\/v2\/product_brand?post=11397"},{"taxonomy":"product_cat","embeddable":true,"href":"https:\/\/factory.sale\/fi\/wp-json\/wp\/v2\/product_cat?post=11397"},{"taxonomy":"product_tag","embeddable":true,"href":"https:\/\/factory.sale\/fi\/wp-json\/wp\/v2\/product_tag?post=11397"}],"curies":[{"name":"wp","href":"https:\/\/api.w.org\/{rel}","templated":true}]}}