{"id":11065,"date":"2022-06-06T10:22:23","date_gmt":"2022-06-06T10:22:23","guid":{"rendered":"https:\/\/factory.sale\/product\/harvia-m3-woodburning-stove\/"},"modified":"2024-06-26T09:05:28","modified_gmt":"2024-06-26T09:05:28","slug":"puukiuas-harvia-m3","status":"publish","type":"product","link":"https:\/\/factory.sale\/fi\/tuote\/puukiuas-harvia-m3\/","title":{"rendered":"Puukiuas Harvia M3"},"content":{"rendered":"<p>Harvia M3 on pienehk\u00f6n puusaunan syd\u00e4n. Se luovuttaa l\u00e4mp\u00f6\u00e4 tasaisesti ja kiukaan tehokas tulen- ja ilmankierto tekev\u00e4t l\u00f6ylyist\u00e4 nautinnollisen el\u00e4myksen. Klassisen tyylik\u00e4s, grafiitinmusta puukiuas tuo saunaan perinteist\u00e4 fiilist\u00e4 ja tulta p\u00e4\u00e4see ihailemaan suuresta lasiluukusta. Kiukaaseen voidaan liitt\u00e4\u00e4 my\u00f6s piippumallin vesis\u00e4ili\u00f6.<\/p>\n<p>\u2022 saunan koko 6 &#8211; 13 m\u00b3<br \/>\n\u2022 kivim\u00e4\u00e4r\u00e4 enint\u00e4\u00e4n 30 kg<br \/>\n\u2022 suuret kiuaskivet<\/p>\n<div class=\"col-1\">\n<div>\n<div class=\"product-card-attributes\">\n<h4 class=\"product-card-attributes__title\">Tuotetiedot:<\/h4>\n<ul>\n<li>Tuotemerkki: Harvia<\/li>\n<li>Kiuasmalli: M3<\/li>\n<li>Tuotenumero: HARWKPM3<\/li>\n<li>Korkeus: 710 mm<\/li>\n<li>Syvyys: 450 mm<\/li>\n<li>Leveys: 390 mm<\/li>\n<li>Materiaali: Ter\u00e4s<\/li>\n<li>V\u00e4rit: Musta, Ter\u00e4s<\/li>\n<\/ul>\n<ul>\n<li>GTIN: 6417659024860<\/li>\n<li>Hormiliit\u00e4nn\u00e4n halkaisija (mm): 115<\/li>\n<li>Tuotteen paino (kg): 45<\/li>\n<li>Materiaalin tarkenne: Yl\u00e4s\u00e4leikk\u00f6 ruostumatonta ter\u00e4st\u00e4<\/li>\n<li>Kivim\u00e4\u00e4r\u00e4, max. (kg): 30<\/li>\n<li>Hormiliit\u00e4nn\u00e4n sijainti: P\u00e4\u00e4ll\u00e4, Takana<\/li>\n<li>Vesis\u00e4ili\u00f6llinen: Ei<\/li>\n<li>Takuuaika: 2 vuotta (kattaa materiaali- ja valmistusvirheet)<\/li>\n<li>Lasiluukku, k\u00e4tisyys valittavissa<\/li>\n<li>Suositeltu kiuaskiven koko: \u00d8 10-15 cm<\/li>\n<li>Tulikannen paksuus: 5 mm<\/li>\n<li>Polttopuun pituus: 35 cm (max)<\/li>\n<li>Polttopuun halkaisija: 8-15 cm<\/li>\n<li>Nimellisteho: 16,5 kW<\/li>\n<li>Savuhormilta vaadittava l\u00e4mp\u00f6tilaluokka: T600<\/li>\n<li>Takaliit\u00e4nt\u00e4aukon sijainti lattiasta keskelle reik\u00e4\u00e4 (X): 560 mm<\/li>\n<li>Yl\u00e4liit\u00e4nt\u00e4aukon sijainti lattiasta aukon alaosaan (Y): 640 mm<\/li>\n<li>Yl\u00e4liit\u00e4nt\u00e4aukon sijainti takareunasta keskelle reik\u00e4\u00e4 (Z): 120 mm<\/li>\n<li>Muuratut sein\u00e4t (E): J\u00e4t\u00e4 kiukaan ja seinien v\u00e4liin 50 mm ilmarako. Jos asennetaan sein\u00e4syvennykseen, j\u00e4t\u00e4 100 mm ilmarako<\/li>\n<li>Suojaet\u00e4isyydet ovat minimiet\u00e4isyyksi\u00e4, tutustu my\u00f6s kiukaan asennusohjeeseen<\/li>\n<li>Saatavilla olevat lis\u00e4tarvikkeet: Suojasein\u00e4 (t\u00e4ysisuoja) WL450, suojasein\u00e4 (sivusuoja) WL400, suoja-alustat WL100\/WX018, vedenl\u00e4mmittimi\u00e4 (useampi malli), saunatarvikkeita<\/li>\n<li>Kiuaskivet eiv\u00e4t sis\u00e4lly perustoimitukseen (tilattavissa erikseen<\/li>\n<li>Saunan tilavuus, min. (m\u00b3): 6<\/li>\n<li>Saunan tilavuus, max. (m\u00b3): 13<\/li>\n<li>Suojaet\u00e4isyys kattoon (mm): 1 300<\/li>\n<li>Suojaet\u00e4isyys sivulle (mm): 300<\/li>\n<li>Suojaet\u00e4isyys eteen (mm): 300<\/li>\n<li>Suojaet\u00e4isyys taakse (mm): 300<\/li>\n<li>Pakkauksen leveys (mm): 500,00<\/li>\n<li>Pakkauksen korkeus (mm): 765,00<\/li>\n<li>Pakkauksen syvyys (mm): 415,00<\/li>\n<li>Rahtipaino (kg): 46,60<\/li>\n<\/ul>\n<\/div>\n<\/div>\n<p>&nbsp;<\/p>\n<div><strong>Kiuaskivet ja piiput eiv\u00e4t kuulu pakkaukseen. Kysy meilt\u00e4 lis\u00e4!<br \/>\n<\/strong><\/div>\n<\/div>\n","protected":false},"excerpt":{"rendered":"<p>Harvia M3 on pienehk\u00f6n puusaunan syd\u00e4n. Se luovuttaa l\u00e4mp\u00f6\u00e4 tasaisesti ja kiukaan tehokas tulen- ja ilmankierto tekev\u00e4t l\u00f6ylyist\u00e4 nautinnollisen el\u00e4myksen. Klassisen tyylik\u00e4s, grafiitinmusta puukiuas tuo saunaan perinteist\u00e4 fiilist\u00e4 ja tulta p\u00e4\u00e4see ihailemaan suuresta lasiluukusta. Kiukaaseen voidaan liitt\u00e4\u00e4 my\u00f6s piippumallin vesis\u00e4ili\u00f6.<\/p>\n","protected":false},"featured_media":9124,"comment_status":"open","ping_status":"closed","template":"","meta":{"_acf_changed":false},"factory":[],"free-shipment":[],"product_brand":[],"product_cat":[1421,1121,484],"product_tag":[1122,1123,1124],"class_list":{"0":"post-11065","1":"product","2":"type-product","3":"status-publish","4":"has-post-thumbnail","6":"product_cat-harvia-fi","7":"product_cat-saniteetti","8":"product_cat-saunan-kiukaat","9":"product_tag-harvia-m3-fi","10":"product_tag-portable-fi","11":"product_tag-woodburning-stove-fi","13":"first","14":"instock","15":"sale","16":"taxable","17":"shipping-taxable","18":"purchasable","19":"product-type-simple"},"acf":[],"_links":{"self":[{"href":"https:\/\/factory.sale\/fi\/wp-json\/wp\/v2\/product\/11065","targetHints":{"allow":["GET"]}}],"collection":[{"href":"https:\/\/factory.sale\/fi\/wp-json\/wp\/v2\/product"}],"about":[{"href":"https:\/\/factory.sale\/fi\/wp-json\/wp\/v2\/types\/product"}],"replies":[{"embeddable":true,"href":"https:\/\/factory.sale\/fi\/wp-json\/wp\/v2\/comments?post=11065"}],"wp:featuredmedia":[{"embeddable":true,"href":"https:\/\/factory.sale\/fi\/wp-json\/wp\/v2\/media\/9124"}],"wp:attachment":[{"href":"https:\/\/factory.sale\/fi\/wp-json\/wp\/v2\/media?parent=11065"}],"wp:term":[{"taxonomy":"factory","embeddable":true,"href":"https:\/\/factory.sale\/fi\/wp-json\/wp\/v2\/factory?post=11065"},{"taxonomy":"free-shipment","embeddable":true,"href":"https:\/\/factory.sale\/fi\/wp-json\/wp\/v2\/free-shipment?post=11065"},{"taxonomy":"product_brand","embeddable":true,"href":"https:\/\/factory.sale\/fi\/wp-json\/wp\/v2\/product_brand?post=11065"},{"taxonomy":"product_cat","embeddable":true,"href":"https:\/\/factory.sale\/fi\/wp-json\/wp\/v2\/product_cat?post=11065"},{"taxonomy":"product_tag","embeddable":true,"href":"https:\/\/factory.sale\/fi\/wp-json\/wp\/v2\/product_tag?post=11065"}],"curies":[{"name":"wp","href":"https:\/\/api.w.org\/{rel}","templated":true}]}}