{"id":107147,"date":"2025-07-10T12:32:17","date_gmt":"2025-07-10T09:42:52","guid":{"rendered":"https:\/\/factory.sale\/?post_type=product&#038;p=107147"},"modified":"2025-11-21T21:53:22","modified_gmt":"2025-11-21T18:53:22","slug":"mers-puulammitteinen-uuni-tk-203-by","status":"publish","type":"product","link":"https:\/\/factory.sale\/fi\/tuote\/mers-puulammitteinen-uuni-tk-203-by\/","title":{"rendered":"Mers puul\u00e4mmitteinen liesiuuni TK 203 BY"},"content":{"rendered":"<p>Perinteiset liesiuunimallit ovat vuosikymmenten ajan tuoneet l\u00e4mp\u00f6\u00e4 ja luonnetta keitti\u00f6ihin. Tyylikk\u00e4\u00e4ll\u00e4 muotoilulla varustetut uunit sopivat erinomaisesti sek\u00e4 ruoan valmistukseen ett\u00e4 tilojen l\u00e4mmitykseen. Tavallisesti valuraudasta tai ter\u00e4ksest\u00e4 valmistetut uunit toimivat luonnollisilla polttoaineilla, kuten puulla tai kivihiilell\u00e4. N\u00e4m\u00e4 uunit tunnetaan kest\u00e4v\u00e4st\u00e4 rakenteestaan ja suurista ty\u00f6pinnoistaan. Ne ovat my\u00f6s kuuluisia kodin t\u00e4ytt\u00e4vist\u00e4 tuoksuista, joita syntyy hitaasti hautuvien keittojen, herkullisten ruokien ja houkuttelevien leivonnaisten valmistuksessa. Perinteiset uunit ovat edelleen suosittu valinta nykyaikaisissa kodeissa, tuoden keitti\u00f6\u00f6n nostalgista tunnelmaa ja l\u00e4mmint\u00e4 ilmapiiri\u00e4.<\/p>\n<p>&nbsp;<\/p>\n<p>&nbsp;<\/p>\n<p>&nbsp;<\/p>\n<p><strong>Tekniset tiedot:<\/strong><\/p>\n<ul>\n<li>Teho: 7,85 kW<\/li>\n<li>L\u00e4mp\u00f6\u00e4 kest\u00e4v\u00e4t tulitiilet<\/li>\n<li>Kaksinkertainen kiertoj\u00e4rjestelm\u00e4<\/li>\n<li>Syvyys 50 x leveys 87 x korkeus 80 cm<\/li>\n<li>L\u00e4mmityskapasiteetti: jopa 70 m\u00b2<\/li>\n<li>Valurauta (yl\u00e4levy, tuliritil\u00e4)<\/li>\n<li>Hormiputken halkaisija: 130 mm<\/li>\n<li>L\u00e4mp\u00f6shokki- ja kuumuutta kest\u00e4v\u00e4 keraaminen lasi<\/li>\n<li>Helppo puhdistaa<\/li>\n<li>Uunin koko: 25 x 45 x 45 cm, l\u00e4mp\u00f6mittarilla varustettu uuni<\/li>\n<li>Paksu metallilevy<\/li>\n<li>Paino: 84 kg<\/li>\n<li>Polttopuiden varastotila<\/li>\n<li>Puul\u00e4mmitteinen<\/li>\n<\/ul>\n<p>&nbsp;<\/p>\n<p>&nbsp;<\/p>\n<p>&nbsp;<\/p>\n<p><strong>Toimituksen koko: 55 x 95 cm, 84 kg<\/strong><\/p>\n<p>&nbsp;<\/p>\n<p>&nbsp;<\/p>\n<p><img loading=\"lazy\" decoding=\"async\" class=\"alignnone wp-image-107142\" src=\"https:\/\/factory.sale\/wp-content\/uploads\/2025\/07\/mers-stoves-factory.sale_-300x105.webp\" alt=\"\" width=\"422\" height=\"148\" srcset=\"https:\/\/factory.sale\/wp-content\/uploads\/2025\/07\/mers-stoves-factory.sale_-300x105.webp 300w, https:\/\/factory.sale\/wp-content\/uploads\/2025\/07\/mers-stoves-factory.sale_-150x52.webp 150w, https:\/\/factory.sale\/wp-content\/uploads\/2025\/07\/mers-stoves-factory.sale_-768x268.webp 768w, https:\/\/factory.sale\/wp-content\/uploads\/2025\/07\/mers-stoves-factory.sale_-600x209.webp 600w, https:\/\/factory.sale\/wp-content\/uploads\/2025\/07\/mers-stoves-factory.sale_.webp 980w\" sizes=\"auto, (max-width: 422px) 100vw, 422px\" \/><\/p>\n<p>&nbsp;<\/p>\n<p><a href=\"https:\/\/factory.sale\/wp-content\/uploads\/2025\/07\/BImSchV-file-1.pdf\" target=\"_blank\" rel=\"noopener\">Sertifikaatti 1<\/a><\/p>\n<p><a href=\"https:\/\/factory.sale\/wp-content\/uploads\/2025\/07\/Eco-design-file-1.pdf\" target=\"_blank\" rel=\"noopener\">Sertifikaatti 2<\/a><\/p>\n<p><a href=\"https:\/\/factory.sale\/wp-content\/uploads\/2025\/07\/Ecodesign-file-2.pdf\" target=\"_blank\" rel=\"noopener\">Sertifikaatti 3<\/a><\/p>\n<p><a href=\"https:\/\/factory.sale\/wp-content\/uploads\/2025\/07\/Ecodesign-file-3.pdf\" target=\"_blank\" rel=\"noopener\">Sertifikaatti 4<\/a><\/p>\n<p><a href=\"https:\/\/factory.sale\/wp-content\/uploads\/2025\/07\/SK-100101103SK-102-Fireplace-Ecodesign-BlmschVEEI.pdf\" target=\"_blank\" rel=\"noopener\">Sertifikaatti 5<\/a><\/p>\n","protected":false},"excerpt":{"rendered":"<p>Perinteinen puul\u00e4mmitteinen liesiuuni, jossa on tyylik\u00e4s muotoilu, kest\u00e4v\u00e4 valurautarakenne ja suuri keittopinta-ala. Tehokas l\u00e4mmitys jopa 60 m\u00b2:n alueelle l\u00e4mm\u00f6nkest\u00e4vien tulisijojen ja kaksoisl\u00e4mmitysj\u00e4rjestelm\u00e4n ansiosta. T\u00e4ydellinen viihtyisiin keitti\u00f6ihin.<\/p>\n<p><strong><em>Kuljetus 90 EUR<\/em><\/strong><\/p>\n","protected":false},"featured_media":107135,"comment_status":"open","ping_status":"closed","template":"","meta":{"_acf_changed":false},"factory":[],"free-shipment":[],"product_brand":[],"product_cat":[4486,1329],"product_tag":[],"class_list":{"0":"post-107147","1":"product","2":"type-product","3":"status-publish","4":"has-post-thumbnail","6":"product_cat-mers-uunit","7":"product_cat-uunit","9":"first","10":"instock","11":"sale","12":"taxable","13":"shipping-taxable","14":"purchasable","15":"product-type-simple"},"acf":[],"_links":{"self":[{"href":"https:\/\/factory.sale\/fi\/wp-json\/wp\/v2\/product\/107147","targetHints":{"allow":["GET"]}}],"collection":[{"href":"https:\/\/factory.sale\/fi\/wp-json\/wp\/v2\/product"}],"about":[{"href":"https:\/\/factory.sale\/fi\/wp-json\/wp\/v2\/types\/product"}],"replies":[{"embeddable":true,"href":"https:\/\/factory.sale\/fi\/wp-json\/wp\/v2\/comments?post=107147"}],"wp:featuredmedia":[{"embeddable":true,"href":"https:\/\/factory.sale\/fi\/wp-json\/wp\/v2\/media\/107135"}],"wp:attachment":[{"href":"https:\/\/factory.sale\/fi\/wp-json\/wp\/v2\/media?parent=107147"}],"wp:term":[{"taxonomy":"factory","embeddable":true,"href":"https:\/\/factory.sale\/fi\/wp-json\/wp\/v2\/factory?post=107147"},{"taxonomy":"free-shipment","embeddable":true,"href":"https:\/\/factory.sale\/fi\/wp-json\/wp\/v2\/free-shipment?post=107147"},{"taxonomy":"product_brand","embeddable":true,"href":"https:\/\/factory.sale\/fi\/wp-json\/wp\/v2\/product_brand?post=107147"},{"taxonomy":"product_cat","embeddable":true,"href":"https:\/\/factory.sale\/fi\/wp-json\/wp\/v2\/product_cat?post=107147"},{"taxonomy":"product_tag","embeddable":true,"href":"https:\/\/factory.sale\/fi\/wp-json\/wp\/v2\/product_tag?post=107147"}],"curies":[{"name":"wp","href":"https:\/\/api.w.org\/{rel}","templated":true}]}}