{"id":105655,"date":"2025-06-13T19:39:20","date_gmt":"2025-06-13T16:39:20","guid":{"rendered":"https:\/\/factory.sale\/product\/ulkopenkki-selkanojalla-anyksta\/"},"modified":"2025-06-13T19:39:20","modified_gmt":"2025-06-13T16:39:20","slug":"ulkopenkki-selkanojalla-anyksta","status":"publish","type":"product","link":"https:\/\/factory.sale\/fi\/tuote\/ulkopenkki-selkanojalla-anyksta\/","title":{"rendered":"Ulkopenkki selk\u00e4nojalla Anyk\u0161ta"},"content":{"rendered":"<p data-start=\"373\" data-end=\"533\">Rakenne on valmistettu kuumasinkityst\u00e4 ja jauhemaalatusta ter\u00e4ksest\u00e4, paksuus 6 mm.<br data-start=\"456\" data-end=\"459\" \/>Laudan mitat: 40 \u00d7 35 \u00d7 2000 mm \u2013 29 kpl.<br data-start=\"500\" data-end=\"503\" \/>Trooppinen kovapuu, \u00f6ljytty.<\/p>\n<p data-start=\"535\" data-end=\"650\">Penkki mitat: 2000 \u00d7 830 \u00d7 910 mm (korkeus)<br data-start=\"578\" data-end=\"581\" \/>Asennus ankkuroimalla.<br data-start=\"603\" data-end=\"606\" \/>Mahdollisuus valmistaa my\u00f6s lyhyempi penkki.<\/p>\n","protected":false},"excerpt":{"rendered":"<p>Anyk\u0161ta sarjan penkki. Asiakkaan pyynn\u00f6st\u00e4 penkit ovat saatavilla ilman selk\u00e4nojaa tai selk\u00e4nojalla.<\/p>\n","protected":false},"featured_media":105650,"comment_status":"open","ping_status":"closed","template":"","meta":{"_acf_changed":false},"factory":[],"free-shipment":[],"product_brand":[],"product_cat":[1113,1099],"product_tag":[1096,2273,1098],"class_list":{"0":"post-105655","1":"product","2":"type-product","3":"status-publish","4":"has-post-thumbnail","6":"product_cat-benches-2","7":"product_cat-urban-furniture","8":"product_tag-bench","9":"product_tag-benches","10":"product_tag-urban-furniture","12":"first","13":"instock","14":"sale","15":"taxable","16":"shipping-taxable","17":"purchasable","18":"product-type-simple"},"acf":[],"_links":{"self":[{"href":"https:\/\/factory.sale\/fi\/wp-json\/wp\/v2\/product\/105655","targetHints":{"allow":["GET"]}}],"collection":[{"href":"https:\/\/factory.sale\/fi\/wp-json\/wp\/v2\/product"}],"about":[{"href":"https:\/\/factory.sale\/fi\/wp-json\/wp\/v2\/types\/product"}],"replies":[{"embeddable":true,"href":"https:\/\/factory.sale\/fi\/wp-json\/wp\/v2\/comments?post=105655"}],"wp:featuredmedia":[{"embeddable":true,"href":"https:\/\/factory.sale\/fi\/wp-json\/wp\/v2\/media\/105650"}],"wp:attachment":[{"href":"https:\/\/factory.sale\/fi\/wp-json\/wp\/v2\/media?parent=105655"}],"wp:term":[{"taxonomy":"factory","embeddable":true,"href":"https:\/\/factory.sale\/fi\/wp-json\/wp\/v2\/factory?post=105655"},{"taxonomy":"free-shipment","embeddable":true,"href":"https:\/\/factory.sale\/fi\/wp-json\/wp\/v2\/free-shipment?post=105655"},{"taxonomy":"product_brand","embeddable":true,"href":"https:\/\/factory.sale\/fi\/wp-json\/wp\/v2\/product_brand?post=105655"},{"taxonomy":"product_cat","embeddable":true,"href":"https:\/\/factory.sale\/fi\/wp-json\/wp\/v2\/product_cat?post=105655"},{"taxonomy":"product_tag","embeddable":true,"href":"https:\/\/factory.sale\/fi\/wp-json\/wp\/v2\/product_tag?post=105655"}],"curies":[{"name":"wp","href":"https:\/\/api.w.org\/{rel}","templated":true}]}}