{"id":105646,"date":"2025-06-13T19:32:36","date_gmt":"2025-06-13T16:32:36","guid":{"rendered":"https:\/\/factory.sale\/product\/ulkoroska-astia-katoksella-sinkitysta-teraksesta-valmistettu-sisasailio-ja-tuhkakuppi-2\/"},"modified":"2025-10-28T10:13:10","modified_gmt":"2025-10-28T07:13:10","slug":"ulkoroska-astia-katoksella-sinkitysta-teraksesta-valmistettu-sisasailio-ja-tuhkakuppi-2","status":"publish","type":"product","link":"https:\/\/factory.sale\/fi\/tuote\/ulkoroska-astia-katoksella-sinkitysta-teraksesta-valmistettu-sisasailio-ja-tuhkakuppi-2\/","title":{"rendered":"Ulkoroska-astia katoksella, sinkityst\u00e4 ter\u00e4ksest\u00e4 valmistettu sis\u00e4s\u00e4ili\u00f6 ja tuhkakuppi"},"content":{"rendered":"<p data-start=\"398\" data-end=\"549\">Rakenne sinkityst\u00e4 ja maalatusta ter\u00e4ksest\u00e4 (v\u00e4ri l\u00e4hell\u00e4 RAL9006 tai RAL7016).<br data-start=\"481\" data-end=\"484\" \/>Kovapuinen (jatoba) laudoitus<br data-start=\"517\" data-end=\"520\" \/>Ankkuroidaan ja lukittavissa.<\/p>\n<p data-start=\"551\" data-end=\"569\">Tilavuus: 55 l<\/p>\n<p data-start=\"571\" data-end=\"625\">Roska-astian mitat:<br data-start=\"594\" data-end=\"597\" \/>400 \u00d7 300 \u00d7 670 mm (korkeus)<\/p>\n<p data-start=\"627\" data-end=\"680\">Sis\u00e4s\u00e4ili\u00f6n mitat:<br data-start=\"649\" data-end=\"652\" \/>340 \u00d7 250 \u00d7 670 mm (korkeus)<\/p>\n<p data-start=\"106\" data-end=\"431\">\n","protected":false},"excerpt":{"rendered":"<p>Vankat ja tyylikk\u00e4\u00e4t roska-astiat sopivat erinomaisesti puistoihin tai kaupunkiymp\u00e4rist\u00f6\u00f6n t\u00e4ytt\u00e4m\u00e4\u00e4n k\u00e4yt\u00e4nn\u00f6llist\u00e4 teht\u00e4v\u00e4\u00e4.<\/p>\n","protected":false},"featured_media":105644,"comment_status":"open","ping_status":"closed","template":"","meta":{"_acf_changed":false},"factory":[],"free-shipment":[],"product_brand":[],"product_cat":[1338,1336],"product_tag":[4474,4475,4476,4477],"class_list":{"0":"post-105646","1":"product","2":"type-product","3":"status-publish","4":"has-post-thumbnail","6":"product_cat-jateastiat","7":"product_cat-kaupunkihuonekalut","8":"product_tag-city-furniture-fi","9":"product_tag-dust-bin-fi","10":"product_tag-outdoor-dust-bin-fi","11":"product_tag-outdoor-wastebin-fi","13":"first","14":"instock","15":"sale","16":"taxable","17":"shipping-taxable","18":"purchasable","19":"product-type-simple"},"acf":[],"_links":{"self":[{"href":"https:\/\/factory.sale\/fi\/wp-json\/wp\/v2\/product\/105646","targetHints":{"allow":["GET"]}}],"collection":[{"href":"https:\/\/factory.sale\/fi\/wp-json\/wp\/v2\/product"}],"about":[{"href":"https:\/\/factory.sale\/fi\/wp-json\/wp\/v2\/types\/product"}],"replies":[{"embeddable":true,"href":"https:\/\/factory.sale\/fi\/wp-json\/wp\/v2\/comments?post=105646"}],"wp:featuredmedia":[{"embeddable":true,"href":"https:\/\/factory.sale\/fi\/wp-json\/wp\/v2\/media\/105644"}],"wp:attachment":[{"href":"https:\/\/factory.sale\/fi\/wp-json\/wp\/v2\/media?parent=105646"}],"wp:term":[{"taxonomy":"factory","embeddable":true,"href":"https:\/\/factory.sale\/fi\/wp-json\/wp\/v2\/factory?post=105646"},{"taxonomy":"free-shipment","embeddable":true,"href":"https:\/\/factory.sale\/fi\/wp-json\/wp\/v2\/free-shipment?post=105646"},{"taxonomy":"product_brand","embeddable":true,"href":"https:\/\/factory.sale\/fi\/wp-json\/wp\/v2\/product_brand?post=105646"},{"taxonomy":"product_cat","embeddable":true,"href":"https:\/\/factory.sale\/fi\/wp-json\/wp\/v2\/product_cat?post=105646"},{"taxonomy":"product_tag","embeddable":true,"href":"https:\/\/factory.sale\/fi\/wp-json\/wp\/v2\/product_tag?post=105646"}],"curies":[{"name":"wp","href":"https:\/\/api.w.org\/{rel}","templated":true}]}}