{"id":105625,"date":"2025-06-13T19:12:43","date_gmt":"2025-06-13T16:12:43","guid":{"rendered":"https:\/\/factory.sale\/product\/arya-s-sauna\/"},"modified":"2026-02-26T16:42:21","modified_gmt":"2026-02-26T13:42:21","slug":"arya-s-sauna","status":"publish","type":"product","link":"https:\/\/factory.sale\/fi\/tuote\/arya-s-sauna\/","title":{"rendered":"&#8220;ARYA S&#8221; sauna"},"content":{"rendered":"<p>ARYA \u2013 Ulkosauna<br \/>\nPerustuu puhtauteen. Luotu rauhaan. Rakennettu kest\u00e4m\u00e4\u00e4n.<\/p>\n<p>Arya-nimi tulee sanskritin kielest\u00e4 ja tarkoittaa \u201djaloa\u201d tai \u201dpuhdasta\u201d. N\u00e4m\u00e4 arvot n\u00e4kyv\u00e4t ARYA S -saunan jokaisessa yksityiskohdassa \u2013 tarkasti ty\u00f6stetyss\u00e4 l\u00e4mp\u00f6puurakenteessa, rauhallisissa linjoissa ja valoisassa, kompaktissa sis\u00e4tilassa.<\/p>\n<p>Olipa kyseess\u00e4 terassi tai j\u00e4rvenranta, ARYA S luo rauhallisen tilan p\u00e4ivitt\u00e4iseen palautumiseen. 4,1 m\u00b3:n sis\u00e4tila sopii t\u00e4ydellisesti omiin saunahetkiin tai rentoutumiseen kahdestaan. Kaksitasoiset l\u00e4mp\u00f6puulauteet tarjoavat ergonomista mukavuutta, ja pronssis\u00e4vytteiset karkaistut lasipinnat p\u00e4\u00e4st\u00e4v\u00e4t luonnonvalon sis\u00e4\u00e4n s\u00e4ilytt\u00e4en samalla yksityisyyden.<\/p>\n<p>ARYA S todistaa, ett\u00e4 luksus ja tilavuus eiv\u00e4t ole kiinni koosta vaan kokemuksesta.<\/p>\n<p>T\u00e4rkeimm\u00e4t ominaisuudet<\/p>\n<ul>\n<li>Kompakti, laadukas ulkosauna pieniin tiloihin<\/li>\n<li>Moderni pohjoismainen muotoilu ja selke\u00e4 estetiikka<\/li>\n<li>Kaksitasoiset l\u00e4mp\u00f6puulauteet mukavuuden ja hyv\u00e4n istuma-asennon takaamiseksi<\/li>\n<li>L\u00e4mp\u00f6puusein\u00e4t ja -katto pitk\u00e4ik\u00e4isyyden takaamiseksi<\/li>\n<li>Pronssis\u00e4vytteinen karkaistu lasiovi ja -ikkuna<\/li>\n<li>Mustat yksityiskohdat antavat viimeistellyn ja tyylikk\u00e4\u00e4n ulkoasun<\/li>\n<li>Toimitetaan t\u00e4ydellisen\u00e4 pakettina selkeiden kokoamisohjeiden kanssa<\/li>\n<\/ul>\n<p>Tekniset tiedot<\/p>\n<ul>\n<li>Ulkomitat: 149,6 \u00d7 201,9 \u00d7 216,1 cm<\/li>\n<li>Sis\u00e4mitat: 141 \u00d7 150 \u00d7 193 cm<\/li>\n<li>Sis\u00e4tilavuus: 4,1 m\u00b3<\/li>\n<li>Oven koko: 70 \u00d7 190 cm (8 mm pronssis\u00e4vytteinen karkaistu lasi)<\/li>\n<li>Ikkunan koko: 70 \u00d7 190 cm (6 mm pronssis\u00e4vytteinen karkaistu lasi)<\/li>\n<\/ul>\n<p>Vakiopaketti sis\u00e4lt\u00e4\u00e4<\/p>\n<ul>\n<li>40 mm l\u00e4mp\u00f6puusein\u00e4paneelit<\/li>\n<li>40 mm l\u00e4mp\u00f6puukat\u00adto<\/li>\n<li>28 mm l\u00e4mp\u00f6puulattia<\/li>\n<li>28 mm l\u00e4mp\u00f6puuterassi<\/li>\n<li>Mustaksi maalatut ulkolistat<\/li>\n<li>44 \u00d7 90 mm ruskeaksi kyll\u00e4stetty alusrunko<\/li>\n<li>Kaksitasoiset saunalauteet l\u00e4mp\u00f6puusta<\/li>\n<li>Mustaksi maalatut lauteiden etupaneelit ja selk\u00e4noja<\/li>\n<li>Itsekiinnittyv\u00e4 kattokate<\/li>\n<li>Mustat metalliset harjalistat<\/li>\n<li>Kaikki tarvittavat ruuvit ja kiinnikkeet<\/li>\n<li>Kokoamisohje<\/li>\n<\/ul>\n<p>HUOM! Kiuas ei sis\u00e4lly toimitukseen.<\/p>\n<p>Sopivat kiukaat:<\/p>\n    <div class=\"col-xl-3 col-6\">\n        <div class=\"product-card h-100\">\n            <div class=\"ratio ratio-4x3 overflow-hidden\">\n                <a href=\"https:\/\/factory.sale\/fi\/tuote\/puukiuas-harvia-m3\/\">\n                    <img loading=\"lazy\" decoding=\"async\" width=\"768\" height=\"576\" src=\"https:\/\/factory.sale\/wp-content\/uploads\/2022\/06\/Harvia-M3-9kw.jpg\" class=\"img-fluid object-fit-contain w-100 h-100\" alt=\"Puukiuas Harvia M3\" srcset=\"https:\/\/factory.sale\/wp-content\/uploads\/2022\/06\/Harvia-M3-9kw.jpg 800w, https:\/\/factory.sale\/wp-content\/uploads\/2022\/06\/Harvia-M3-9kw-150x113.jpg 150w, https:\/\/factory.sale\/wp-content\/uploads\/2022\/06\/Harvia-M3-9kw-300x225.jpg 300w, https:\/\/factory.sale\/wp-content\/uploads\/2022\/06\/Harvia-M3-9kw-600x450.jpg 600w\" sizes=\"auto, (max-width: 768px) 100vw, 768px\" \/>                <\/a>\n            <\/div>\n\n            <div class=\"px-xl-3 px-2 py-3 text-xl-start\">\n                <a class=\"product-title-link\" href=\"https:\/\/factory.sale\/fi\/tuote\/puukiuas-harvia-m3\/\">\n                    <p class=\"d-none d-xl-block\">Puukiuas Harvia M3<\/p>\n                    <p class=\"d-xl-none\">Puukiuas Harvia M3<\/p>\n                <\/a>\n\n                <div class=\"price\">\n                                            <span class=\"new-price\"><span class=\"woocommerce-Price-amount amount\"><bdi><span class=\"woocommerce-Price-currencySymbol\">&euro;<\/span>365,70<\/bdi><\/span><\/span>\n                        <span class=\"old-price\"><span class=\"woocommerce-Price-amount amount\"><bdi><span class=\"woocommerce-Price-currencySymbol\">&euro;<\/span>392,40<\/bdi><\/span><\/span>\n                                    <\/div>\n\n                <div class=\"d-xl-grid d-none gap-4 d-xl-flex justify-content-start mt-2\">\n                    <button class=\"btn btn-product ajax-add-to-quote w-100 mt-1rem\"\n                            data-product-id=\"11065\">\n                        Add to quote\n                    <\/button>\n                <\/div>\n            <\/div>\n\n                            <div class=\"sale\">Sale -7%<\/div>\n                    <\/div>\n    <\/div>\n    \n    <div class=\"col-xl-3 col-6\">\n        <div class=\"product-card h-100\">\n            <div class=\"ratio ratio-4x3 overflow-hidden\">\n                <a href=\"https:\/\/factory.sale\/fi\/tuote\/harvia-vega-bc80sahkokaytto\/\">\n                    <img loading=\"lazy\" decoding=\"async\" width=\"768\" height=\"576\" src=\"https:\/\/factory.sale\/wp-content\/uploads\/2022\/08\/Harvia-1.jpeg\" class=\"img-fluid object-fit-contain w-100 h-100\" alt=\"HARVIA VEGA BC80,S\u00c4HK\u00d6K\u00c4YTT\u00d6\" srcset=\"https:\/\/factory.sale\/wp-content\/uploads\/2022\/08\/Harvia-1.jpeg 800w, https:\/\/factory.sale\/wp-content\/uploads\/2022\/08\/Harvia-1-150x113.jpeg 150w, https:\/\/factory.sale\/wp-content\/uploads\/2022\/08\/Harvia-1-300x225.jpeg 300w, https:\/\/factory.sale\/wp-content\/uploads\/2022\/08\/Harvia-1-600x450.jpeg 600w\" sizes=\"auto, (max-width: 768px) 100vw, 768px\" \/>                <\/a>\n            <\/div>\n\n            <div class=\"px-xl-3 px-2 py-3 text-xl-start\">\n                <a class=\"product-title-link\" href=\"https:\/\/factory.sale\/fi\/tuote\/harvia-vega-bc80sahkokaytto\/\">\n                    <p class=\"d-none d-xl-block\">HARVIA VEGA BC80,S\u00c4HK\u00d6K\u00c4YTT\u00d6<\/p>\n                    <p class=\"d-xl-none\">HARVIA VEGA BC80,S\u00c4HK\u00d6K\u00c4YTT\u00d6<\/p>\n                <\/a>\n\n                <div class=\"price\">\n                                            <span class=\"new-price\"><span class=\"woocommerce-Price-amount amount\"><bdi><span class=\"woocommerce-Price-currencySymbol\">&euro;<\/span>259,00<\/bdi><\/span><\/span>\n                        <span class=\"old-price\"><span class=\"woocommerce-Price-amount amount\"><bdi><span class=\"woocommerce-Price-currencySymbol\">&euro;<\/span>310,90<\/bdi><\/span><\/span>\n                                    <\/div>\n\n                <div class=\"d-xl-grid d-none gap-4 d-xl-flex justify-content-start mt-2\">\n                    <button class=\"btn btn-product ajax-add-to-quote w-100 mt-1rem\"\n                            data-product-id=\"13811\">\n                        Add to quote\n                    <\/button>\n                <\/div>\n            <\/div>\n\n                            <div class=\"sale\">Sale -17%<\/div>\n                    <\/div>\n    <\/div>\n    \n    <div class=\"col-xl-3 col-6\">\n        <div class=\"product-card h-100\">\n            <div class=\"ratio ratio-4x3 overflow-hidden\">\n                <a href=\"https:\/\/factory.sale\/fi\/tuote\/sahkokiuas-huum-drop-4-5-kw\/\">\n                    <img loading=\"lazy\" decoding=\"async\" width=\"768\" height=\"768\" src=\"https:\/\/factory.sale\/wp-content\/uploads\/2022\/08\/HUUM-DROP-electric-sauna-heater-factory-sale.webp\" class=\"img-fluid object-fit-contain w-100 h-100\" alt=\"S\u00e4hk\u00f6kiuas HUUM DROP 4 + ILMAISET kiuaskivet!\" srcset=\"https:\/\/factory.sale\/wp-content\/uploads\/2022\/08\/HUUM-DROP-electric-sauna-heater-factory-sale.webp 2304w, https:\/\/factory.sale\/wp-content\/uploads\/2022\/08\/HUUM-DROP-electric-sauna-heater-factory-sale-300x300.webp 300w, https:\/\/factory.sale\/wp-content\/uploads\/2022\/08\/HUUM-DROP-electric-sauna-heater-factory-sale-1024x1024.webp 1024w, https:\/\/factory.sale\/wp-content\/uploads\/2022\/08\/HUUM-DROP-electric-sauna-heater-factory-sale-150x150.webp 150w, https:\/\/factory.sale\/wp-content\/uploads\/2022\/08\/HUUM-DROP-electric-sauna-heater-factory-sale-1536x1536.webp 1536w, https:\/\/factory.sale\/wp-content\/uploads\/2022\/08\/HUUM-DROP-electric-sauna-heater-factory-sale-2048x2048.webp 2048w, https:\/\/factory.sale\/wp-content\/uploads\/2022\/08\/HUUM-DROP-electric-sauna-heater-factory-sale-600x600.webp 600w, https:\/\/factory.sale\/wp-content\/uploads\/2022\/08\/HUUM-DROP-electric-sauna-heater-factory-sale-100x100.webp 100w\" sizes=\"auto, (max-width: 768px) 100vw, 768px\" \/>                <\/a>\n            <\/div>\n\n            <div class=\"px-xl-3 px-2 py-3 text-xl-start\">\n                <a class=\"product-title-link\" href=\"https:\/\/factory.sale\/fi\/tuote\/sahkokiuas-huum-drop-4-5-kw\/\">\n                    <p class=\"d-none d-xl-block\">S\u00e4hk\u00f6kiuas HUUM DROP 4 + ILMAISET kiuaskivet!<\/p>\n                    <p class=\"d-xl-none\">S\u00e4hk\u00f6kiuas HUUM DROP 4 + ILMAISET kiuaskivet!<\/p>\n                <\/a>\n\n                <div class=\"price\">\n                                            <span class=\"new-price\"><span class=\"woocommerce-Price-amount amount\"><bdi><span class=\"woocommerce-Price-currencySymbol\">&euro;<\/span>420,00<\/bdi><\/span><\/span>\n                        <span class=\"old-price\"><span class=\"woocommerce-Price-amount amount\"><bdi><span class=\"woocommerce-Price-currencySymbol\">&euro;<\/span>462,00<\/bdi><\/span><\/span>\n                                    <\/div>\n\n                <div class=\"d-xl-grid d-none gap-4 d-xl-flex justify-content-start mt-2\">\n                    <button class=\"btn btn-product ajax-add-to-quote w-100 mt-1rem\"\n                            data-product-id=\"6854\">\n                        Add to quote\n                    <\/button>\n                <\/div>\n            <\/div>\n\n                            <div class=\"sale\">Sale -9%<\/div>\n                    <\/div>\n    <\/div>\n    \n<blockquote class=\"wp-embedded-content\" data-secret=\"oyEqUSfA6O\">    <div class=\"col-xl-3 col-6\">\n        <div class=\"product-card h-100\">\n            <div class=\"ratio ratio-4x3 overflow-hidden\">\n                <a href=\"https:\/\/factory.sale\/fi\/tuote\/sahkokiuas-huum-drop-6-kw\/\">\n                    <img loading=\"lazy\" decoding=\"async\" width=\"768\" height=\"768\" src=\"https:\/\/factory.sale\/wp-content\/uploads\/2025\/09\/HUUM-DROP-electric-sauna-heater-factory-sale-6kw-768x768.webp\" class=\"img-fluid object-fit-contain w-100 h-100\" alt=\"S\u00e4hk\u00f6kiuas HUUM DROP 6 + ILMAISET kiuaskivet!\" srcset=\"https:\/\/factory.sale\/wp-content\/uploads\/2025\/09\/HUUM-DROP-electric-sauna-heater-factory-sale-6kw-768x768.webp 768w, https:\/\/factory.sale\/wp-content\/uploads\/2025\/09\/HUUM-DROP-electric-sauna-heater-factory-sale-6kw-300x300.webp 300w, https:\/\/factory.sale\/wp-content\/uploads\/2025\/09\/HUUM-DROP-electric-sauna-heater-factory-sale-6kw-1024x1024.webp 1024w, https:\/\/factory.sale\/wp-content\/uploads\/2025\/09\/HUUM-DROP-electric-sauna-heater-factory-sale-6kw-150x150.webp 150w, https:\/\/factory.sale\/wp-content\/uploads\/2025\/09\/HUUM-DROP-electric-sauna-heater-factory-sale-6kw-1536x1536.webp 1536w, https:\/\/factory.sale\/wp-content\/uploads\/2025\/09\/HUUM-DROP-electric-sauna-heater-factory-sale-6kw-2048x2048.webp 2048w, https:\/\/factory.sale\/wp-content\/uploads\/2025\/09\/HUUM-DROP-electric-sauna-heater-factory-sale-6kw-600x600.webp 600w, https:\/\/factory.sale\/wp-content\/uploads\/2025\/09\/HUUM-DROP-electric-sauna-heater-factory-sale-6kw-100x100.webp 100w\" sizes=\"auto, (max-width: 768px) 100vw, 768px\" \/>                <\/a>\n            <\/div>\n\n            <div class=\"px-xl-3 px-2 py-3 text-xl-start\">\n                <a class=\"product-title-link\" href=\"https:\/\/factory.sale\/fi\/tuote\/sahkokiuas-huum-drop-6-kw\/\">\n                    <p class=\"d-none d-xl-block\">S\u00e4hk\u00f6kiuas HUUM DROP 6 + ILMAISET kiuaskivet!<\/p>\n                    <p class=\"d-xl-none\">S\u00e4hk\u00f6kiuas HUUM DROP 6 + ILMAISET kiuaskivet!<\/p>\n                <\/a>\n\n                <div class=\"price\">\n                                            <span class=\"new-price\"><span class=\"woocommerce-Price-amount amount\"><bdi><span class=\"woocommerce-Price-currencySymbol\">&euro;<\/span>470,00<\/bdi><\/span><\/span>\n                        <span class=\"old-price\"><span class=\"woocommerce-Price-amount amount\"><bdi><span class=\"woocommerce-Price-currencySymbol\">&euro;<\/span>517,00<\/bdi><\/span><\/span>\n                                    <\/div>\n\n                <div class=\"d-xl-grid d-none gap-4 d-xl-flex justify-content-start mt-2\">\n                    <button class=\"btn btn-product ajax-add-to-quote w-100 mt-1rem\"\n                            data-product-id=\"13827\">\n                        Add to quote\n                    <\/button>\n                <\/div>\n            <\/div>\n\n                            <div class=\"sale\">Sale -9%<\/div>\n                    <\/div>\n    <\/div>\n    <\/blockquote>\n<p><iframe loading=\"lazy\" class=\"wp-embedded-content\" sandbox=\"allow-scripts\" security=\"restricted\" style=\"position: absolute; visibility: hidden;\" title=\"&#8220;S\u00e4hk\u00f6kiuas HUUM DROP 6&#8221; &#8212; Factory Sale\" src=\"https:\/\/factory.sale\/fi\/tuote\/sahkokiuas-huum-drop-6-kw\/embed\/#?secret=qcSnDR0EZX#?secret=oyEqUSfA6O\" data-secret=\"oyEqUSfA6O\" width=\"500\" height=\"282\" frameborder=\"0\" marginwidth=\"0\" marginheight=\"0\" scrolling=\"no\"><\/iframe><\/p>\n<blockquote class=\"wp-embedded-content\" data-secret=\"iYFb8fex53\">    <div class=\"col-xl-3 col-6\">\n        <div class=\"product-card h-100\">\n            <div class=\"ratio ratio-4x3 overflow-hidden\">\n                <a href=\"https:\/\/factory.sale\/fi\/tuote\/lammitin-huum-cliff-6-kw\/\">\n                    <img loading=\"lazy\" decoding=\"async\" width=\"768\" height=\"768\" src=\"https:\/\/factory.sale\/wp-content\/uploads\/2021\/03\/HUUM-cliff-electric-sauna-heater-6kw-factory-sale-768x768.webp\" class=\"img-fluid object-fit-contain w-100 h-100\" alt=\"S\u00e4hk\u00f6kiuas HUUM CLIFF 6 kW + ILMAISET kiuaskivet!\" srcset=\"https:\/\/factory.sale\/wp-content\/uploads\/2021\/03\/HUUM-cliff-electric-sauna-heater-6kw-factory-sale-768x768.webp 768w, https:\/\/factory.sale\/wp-content\/uploads\/2021\/03\/HUUM-cliff-electric-sauna-heater-6kw-factory-sale-300x300.webp 300w, https:\/\/factory.sale\/wp-content\/uploads\/2021\/03\/HUUM-cliff-electric-sauna-heater-6kw-factory-sale-1024x1024.webp 1024w, https:\/\/factory.sale\/wp-content\/uploads\/2021\/03\/HUUM-cliff-electric-sauna-heater-6kw-factory-sale-150x150.webp 150w, https:\/\/factory.sale\/wp-content\/uploads\/2021\/03\/HUUM-cliff-electric-sauna-heater-6kw-factory-sale-1536x1536.webp 1536w, https:\/\/factory.sale\/wp-content\/uploads\/2021\/03\/HUUM-cliff-electric-sauna-heater-6kw-factory-sale-2048x2048.webp 2048w, https:\/\/factory.sale\/wp-content\/uploads\/2021\/03\/HUUM-cliff-electric-sauna-heater-6kw-factory-sale-600x600.webp 600w, https:\/\/factory.sale\/wp-content\/uploads\/2021\/03\/HUUM-cliff-electric-sauna-heater-6kw-factory-sale-100x100.webp 100w\" sizes=\"auto, (max-width: 768px) 100vw, 768px\" \/>                <\/a>\n            <\/div>\n\n            <div class=\"px-xl-3 px-2 py-3 text-xl-start\">\n                <a class=\"product-title-link\" href=\"https:\/\/factory.sale\/fi\/tuote\/lammitin-huum-cliff-6-kw\/\">\n                    <p class=\"d-none d-xl-block\">S\u00e4hk\u00f6kiuas HUUM CLIFF 6 kW + ILMAISET kiuaskivet!<\/p>\n                    <p class=\"d-xl-none\">S\u00e4hk\u00f6kiuas HUUM CLIFF 6 kW + ILMAISET kiuaskivet!<\/p>\n                <\/a>\n\n                <div class=\"price\">\n                                            <span class=\"new-price\"><span class=\"woocommerce-Price-amount amount\"><bdi><span class=\"woocommerce-Price-currencySymbol\">&euro;<\/span>720,00<\/bdi><\/span><\/span>\n                        <span class=\"old-price\"><span class=\"woocommerce-Price-amount amount\"><bdi><span class=\"woocommerce-Price-currencySymbol\">&euro;<\/span>792,00<\/bdi><\/span><\/span>\n                                    <\/div>\n\n                <div class=\"d-xl-grid d-none gap-4 d-xl-flex justify-content-start mt-2\">\n                    <button class=\"btn btn-product ajax-add-to-quote w-100 mt-1rem\"\n                            data-product-id=\"6852\">\n                        Add to quote\n                    <\/button>\n                <\/div>\n            <\/div>\n\n                            <div class=\"sale\">Sale -9%<\/div>\n                    <\/div>\n    <\/div>\n    <\/blockquote>\n<p><iframe loading=\"lazy\" class=\"wp-embedded-content\" sandbox=\"allow-scripts\" security=\"restricted\" style=\"position: absolute; visibility: hidden;\" title=\"&#8220;S\u00e4hk\u00f6kiuas HUUM CLIFF 6 kW&#8221; &#8212; Factory Sale\" src=\"https:\/\/factory.sale\/fi\/tuote\/lammitin-huum-cliff-6-kw\/embed\/#?secret=mZhj8fZSjd#?secret=iYFb8fex53\" data-secret=\"iYFb8fex53\" width=\"500\" height=\"282\" frameborder=\"0\" marginwidth=\"0\" marginheight=\"0\" scrolling=\"no\"><\/iframe><\/p>\n<blockquote class=\"wp-embedded-content\" data-secret=\"NDix6nDnN8\">    <div class=\"col-xl-3 col-6\">\n        <div class=\"product-card h-100\">\n            <div class=\"ratio ratio-4x3 overflow-hidden\">\n                <a href=\"https:\/\/factory.sale\/fi\/tuote\/sahkokiuas-huum-hive-mini-6-kw\/\">\n                    <img loading=\"lazy\" decoding=\"async\" width=\"768\" height=\"768\" src=\"https:\/\/factory.sale\/wp-content\/uploads\/2021\/03\/huum-hive-mini-airtunnel-sauna-heater-factory-sale-3.webp\" class=\"img-fluid object-fit-contain w-100 h-100\" alt=\"S\u00e4hk\u00f6kiuas HUUM HIVE MINI 6 kW + kiuaskivet -50%\" srcset=\"https:\/\/factory.sale\/wp-content\/uploads\/2021\/03\/huum-hive-mini-airtunnel-sauna-heater-factory-sale-3.webp 2304w, https:\/\/factory.sale\/wp-content\/uploads\/2021\/03\/huum-hive-mini-airtunnel-sauna-heater-factory-sale-3-300x300.webp 300w, https:\/\/factory.sale\/wp-content\/uploads\/2021\/03\/huum-hive-mini-airtunnel-sauna-heater-factory-sale-3-1024x1024.webp 1024w, https:\/\/factory.sale\/wp-content\/uploads\/2021\/03\/huum-hive-mini-airtunnel-sauna-heater-factory-sale-3-150x150.webp 150w, https:\/\/factory.sale\/wp-content\/uploads\/2021\/03\/huum-hive-mini-airtunnel-sauna-heater-factory-sale-3-1536x1536.webp 1536w, https:\/\/factory.sale\/wp-content\/uploads\/2021\/03\/huum-hive-mini-airtunnel-sauna-heater-factory-sale-3-2048x2048.webp 2048w, https:\/\/factory.sale\/wp-content\/uploads\/2021\/03\/huum-hive-mini-airtunnel-sauna-heater-factory-sale-3-400x400.webp 400w, https:\/\/factory.sale\/wp-content\/uploads\/2021\/03\/huum-hive-mini-airtunnel-sauna-heater-factory-sale-3-600x600.webp 600w, https:\/\/factory.sale\/wp-content\/uploads\/2021\/03\/huum-hive-mini-airtunnel-sauna-heater-factory-sale-3-100x100.webp 100w\" sizes=\"auto, (max-width: 768px) 100vw, 768px\" \/>                <\/a>\n            <\/div>\n\n            <div class=\"px-xl-3 px-2 py-3 text-xl-start\">\n                <a class=\"product-title-link\" href=\"https:\/\/factory.sale\/fi\/tuote\/sahkokiuas-huum-hive-mini-6-kw\/\">\n                    <p class=\"d-none d-xl-block\">S\u00e4hk\u00f6kiuas HUUM HIVE MINI 6 kW + kiuaskivet -50%<\/p>\n                    <p class=\"d-xl-none\">S\u00e4hk\u00f6kiuas HUUM HIVE MINI 6 kW + kiuaskivet -50%<\/p>\n                <\/a>\n\n                <div class=\"price\">\n                                            <span class=\"new-price\"><span class=\"woocommerce-Price-amount amount\"><bdi><span class=\"woocommerce-Price-currencySymbol\">&euro;<\/span>748,00<\/bdi><\/span><\/span>\n                        <span class=\"old-price\"><span class=\"woocommerce-Price-amount amount\"><bdi><span class=\"woocommerce-Price-currencySymbol\">&euro;<\/span>822,00<\/bdi><\/span><\/span>\n                                    <\/div>\n\n                <div class=\"d-xl-grid d-none gap-4 d-xl-flex justify-content-start mt-2\">\n                    <button class=\"btn btn-product ajax-add-to-quote w-100 mt-1rem\"\n                            data-product-id=\"13835\">\n                        Add to quote\n                    <\/button>\n                <\/div>\n            <\/div>\n\n                            <div class=\"sale\">Sale -9%<\/div>\n                    <\/div>\n    <\/div>\n    <\/blockquote>\n<p><iframe loading=\"lazy\" class=\"wp-embedded-content\" sandbox=\"allow-scripts\" security=\"restricted\" style=\"position: absolute; visibility: hidden;\" title=\"&#8220;S\u00e4hk\u00f6kiuas HUUM HIVE MINI 6 kW&#8221; &#8212; Factory Sale\" src=\"https:\/\/factory.sale\/fi\/tuote\/sahkokiuas-huum-hive-mini-6-kw\/embed\/#?secret=apk4R77X4S#?secret=NDix6nDnN8\" data-secret=\"NDix6nDnN8\" width=\"500\" height=\"282\" frameborder=\"0\" marginwidth=\"0\" marginheight=\"0\" scrolling=\"no\"><\/iframe><\/p>\n<p>ARYA S on suunniteltu ymp\u00e4rivuotiseen k\u00e4ytt\u00f6\u00f6n \u2013 se tarjoaa l\u00e4mp\u00f6\u00e4, rauhaa ja aitoa saunakokemusta s\u00e4\u00e4ll\u00e4 kuin s\u00e4\u00e4ll\u00e4. Oli ulkona lunta tai kes\u00e4ist\u00e4 vehreytt\u00e4, t\u00e4m\u00e4 sauna luo viihtyis\u00e4n ymp\u00e4rist\u00f6n, joka nostaa kotona rentoutumisen uudelle tasolle.<\/p>\n<p>Sauna on huolellisesti pakattu turvallista ja tehokasta kuljetusta varten.<br \/>\nPaketin mitat: 210 \u00d7 120 \u00d7 80 cm<\/p>\n<p>Nauti p\u00e4ivitt\u00e4isest\u00e4 saunarituaalista, joka tuo mielenrauhaa ja uutta energiaa.<br \/>\nARYA S on t\u00e4ydellinen tapa tuoda ajaton muotoilu, luonnonmateriaalit ja aito saunaperinne my\u00f6s pienempiin ulkotiloihin.<\/p>\n<p>Suunnitteletko tilausta lomakeskukseen tai retriittiin?<br \/>\nSaat 5 % lis\u00e4alennuksen, kun ostat kerralla nelj\u00e4 tai useamman ARYA S -saunan.<\/p>\n<p>&nbsp;<\/p>\n","protected":false},"excerpt":{"rendered":"<p>ARYA S \u2013 puhdasta saunaluk\u00adsusta kompaktissa koossa<\/p>\n<p>Koe pohjoismaisen hyvinvoinnin ydin tilatehokkaassa muodossa. ARYA S tuo ensiluokkaiset materiaalit, elegantin yksinkertaisuuden ja t\u00e4yden saunatoiminnallisuuden pienempiin ulkotiloihin \u2013 t\u00e4ydellinen kaupunkipihoille, parvekkeille tai j\u00e4rvenrantakohteisiin.<\/p>\n","protected":false},"featured_media":105595,"comment_status":"open","ping_status":"closed","template":"","meta":{"_acf_changed":false},"factory":[],"free-shipment":[],"product_brand":[],"product_cat":[1317,2258],"product_tag":[4454,3651,4452,4453,4455,4456,2105,4457,2106,3819,3870],"class_list":{"0":"post-105625","1":"product","2":"type-product","3":"status-publish","4":"has-post-thumbnail","6":"product_cat-sauna-fi","7":"product_cat-saunakuutiot","8":"product_tag-backyard-wellness-fi","9":"product_tag-compact-sauna-fi","10":"product_tag-garden-sauna-fi","11":"product_tag-luxury-sauna-fi","12":"product_tag-minimalist-sauna-fi","13":"product_tag-nordic-design-fi","14":"product_tag-outdoor-sauna-fi","15":"product_tag-private-retreat-fi","16":"product_tag-sauna-fi","17":"product_tag-thermowood-sauna-fi","18":"product_tag-year-round-sauna-fi","20":"first","21":"instock","22":"sale","23":"taxable","24":"shipping-taxable","25":"purchasable","26":"product-type-simple"},"acf":[],"_links":{"self":[{"href":"https:\/\/factory.sale\/fi\/wp-json\/wp\/v2\/product\/105625","targetHints":{"allow":["GET"]}}],"collection":[{"href":"https:\/\/factory.sale\/fi\/wp-json\/wp\/v2\/product"}],"about":[{"href":"https:\/\/factory.sale\/fi\/wp-json\/wp\/v2\/types\/product"}],"replies":[{"embeddable":true,"href":"https:\/\/factory.sale\/fi\/wp-json\/wp\/v2\/comments?post=105625"}],"wp:featuredmedia":[{"embeddable":true,"href":"https:\/\/factory.sale\/fi\/wp-json\/wp\/v2\/media\/105595"}],"wp:attachment":[{"href":"https:\/\/factory.sale\/fi\/wp-json\/wp\/v2\/media?parent=105625"}],"wp:term":[{"taxonomy":"factory","embeddable":true,"href":"https:\/\/factory.sale\/fi\/wp-json\/wp\/v2\/factory?post=105625"},{"taxonomy":"free-shipment","embeddable":true,"href":"https:\/\/factory.sale\/fi\/wp-json\/wp\/v2\/free-shipment?post=105625"},{"taxonomy":"product_brand","embeddable":true,"href":"https:\/\/factory.sale\/fi\/wp-json\/wp\/v2\/product_brand?post=105625"},{"taxonomy":"product_cat","embeddable":true,"href":"https:\/\/factory.sale\/fi\/wp-json\/wp\/v2\/product_cat?post=105625"},{"taxonomy":"product_tag","embeddable":true,"href":"https:\/\/factory.sale\/fi\/wp-json\/wp\/v2\/product_tag?post=105625"}],"curies":[{"name":"wp","href":"https:\/\/api.w.org\/{rel}","templated":true}]}}