{"id":105554,"date":"2025-06-13T18:16:40","date_gmt":"2025-06-13T15:16:40","guid":{"rendered":"https:\/\/factory.sale\/product\/lumi-solo-tynnyri\/"},"modified":"2025-10-28T10:52:10","modified_gmt":"2025-10-28T07:52:10","slug":"lumi-solo-tynnyri","status":"publish","type":"product","link":"https:\/\/factory.sale\/fi\/tuote\/lumi-solo-tynnyri\/","title":{"rendered":"&#8220;Lumi Solo&#8221; tynnyri"},"content":{"rendered":"<p data-start=\"131\" data-end=\"201\">Lumi Solo \u2013 henkil\u00f6kohtaista hyvinvointia pohjoismaisessa hengess\u00e4<\/p>\n<p data-start=\"203\" data-end=\"559\">L\u00f6yd\u00e4 uudelleen hiljaisuuden, l\u00e4mm\u00f6n ja yksinkertaisuuden voima <em data-start=\"267\" data-end=\"278\">Lumi Solo<\/em> -ulkoporealtaan avulla \u2013 t\u00e4m\u00e4 kompakti ja tyylik\u00e4s malli on suunniteltu yhdelle hengelle tarjoamaan t\u00e4ydellisen rauhallisen hetken arjen keskell\u00e4. Lumi Solo saa inspiraationsa lumisista pohjoismaisista maisemista ja tarjoaa ylellisen heng\u00e4hdyspaikan, jossa keho ja mieli saavat lev\u00e4t\u00e4.<\/p>\n<p data-start=\"561\" data-end=\"854\">Nimi kertoo kaiken: <em data-start=\"581\" data-end=\"587\">Lumi<\/em> viittaa lumeen \u2013 kirkkauteen ja puhtauteen; <em data-start=\"632\" data-end=\"638\">Solo<\/em> muistuttaa siit\u00e4, ett\u00e4 hyvinvointi alkaa itsens\u00e4 huomioimisesta. Pienen kokonsa ja elegantin muotoilunsa ansiosta Lumi Solo sopii erinomaisesti pienille terasseille, pihojen nurkkauksiin tai vaikka kattoterasseille.<\/p>\n<p data-start=\"856\" data-end=\"1172\">Olitpa palautumassa pitk\u00e4n p\u00e4iv\u00e4n j\u00e4lkeen tai aloittamassa p\u00e4iv\u00e4\u00e4si tietoisella rentoutumishetkell\u00e4, Lumi Solo tuo kylpyl\u00e4tason mukavuuden k\u00e4tesi ulottuville. Valitse tehokas s\u00e4hk\u00f6l\u00e4mmitin tai edistyksellinen Balboa-l\u00e4mp\u00f6pumppuj\u00e4rjestelm\u00e4 j\u00e4\u00e4hdytystoiminnolla ja viimeistele kokonaisuus haluamillasi lis\u00e4varusteilla.<\/p>\n<p>T\u00e4rkeimm\u00e4t ominaisuudet:<\/p>\n<ul>\n<li>Suunniteltu yhdelle \u2013 t\u00e4ydellinen henkil\u00f6kohtaiseen rentoutumiseen<\/li>\n<li>Kompakti ja tilaa s\u00e4\u00e4st\u00e4v\u00e4 \u2013 mahtuu pienille ulkoalueille<\/li>\n<li>L\u00e4mmitysvaihtoehdot: s\u00e4hk\u00f6l\u00e4mmitin (3 kW \/ 6 kW \/ 9 kW) tai Balboa-l\u00e4mp\u00f6pumppu (l\u00e4mmitys &amp; j\u00e4\u00e4hdytys)<\/li>\n<li>Laadukas akryylisisus: Valkoinen marmori, kahvi marmori, musta marmori<\/li>\n<li>Tehokas umpisoluinen polyuretaanieristys<\/li>\n<li>Ulkoverhoilu: WPC, luonnollinen l\u00e4mp\u00f6puu tai Rhombus-paneeli<\/li>\n<li>Pneumaattinen ohjausj\u00e4rjestelm\u00e4<\/li>\n<li>Mustaksi maalatut kulmat viimeistellyn ilmeen takaamiseksi<\/li>\n<li>Integroitu tyhjennysventtiili helppoa vedenpoistoa varten<\/li>\n<li>Useita lis\u00e4mukavuutta ja -tekniikkaa tuovia lis\u00e4varusteita saatavilla<\/li>\n<\/ul>\n<p>Tekniset tiedot:<\/p>\n<ul>\n<li>Henkil\u00f6m\u00e4\u00e4r\u00e4: 1\u20132<\/li>\n<li>Paino: ~110 kg<\/li>\n<li>Ulkomitat: 2310 \u00d7 1100 mm<\/li>\n<li>Korkeus: 900 mm<\/li>\n<li>Tilavuus: ~400 L<\/li>\n<li>Paketin koko: 1150 \u00d7 2360 \u00d7 1000 mm<\/li>\n<\/ul>\n<p>Toimitussis\u00e4lt\u00f6:<\/p>\n<ul>\n<li>Ulkoverhoilu: luonnollinen l\u00e4mp\u00f6puu, rhombus-paneeli tai WPC (norsunluu, ruskea tai musta)<\/li>\n<li>Umpisoluinen polyuretaanieristys<\/li>\n<li>Mustaksi maalatut kulmat<\/li>\n<li>Pneumaattinen ohjausj\u00e4rjestelm\u00e4<\/li>\n<li>Tyhjennysventtiili<\/li>\n<li>Akryyliallas: Valkoinen marmori, kahvi marmori, musta marmori<\/li>\n<\/ul>\n<p><img loading=\"lazy\" decoding=\"async\" class=\"alignnone wp-image-118718\" src=\"https:\/\/factory.sale\/wp-content\/uploads\/2025\/06\/Akryyliallas-factory.sale_-300x120.jpg\" alt=\"\" width=\"533\" height=\"213\" srcset=\"https:\/\/factory.sale\/wp-content\/uploads\/2025\/06\/Akryyliallas-factory.sale_-300x120.jpg 300w, https:\/\/factory.sale\/wp-content\/uploads\/2025\/06\/Akryyliallas-factory.sale_-150x60.jpg 150w, https:\/\/factory.sale\/wp-content\/uploads\/2025\/06\/Akryyliallas-factory.sale_-600x240.jpg 600w, https:\/\/factory.sale\/wp-content\/uploads\/2025\/06\/Akryyliallas-factory.sale_.jpg 750w\" sizes=\"auto, (max-width: 533px) 100vw, 533px\" \/><\/p>\n<p>Valinnaiset lis\u00e4varusteet (lis\u00e4maksusta):<\/p>\n<ul>\n<li>S\u00e4hk\u00f6l\u00e4mmitin \u2013 valittavissa 3 kW, 6 kW tai 9 kW<\/li>\n<li>Balboa-l\u00e4mp\u00f6pumppuj\u00e4rjestelm\u00e4 (l\u00e4mmitys &amp; j\u00e4\u00e4hdytys): Clim8zone II -invertteri + LED-ohjauspaneeli<\/li>\n<li>Pintasuodatin (skimmeri)<\/li>\n<li>Pintasuodatin + UV-lamppu<\/li>\n<li>Hierontasuihkut (6 suutinta)<\/li>\n<li>Balboa LED-t\u00e4hdet (8 kpl)<\/li>\n<li>LED-valaistus<\/li>\n<li>LED-t\u00e4hdet (6 kpl)<\/li>\n<li>LED-valonauha mustissa kulmissa<\/li>\n<li>4-in-1-ohjauspaneeli<\/li>\n<li>\u00c4\u00e4nij\u00e4rjestelm\u00e4 kaiuttimella<\/li>\n<li>Niskatyyny<\/li>\n<li>Pyyheteline<\/li>\n<li>Portaat: WPC \/ kuusi \/ l\u00e4mp\u00f6puu \/ poltettu kuusi \/ rhombus \/ poltettu l\u00e4mp\u00f6puu<\/li>\n<li>Verhoilu my\u00f6s poltetulla kuusella tai l\u00e4mp\u00f6puulla<\/li>\n<\/ul>\n<p><img loading=\"lazy\" decoding=\"async\" class=\"alignnone wp-image-118721\" src=\"https:\/\/factory.sale\/wp-content\/uploads\/2025\/06\/Verhoilu-factory.sale_-300x120.jpg\" alt=\"\" width=\"1280\" height=\"512\" srcset=\"https:\/\/factory.sale\/wp-content\/uploads\/2025\/06\/Verhoilu-factory.sale_-300x120.jpg 300w, https:\/\/factory.sale\/wp-content\/uploads\/2025\/06\/Verhoilu-factory.sale_-150x60.jpg 150w, https:\/\/factory.sale\/wp-content\/uploads\/2025\/06\/Verhoilu-factory.sale_-600x240.jpg 600w, https:\/\/factory.sale\/wp-content\/uploads\/2025\/06\/Verhoilu-factory.sale_.jpg 750w\" sizes=\"auto, (max-width: 1280px) 100vw, 1280px\" \/><\/p>\n<ul>\n<li>Termokansi: musta, harmaa tai ruskea<\/li>\n<\/ul>\n<p><img loading=\"lazy\" decoding=\"async\" class=\"alignnone wp-image-93270\" src=\"https:\/\/factory.sale\/wp-content\/uploads\/2024\/08\/kylpytynnyri-lampokannen-varivaihtoehdot-factory.sale_-300x120.webp\" alt=\"\" width=\"560\" height=\"224\" srcset=\"https:\/\/factory.sale\/wp-content\/uploads\/2024\/08\/kylpytynnyri-lampokannen-varivaihtoehdot-factory.sale_-300x120.webp 300w, https:\/\/factory.sale\/wp-content\/uploads\/2024\/08\/kylpytynnyri-lampokannen-varivaihtoehdot-factory.sale_-150x60.webp 150w, https:\/\/factory.sale\/wp-content\/uploads\/2024\/08\/kylpytynnyri-lampokannen-varivaihtoehdot-factory.sale_-600x240.webp 600w, https:\/\/factory.sale\/wp-content\/uploads\/2024\/08\/kylpytynnyri-lampokannen-varivaihtoehdot-factory.sale_.webp 750w\" sizes=\"auto, (max-width: 560px) 100vw, 560px\" \/><\/p>\n<p>Termokansi \u2013 miksi se on t\u00e4rke\u00e4?<br \/>\nTermokansi auttaa s\u00e4ilytt\u00e4m\u00e4\u00e4n veden l\u00e4mp\u00f6tilan, pienent\u00e4\u00e4 energiankulutusta ja pit\u00e4\u00e4 altaan puhtaana roskilta ja liasta. Se lis\u00e4\u00e4 turvallisuutta etenkin lapsi- tai lemmikkiperheiss\u00e4 ja suojaa allasta s\u00e4\u00e4olosuhteilta. K\u00e4yt\u00e4nn\u00f6llinen, taloudellinen ja ymp\u00e4rist\u00f6yst\u00e4v\u00e4llinen lis\u00e4varuste jokaiselle ulkoporealtaalle.<\/p>\n<p>Lumi Solo vie sinut rentoutumisen ja palautumisen maailmaan \u2013 aitoa ylellisyytt\u00e4 ja huolellista viimeistely\u00e4 kompaktissa muodossa.<\/p>\n<p>Lis\u00e4tiedot <a href=\"https:\/\/factory.sale\/wp-content\/uploads\/2024\/09\/Kylpytynnyn-KAYTTOOHJE-2024-factory.sale_.pdf\" target=\"_blank\" rel=\"noopener\">k\u00e4ytt\u00f6oppaassa<\/a><\/p>\n<p>Tarkemmat piirustukset l\u00f6yd\u00e4t t\u00e4\u00e4lt\u00e4<\/p>\n","protected":false},"excerpt":{"rendered":"<p>Lumi Solo \u2013 Henkil\u00f6kohtaista luksusta pohjoismaiseen tyyliin<\/p>\n<p>Lumi Solo on kompakti ulkoporeallas, joka on suunniteltu rauhalliseen kylpemiseen yksin. Elegantin akryylipinnan ja minimalistisen muotoilun ansiosta t\u00e4m\u00e4 malli tarjoaa ymp\u00e4rivuotista rentoutusta ja kylpyl\u00e4tasoista mukavuutta \u2013 t\u00e4ydellinen valinta terasseille, parvekkeille tai muihin pieniin ulkotiloihin.<\/p>\n","protected":false},"featured_media":105546,"comment_status":"open","ping_status":"closed","template":"","meta":{"_acf_changed":false},"factory":[],"free-shipment":[],"product_brand":[],"product_cat":[3028,2588],"product_tag":[4439,2846,4436,4437],"class_list":{"0":"post-105554","1":"product","2":"type-product","3":"status-publish","4":"has-post-thumbnail","6":"product_cat-kulmavesipaljut","7":"product_cat-lasikuituiset-kylpytynnyrit","8":"product_tag-cold-plunge-fi","9":"product_tag-hot-tub-fi","10":"product_tag-hot-tub-with-stove-fi","11":"product_tag-luxury-hot-tub-fi","13":"first","14":"instock","15":"sale","16":"taxable","17":"shipping-taxable","18":"purchasable","19":"product-type-simple"},"acf":[],"_links":{"self":[{"href":"https:\/\/factory.sale\/fi\/wp-json\/wp\/v2\/product\/105554","targetHints":{"allow":["GET"]}}],"collection":[{"href":"https:\/\/factory.sale\/fi\/wp-json\/wp\/v2\/product"}],"about":[{"href":"https:\/\/factory.sale\/fi\/wp-json\/wp\/v2\/types\/product"}],"replies":[{"embeddable":true,"href":"https:\/\/factory.sale\/fi\/wp-json\/wp\/v2\/comments?post=105554"}],"wp:featuredmedia":[{"embeddable":true,"href":"https:\/\/factory.sale\/fi\/wp-json\/wp\/v2\/media\/105546"}],"wp:attachment":[{"href":"https:\/\/factory.sale\/fi\/wp-json\/wp\/v2\/media?parent=105554"}],"wp:term":[{"taxonomy":"factory","embeddable":true,"href":"https:\/\/factory.sale\/fi\/wp-json\/wp\/v2\/factory?post=105554"},{"taxonomy":"free-shipment","embeddable":true,"href":"https:\/\/factory.sale\/fi\/wp-json\/wp\/v2\/free-shipment?post=105554"},{"taxonomy":"product_brand","embeddable":true,"href":"https:\/\/factory.sale\/fi\/wp-json\/wp\/v2\/product_brand?post=105554"},{"taxonomy":"product_cat","embeddable":true,"href":"https:\/\/factory.sale\/fi\/wp-json\/wp\/v2\/product_cat?post=105554"},{"taxonomy":"product_tag","embeddable":true,"href":"https:\/\/factory.sale\/fi\/wp-json\/wp\/v2\/product_tag?post=105554"}],"curies":[{"name":"wp","href":"https:\/\/api.w.org\/{rel}","templated":true}]}}