{"id":105533,"date":"2025-06-13T17:51:40","date_gmt":"2025-06-13T14:51:40","guid":{"rendered":"https:\/\/factory.sale\/product\/pacifico-kylpytynnyri\/"},"modified":"2025-08-15T09:18:53","modified_gmt":"2025-08-15T06:18:53","slug":"pacifico-kylpytynnyri","status":"publish","type":"product","link":"https:\/\/factory.sale\/fi\/tuote\/pacifico-kylpytynnyri\/","title":{"rendered":"&#8220;Pacifico&#8221; kylpytynnyri"},"content":{"rendered":"<p>Pacifico \u2013 Miss\u00e4 hiljaisuus kohtaa ylellisyyden<br \/>\n&#8220;Pacifico&#8221; \u2013 nimi, joka tulee italiankielisest\u00e4 sanasta ja viittaa rauhaan, hiljaisuuteen ja rajattomaan vapauteen. T\u00e4m\u00e4 palju ei tarjoa v\u00e4hemp\u00e4\u00e4 kuin t\u00e4ydellisen rentoutumisen \u2013 sinun ehdoillasi.<\/p>\n<p>Suunniteltu sinulle, joka arvostat tilaa, tyyli\u00e4 ja hetki\u00e4, jotka kuuluvat vain sinulle. Pacifico on nelj\u00e4n hengen palju \u2013 t\u00e4ydellinen jaettuun hiljaisuuteen tai laatuaikaan yst\u00e4vien kanssa. Ergonomiset muodot ja syv\u00e4 akryyliallas 2 makuupaikalla ja 2 istuinpaikalla tukevat kehoa ja rauhoittavat mielt\u00e4. Jokainen yksityiskohta on viimeistelty ylellisyytt\u00e4 huokuvalla tarkkuudella.<\/p>\n<p>Valinnaisiin p\u00e4ivityksiin kuuluvat ruostumattomasta ter\u00e4ksest\u00e4 valmistetut hydro- tai ilmahierontasuihkut, 4-in-1-anturoilla toimiva ohjausj\u00e4rjestelm\u00e4, r\u00e4\u00e4t\u00e4l\u00f6it\u00e4v\u00e4 LED-valaistus ja Gecko WiFi-ohjain. Ulkon\u00e4k\u00f6\u00e4 viimeistelev\u00e4t WPC- tai l\u00e4mp\u00f6puuverhoilu, pehme\u00e4 LED-valonauha sek\u00e4 tyylikk\u00e4\u00e4t portaat tai niskatuet.<\/p>\n<p>Sopii mihin tahansa ymp\u00e4rist\u00f6\u00f6n. Elegantti ja kompakti muotoilu mahdollistaa sijoituksen niin kaupunkien terasseille, kattopuutarhoihin kuin m\u00f6kin rauhaan.<\/p>\n<h3 class=\"\" data-start=\"1566\" data-end=\"1590\"><strong data-start=\"1570\" data-end=\"1590\">Tekniset tiedot:<\/strong><\/h3>\n<ul data-start=\"1592\" data-end=\"1803\">\n<li class=\"\" data-start=\"1592\" data-end=\"1615\">\n<p class=\"\" data-start=\"1594\" data-end=\"1615\">Kuivapaino: ~230 kg<\/p>\n<\/li>\n<li class=\"\" data-start=\"1616\" data-end=\"1645\">\n<p class=\"\" data-start=\"1618\" data-end=\"1645\">Ulkomitat: 2000 \u00d7 2000 mm<\/p>\n<\/li>\n<li class=\"\" data-start=\"1646\" data-end=\"1666\">\n<p class=\"\" data-start=\"1648\" data-end=\"1666\">Korkeus: 1100 mm<\/p>\n<\/li>\n<li class=\"\" data-start=\"1667\" data-end=\"1687\">\n<p class=\"\" data-start=\"1669\" data-end=\"1687\">Tilavuus: ~950 L<\/p>\n<\/li>\n<li class=\"\" data-start=\"1688\" data-end=\"1762\">\n<p class=\"\" data-start=\"1690\" data-end=\"1762\">Kamiina: Ulkopuolinen puul\u00e4mmitteinen (AISI 304 ruostumaton ter\u00e4s)<\/p>\n<\/li>\n<li class=\"\" data-start=\"1763\" data-end=\"1803\">\n<p class=\"\" data-start=\"1765\" data-end=\"1803\">Paketin mitat: 2050 \u00d7 2050 \u00d7 1300 mm<\/p>\n<\/li>\n<\/ul>\n<h3 class=\"\" data-start=\"1810\" data-end=\"1834\"><strong data-start=\"1814\" data-end=\"1834\">Toimitussis\u00e4lt\u00f6:<\/strong><\/h3>\n<ul data-start=\"1836\" data-end=\"2172\">\n<li class=\"\" data-start=\"1836\" data-end=\"1913\">\n<p class=\"\" data-start=\"1838\" data-end=\"1913\">Akryylinen sis\u00e4allas (valkoinen tai harmaa), 2 istuinta ja 2 makuupaikkaa<\/p>\n<\/li>\n<li class=\"\" data-start=\"1914\" data-end=\"1982\">\n<p class=\"\" data-start=\"1916\" data-end=\"1982\">Ulkopuolinen S304-ruostumattomasta ter\u00e4ksest\u00e4 valmistettu puul\u00e4mmitteinen kamiina<\/p>\n<\/li>\n<li class=\"\" data-start=\"1983\" data-end=\"2028\">\n<p class=\"\" data-start=\"1985\" data-end=\"2028\">2 m savupiippu (suojaverkolla ja hatulla)<\/p>\n<\/li>\n<li class=\"\" data-start=\"2029\" data-end=\"2074\">\n<p class=\"\" data-start=\"2031\" data-end=\"2074\">Kuusipaneelit ja mustaksi maalatut kulmat<\/p>\n<\/li>\n<li class=\"\" data-start=\"2075\" data-end=\"2098\">\n<p class=\"\" data-start=\"2077\" data-end=\"2098\">Polyuretaanieristys<\/p>\n<\/li>\n<li class=\"\" data-start=\"2099\" data-end=\"2134\">\n<p class=\"\" data-start=\"2101\" data-end=\"2134\">Pneumaattinen ohjausj\u00e4rjestelm\u00e4<\/p>\n<\/li>\n<li class=\"\" data-start=\"2135\" data-end=\"2172\">\n<p class=\"\" data-start=\"2137\" data-end=\"2172\">Sulakerasia ja tyhjennysventtiili<\/p>\n<\/li>\n<\/ul>\n<p>&nbsp;<\/p>\n<p class=\"\" data-start=\"1496\" data-end=\"1542\"><strong data-start=\"1496\" data-end=\"1542\">T\u00e4ydenn\u00e4 paljuasi premium-lis\u00e4varusteilla:<\/strong><\/p>\n<p class=\"\" data-start=\"1544\" data-end=\"1732\">Vie kylpykokemuksesi uudelle tasolle vesihierontaj\u00e4rjestelm\u00e4ll\u00e4, ilmahieronnalla ja mukaansatempaavalla \u00e4\u00e4nentoistolla. Luo tunnelmaa kosketusohjauksella ja rauhoittavalla vesiputouksella.<\/p>\n<p class=\"\" data-start=\"1734\" data-end=\"1960\">Nauti \u00e4lykk\u00e4\u00e4st\u00e4 ohjauksesta Gecko-j\u00e4rjestelm\u00e4ll\u00e4, joka tarjoaa WiFi-yhteyden ja sovelluksen kautta hallinnan suoraan \u00e4lypuhelimellasi. Sis\u00e4\u00e4nrakennettu s\u00e4hk\u00f6l\u00e4mmitin pit\u00e4\u00e4 veden l\u00e4mpim\u00e4n\u00e4 \u2013 juuri silloin kun sin\u00e4 olet valmis.<\/p>\n<p data-start=\"1734\" data-end=\"1960\"><img loading=\"lazy\" decoding=\"async\" class=\"alignnone wp-image-94075\" src=\"https:\/\/factory.sale\/wp-content\/uploads\/2024\/08\/hot-tub-accessories-factory.sale-_4_-300x212.webp\" alt=\"\" width=\"971\" height=\"686\" srcset=\"https:\/\/factory.sale\/wp-content\/uploads\/2024\/08\/hot-tub-accessories-factory.sale-_4_-300x212.webp 300w, https:\/\/factory.sale\/wp-content\/uploads\/2024\/08\/hot-tub-accessories-factory.sale-_4_-1024x724.webp 1024w, https:\/\/factory.sale\/wp-content\/uploads\/2024\/08\/hot-tub-accessories-factory.sale-_4_-150x106.webp 150w, https:\/\/factory.sale\/wp-content\/uploads\/2024\/08\/hot-tub-accessories-factory.sale-_4_-1536x1086.webp 1536w, https:\/\/factory.sale\/wp-content\/uploads\/2024\/08\/hot-tub-accessories-factory.sale-_4_-600x424.webp 600w, https:\/\/factory.sale\/wp-content\/uploads\/2024\/08\/hot-tub-accessories-factory.sale-_4_-64x45.webp 64w, https:\/\/factory.sale\/wp-content\/uploads\/2024\/08\/hot-tub-accessories-factory.sale-_4_.webp 2000w\" sizes=\"auto, (max-width: 971px) 100vw, 971px\" \/><\/p>\n<p><strong>Valinnaiset lis\u00e4varusteet:<\/strong><\/p>\n<ul>\n<li>Vesihierontaj\u00e4rjestelm\u00e4, ruostumattomat suuttimet, 1,1 kW pumppu (6, 8, tai 12 suutinta)<\/li>\n<li>Vesihierontaj\u00e4rjestelm\u00e4, 14 suutinta, 1,5 kW pumppu<\/li>\n<li>Vesihierontaj\u00e4rjestelm\u00e4, 16\/18\/24 suutinta, 2 \u00d7 1,1 kW pumput (345 l\/min)<\/li>\n<li>Ilmahierontaj\u00e4rjestelm\u00e4, 12 tai 18 ruostumattomasta ter\u00e4ksest\u00e4 suutinta (750 W pumppu)<\/li>\n<li>Ilmahierontaj\u00e4rjestelm\u00e4, 24 suutinta (2 \u00d7 750 W pumput)<\/li>\n<li>Bluetooth-\u00e4\u00e4nentoistoj\u00e4rjestelm\u00e4 lis\u00e4kaiutinvalmiudella<\/li>\n<li>Kosketusohjain musta tai valkoinen 3-in-1 (vesihieronta + ilma + s\u00e4hk\u00f6l\u00e4mmitys), ilman l\u00e4mp\u00f6tila-anturia<\/li>\n<li>Kosketusohjain valkoinen 4-in-1 (vesihieronta + ilma + LED + s\u00e4hk\u00f6l\u00e4mmitys), l\u00e4mp\u00f6tila-anturilla<\/li>\n<li>Vesiputous \/ suihku<\/li>\n<li>L\u00e4mp\u00f6kansi<\/li>\n<li>Mukitelineet (metalli, muovi tai puu)<\/li>\n<li>Mukautettava LED-valaistus: kirkkaammat LED-stars ja pehme\u00e4mm\u00e4t MINI LED<\/li>\n<li>LED-valonauha ulkopuolella, paljun ymp\u00e4rill\u00e4<\/li>\n<li>Kuusipuinen ulkoverhoilu eri viimeistelyvaihtoehdoilla<\/li>\n<li>L\u00e4mp\u00f6puinen ulkoverhoilu eri viimeistelyvaihtoehdoilla \u2013 poltettu l\u00e4mp\u00f6puu rhombus-profiililla<\/li>\n<li>WPC-ulkoverhoilu<\/li>\n<li>Niskatuet<\/li>\n<li>Pyyheteline<\/li>\n<li>L\u00e4mp\u00f6kannen nostomekanismi<\/li>\n<li>Gecko-ohjausj\u00e4rjestelm\u00e4 WiFi-yhteydell\u00e4<\/li>\n<li>S\u00e4hk\u00f6l\u00e4mmitysvaihtoehdot: 3, 6 tai 9 kW<\/li>\n<li>Polttopuiden s\u00e4ilytyslaatikko<\/li>\n<li>Tuulisuoja<\/li>\n<li>Mahdollisuus kaiverruttaa oma logo metallisiin kulmaprofiileihin<\/li>\n<li>Portaat: py\u00f6re\u00e4 profiili, suora profiili (laatikkoportaat), XL py\u00f6re\u00e4 profiili<\/li>\n<li>Vedenpuhdistus hiekkasuodattimella ja UVC-valolla<\/li>\n<li>Skimmeri, pinnanpuhdistin \u2013 saatavana my\u00f6s UV-valolla<\/li>\n<li>Suodatinj\u00e4rjestelm\u00e4n kotelo<\/li>\n<li>Polttopuiden s\u00e4ilytyslaatikko, yksipuolinen (l\u00e4mp\u00f6puu)<\/li>\n<li>Polttopuiden s\u00e4ilytyslaatikko, kaksipuolinen (l\u00e4mp\u00f6puu)<\/li>\n<\/ul>\n<p>&nbsp;<\/p>\n<p><strong>Akryylisis\u00e4pintojen v\u00e4rivaihtoehdot:<\/strong><\/p>\n<p><img loading=\"lazy\" decoding=\"async\" class=\"alignnone wp-image-104214\" src=\"https:\/\/factory.sale\/wp-content\/uploads\/2025\/05\/akryylisisus-vari-factory-sale-300x120.webp\" alt=\"\" width=\"635\" height=\"254\" srcset=\"https:\/\/factory.sale\/wp-content\/uploads\/2025\/05\/akryylisisus-vari-factory-sale-300x120.webp 300w, https:\/\/factory.sale\/wp-content\/uploads\/2025\/05\/akryylisisus-vari-factory-sale-150x60.webp 150w, https:\/\/factory.sale\/wp-content\/uploads\/2025\/05\/akryylisisus-vari-factory-sale-600x240.webp 600w, https:\/\/factory.sale\/wp-content\/uploads\/2025\/05\/akryylisisus-vari-factory-sale.webp 750w\" sizes=\"auto, (max-width: 635px) 100vw, 635px\" \/><\/p>\n<p><strong>Ulkoviimeistelyn vaihtoehdot:<\/strong><br \/>\n<img loading=\"lazy\" decoding=\"async\" class=\"alignnone wp-image-104205\" src=\"https:\/\/factory.sale\/wp-content\/uploads\/2025\/05\/Paljun-viimeistely-factory-sale-300x120.webp\" alt=\"\" width=\"900\" height=\"360\" srcset=\"https:\/\/factory.sale\/wp-content\/uploads\/2025\/05\/Paljun-viimeistely-factory-sale-300x120.webp 300w, https:\/\/factory.sale\/wp-content\/uploads\/2025\/05\/Paljun-viimeistely-factory-sale-150x60.webp 150w, https:\/\/factory.sale\/wp-content\/uploads\/2025\/05\/Paljun-viimeistely-factory-sale-600x240.webp 600w, https:\/\/factory.sale\/wp-content\/uploads\/2025\/05\/Paljun-viimeistely-factory-sale.webp 750w\" sizes=\"auto, (max-width: 900px) 100vw, 900px\" \/><\/p>\n<p><strong>Portaat:<\/strong><\/p>\n<p><img loading=\"lazy\" decoding=\"async\" class=\"alignnone wp-image-104370\" src=\"https:\/\/factory.sale\/wp-content\/uploads\/2024\/09\/portaat-factory.sale-1-300x120.webp\" alt=\"\" width=\"683\" height=\"273\" srcset=\"https:\/\/factory.sale\/wp-content\/uploads\/2024\/09\/portaat-factory.sale-1-300x120.webp 300w, https:\/\/factory.sale\/wp-content\/uploads\/2024\/09\/portaat-factory.sale-1-150x60.webp 150w, https:\/\/factory.sale\/wp-content\/uploads\/2024\/09\/portaat-factory.sale-1-600x240.webp 600w, https:\/\/factory.sale\/wp-content\/uploads\/2024\/09\/portaat-factory.sale-1.webp 750w\" sizes=\"auto, (max-width: 683px) 100vw, 683px\" \/><\/p>\n<p><strong>L\u00e4mp\u00f6kannen v\u00e4rivaihtoehdot:<\/strong><\/p>\n<p><img loading=\"lazy\" decoding=\"async\" class=\"alignnone wp-image-93270\" src=\"https:\/\/factory.sale\/wp-content\/uploads\/2024\/08\/kylpytynnyri-lampokannen-varivaihtoehdot-factory.sale_-300x120.webp\" alt=\"\" width=\"560\" height=\"224\" srcset=\"https:\/\/factory.sale\/wp-content\/uploads\/2024\/08\/kylpytynnyri-lampokannen-varivaihtoehdot-factory.sale_-300x120.webp 300w, https:\/\/factory.sale\/wp-content\/uploads\/2024\/08\/kylpytynnyri-lampokannen-varivaihtoehdot-factory.sale_-150x60.webp 150w, https:\/\/factory.sale\/wp-content\/uploads\/2024\/08\/kylpytynnyri-lampokannen-varivaihtoehdot-factory.sale_-600x240.webp 600w, https:\/\/factory.sale\/wp-content\/uploads\/2024\/08\/kylpytynnyri-lampokannen-varivaihtoehdot-factory.sale_.webp 750w\" sizes=\"auto, (max-width: 560px) 100vw, 560px\" \/><\/p>\n<p class=\"\" data-start=\"3909\" data-end=\"4258\"><strong data-start=\"3909\" data-end=\"3940\">Miksi l\u00e4mp\u00f6kansi on t\u00e4rke\u00e4?<\/strong><br data-start=\"3940\" data-end=\"3943\" \/>L\u00e4mp\u00f6kansi on v\u00e4ltt\u00e4m\u00e4t\u00f6n veden l\u00e4mp\u00f6tilan yll\u00e4pit\u00e4miseksi, energiankulutuksen v\u00e4hent\u00e4miseksi ja paljun suojaamiseksi lialta ja p\u00f6lylt\u00e4. Se lis\u00e4\u00e4 turvallisuutta erityisesti lapsi- ja lemmikkiperheiss\u00e4 ja suojaa paljuasi s\u00e4\u00e4olosuhteilta. K\u00e4yt\u00e4nn\u00f6llinen, kustannustehokas ja ymp\u00e4rist\u00f6yst\u00e4v\u00e4llinen ratkaisu paljullesi.<\/p>\n<p>Lis\u00e4tiedot <a href=\"https:\/\/factory.sale\/wp-content\/uploads\/2024\/09\/Kylpytynnyn-KAYTTOOHJE-2024-factory.sale_.pdf\" target=\"_blank\" rel=\"noopener\">k\u00e4ytt\u00f6oppaassa<\/a><\/p>\n<p>Sukella rentoutumisen ja virkist\u00e4ytymisen maailmaan Pacifico kylpytynnyrill\u00e4\u2014todellinen ylellisyyden ja k\u00e4sity\u00f6n symboli.<\/p>\n","protected":false},"excerpt":{"rendered":"<p data-start=\"173\" data-end=\"235\">Pacifico \u2013 Yksityinen ylellisyytesi milloin vain.<br \/>\nSinulle, joka hallitset omaa aikaasi ja rytmi\u00e4si. Sinulle, joka arvostat hiljaisuutta, muotoilua ja laatua. Pacifico ei ole vain palju \u2013 se on el\u00e4m\u00e4ntyylisi jatke. Jokaisena vuodenaikana, jokaisessa\u00a0hetkess\u00e4.<\/p>\n","protected":false},"featured_media":105519,"comment_status":"open","ping_status":"closed","template":"","meta":{"_acf_changed":false},"factory":[],"free-shipment":[],"product_brand":[],"product_cat":[2588],"product_tag":[2846,4436,4437],"class_list":{"0":"post-105533","1":"product","2":"type-product","3":"status-publish","4":"has-post-thumbnail","6":"product_cat-lasikuituiset-kylpytynnyrit","7":"product_tag-hot-tub-fi","8":"product_tag-hot-tub-with-stove-fi","9":"product_tag-luxury-hot-tub-fi","11":"first","12":"instock","13":"sale","14":"taxable","15":"shipping-taxable","16":"purchasable","17":"product-type-simple"},"acf":[],"_links":{"self":[{"href":"https:\/\/factory.sale\/fi\/wp-json\/wp\/v2\/product\/105533","targetHints":{"allow":["GET"]}}],"collection":[{"href":"https:\/\/factory.sale\/fi\/wp-json\/wp\/v2\/product"}],"about":[{"href":"https:\/\/factory.sale\/fi\/wp-json\/wp\/v2\/types\/product"}],"replies":[{"embeddable":true,"href":"https:\/\/factory.sale\/fi\/wp-json\/wp\/v2\/comments?post=105533"}],"wp:featuredmedia":[{"embeddable":true,"href":"https:\/\/factory.sale\/fi\/wp-json\/wp\/v2\/media\/105519"}],"wp:attachment":[{"href":"https:\/\/factory.sale\/fi\/wp-json\/wp\/v2\/media?parent=105533"}],"wp:term":[{"taxonomy":"factory","embeddable":true,"href":"https:\/\/factory.sale\/fi\/wp-json\/wp\/v2\/factory?post=105533"},{"taxonomy":"free-shipment","embeddable":true,"href":"https:\/\/factory.sale\/fi\/wp-json\/wp\/v2\/free-shipment?post=105533"},{"taxonomy":"product_brand","embeddable":true,"href":"https:\/\/factory.sale\/fi\/wp-json\/wp\/v2\/product_brand?post=105533"},{"taxonomy":"product_cat","embeddable":true,"href":"https:\/\/factory.sale\/fi\/wp-json\/wp\/v2\/product_cat?post=105533"},{"taxonomy":"product_tag","embeddable":true,"href":"https:\/\/factory.sale\/fi\/wp-json\/wp\/v2\/product_tag?post=105533"}],"curies":[{"name":"wp","href":"https:\/\/api.w.org\/{rel}","templated":true}]}}