{"id":103641,"date":"2025-04-19T11:06:53","date_gmt":"2025-04-19T08:15:16","guid":{"rendered":"https:\/\/factory.sale\/?post_type=product&#038;p=103641"},"modified":"2025-04-19T22:54:16","modified_gmt":"2025-04-19T19:54:16","slug":"puukiuas-original-iki-10-25m%c2%b3","status":"publish","type":"product","link":"https:\/\/factory.sale\/fi\/tuote\/puukiuas-original-iki-10-25m%c2%b3\/","title":{"rendered":"Puukiuas Original IKI, 10-25m\u00b3"},"content":{"rendered":"<div class=\"video-wrapper \"><\/div>\n<p>&nbsp;<\/p>\n<p><strong>Tuotenumero:<\/strong> net3000<\/p>\n<p><strong>GTIN-koodi:<\/strong> 6430041121541<\/p>\n<p>&nbsp;<\/p>\n<p>Original IKI-puukiuas on IKI-Kiukaan klassikkomalli. Kaikki muut kiukaat ovat syntyneet sen pohjalta.<\/p>\n<p>Original IKI-kiukaan mahtava 240 kg:n kivimassa takaa verrattomat l\u00f6ylyt kovillekin saunojille, mutta tarjoaa my\u00f6s miedommat l\u00f6ylyt kiukaan sivuilta. Nopea, vain noin tunnin l\u00e4mmitysaika on tulipes\u00e4n ja kivien v\u00e4lisen noin 1 m\u00b2:n kosketuspinta-alan ansiota. Kiukaan sis\u00e4ll\u00e4 oleva, voimalaitoksissakin k\u00e4ytetty kiertoputki hehkuu l\u00e4mmitett\u00e4ess\u00e4 punaisena ja siirt\u00e4\u00e4 l\u00e4mp\u00f6\u00e4 nopeasti kiviin. Kiuas sopii 10-25 kuution kokoiseen saunaan. Vetoa voi s\u00e4\u00e4t\u00e4\u00e4 lasiluukussa olevasta s\u00e4\u00e4t\u00f6nupista. Kiuas toimitetaan kiuasalustan kanssa. Alusta on kiukaassa kiinte\u00e4sti pultattuna.<\/p>\n<p>Suojaet\u00e4isyydet tulenarkoihin rakenteisiin verkkovaipasta ovat: sivuille 10 cm, taakse 10 cm ja yl\u00f6s 100 cm. Huom! suojaet\u00e4isyydet tulenarkoihin rakenteisiin ovat kivitt\u00e4m\u00e4tt\u00f6m\u00e4st\u00e4\/paljaasta hormiputkesta 1 m yl\u00f6sp\u00e4in ja 50 cm sivuille. Katso tarkemmat suojaet\u00e4isyydet asennusohjeesta.<\/p>\n<p>Kiukaan voi asentaa hormiin joko suoralla, 90- tai 45-asteen poistoputkella. \u00a0Kiukaan voi varustella my\u00f6s Plus-osalla, eli kiukaan p\u00e4\u00e4lle tulevalla kivikorilla.<\/p>\n<p>&nbsp;<\/p>\n<p>&nbsp;<\/p>\n<p><strong>Tuotetiedot:<\/strong><\/p>\n<ul>\n<li>Tuotemerkki: IKI Kiuas<\/li>\n<li>Kiuasmalli: Original IKI<\/li>\n<\/ul>\n<p>&nbsp;<\/p>\n<p><strong>Tuotteen mitat:<\/strong><\/p>\n<ul>\n<li>Korkeus (mm): 650<\/li>\n<li>Leveys (mm): 600<\/li>\n<li>Syvyys (mm): 600<\/li>\n<li>Halkaisija (mm): 60<\/li>\n<li>Tuotteen paino (kg): 65<\/li>\n<\/ul>\n<p>&nbsp;<\/p>\n<p>&nbsp;<\/p>\n<p><strong>Tuotteen ominaisuudet:<\/strong><\/p>\n<ul>\n<li>V\u00e4ri: Ter\u00e4s<\/li>\n<li>Materiaali: Ter\u00e4s<\/li>\n<li>Kiukaan tyyppi: Verkkokiuas<\/li>\n<li>Vesis\u00e4ili\u00f6llinen: Ei<\/li>\n<li>Tulipes\u00e4n halkaisija: 33 cm<\/li>\n<li>Tulipes\u00e4n pituus: 60 cm<\/li>\n<li>Poistoputki: Suora, 90- tai 45-asteinen poistoputki<\/li>\n<li>Luukku: Lasiluukku puisella kahvalla (k\u00e4tisyys vaihdettavissa)<\/li>\n<li>Kivim\u00e4\u00e4r\u00e4, max. (kg): 240<\/li>\n<\/ul>\n<p>&nbsp;<\/p>\n<p>&nbsp;<\/p>\n<p><strong>Tuotteen asentaminen ja k\u00e4ytt\u00f6\u00f6notto:\u00a0<\/strong><\/p>\n<ul>\n<li>Saunan tilavuus, min. (m\u00b3): 10<\/li>\n<li>Saunan tilavuus, max. (m\u00b3): 25<\/li>\n<li>Suojaet\u00e4isyys kattoon (mm): 1 000<\/li>\n<li>Suojaet\u00e4isyys sivulle (mm): 100<\/li>\n<li>Suojaet\u00e4isyys taakse (mm): 100<\/li>\n<\/ul>\n<p>&nbsp;<\/p>\n<p><em>Huom! Kiuaskivet eiv\u00e4t sis\u00e4lly kiukaan toimitukseen.<\/em><\/p>\n<p>&nbsp;<\/p>\n<p>&nbsp;<\/p>\n<p><a href=\"https:\/\/factory.sale\/wp-content\/uploads\/2025\/04\/iki-kiuas-asennusohje-puukiukaat.pdf\" target=\"_blank\" rel=\"noopener\">Asennus &#8211; ja k\u00e4ytt\u00f6ohje<\/a><\/p>\n","protected":false},"excerpt":{"rendered":"<p>Original IKI-puukiuas on IKI-Kiukaan klassikkomalli. Kaikki muut kiukaat ovat syntyneet sen pohjalta.<\/p>\n<p><img loading=\"lazy\" decoding=\"async\" class=\"alignnone size-medium wp-image-95781\" src=\"https:\/\/factory.sale\/wp-content\/uploads\/2024\/12\/finland-quality-factory.sale_-300x236.webp\" alt=\"\" width=\"300\" height=\"236\" srcset=\"https:\/\/factory.sale\/wp-content\/uploads\/2024\/12\/finland-quality-factory.sale_-300x236.webp 300w, https:\/\/factory.sale\/wp-content\/uploads\/2024\/12\/finland-quality-factory.sale_-150x118.webp 150w, https:\/\/factory.sale\/wp-content\/uploads\/2024\/12\/finland-quality-factory.sale_.webp 594w\" sizes=\"auto, (max-width: 300px) 100vw, 300px\" \/><\/p>\n","protected":false},"featured_media":103628,"comment_status":"open","ping_status":"closed","template":"","meta":{"_acf_changed":false},"factory":[],"free-shipment":[],"product_brand":[],"product_cat":[4370,484],"product_tag":[2106],"class_list":{"0":"post-103641","1":"product","2":"type-product","3":"status-publish","4":"has-post-thumbnail","6":"product_cat-iki-fi","7":"product_cat-saunan-kiukaat","8":"product_tag-sauna-fi","10":"first","11":"instock","12":"sale","13":"taxable","14":"shipping-taxable","15":"purchasable","16":"product-type-simple"},"acf":[],"_links":{"self":[{"href":"https:\/\/factory.sale\/fi\/wp-json\/wp\/v2\/product\/103641","targetHints":{"allow":["GET"]}}],"collection":[{"href":"https:\/\/factory.sale\/fi\/wp-json\/wp\/v2\/product"}],"about":[{"href":"https:\/\/factory.sale\/fi\/wp-json\/wp\/v2\/types\/product"}],"replies":[{"embeddable":true,"href":"https:\/\/factory.sale\/fi\/wp-json\/wp\/v2\/comments?post=103641"}],"wp:featuredmedia":[{"embeddable":true,"href":"https:\/\/factory.sale\/fi\/wp-json\/wp\/v2\/media\/103628"}],"wp:attachment":[{"href":"https:\/\/factory.sale\/fi\/wp-json\/wp\/v2\/media?parent=103641"}],"wp:term":[{"taxonomy":"factory","embeddable":true,"href":"https:\/\/factory.sale\/fi\/wp-json\/wp\/v2\/factory?post=103641"},{"taxonomy":"free-shipment","embeddable":true,"href":"https:\/\/factory.sale\/fi\/wp-json\/wp\/v2\/free-shipment?post=103641"},{"taxonomy":"product_brand","embeddable":true,"href":"https:\/\/factory.sale\/fi\/wp-json\/wp\/v2\/product_brand?post=103641"},{"taxonomy":"product_cat","embeddable":true,"href":"https:\/\/factory.sale\/fi\/wp-json\/wp\/v2\/product_cat?post=103641"},{"taxonomy":"product_tag","embeddable":true,"href":"https:\/\/factory.sale\/fi\/wp-json\/wp\/v2\/product_tag?post=103641"}],"curies":[{"name":"wp","href":"https:\/\/api.w.org\/{rel}","templated":true}]}}