{"id":103571,"date":"2025-04-14T22:42:21","date_gmt":"2025-04-14T19:58:37","guid":{"rendered":"https:\/\/factory.sale\/?post_type=product&#038;p=103571"},"modified":"2025-04-14T22:59:14","modified_gmt":"2025-04-14T19:59:14","slug":"loyly-iki-jr-puukiuas-8-14m%c2%b3","status":"publish","type":"product","link":"https:\/\/factory.sale\/fi\/tuote\/loyly-iki-jr-puukiuas-8-14m%c2%b3\/","title":{"rendered":"L\u00f6yly-IKI jr puukiuas, 8-14m\u00b3"},"content":{"rendered":"<div class=\"video-wrapper \"><iframe loading=\"lazy\" title=\"IKI Wood burning stoves\" width=\"500\" height=\"281\" src=\"https:\/\/www.youtube.com\/embed\/3d1x-KUvbKo?feature=oembed\" frameborder=\"0\" allow=\"accelerometer; autoplay; clipboard-write; encrypted-media; gyroscope; picture-in-picture; web-share\" referrerpolicy=\"strict-origin-when-cross-origin\" allowfullscreen><\/iframe><\/div>\n<p>&nbsp;<\/p>\n<p><strong>Tuotenumero:<\/strong> IKI137<\/p>\n<p><strong>GTIN-koodi:<\/strong> 6430041130062<\/p>\n<p>&nbsp;<\/p>\n<p>N\u00e4pp\u00e4r\u00e4n kompakti mutta kotimaiseen tapaan sisukas L\u00f6yly-IKI jr. l\u00e4mmitt\u00e4\u00e4 niin ruumiin kuin mielenkin. Halkaisijaltaan 48 cm puukiuas mahtuu pieneen tilaan, mutta l\u00e4mmitt\u00e4\u00e4 silti 8-14 kuution kokoiset saunahuoneet. Kiukaan py\u00f6re\u00e4 lasiluukku antaa tulen loimun valaista saunaa tunnelmallisesti, ja 160 kilogramman kivimassa takaa pehme\u00e4t ja kosteat l\u00f6ylyt. Kiuas toimitetaan kiuasalustan kanssa. Alusta on kiukaassa kiinte\u00e4sti pultattuna.<\/p>\n<p>Kiukaan voi asentaa hormiin joko suoralla, 90- tai 45-asteen poistoputkella. Valitse sopiva poistoputki valikosta. Poistoputken ulkohalkaisija on 115 mm. Kiukaan voi varustella my\u00f6s Plus-osalla, eli kiukaan p\u00e4\u00e4lle tulevalla kivikorilla.<\/p>\n<p>&nbsp;<\/p>\n<p>&nbsp;<\/p>\n<p><strong>Tuotteen mitat:<\/strong><\/p>\n<ul>\n<li>Korkeus (mm): 755<\/li>\n<li>Leveys (mm): 480<\/li>\n<li>Syvyys (mm): 480<\/li>\n<li>Halkaisija (mm): 480<\/li>\n<li>Hormiliit\u00e4nn\u00e4n halkaisija (mm): 115<\/li>\n<li>Tuotteen paino (kg): 65<\/li>\n<\/ul>\n<p>&nbsp;<\/p>\n<p><strong>Tuotteen ominaisuudet:<\/strong><\/p>\n<ul>\n<li>Tuotemerkki: IKI Kiuas<\/li>\n<li>V\u00e4ri: Ter\u00e4s<\/li>\n<li>Kiukaan tyyppi: Verkkokiuas<\/li>\n<li>Vesis\u00e4ili\u00f6llinen: Ei<\/li>\n<li>Tulipes\u00e4n halkaisija: 27 cm<\/li>\n<li>Tulipes\u00e4n pituus: 50 cm<\/li>\n<li>Lasiluukun kahva on puinen ja k\u00e4tisyys on vaihdettavissa<\/li>\n<li>Kivim\u00e4\u00e4r\u00e4, max. (kg): 160<\/li>\n<\/ul>\n<p>&nbsp;<\/p>\n<p>&nbsp;<\/p>\n<p><strong>Tuotteen asentaminen ja k\u00e4ytt\u00f6\u00f6notto:<\/strong><\/p>\n<ul>\n<li>Saunan tilavuus, min. (m\u00b3): 8<\/li>\n<li>Saunan tilavuus, max. (m\u00b3): 14<\/li>\n<\/ul>\n<p>&nbsp;<\/p>\n<p><em>Huom! Kiuaskivet eiv\u00e4t sis\u00e4lly kiukaan toimitukseen.<\/em><\/p>\n<p>&nbsp;<\/p>\n<p>&nbsp;<\/p>\n<p><a href=\"https:\/\/factory.sale\/wp-content\/uploads\/2025\/04\/iki-kiuas-asennusohje-puukiukaat.pdf\" target=\"_blank\" rel=\"noopener\">K\u00e4ytt\u00f6- ja asennusohjeet<\/a><\/p>\n","protected":false},"excerpt":{"rendered":"<p>N\u00e4pp\u00e4r\u00e4n kompakti mutta kotimaiseen tapaan sisukas L\u00f6yly-IKI jr. l\u00e4mmitt\u00e4\u00e4 niin ruumiin kuin mielenkin. Halkaisijaltaan 48 cm puukiuas mahtuu pieneen tilaan, mutta l\u00e4mmitt\u00e4\u00e4 silti 8-14 kuution kokoiset saunahuoneet. Kiukaan py\u00f6re\u00e4 lasiluukku antaa tulen loimun valaista saunaa tunnelmallisesti, ja 160 kilogramman kivimassa takaa pehme\u00e4t ja kosteat l\u00f6ylyt. Kiuas toimitetaan kiuasalustan kanssa. Alusta on kiukaassa kiinte\u00e4sti pultattuna.<\/p>\n<p><img loading=\"lazy\" decoding=\"async\" class=\"alignnone size-medium wp-image-95781\" src=\"https:\/\/factory.sale\/wp-content\/uploads\/2024\/12\/finland-quality-factory.sale_-300x236.webp\" alt=\"\" width=\"300\" height=\"236\" srcset=\"https:\/\/factory.sale\/wp-content\/uploads\/2024\/12\/finland-quality-factory.sale_-300x236.webp 300w, https:\/\/factory.sale\/wp-content\/uploads\/2024\/12\/finland-quality-factory.sale_-150x118.webp 150w, https:\/\/factory.sale\/wp-content\/uploads\/2024\/12\/finland-quality-factory.sale_.webp 594w\" sizes=\"auto, (max-width: 300px) 100vw, 300px\" \/><\/p>\n","protected":false},"featured_media":103556,"comment_status":"open","ping_status":"closed","template":"","meta":{"_acf_changed":false},"factory":[],"free-shipment":[],"product_brand":[],"product_cat":[4370,484],"product_tag":[2319,2106],"class_list":{"0":"post-103571","1":"product","2":"type-product","3":"status-publish","4":"has-post-thumbnail","6":"product_cat-iki-fi","7":"product_cat-saunan-kiukaat","8":"product_tag-heaters-fi","9":"product_tag-sauna-fi","11":"first","12":"instock","13":"sale","14":"taxable","15":"shipping-taxable","16":"purchasable","17":"product-type-simple"},"acf":[],"_links":{"self":[{"href":"https:\/\/factory.sale\/fi\/wp-json\/wp\/v2\/product\/103571","targetHints":{"allow":["GET"]}}],"collection":[{"href":"https:\/\/factory.sale\/fi\/wp-json\/wp\/v2\/product"}],"about":[{"href":"https:\/\/factory.sale\/fi\/wp-json\/wp\/v2\/types\/product"}],"replies":[{"embeddable":true,"href":"https:\/\/factory.sale\/fi\/wp-json\/wp\/v2\/comments?post=103571"}],"wp:featuredmedia":[{"embeddable":true,"href":"https:\/\/factory.sale\/fi\/wp-json\/wp\/v2\/media\/103556"}],"wp:attachment":[{"href":"https:\/\/factory.sale\/fi\/wp-json\/wp\/v2\/media?parent=103571"}],"wp:term":[{"taxonomy":"factory","embeddable":true,"href":"https:\/\/factory.sale\/fi\/wp-json\/wp\/v2\/factory?post=103571"},{"taxonomy":"free-shipment","embeddable":true,"href":"https:\/\/factory.sale\/fi\/wp-json\/wp\/v2\/free-shipment?post=103571"},{"taxonomy":"product_brand","embeddable":true,"href":"https:\/\/factory.sale\/fi\/wp-json\/wp\/v2\/product_brand?post=103571"},{"taxonomy":"product_cat","embeddable":true,"href":"https:\/\/factory.sale\/fi\/wp-json\/wp\/v2\/product_cat?post=103571"},{"taxonomy":"product_tag","embeddable":true,"href":"https:\/\/factory.sale\/fi\/wp-json\/wp\/v2\/product_tag?post=103571"}],"curies":[{"name":"wp","href":"https:\/\/api.w.org\/{rel}","templated":true}]}}