{"id":103520,"date":"2025-04-14T14:56:45","date_gmt":"2025-04-14T12:09:51","guid":{"rendered":"https:\/\/factory.sale\/?post_type=product&#038;p=103520"},"modified":"2025-04-14T23:36:19","modified_gmt":"2025-04-14T20:36:19","slug":"mini-iki-puukiuas-5-12m%c2%b3","status":"publish","type":"product","link":"https:\/\/factory.sale\/fi\/tuote\/mini-iki-puukiuas-5-12m%c2%b3\/","title":{"rendered":"Mini IKI puukiuas, 5-12m\u00b3"},"content":{"rendered":"<div class=\"video-wrapper \"><iframe loading=\"lazy\" title=\"IKI Wood burning stoves\" width=\"500\" height=\"281\" src=\"https:\/\/www.youtube.com\/embed\/3d1x-KUvbKo?feature=oembed\" frameborder=\"0\" allow=\"accelerometer; autoplay; clipboard-write; encrypted-media; gyroscope; picture-in-picture; web-share\" referrerpolicy=\"strict-origin-when-cross-origin\" allowfullscreen><\/iframe><\/div>\n<p>&nbsp;<\/p>\n<p><strong>Tuotenumero:<\/strong> NETMINIKI<\/p>\n<p><strong>GTIN-koodi:<\/strong> 6430041121503<\/p>\n<p>&nbsp;<\/p>\n<p>Mini IKI on puukiuasmalleista pienin ja se sopii 5-12 kuution saunaan. Pienest\u00e4 koostaan huolimatta siihen mahtuu huikeat 120 kg kivi\u00e4. Kiukaan tulipes\u00e4 jatkuu siihen hitsatulla kiertoputkella, joka takaa suuren kivimassan nopean l\u00e4mmitysajan. Mini IKI on eritt\u00e4in tehokas l\u00e4mmityslaite pieniin saunoihin, eik\u00e4 j\u00e4t\u00e4 ket\u00e4\u00e4n kylm\u00e4ksi edes alalauteilla suuren kivimassansa ansiosta. Vedons\u00e4\u00e4t\u00f6 on vaivatonta luukussa olevan s\u00e4\u00e4t\u00f6nupin ansiosta. Kiuas toimitetaan kiuasalustan kanssa. Alusta on kiukaassa kiinte\u00e4sti pultattuna.<\/p>\n<p>&nbsp;<\/p>\n<p>&nbsp;<\/p>\n<p><strong>Tuotteen mitat:\u00a0<\/strong><\/p>\n<ul>\n<li>Korkeus (mm): 580<\/li>\n<li>Leveys (mm): 480<\/li>\n<li>Syvyys (mm): 480<\/li>\n<li>Halkaisija (mm): 480<\/li>\n<li>Tuotteen paino (kg): 45<\/li>\n<\/ul>\n<p>&nbsp;<\/p>\n<p><strong>Tuotteen ominaisuudet:<\/strong><\/p>\n<ul>\n<li>Tuotemerkki: IKI Kiuas<\/li>\n<li>V\u00e4ri: Ter\u00e4s<\/li>\n<li>Materiaali: Ter\u00e4s<\/li>\n<li>Kiukaan tyyppi: Verkkokiuas<\/li>\n<li>Vesis\u00e4ili\u00f6llinen: Ei<\/li>\n<li>Tulipes\u00e4n halkaisija: 27 cm<\/li>\n<li>Tulipes\u00e4n pituus: 50 cm<\/li>\n<li>Kiukaan voi asentaa hormiin suoralla, 90- tai 45-asteisella poistoputkella<\/li>\n<li>Luukku: Lasiluukku puisella kahvalla (k\u00e4tisyys vaihdettavissa)<\/li>\n<li>Kivim\u00e4\u00e4r\u00e4, max. (kg): 120<\/li>\n<\/ul>\n<p>&nbsp;<\/p>\n<p><strong>Tuotteen asentaminen ja k\u00e4ytt\u00f6\u00f6notto:<\/strong><\/p>\n<ul>\n<li>Saunan tilavuus, min. (m\u00b3): 5<\/li>\n<li>Saunan tilavuus, max. (m\u00b3): 12<\/li>\n<li>Mini IKIn suojaet\u00e4isyydet tulenarkoihin rakenteisiin ovat: sivuille 10 cm, taakse 10 cm ja yl\u00f6s 100 cm.<\/li>\n<\/ul>\n<p><em>Huom! suojaet\u00e4isyydet tulenarkoihin rakenteisiin ovat kivitt\u00e4m\u00e4tt\u00f6m\u00e4st\u00e4\/paljaasta hormiputkesta 1 m yl\u00f6sp\u00e4in ja 50 cm sivuille. Kiukaan voi asentaa hormiin joko suoralla, 45 tai 90 asteen poistoputkella.<\/em><\/p>\n<p>Kiukaan voi varustella my\u00f6s Plus-osalla, eli kiukaan p\u00e4\u00e4lle tulevalla kivikorilla.<\/p>\n<p><em>Huom! IKI-Kiukaan l\u00e4mp\u00f6 varautuu suureen kivimassaan, joten kiuasta mitoitettaessa lasi- tai kivipinnoilla ei ole suurta merkityst\u00e4. Kiuas kannattaa kuitenkin ylimitoittaa, jos saunassa on paljon kivi- tai lasipintoja ja kiuasteho suositustilavuuden yl\u00e4rajoilla.<\/em><\/p>\n<p><em>Huom! Kiuaskivet eiv\u00e4t sis\u00e4lly kiukaan toimitukseen.<\/em><\/p>\n<p>&nbsp;<\/p>\n<p><a href=\"https:\/\/factory.sale\/wp-content\/uploads\/2025\/04\/iki-kiuas-asennusohje-puukiukaat.pdf\" target=\"_blank\" rel=\"noopener\">K\u00e4ytt\u00f6- ja asennusohjeet<\/a><\/p>\n","protected":false},"excerpt":{"rendered":"<p>Mini IKI on puukiuasmalleista pienin ja se sopii 5-12 kuution saunaan. Pienest\u00e4 koostaan huolimatta siihen mahtuu huikeat 120 kg kivi\u00e4. Kiukaan tulipes\u00e4 jatkuu siihen hitsatulla kiertoputkella, joka takaa suuren kivimassan nopean l\u00e4mmitysajan.<\/p>\n<p><img loading=\"lazy\" decoding=\"async\" class=\"alignnone size-medium wp-image-95781\" src=\"https:\/\/factory.sale\/wp-content\/uploads\/2024\/12\/finland-quality-factory.sale_-300x236.webp\" alt=\"\" width=\"300\" height=\"236\" srcset=\"https:\/\/factory.sale\/wp-content\/uploads\/2024\/12\/finland-quality-factory.sale_-300x236.webp 300w, https:\/\/factory.sale\/wp-content\/uploads\/2024\/12\/finland-quality-factory.sale_-150x118.webp 150w, https:\/\/factory.sale\/wp-content\/uploads\/2024\/12\/finland-quality-factory.sale_.webp 594w\" sizes=\"auto, (max-width: 300px) 100vw, 300px\" \/><\/p>\n","protected":false},"featured_media":103508,"comment_status":"open","ping_status":"closed","template":"","meta":{"_acf_changed":false},"factory":[],"free-shipment":[],"product_brand":[],"product_cat":[4370,484],"product_tag":[],"class_list":{"0":"post-103520","1":"product","2":"type-product","3":"status-publish","4":"has-post-thumbnail","6":"product_cat-iki-fi","7":"product_cat-saunan-kiukaat","9":"first","10":"instock","11":"sale","12":"taxable","13":"shipping-taxable","14":"purchasable","15":"product-type-simple"},"acf":[],"_links":{"self":[{"href":"https:\/\/factory.sale\/fi\/wp-json\/wp\/v2\/product\/103520","targetHints":{"allow":["GET"]}}],"collection":[{"href":"https:\/\/factory.sale\/fi\/wp-json\/wp\/v2\/product"}],"about":[{"href":"https:\/\/factory.sale\/fi\/wp-json\/wp\/v2\/types\/product"}],"replies":[{"embeddable":true,"href":"https:\/\/factory.sale\/fi\/wp-json\/wp\/v2\/comments?post=103520"}],"wp:featuredmedia":[{"embeddable":true,"href":"https:\/\/factory.sale\/fi\/wp-json\/wp\/v2\/media\/103508"}],"wp:attachment":[{"href":"https:\/\/factory.sale\/fi\/wp-json\/wp\/v2\/media?parent=103520"}],"wp:term":[{"taxonomy":"factory","embeddable":true,"href":"https:\/\/factory.sale\/fi\/wp-json\/wp\/v2\/factory?post=103520"},{"taxonomy":"free-shipment","embeddable":true,"href":"https:\/\/factory.sale\/fi\/wp-json\/wp\/v2\/free-shipment?post=103520"},{"taxonomy":"product_brand","embeddable":true,"href":"https:\/\/factory.sale\/fi\/wp-json\/wp\/v2\/product_brand?post=103520"},{"taxonomy":"product_cat","embeddable":true,"href":"https:\/\/factory.sale\/fi\/wp-json\/wp\/v2\/product_cat?post=103520"},{"taxonomy":"product_tag","embeddable":true,"href":"https:\/\/factory.sale\/fi\/wp-json\/wp\/v2\/product_tag?post=103520"}],"curies":[{"name":"wp","href":"https:\/\/api.w.org\/{rel}","templated":true}]}}