{"id":103494,"date":"2025-04-14T01:59:13","date_gmt":"2025-04-13T23:04:06","guid":{"rendered":"https:\/\/factory.sale\/?post_type=product&#038;p=103494"},"modified":"2025-04-14T02:05:02","modified_gmt":"2025-04-13T23:05:02","slug":"kivi-iki-puukiuas-15-30m%c2%b3","status":"publish","type":"product","link":"https:\/\/factory.sale\/fi\/tuote\/kivi-iki-puukiuas-15-30m%c2%b3\/","title":{"rendered":"Kivi IKI puukiuas, 15-30m\u00b3"},"content":{"rendered":"<div class=\"video-wrapper \"><iframe loading=\"lazy\" title=\"IKI Wood burning stoves\" width=\"500\" height=\"281\" src=\"https:\/\/www.youtube.com\/embed\/3d1x-KUvbKo?feature=oembed\" frameborder=\"0\" allow=\"accelerometer; autoplay; clipboard-write; encrypted-media; gyroscope; picture-in-picture; web-share\" referrerpolicy=\"strict-origin-when-cross-origin\" allowfullscreen><\/iframe><\/div>\n<p>&nbsp;<\/p>\n<p><strong>Tuotenumero:<\/strong> NETKIVIIKI<\/p>\n<p><strong>GTIN-koodi:<\/strong> 6430041121688<\/p>\n<p>&nbsp;<\/p>\n<p>&nbsp;<\/p>\n<p>KIVI-IKI puukiuas esiteltiin ensimm\u00e4isen kerran vuoden 2009 Habitare-messuilla. Kiukaan lasipinta tekee tulen vangitsevasta liikehdinn\u00e4st\u00e4 l\u00e4sn\u00e4 olevan elementin saunaan haastaen perinteisen kiuasmuotoilun.<\/p>\n<p>L\u00e4pin\u00e4kyvyytens\u00e4 ansiosta KIVI-IKI toimii my\u00f6s saunan valaisimena tuoden luonnollista hehkua ja eloa tilaan. Kiukaan valmistuksessa k\u00e4ytet\u00e4\u00e4n samoja vahvoja materiaaleja kuin muissakin IKI-Kiuas Oy:n puukiuasmalleissa. Kiuas toimitetaan kiuasalustan kanssa. Alusta on kiukaassa kiinte\u00e4sti pultattuna.<\/p>\n<p>Suojaet\u00e4isyydet tulenarkoihin rakenteisiin ovat sivuilla 25 cm, takana 25 cm ja ylh\u00e4\u00e4ll\u00e4 80 cm. Huom! suojaet\u00e4isyydet tulenarkoihin rakenteisiin ovat kivitt\u00e4m\u00e4tt\u00f6m\u00e4st\u00e4\/paljaasta hormiputkesta 100 cm yl\u00f6sp\u00e4in ja 50 cm sivuille. Suojaet\u00e4isyys tulipes\u00e4n kaulasta sivulle on 30 cm.<\/p>\n<p>Kiukaan voi asentaa hormiin joko suoraan kiukaan p\u00e4\u00e4lt\u00e4 l\u00e4htev\u00e4ll\u00e4 poistoputkella tai sein\u00e4\u00e4n verkon l\u00e4pi tulevalla poistoputkella.<\/p>\n<p>&nbsp;<\/p>\n<p><strong>Tuotetiedot:<\/strong><\/p>\n<ul>\n<li>Tuotemerkki: IKI Kiuas<\/li>\n<li>Kiuasmalli: Kivi-IKI<\/li>\n<\/ul>\n<p>&nbsp;<\/p>\n<p><strong>Tuotteen mitat:<\/strong><\/p>\n<ul>\n<li>Korkeus (mm): 1 510<\/li>\n<li>Leveys (mm): 480<\/li>\n<li>Syvyys (mm): 480<\/li>\n<li>Halkaisija (mm): 480<\/li>\n<li>Tuotteen paino (kg): 85<\/li>\n<\/ul>\n<p>&nbsp;<\/p>\n<p><strong>Tuotteen ominaisuudet:<\/strong><\/p>\n<ul>\n<li>V\u00e4ri: Ter\u00e4s<\/li>\n<li>Materiaali: Ter\u00e4s<\/li>\n<li>Kiukaan tyyppi: Verkkokiuas<\/li>\n<li>Vesis\u00e4ili\u00f6llinen: Ei<\/li>\n<li>Lasiluukun korkeus: 47,5 cm<\/li>\n<li>Lasiluukun leveys: 36 cm<\/li>\n<li>Lasiluukun kahva on puinen ja k\u00e4tisyys on vaihdettavissa<\/li>\n<li>L\u00e4mm\u00f6ntuotto huonetilaan 15,9 kW<\/li>\n<li>Kivim\u00e4\u00e4r\u00e4, max. (kg): 260<\/li>\n<\/ul>\n<p>&nbsp;<\/p>\n<p><strong>Tuotteen asentaminen ja k\u00e4ytt\u00f6\u00f6notto:<\/strong><\/p>\n<ul>\n<li>Saunan tilavuus, min. (m\u00b3): 15<\/li>\n<li>Saunan tilavuus, max. (m\u00b3): 30<\/li>\n<li>Suojaet\u00e4isyys kattoon (mm): 800<\/li>\n<li>Suojaet\u00e4isyys sivulle (mm): 250<\/li>\n<li>Suojaet\u00e4isyys taakse (mm): 250<\/li>\n<li>Hormiliit\u00e4nn\u00e4n sijainti: P\u00e4\u00e4ll\u00e4, Takana<\/li>\n<\/ul>\n<p><em>Huom! Kiuaskivet eiv\u00e4t sis\u00e4lly kiukaan toimitukseen.<\/em><\/p>\n<p>&nbsp;<\/p>\n<p>&nbsp;<\/p>\n<p><a href=\"https:\/\/factory.sale\/wp-content\/uploads\/2025\/04\/3-iki-kiuas-asennusohje-puukiukaat.pdf\" target=\"_blank\" rel=\"noopener\">K\u00e4ytt\u00f6- ja asennusohjeet<\/a><\/p>\n","protected":false},"excerpt":{"rendered":"<p>dSign Vertti Kivi &amp; Co:n IKI-Kiuas Oy:n yhteisty\u00f6ss\u00e4 suunnittelema KIVI-IKI puukiuas on syntynyt ajatuksesta tuoda saunatilaan voimakasta el\u00e4myst\u00e4 ja l\u00e4pin\u00e4kyvyytt\u00e4 el\u00e4v\u00e4n tulen muodossa.<\/p>\n<p><img loading=\"lazy\" decoding=\"async\" class=\"alignnone size-medium wp-image-95781\" src=\"https:\/\/factory.sale\/wp-content\/uploads\/2024\/12\/finland-quality-factory.sale_-300x236.webp\" alt=\"\" width=\"300\" height=\"236\" srcset=\"https:\/\/factory.sale\/wp-content\/uploads\/2024\/12\/finland-quality-factory.sale_-300x236.webp 300w, https:\/\/factory.sale\/wp-content\/uploads\/2024\/12\/finland-quality-factory.sale_-150x118.webp 150w, https:\/\/factory.sale\/wp-content\/uploads\/2024\/12\/finland-quality-factory.sale_.webp 594w\" sizes=\"auto, (max-width: 300px) 100vw, 300px\" \/><\/p>\n","protected":false},"featured_media":103478,"comment_status":"open","ping_status":"closed","template":"","meta":{"_acf_changed":false},"factory":[],"free-shipment":[],"product_brand":[],"product_cat":[4370,484],"product_tag":[2106,2011],"class_list":{"0":"post-103494","1":"product","2":"type-product","3":"status-publish","4":"has-post-thumbnail","6":"product_cat-iki-fi","7":"product_cat-saunan-kiukaat","8":"product_tag-sauna-fi","9":"product_tag-stove-fi","11":"first","12":"instock","13":"sale","14":"taxable","15":"shipping-taxable","16":"purchasable","17":"product-type-simple"},"acf":[],"_links":{"self":[{"href":"https:\/\/factory.sale\/fi\/wp-json\/wp\/v2\/product\/103494","targetHints":{"allow":["GET"]}}],"collection":[{"href":"https:\/\/factory.sale\/fi\/wp-json\/wp\/v2\/product"}],"about":[{"href":"https:\/\/factory.sale\/fi\/wp-json\/wp\/v2\/types\/product"}],"replies":[{"embeddable":true,"href":"https:\/\/factory.sale\/fi\/wp-json\/wp\/v2\/comments?post=103494"}],"wp:featuredmedia":[{"embeddable":true,"href":"https:\/\/factory.sale\/fi\/wp-json\/wp\/v2\/media\/103478"}],"wp:attachment":[{"href":"https:\/\/factory.sale\/fi\/wp-json\/wp\/v2\/media?parent=103494"}],"wp:term":[{"taxonomy":"factory","embeddable":true,"href":"https:\/\/factory.sale\/fi\/wp-json\/wp\/v2\/factory?post=103494"},{"taxonomy":"free-shipment","embeddable":true,"href":"https:\/\/factory.sale\/fi\/wp-json\/wp\/v2\/free-shipment?post=103494"},{"taxonomy":"product_brand","embeddable":true,"href":"https:\/\/factory.sale\/fi\/wp-json\/wp\/v2\/product_brand?post=103494"},{"taxonomy":"product_cat","embeddable":true,"href":"https:\/\/factory.sale\/fi\/wp-json\/wp\/v2\/product_cat?post=103494"},{"taxonomy":"product_tag","embeddable":true,"href":"https:\/\/factory.sale\/fi\/wp-json\/wp\/v2\/product_tag?post=103494"}],"curies":[{"name":"wp","href":"https:\/\/api.w.org\/{rel}","templated":true}]}}