{"id":103469,"date":"2025-04-14T01:22:53","date_gmt":"2025-04-13T22:33:56","guid":{"rendered":"https:\/\/factory.sale\/?post_type=product&#038;p=103469"},"modified":"2025-04-14T01:35:26","modified_gmt":"2025-04-13T22:35:26","slug":"iki-sl-takkakiuas-14-30m%c2%b3","status":"publish","type":"product","link":"https:\/\/factory.sale\/fi\/tuote\/iki-sl-takkakiuas-14-30m%c2%b3\/","title":{"rendered":"IKI SL takkakiuas, 14-30m\u00b3"},"content":{"rendered":"<div class=\"video-wrapper \"><iframe loading=\"lazy\" title=\"IKI Wood burning stoves\" width=\"500\" height=\"281\" src=\"https:\/\/www.youtube.com\/embed\/3d1x-KUvbKo?feature=oembed\" frameborder=\"0\" allow=\"accelerometer; autoplay; clipboard-write; encrypted-media; gyroscope; picture-in-picture; web-share\" referrerpolicy=\"strict-origin-when-cross-origin\" allowfullscreen><\/iframe><\/div>\n<p>&nbsp;<\/p>\n<p><strong>Tuotenumero:<\/strong> IKI123<\/p>\n<p><strong>GTIN-koodi:<\/strong> 6430041124504<\/p>\n<p>&nbsp;<\/p>\n<p>&nbsp;<\/p>\n<p>SL-IKI-puukiukaalla voit vaivattomasti l\u00e4mmitt\u00e4\u00e4 saunan toisesta huoneesta tai ulkoa k\u00e4sin.<\/p>\n<p>Asennustapa s\u00e4\u00e4st\u00e4\u00e4 tilaa saunassa pienien suojaet\u00e4isyyksien vuoksi ja sauna s\u00e4ilyy puhtaana kun puut lis\u00e4t\u00e4\u00e4n ulkopuolelta. Kiukaassa mahdollistuu l\u00e4hes metrin mittaisten puiden polttaminen.<\/p>\n<p>Kaikki IKI-puukiukaat valmistetaan k\u00e4sity\u00f6n\u00e4 Suomessa.<\/p>\n<p>&nbsp;<\/p>\n<p>&nbsp;<\/p>\n<p><strong>Tuotetiedot:<\/strong><\/p>\n<ul>\n<li>Tuotemerkki: IKI Kiuas<\/li>\n<li>Sertifikaatit ja hyv\u00e4ksynn\u00e4t: CE-merkint\u00e4<\/li>\n<li>Valmistusmaa: Suomi<\/li>\n<li>Takuuaika: 2 vuotta<\/li>\n<\/ul>\n<p>&nbsp;<\/p>\n<p>&nbsp;<\/p>\n<p><strong>Tuotteen mitat:<\/strong><\/p>\n<ul>\n<li>Korkeus (mm): 820<\/li>\n<li>Halkaisija (mm): 600<\/li>\n<li>Tuotteen paino (kg): 75<\/li>\n<\/ul>\n<p>&nbsp;<\/p>\n<p><strong>Tuotteen ominaisuudet:<\/strong><\/p>\n<ul>\n<li>V\u00e4ri: Ter\u00e4s<\/li>\n<li>Materiaali: Ruostumaton ter\u00e4s<\/li>\n<li>Kiukaan tyyppi: Verkkokiuas<\/li>\n<li>Vesis\u00e4ili\u00f6llinen: Ei<\/li>\n<li>Kivim\u00e4\u00e4r\u00e4, max. (kg): 300<\/li>\n<\/ul>\n<p>&nbsp;<\/p>\n<p><strong>Tuotteen asentaminen ja k\u00e4ytt\u00f6\u00f6notto:<\/strong><\/p>\n<ul>\n<li>Saunan tilavuus, min. (m\u00b3): 14<\/li>\n<li>Saunan tilavuus, max. (m\u00b3): 30<\/li>\n<li>Suojaet\u00e4isyys kattoon (mm): 1 000<\/li>\n<li>Suojaet\u00e4isyys sivulle (mm): 100<\/li>\n<li>Suojaet\u00e4isyys eteen (mm): 500<\/li>\n<li>Suojaet\u00e4isyys taakse (mm): 100<\/li>\n<li>Hormiliit\u00e4nn\u00e4n sijainti: P\u00e4\u00e4ll\u00e4<\/li>\n<\/ul>\n<p>&nbsp;<\/p>\n<p><strong>Pakkauksen mitat ja paino:<\/strong><\/p>\n<ul>\n<li>Pakkauksen leveys (mm): 800,00<\/li>\n<li>Pakkauksen korkeus (mm): 1 000,00<\/li>\n<li>Pakkauksen syvyys (mm): 1 200,00<\/li>\n<li>Rahtipaino (kg): 85,00<\/li>\n<\/ul>\n<p>&nbsp;<\/p>\n<p>&nbsp;<\/p>\n<p><a href=\"https:\/\/factory.sale\/wp-content\/uploads\/2025\/04\/2-iki-kiuas-sl-asennusohje_2025.pdf\" target=\"_blank\" rel=\"noopener\">K\u00e4ytt\u00f6- ja asennusohjeet<\/a><\/p>\n","protected":false},"excerpt":{"rendered":"<p>SL-IKI-puukiukaalla voit vaivattomasti l\u00e4mmitt\u00e4\u00e4 saunan toisesta huoneesta tai ulkoa k\u00e4sin.<\/p>\n<p><img loading=\"lazy\" decoding=\"async\" class=\"alignnone size-medium wp-image-95781\" src=\"https:\/\/factory.sale\/wp-content\/uploads\/2024\/12\/finland-quality-factory.sale_-300x236.webp\" alt=\"\" width=\"300\" height=\"236\" srcset=\"https:\/\/factory.sale\/wp-content\/uploads\/2024\/12\/finland-quality-factory.sale_-300x236.webp 300w, https:\/\/factory.sale\/wp-content\/uploads\/2024\/12\/finland-quality-factory.sale_-150x118.webp 150w, https:\/\/factory.sale\/wp-content\/uploads\/2024\/12\/finland-quality-factory.sale_.webp 594w\" sizes=\"auto, (max-width: 300px) 100vw, 300px\" \/><\/p>\n","protected":false},"featured_media":103460,"comment_status":"open","ping_status":"closed","template":"","meta":{"_acf_changed":false},"factory":[],"free-shipment":[],"product_brand":[],"product_cat":[4370,484],"product_tag":[2668,2106,2320,4383,2011],"class_list":{"0":"post-103469","1":"product","2":"type-product","3":"status-publish","4":"has-post-thumbnail","6":"product_cat-iki-fi","7":"product_cat-saunan-kiukaat","8":"product_tag-bathroom-and-sauna-fi","9":"product_tag-sauna-fi","10":"product_tag-sauna-heaters-fi","11":"product_tag-steam-fi","12":"product_tag-stove-fi","14":"first","15":"instock","16":"sale","17":"taxable","18":"shipping-taxable","19":"purchasable","20":"product-type-simple"},"acf":[],"_links":{"self":[{"href":"https:\/\/factory.sale\/fi\/wp-json\/wp\/v2\/product\/103469","targetHints":{"allow":["GET"]}}],"collection":[{"href":"https:\/\/factory.sale\/fi\/wp-json\/wp\/v2\/product"}],"about":[{"href":"https:\/\/factory.sale\/fi\/wp-json\/wp\/v2\/types\/product"}],"replies":[{"embeddable":true,"href":"https:\/\/factory.sale\/fi\/wp-json\/wp\/v2\/comments?post=103469"}],"wp:featuredmedia":[{"embeddable":true,"href":"https:\/\/factory.sale\/fi\/wp-json\/wp\/v2\/media\/103460"}],"wp:attachment":[{"href":"https:\/\/factory.sale\/fi\/wp-json\/wp\/v2\/media?parent=103469"}],"wp:term":[{"taxonomy":"factory","embeddable":true,"href":"https:\/\/factory.sale\/fi\/wp-json\/wp\/v2\/factory?post=103469"},{"taxonomy":"free-shipment","embeddable":true,"href":"https:\/\/factory.sale\/fi\/wp-json\/wp\/v2\/free-shipment?post=103469"},{"taxonomy":"product_brand","embeddable":true,"href":"https:\/\/factory.sale\/fi\/wp-json\/wp\/v2\/product_brand?post=103469"},{"taxonomy":"product_cat","embeddable":true,"href":"https:\/\/factory.sale\/fi\/wp-json\/wp\/v2\/product_cat?post=103469"},{"taxonomy":"product_tag","embeddable":true,"href":"https:\/\/factory.sale\/fi\/wp-json\/wp\/v2\/product_tag?post=103469"}],"curies":[{"name":"wp","href":"https:\/\/api.w.org\/{rel}","templated":true}]}}