{"id":103445,"date":"2025-04-14T00:46:21","date_gmt":"2025-04-13T21:51:39","guid":{"rendered":"https:\/\/factory.sale\/?post_type=product&#038;p=103445"},"modified":"2025-04-14T00:56:10","modified_gmt":"2025-04-13T21:56:10","slug":"loyly-iki-puukiuas-20-40m%c2%b3","status":"publish","type":"product","link":"https:\/\/factory.sale\/fi\/tuote\/loyly-iki-puukiuas-20-40m%c2%b3\/","title":{"rendered":"L\u00f6yly-IKI puukiuas, 20-40m\u00b3"},"content":{"rendered":"<div class=\"video-wrapper \"><iframe loading=\"lazy\" title=\"IKI Wood burning stoves\" width=\"500\" height=\"281\" src=\"https:\/\/www.youtube.com\/embed\/3d1x-KUvbKo?feature=oembed\" frameborder=\"0\" allow=\"accelerometer; autoplay; clipboard-write; encrypted-media; gyroscope; picture-in-picture; web-share\" referrerpolicy=\"strict-origin-when-cross-origin\" allowfullscreen><\/iframe><\/div>\n<p>&nbsp;<\/p>\n<p><strong>Tuotenumero:<\/strong> IKI132<\/p>\n<p><strong>GTIN-koodi:<\/strong> 6430041124528<\/p>\n<p>&nbsp;<\/p>\n<p>&nbsp;<\/p>\n<p>Valtavan kivim\u00e4\u00e4r\u00e4n ansiosta kiuas ei v\u00e4s\u00e4hd\u00e4 kyl\u00e4n kovimmankaan l\u00f6ylynly\u00f6j\u00e4n k\u00e4sittelyss\u00e4. Kiukaan sis\u00e4ll\u00e4 kiert\u00e4v\u00e4t 360 asteen kiertoputket l\u00e4mmitt\u00e4v\u00e4t kivimassan tehokkaasti. L\u00f6yly IKI soveltuu 20-40 kuution saunoihin. L\u00f6yly\u00e4 riitt\u00e4\u00e4, vaikka tuli pes\u00e4ss\u00e4 p\u00e4\u00e4sisi v\u00e4lill\u00e4 sammumaan. Vetoa voi s\u00e4\u00e4t\u00e4\u00e4 luukussa olevasta s\u00e4\u00e4t\u00f6nupista.<\/p>\n<p>Kaikki IKI-puukiukaat valmistetaan Suomessa k\u00e4sity\u00f6n\u00e4.<\/p>\n<p>&nbsp;<\/p>\n<p>&nbsp;<\/p>\n<p><strong>Tuotetiedot:<\/strong><\/p>\n<ul>\n<li>Tuotemerkki: IKI Kiuas<\/li>\n<li>Sertifikaatit ja hyv\u00e4ksynn\u00e4t: CE-merkint\u00e4<\/li>\n<li>Valmistusmaa: Suomi<\/li>\n<li>Takuuaika: 2 vuotta<\/li>\n<\/ul>\n<p>&nbsp;<\/p>\n<p><strong>Tuotteen mitat:<\/strong><\/p>\n<ul>\n<li>Korkeus (mm): 1 020<\/li>\n<li>Halkaisija (mm): 600<\/li>\n<li>Tuotteen paino (kg): 75<\/li>\n<\/ul>\n<p>&nbsp;<\/p>\n<p><strong>Tuotteen ominaisuudet:<\/strong><\/p>\n<ul>\n<li>V\u00e4ri: Ter\u00e4s<\/li>\n<li>Materiaali: Ruostumaton ter\u00e4s<\/li>\n<li>Kiukaan tyyppi: Verkkokiuas<\/li>\n<li>Vesis\u00e4ili\u00f6llinen: Ei<\/li>\n<li>Kivim\u00e4\u00e4r\u00e4, max. (kg): 400<\/li>\n<\/ul>\n<p>&nbsp;<\/p>\n<p><strong>Tuotteen asentaminen ja k\u00e4ytt\u00f6\u00f6notto:<\/strong><\/p>\n<ul>\n<li>Saunan tilavuus, min. (m\u00b3): 20<\/li>\n<li>Saunan tilavuus, max. (m\u00b3): 40<\/li>\n<li>Suojaet\u00e4isyys kattoon (mm): 1 000<\/li>\n<li>Suojaet\u00e4isyys sivulle (mm): 100<\/li>\n<li>Suojaet\u00e4isyys eteen (mm): 500<\/li>\n<li>Suojaet\u00e4isyys taakse (mm): 100<\/li>\n<li>Hormiliit\u00e4nn\u00e4n sijainti: P\u00e4\u00e4ll\u00e4<\/li>\n<\/ul>\n<p>&nbsp;<\/p>\n<p><strong>Pakkauksen mitat ja paino:<\/strong><\/p>\n<ul>\n<li>Pakkauksen leveys (mm): 800,00<\/li>\n<li>Pakkauksen korkeus (mm): 1 300,00<\/li>\n<li>Pakkauksen syvyys (mm): 1 200,00<\/li>\n<li>Rahtipaino (kg): 85,00<\/li>\n<\/ul>\n<p>&nbsp;<\/p>\n<p>&nbsp;<\/p>\n<p>&nbsp;<\/p>\n<p><a href=\"https:\/\/factory.sale\/wp-content\/uploads\/2025\/04\/iki-kiuas-puukiukaat-asennusohje_2025.pdf\" target=\"_blank\" rel=\"noopener\">K\u00e4ytt\u00f6- ja asennusohjeet<\/a><\/p>\n","protected":false},"excerpt":{"rendered":"<p>Iso L\u00f6yly-IKI-puukiuas antaa mahtavat l\u00f6ylyt suurempaankin saunaan, sill\u00e4 kiukaan maksimikivim\u00e4\u00e4r\u00e4 on huikeat 400 kiloa!<\/p>\n<p><img loading=\"lazy\" decoding=\"async\" class=\"alignnone size-medium wp-image-95781\" src=\"https:\/\/factory.sale\/wp-content\/uploads\/2024\/12\/finland-quality-factory.sale_-300x236.webp\" alt=\"\" width=\"300\" height=\"236\" srcset=\"https:\/\/factory.sale\/wp-content\/uploads\/2024\/12\/finland-quality-factory.sale_-300x236.webp 300w, https:\/\/factory.sale\/wp-content\/uploads\/2024\/12\/finland-quality-factory.sale_-150x118.webp 150w, https:\/\/factory.sale\/wp-content\/uploads\/2024\/12\/finland-quality-factory.sale_.webp 594w\" sizes=\"auto, (max-width: 300px) 100vw, 300px\" \/><\/p>\n","protected":false},"featured_media":103433,"comment_status":"open","ping_status":"closed","template":"","meta":{"_acf_changed":false},"factory":[],"free-shipment":[],"product_brand":[],"product_cat":[4370,484],"product_tag":[2106],"class_list":{"0":"post-103445","1":"product","2":"type-product","3":"status-publish","4":"has-post-thumbnail","6":"product_cat-iki-fi","7":"product_cat-saunan-kiukaat","8":"product_tag-sauna-fi","10":"first","11":"instock","12":"sale","13":"taxable","14":"shipping-taxable","15":"purchasable","16":"product-type-simple"},"acf":[],"_links":{"self":[{"href":"https:\/\/factory.sale\/fi\/wp-json\/wp\/v2\/product\/103445","targetHints":{"allow":["GET"]}}],"collection":[{"href":"https:\/\/factory.sale\/fi\/wp-json\/wp\/v2\/product"}],"about":[{"href":"https:\/\/factory.sale\/fi\/wp-json\/wp\/v2\/types\/product"}],"replies":[{"embeddable":true,"href":"https:\/\/factory.sale\/fi\/wp-json\/wp\/v2\/comments?post=103445"}],"wp:featuredmedia":[{"embeddable":true,"href":"https:\/\/factory.sale\/fi\/wp-json\/wp\/v2\/media\/103433"}],"wp:attachment":[{"href":"https:\/\/factory.sale\/fi\/wp-json\/wp\/v2\/media?parent=103445"}],"wp:term":[{"taxonomy":"factory","embeddable":true,"href":"https:\/\/factory.sale\/fi\/wp-json\/wp\/v2\/factory?post=103445"},{"taxonomy":"free-shipment","embeddable":true,"href":"https:\/\/factory.sale\/fi\/wp-json\/wp\/v2\/free-shipment?post=103445"},{"taxonomy":"product_brand","embeddable":true,"href":"https:\/\/factory.sale\/fi\/wp-json\/wp\/v2\/product_brand?post=103445"},{"taxonomy":"product_cat","embeddable":true,"href":"https:\/\/factory.sale\/fi\/wp-json\/wp\/v2\/product_cat?post=103445"},{"taxonomy":"product_tag","embeddable":true,"href":"https:\/\/factory.sale\/fi\/wp-json\/wp\/v2\/product_tag?post=103445"}],"curies":[{"name":"wp","href":"https:\/\/api.w.org\/{rel}","templated":true}]}}