{"id":103420,"date":"2025-04-13T23:38:59","date_gmt":"2025-04-13T20:54:37","guid":{"rendered":"https:\/\/factory.sale\/?post_type=product&#038;p=103420"},"modified":"2025-04-13T23:56:34","modified_gmt":"2025-04-13T20:56:34","slug":"misa-11308-puukiuas-15-30-m%c2%b3","status":"publish","type":"product","link":"https:\/\/factory.sale\/fi\/tuote\/misa-11308-puukiuas-15-30-m%c2%b3\/","title":{"rendered":"Misa 11308 puukiuas, 15-30 m\u00b3"},"content":{"rendered":"<p><strong>Tuotenumero:<\/strong> MISA11308<\/p>\n<p><strong>GTIN-koodi:<\/strong> 6418215113189<\/p>\n<p>&nbsp;<\/p>\n<p>&nbsp;<\/p>\n<p>Saunan syd\u00e4n suurempaankin koti- tai m\u00f6kkisaunaan. Kiukaan rakenteen ansiosta saunomaan p\u00e4\u00e4see nopeasti. Suuri kivim\u00e4\u00e4r\u00e4 takaa taas muhkeat l\u00f6ylyt. Kiukaan etuosa on mustaksi emaloitu, muut ulkovaipan osat ovat ruostumatonta ter\u00e4st\u00e4. Lasiluukku ja s\u00e4\u00e4t\u00f6jalat vakiovarusteena. Hormiliit\u00e4nt\u00e4 p\u00e4\u00e4lt\u00e4 tai takaa. Saatavana my\u00f6s sivuliit\u00e4nn\u00e4ll\u00e4 varustetut mallit 11308O ja 11308V. Kiukaaseen on saatavana vesis\u00e4ili\u00f6 sivulle tai p\u00e4\u00e4lle. 17300 sivuvesis\u00e4ili\u00f6, 17321 yl\u00e4vesis\u00e4ili\u00f6.<\/p>\n<p>V\u00e4hemm\u00e4n puuta, enemm\u00e4n l\u00e4mp\u00f6\u00e4 &#8211; hy\u00f6tysuhde yli 74 %!<\/p>\n<p>Vuosien suunnittelun ja k\u00e4ytt\u00f6kokemuksien perusteella kehitetyt kiukaat ovat Suomen parhaimmistoa testeill\u00e4kin mitattujen arvojen perusteella. Esimerkiksi kaikkien perinteisten puul\u00e4mmitteisten Misa-kiukaiden hy\u00f6tysuhde on yli 74 %.<\/p>\n<p>&nbsp;<\/p>\n<p>&nbsp;<\/p>\n<p><strong>Tuotetiedot:<\/strong><\/p>\n<ul>\n<li>Tuotemerkki: Misa<\/li>\n<li>Kiuasmalli: 11308<\/li>\n<li>Sertifikaatit ja hyv\u00e4ksynn\u00e4t: Avainlippu, CE-merkint\u00e4<\/li>\n<li>Valmistusmaa: Suomi<\/li>\n<\/ul>\n<p>&nbsp;<\/p>\n<p><strong>Tuotteen mitat:<\/strong><\/p>\n<ul>\n<li>Korkeus (mm): 850<\/li>\n<li>Leveys (mm): 450<\/li>\n<li>Tuotteen paino (kg): 80<\/li>\n<\/ul>\n<p>&nbsp;<\/p>\n<p>&nbsp;<\/p>\n<p><strong>Tuotteen ominaisuudet:<\/strong><\/p>\n<ul>\n<li>V\u00e4ri: Musta, Ter\u00e4s<\/li>\n<li>Materiaali: Ter\u00e4s<\/li>\n<li>Materiaalin tarkenne: Rst\/emali-kuori<\/li>\n<li>Vesis\u00e4ili\u00f6llinen: Ei<\/li>\n<li>Nimellisteho: 23,8 kw<\/li>\n<li>Kiuas voidaan liitt\u00e4\u00e4 muurattuun hormiin tai Misa tuote 15125R savuhormiin<\/li>\n<li>Lasiluukku<\/li>\n<li>S\u00e4\u00e4t\u00f6jalat<\/li>\n<li>Tuote valmistetaan k\u00e4sity\u00f6n\u00e4 Suomessa<\/li>\n<li>Kivim\u00e4\u00e4r\u00e4, max. (kg): 50<\/li>\n<\/ul>\n<p>&nbsp;<\/p>\n<p>&nbsp;<\/p>\n<p><strong>Tuotteen asentaminen ja k\u00e4ytt\u00f6\u00f6notto:<\/strong><\/p>\n<ul>\n<li>Saunan tilavuus, min. (m\u00b3): 15<\/li>\n<li>Saunan tilavuus, max. (m\u00b3): 30<\/li>\n<li>Suojaet\u00e4isyys sivulle (mm): 430<\/li>\n<li>Suojaet\u00e4isyys eteen (mm): 500<\/li>\n<li>Suojaet\u00e4isyys taakse (mm): 430<\/li>\n<li>Hormiliit\u00e4nn\u00e4n sijainti: P\u00e4\u00e4ll\u00e4, Takana<\/li>\n<\/ul>\n<p>&nbsp;<\/p>\n<p>&nbsp;<\/p>\n<p><a href=\"https:\/\/factory.sale\/wp-content\/uploads\/2025\/04\/MISA-11308.pdf\" target=\"_blank\" rel=\"noopener\">K\u00e4ytt\u00f6- ja asennusohjeet<\/a><\/p>\n","protected":false},"excerpt":{"rendered":"<p>Misan puul\u00e4mmitteiset kiukaat valmistetaan Suomessa perinteit\u00e4 kunnioittaen. Tuotteissa ollaan panostettu erityisesti tuotteiden kest\u00e4vyyteen ja k\u00e4ytt\u00f6mukavuuteen &#8211; ymp\u00e4rist\u00f6yst\u00e4v\u00e4llisyytt\u00e4 unohtamatta. Kaikki puul\u00e4mmitteiset Misa-kiukaat ovat CE-merkittyj\u00e4 ja Avainlippu-tuotteita.<\/p>\n<p><img loading=\"lazy\" decoding=\"async\" class=\"alignnone size-medium wp-image-95781\" src=\"https:\/\/factory.sale\/wp-content\/uploads\/2024\/12\/finland-quality-factory.sale_-300x236.webp\" alt=\"\" width=\"300\" height=\"236\" srcset=\"https:\/\/factory.sale\/wp-content\/uploads\/2024\/12\/finland-quality-factory.sale_-300x236.webp 300w, https:\/\/factory.sale\/wp-content\/uploads\/2024\/12\/finland-quality-factory.sale_-150x118.webp 150w, https:\/\/factory.sale\/wp-content\/uploads\/2024\/12\/finland-quality-factory.sale_.webp 594w\" sizes=\"auto, (max-width: 300px) 100vw, 300px\" \/><\/p>\n","protected":false},"featured_media":103417,"comment_status":"open","ping_status":"closed","template":"","meta":{"_acf_changed":false},"factory":[],"free-shipment":[],"product_brand":[],"product_cat":[3429,484],"product_tag":[2106],"class_list":{"0":"post-103420","1":"product","2":"type-product","3":"status-publish","4":"has-post-thumbnail","6":"product_cat-misa-fi","7":"product_cat-saunan-kiukaat","8":"product_tag-sauna-fi","10":"first","11":"instock","12":"sale","13":"taxable","14":"shipping-taxable","15":"purchasable","16":"product-type-simple"},"acf":[],"_links":{"self":[{"href":"https:\/\/factory.sale\/fi\/wp-json\/wp\/v2\/product\/103420","targetHints":{"allow":["GET"]}}],"collection":[{"href":"https:\/\/factory.sale\/fi\/wp-json\/wp\/v2\/product"}],"about":[{"href":"https:\/\/factory.sale\/fi\/wp-json\/wp\/v2\/types\/product"}],"replies":[{"embeddable":true,"href":"https:\/\/factory.sale\/fi\/wp-json\/wp\/v2\/comments?post=103420"}],"wp:featuredmedia":[{"embeddable":true,"href":"https:\/\/factory.sale\/fi\/wp-json\/wp\/v2\/media\/103417"}],"wp:attachment":[{"href":"https:\/\/factory.sale\/fi\/wp-json\/wp\/v2\/media?parent=103420"}],"wp:term":[{"taxonomy":"factory","embeddable":true,"href":"https:\/\/factory.sale\/fi\/wp-json\/wp\/v2\/factory?post=103420"},{"taxonomy":"free-shipment","embeddable":true,"href":"https:\/\/factory.sale\/fi\/wp-json\/wp\/v2\/free-shipment?post=103420"},{"taxonomy":"product_brand","embeddable":true,"href":"https:\/\/factory.sale\/fi\/wp-json\/wp\/v2\/product_brand?post=103420"},{"taxonomy":"product_cat","embeddable":true,"href":"https:\/\/factory.sale\/fi\/wp-json\/wp\/v2\/product_cat?post=103420"},{"taxonomy":"product_tag","embeddable":true,"href":"https:\/\/factory.sale\/fi\/wp-json\/wp\/v2\/product_tag?post=103420"}],"curies":[{"name":"wp","href":"https:\/\/api.w.org\/{rel}","templated":true}]}}