{"id":103404,"date":"2025-04-13T23:12:03","date_gmt":"2025-04-13T20:16:34","guid":{"rendered":"https:\/\/factory.sale\/?post_type=product&#038;p=103404"},"modified":"2025-04-13T23:17:34","modified_gmt":"2025-04-13T20:17:34","slug":"loyly-loimu-puukiuas-10-30m%c2%b3","status":"publish","type":"product","link":"https:\/\/factory.sale\/fi\/tuote\/loyly-loimu-puukiuas-10-30m%c2%b3\/","title":{"rendered":"L\u00f6yly Loimu puukiuas, 10-30m\u00b3"},"content":{"rendered":"<p><strong>Tuotenumero:<\/strong> LOYLYLSP223P-XX<\/p>\n<p>&nbsp;<\/p>\n<p>&nbsp;<\/p>\n<p>Tulipes\u00e4n ja poistohormin yhdess\u00e4 muodostama tulipinta-ala on \u00e4lykk\u00e4\u00e4sti sijoitettu kivimassan sis\u00e4\u00e4n, joten l\u00f6yly\u00e4 saa jo varhain. Suuri tulipinta-ala varmistaa, ett\u00e4 kiuas l\u00e4mpenee tasaisesti ja \u00e4\u00e4rimm\u00e4isen tehokkaasti, s\u00e4ilytt\u00e4en l\u00e4mm\u00f6n kiviss\u00e4 pitk\u00e4\u00e4n pienell\u00e4 puum\u00e4\u00e4r\u00e4ll\u00e4.<\/p>\n<p>Kiukaassa on n\u00e4ytt\u00e4v\u00e4n leve\u00e4 tulipes\u00e4, johon voit asettaa halot palamaan my\u00f6s leveyssuunnassa kuten takassa. T\u00e4m\u00e4 mahdollistaa halkojen tasaisemman ja tehokkaamman palamisen.<\/p>\n<p>Kiuas sopii saunaan, jonka tilavuus on 10 &#8211; 30 m\u00b3.<\/p>\n<p>&nbsp;<\/p>\n<p><strong>Tuotetiedot:<\/strong><\/p>\n<ul>\n<li>Tuotemerkki: L\u00f6yly<\/li>\n<li>Sertifikaatit ja hyv\u00e4ksynn\u00e4t: CE-merkint\u00e4<\/li>\n<li>Valmistusmaa: Suomi<\/li>\n<li>Takuuaika: 4 vuotta<\/li>\n<\/ul>\n<p>&nbsp;<\/p>\n<p><strong>Tuotteen mitat:<\/strong><\/p>\n<ul>\n<li>Korkeus (mm): 1 280<\/li>\n<li>Leveys (mm): 616<\/li>\n<li>Syvyys (mm): 695<\/li>\n<li>Hormiliit\u00e4nn\u00e4n halkaisija (mm): 115<\/li>\n<li>Tuotteen paino (kg): 130<\/li>\n<\/ul>\n<p>&nbsp;<\/p>\n<p><strong>Tuotteen ominaisuudet:<\/strong><\/p>\n<ul>\n<li>V\u00e4rin tarkenne: Musta tai ter\u00e4s (ruostumaton ter\u00e4s)<\/li>\n<li>Materiaali: Ruostumaton ter\u00e4s<\/li>\n<li>Kiukaan tyyppi: Verkkokiuas<\/li>\n<li>Vesis\u00e4ili\u00f6llinen: Ei<\/li>\n<li>Suositeltu kiuaskivien koko: 10 &#8211; 15 cm<\/li>\n<li>Luukun tyyppi: Lasiluukku<\/li>\n<li>Luukun k\u00e4tisyys vaihdettavissa: Kyll\u00e4<\/li>\n<li>S\u00e4\u00e4t\u00f6jalkojen s\u00e4\u00e4t\u00f6vara: 0 &#8211; 5 cm<\/li>\n<li>Tulikannen paksuus (mm): 6<\/li>\n<li>Polttopuun maksimipituus: 45 cm<\/li>\n<li>Sopivan polttopuun halkaisija: 8 &#8211; 15 cm<\/li>\n<li>Nimellisteho (kW): 25<\/li>\n<li>Kest\u00e4\u00e4 merivett\u00e4: Ei<\/li>\n<li>Tulipes\u00e4n koko (korkeus x leveys x syvyys mm): 500 X 434 x 500<\/li>\n<li>Savuhormilta vaadittava l\u00e4mp\u00f6tilaluokka: T600<\/li>\n<li>Hormiliitoksen aukon sijainti kiukaan takareunasta keskelle reik\u00e4\u00e4 (mm): 136<\/li>\n<li>Hormiliitoksen aukon sijainti lattiasta aukon alasosaan (mm): 1195<\/li>\n<li>Kivim\u00e4\u00e4r\u00e4, max. (kg): 450<\/li>\n<\/ul>\n<p>&nbsp;<\/p>\n<p><strong>Tuotteen asentaminen ja k\u00e4ytt\u00f6\u00f6notto:<\/strong><\/p>\n<ul>\n<li>Saunan tilavuus, min. (m\u00b3): 10<\/li>\n<li>Saunan tilavuus, max. (m\u00b3): 30<\/li>\n<li>Suojaet\u00e4isyys kattoon (mm): 1 000<\/li>\n<li>Suojaet\u00e4isyys sivulle (mm): 100<\/li>\n<li>Suojaet\u00e4isyys eteen (mm): 1 000<\/li>\n<li>Suojaet\u00e4isyys taakse (mm): 100<\/li>\n<li>Hormiliit\u00e4nn\u00e4n sijainti: P\u00e4\u00e4ll\u00e4<\/li>\n<\/ul>\n<p>&nbsp;<\/p>\n<p><strong>Pakkauksen mitat ja paino:<\/strong><\/p>\n<ul>\n<li>Pakkauksen leveys (mm): 800,00<\/li>\n<li>Pakkauksen korkeus (mm): 1 300,00<\/li>\n<li>Pakkauksen syvyys (mm): 1 200,00<\/li>\n<li>Rahtipaino (kg): 178,00<\/li>\n<\/ul>\n<p>&nbsp;<\/p>\n<p>&nbsp;<\/p>\n<p><a href=\"https:\/\/factory.sale\/wp-content\/uploads\/2025\/04\/LoylySuomi_PUUKIUAS_Loimu-kiuas_Kayttoohje_.pdf\" target=\"_blank\" rel=\"noopener\">K\u00e4ytt\u00f6- ja asennusohjeet<\/a><\/p>\n","protected":false},"excerpt":{"rendered":"<p>Koe saunan taianomainen voima Loimu-kiukaan avulla! Loimu on vaikuttava j\u00e4ttil\u00e4inen, jonka synnytt\u00e4m\u00e4t l\u00f6ylyt t\u00e4ytt\u00e4v\u00e4t suuremmankin saunan tilan. Mahtava kivimassa ja tulipes\u00e4n tunnelmallinen loimu tarjoavat savusaunamaisen tunnelman pitk\u00e4kestoisine ja kosteine l\u00f6ylyineen.<\/p>\n","protected":false},"featured_media":103397,"comment_status":"open","ping_status":"closed","template":"","meta":{"_acf_changed":false},"factory":[],"free-shipment":[],"product_brand":[],"product_cat":[2455,484],"product_tag":[2106,2011],"class_list":{"0":"post-103404","1":"product","2":"type-product","3":"status-publish","4":"has-post-thumbnail","6":"product_cat-loyly-fi","7":"product_cat-saunan-kiukaat","8":"product_tag-sauna-fi","9":"product_tag-stove-fi","11":"first","12":"instock","13":"sale","14":"taxable","15":"shipping-taxable","16":"purchasable","17":"product-type-simple"},"acf":[],"_links":{"self":[{"href":"https:\/\/factory.sale\/fi\/wp-json\/wp\/v2\/product\/103404","targetHints":{"allow":["GET"]}}],"collection":[{"href":"https:\/\/factory.sale\/fi\/wp-json\/wp\/v2\/product"}],"about":[{"href":"https:\/\/factory.sale\/fi\/wp-json\/wp\/v2\/types\/product"}],"replies":[{"embeddable":true,"href":"https:\/\/factory.sale\/fi\/wp-json\/wp\/v2\/comments?post=103404"}],"wp:featuredmedia":[{"embeddable":true,"href":"https:\/\/factory.sale\/fi\/wp-json\/wp\/v2\/media\/103397"}],"wp:attachment":[{"href":"https:\/\/factory.sale\/fi\/wp-json\/wp\/v2\/media?parent=103404"}],"wp:term":[{"taxonomy":"factory","embeddable":true,"href":"https:\/\/factory.sale\/fi\/wp-json\/wp\/v2\/factory?post=103404"},{"taxonomy":"free-shipment","embeddable":true,"href":"https:\/\/factory.sale\/fi\/wp-json\/wp\/v2\/free-shipment?post=103404"},{"taxonomy":"product_brand","embeddable":true,"href":"https:\/\/factory.sale\/fi\/wp-json\/wp\/v2\/product_brand?post=103404"},{"taxonomy":"product_cat","embeddable":true,"href":"https:\/\/factory.sale\/fi\/wp-json\/wp\/v2\/product_cat?post=103404"},{"taxonomy":"product_tag","embeddable":true,"href":"https:\/\/factory.sale\/fi\/wp-json\/wp\/v2\/product_tag?post=103404"}],"curies":[{"name":"wp","href":"https:\/\/api.w.org\/{rel}","templated":true}]}}