{"id":103384,"date":"2025-04-13T00:09:14","date_gmt":"2025-04-12T21:15:49","guid":{"rendered":"https:\/\/factory.sale\/?post_type=product&#038;p=103384"},"modified":"2025-04-13T00:16:59","modified_gmt":"2025-04-12T21:16:59","slug":"harvia-puukiuas-50-20-50m%c2%b3","status":"publish","type":"product","link":"https:\/\/factory.sale\/fi\/tuote\/harvia-puukiuas-50-20-50m%c2%b3\/","title":{"rendered":"Harvia puukiuas 50, 20-50m\u00b3"},"content":{"rendered":"<div class=\"video-wrapper \"><\/div>\n<p>&nbsp;<\/p>\n<p><strong>Tuotenumero:<\/strong> HARWK500<\/p>\n<p><strong>GTIN-koodi:<\/strong> 6417659001069<\/p>\n<p>&nbsp;<\/p>\n<p>Musta Harvia 50 on tyylik\u00e4s puukiuas suuriin saunoihin. T\u00e4m\u00e4 j\u00e4m\u00e4kk\u00e4 puul\u00e4mmitteinen kiuas on suunniteltu saunottamaan isojakin ryhmi\u00e4 kerralla. Kiukaaseen mahtuu suuri kivim\u00e4\u00e4r\u00e4, joka takaa tasaisen laadukkaat l\u00f6ylyt suuremmassakin tilassa eik\u00e4 l\u00f6yly taatusti lopu kesken. Kiukaan umpiluukun k\u00e4tisyys on valittavissa tarpeen mukaan.<\/p>\n<p>Korkealaatuinen Harvia 50 puukiuas on suurten saunojen laatukiuas ja tarkoitettu 20-50 m\u00b3 kokoisiin saunoihin. T\u00e4m\u00e4 yhteis\u00f6kiuas on mainio valinta esimerkiksi urheilu- ja leirikeskuksiin sek\u00e4 suurien palveluyritysten saunoihin. Lis\u00e4tarvikkeena t\u00e4h\u00e4n kiukaaseen on saatavilla erilaisia saunatarvikkeita.<\/p>\n<p>&nbsp;<\/p>\n<p>&nbsp;<\/p>\n<p><strong>Tuotetiedot:<\/strong><\/p>\n<ul>\n<li>Tuotemerkki: Harvia<\/li>\n<li>Kiuasmalli: 50<\/li>\n<li>Takuuaika: 2 vuotta (kattaa materiaali- ja valmistusvirheet)<\/li>\n<\/ul>\n<p>&nbsp;<\/p>\n<p><strong>Tuotteen mitat:<\/strong><\/p>\n<ul>\n<li>Korkeus (mm): 1 050<\/li>\n<li>Leveys (mm): 510<\/li>\n<li>Syvyys (mm): 720<\/li>\n<li>Hormiliit\u00e4nn\u00e4n halkaisija (mm): 140<\/li>\n<li>Tuotteen paino (kg): 160<\/li>\n<\/ul>\n<p>&nbsp;<\/p>\n<p>&nbsp;<\/p>\n<p><strong>Tuotteen ominaisuudet:<\/strong><\/p>\n<ul>\n<li>V\u00e4ri: Musta<\/li>\n<li>Vesis\u00e4ili\u00f6llinen: Ei<\/li>\n<li>Umpiluukku, k\u00e4tisyys valittavissa<\/li>\n<li>Suositeltu kiuaskiven koko: \u00d8 10\u201315 cm<\/li>\n<li>Tulikannen paksuus: 10 mm<\/li>\n<li>Polttopuun pituus: 61 cm (max)<\/li>\n<li>Polttopuun halkaisija: 8-15 cm<\/li>\n<li>Nimellisteho: 40 kW<\/li>\n<li>Savuhormilta vaadittava l\u00e4mp\u00f6tilaluokka: T600<\/li>\n<li>Takaliit\u00e4nt\u00e4aukon sijainti lattiasta keskelle reik\u00e4\u00e4 (X): 890 mm<\/li>\n<li>Yl\u00e4liit\u00e4nt\u00e4aukon sijainti lattiasta aukon alaosaan (Y): 1090 mm<\/li>\n<li>Yl\u00e4liit\u00e4nt\u00e4aukon sijainti takareunasta keskelle reik\u00e4\u00e4 (Z): 130 mm<\/li>\n<li>Muuratut sein\u00e4t: J\u00e4t\u00e4 kiukaan ja seinien v\u00e4liin 50 mm ilmarako. Jos asennetaan sein\u00e4syvennykseen, j\u00e4t\u00e4 100 mm ilmarako<\/li>\n<li>Suojaet\u00e4isyydet ovat minimiet\u00e4isyyksi\u00e4, tutustu my\u00f6s kiukaan asennusohjeeseen<\/li>\n<\/ul>\n<p>&nbsp;<\/p>\n<p><strong>Saatavilla lis\u00e4varusteita, kysy lis\u00e4tietoja!<\/strong><\/p>\n<p><em>Kiuaskivet eiv\u00e4t sis\u00e4lly perustoimitukseen (tilattavissa erikseen)<\/em><\/p>\n<p>&nbsp;<\/p>\n<p>&nbsp;<\/p>\n<p><strong>Tuotteen tekniset tideot:<\/strong><\/p>\n<ul>\n<li>Kivim\u00e4\u00e4r\u00e4, max. (kg): 120<\/li>\n<\/ul>\n<p>&nbsp;<\/p>\n<p><strong>Tuotteen asentaminen ja k\u00e4ytt\u00f6\u00f6notto:<\/strong><\/p>\n<ul>\n<li>Saunan tilavuus, min. (m\u00b3): 20<\/li>\n<li>Saunan tilavuus, max. (m\u00b3): 50<\/li>\n<li>Suojaet\u00e4isyys kattoon (mm): 1 250<\/li>\n<li>Suojaet\u00e4isyys sivulle (mm): 500<\/li>\n<li>Suojaet\u00e4isyys eteen (mm): 500<\/li>\n<li>Suojaet\u00e4isyys taakse (mm): 500<\/li>\n<li>Hormiliit\u00e4nn\u00e4n sijainti: P\u00e4\u00e4ll\u00e4, Takana<\/li>\n<\/ul>\n<p>&nbsp;<\/p>\n<p><strong>Pakkauksen mitat ja paino:<\/strong><\/p>\n<ul>\n<li>Pakkauksen leveys (mm): 800,00<\/li>\n<li>Pakkauksen korkeus (mm): 1 240,00<\/li>\n<li>Pakkauksen syvyys (mm): 1 200,00<\/li>\n<li>Rahtipaino (kg): 194,20<\/li>\n<\/ul>\n<p>&nbsp;<\/p>\n<p>&nbsp;<\/p>\n<p><img loading=\"lazy\" decoding=\"async\" class=\"alignnone wp-image-103373\" src=\"https:\/\/factory.sale\/wp-content\/uploads\/2025\/04\/Harvia-50-wood-burning-stove-20\u201350m\u00b3-factory-sale-2-300x246.webp\" alt=\"\" width=\"488\" height=\"400\" srcset=\"https:\/\/factory.sale\/wp-content\/uploads\/2025\/04\/Harvia-50-wood-burning-stove-20\u201350m\u00b3-factory-sale-2-300x246.webp 300w, https:\/\/factory.sale\/wp-content\/uploads\/2025\/04\/Harvia-50-wood-burning-stove-20\u201350m\u00b3-factory-sale-2-1024x838.webp 1024w, https:\/\/factory.sale\/wp-content\/uploads\/2025\/04\/Harvia-50-wood-burning-stove-20\u201350m\u00b3-factory-sale-2-150x123.webp 150w, https:\/\/factory.sale\/wp-content\/uploads\/2025\/04\/Harvia-50-wood-burning-stove-20\u201350m\u00b3-factory-sale-2-1536x1257.webp 1536w, https:\/\/factory.sale\/wp-content\/uploads\/2025\/04\/Harvia-50-wood-burning-stove-20\u201350m\u00b3-factory-sale-2-600x491.webp 600w, https:\/\/factory.sale\/wp-content\/uploads\/2025\/04\/Harvia-50-wood-burning-stove-20\u201350m\u00b3-factory-sale-2.webp 2048w\" sizes=\"auto, (max-width: 488px) 100vw, 488px\" \/><img loading=\"lazy\" decoding=\"async\" class=\"alignnone wp-image-103376\" src=\"https:\/\/factory.sale\/wp-content\/uploads\/2025\/04\/Harvia-50-wood-burning-stove-20\u201350m\u00b3-factory-sale-3-300x241.webp\" alt=\"\" width=\"489\" height=\"393\" srcset=\"https:\/\/factory.sale\/wp-content\/uploads\/2025\/04\/Harvia-50-wood-burning-stove-20\u201350m\u00b3-factory-sale-3-300x241.webp 300w, https:\/\/factory.sale\/wp-content\/uploads\/2025\/04\/Harvia-50-wood-burning-stove-20\u201350m\u00b3-factory-sale-3-1024x823.webp 1024w, https:\/\/factory.sale\/wp-content\/uploads\/2025\/04\/Harvia-50-wood-burning-stove-20\u201350m\u00b3-factory-sale-3-150x121.webp 150w, https:\/\/factory.sale\/wp-content\/uploads\/2025\/04\/Harvia-50-wood-burning-stove-20\u201350m\u00b3-factory-sale-3-1536x1234.webp 1536w, https:\/\/factory.sale\/wp-content\/uploads\/2025\/04\/Harvia-50-wood-burning-stove-20\u201350m\u00b3-factory-sale-3-600x482.webp 600w, https:\/\/factory.sale\/wp-content\/uploads\/2025\/04\/Harvia-50-wood-burning-stove-20\u201350m\u00b3-factory-sale-3.webp 1578w\" sizes=\"auto, (max-width: 489px) 100vw, 489px\" \/><\/p>\n<p>&nbsp;<\/p>\n<p>&nbsp;<\/p>\n<p><a href=\"https:\/\/factory.sale\/wp-content\/uploads\/2025\/04\/yleisesite.pdf\" target=\"_blank\" rel=\"noopener\">Yleisesite<\/a><\/p>\n<p><a href=\"https:\/\/factory.sale\/wp-content\/uploads\/2025\/04\/Instructions-Harvia-50.pdf\" target=\"_blank\" rel=\"noopener\">Asennus- ja k\u00e4yttoohje<\/a><\/p>\n","protected":false},"excerpt":{"rendered":"<p>Musta Harvia 50 on tyylik\u00e4s puukiuas suuriin saunoihin. T\u00e4m\u00e4 j\u00e4m\u00e4kk\u00e4 puul\u00e4mmitteinen kiuas on suunniteltu saunottamaan isojakin ryhmi\u00e4 kerralla. Kiukaaseen mahtuu suuri kivim\u00e4\u00e4r\u00e4, joka takaa tasaisen laadukkaat l\u00f6ylyt suuremmassakin tilassa eik\u00e4 l\u00f6yly taatusti lopu kesken. Kiukaan umpiluukun k\u00e4tisyys on valittavissa tarpeen mukaan.<\/p>\n","protected":false},"featured_media":103372,"comment_status":"open","ping_status":"closed","template":"","meta":{"_acf_changed":false},"factory":[],"free-shipment":[],"product_brand":[],"product_cat":[1419,265],"product_tag":[1144,809],"class_list":{"0":"post-103384","1":"product","2":"type-product","3":"status-publish","4":"has-post-thumbnail","6":"product_cat-harvia-3","7":"product_cat-sauna-heaters","8":"product_tag-harvia","9":"product_tag-sauna","11":"first","12":"instock","13":"sale","14":"taxable","15":"shipping-taxable","16":"purchasable","17":"product-type-simple"},"acf":[],"_links":{"self":[{"href":"https:\/\/factory.sale\/fi\/wp-json\/wp\/v2\/product\/103384","targetHints":{"allow":["GET"]}}],"collection":[{"href":"https:\/\/factory.sale\/fi\/wp-json\/wp\/v2\/product"}],"about":[{"href":"https:\/\/factory.sale\/fi\/wp-json\/wp\/v2\/types\/product"}],"replies":[{"embeddable":true,"href":"https:\/\/factory.sale\/fi\/wp-json\/wp\/v2\/comments?post=103384"}],"wp:featuredmedia":[{"embeddable":true,"href":"https:\/\/factory.sale\/fi\/wp-json\/wp\/v2\/media\/103372"}],"wp:attachment":[{"href":"https:\/\/factory.sale\/fi\/wp-json\/wp\/v2\/media?parent=103384"}],"wp:term":[{"taxonomy":"factory","embeddable":true,"href":"https:\/\/factory.sale\/fi\/wp-json\/wp\/v2\/factory?post=103384"},{"taxonomy":"free-shipment","embeddable":true,"href":"https:\/\/factory.sale\/fi\/wp-json\/wp\/v2\/free-shipment?post=103384"},{"taxonomy":"product_brand","embeddable":true,"href":"https:\/\/factory.sale\/fi\/wp-json\/wp\/v2\/product_brand?post=103384"},{"taxonomy":"product_cat","embeddable":true,"href":"https:\/\/factory.sale\/fi\/wp-json\/wp\/v2\/product_cat?post=103384"},{"taxonomy":"product_tag","embeddable":true,"href":"https:\/\/factory.sale\/fi\/wp-json\/wp\/v2\/product_tag?post=103384"}],"curies":[{"name":"wp","href":"https:\/\/api.w.org\/{rel}","templated":true}]}}